{"id":14242,"date":"2025-05-06T10:48:22","date_gmt":"2025-05-06T07:48:22","guid":{"rendered":"https:\/\/pelican.fi\/pelican-app\/"},"modified":"2026-01-28T14:22:01","modified_gmt":"2026-01-28T12:22:01","slug":"pelican-app","status":"publish","type":"page","link":"https:\/\/pelican.fi\/en\/pelican-app\/","title":{"rendered":"Pelican App"},"content":{"rendered":"\t\t<div data-elementor-type=\"wp-page\" data-elementor-id=\"14242\" class=\"elementor elementor-14242 elementor-13595\" data-elementor-post-type=\"page\">\n\t\t\t\t<div class=\"wd-negative-gap elementor-element elementor-element-97367c0 e-flex e-con-boxed e-con e-parent\" data-id=\"97367c0\" data-element_type=\"container\" data-e-type=\"container\">\n\t\t\t\t\t<div class=\"e-con-inner\">\n\t\t\t\t<div class=\"elementor-element elementor-element-59fb3fc elementor-widget elementor-widget-wd_text_block\" data-id=\"59fb3fc\" data-element_type=\"widget\" data-e-type=\"widget\" data-widget_type=\"wd_text_block.default\">\n\t\t\t\t<div class=\"elementor-widget-container\">\n\t\t\t\t\t\t\t<div class=\"wd-text-block reset-last-child text-center\">\n\t\t\t\n\t\t\t<h1>How to open gates, doors and lifts with the app<\/h1><p> <\/p>\n\t\t\t\t\t<\/div>\n\t\t\t\t\t\t<\/div>\n\t\t\t\t<\/div>\n\t\t\t\t\t<\/div>\n\t\t\t\t<\/div>\n\t\t<div class=\"wd-negative-gap elementor-element elementor-element-272213f e-flex e-con-boxed e-con e-parent\" data-id=\"272213f\" data-element_type=\"container\" data-e-type=\"container\">\n\t\t\t\t\t<div class=\"e-con-inner\">\n\t\t\t\t<div class=\"elementor-element elementor-element-2cf6706 elementor-widget elementor-widget-image\" data-id=\"2cf6706\" data-element_type=\"widget\" data-e-type=\"widget\" data-widget_type=\"image.default\">\n\t\t\t\t<div class=\"elementor-widget-container\">\n\t\t\t\t\t\t\t\t\t\t\t\t\t\t\t\t<a href=\"https:\/\/apps.apple.com\/fi\/app\/pelican-smart-access\/id6749147727\">\n\t\t\t\t\t\t\t<img decoding=\"async\" src=\"https:\/\/pelican.fi\/wp-content\/uploads\/elementor\/thumbs\/app-store-badge-sv-r5cue40d6tkdawekd779tphl9om1ns23b27ylukjuc.png\" title=\"app-store-badge-sv\" alt=\"app-store-badge-sv\" loading=\"lazy\" \/>\t\t\t\t\t\t\t\t<\/a>\n\t\t\t\t\t\t\t\t\t\t\t\t\t\t\t<\/div>\n\t\t\t\t<\/div>\n\t\t\t\t<div class=\"elementor-element elementor-element-9e5ece3 elementor-widget elementor-widget-image\" data-id=\"9e5ece3\" data-element_type=\"widget\" data-e-type=\"widget\" data-widget_type=\"image.default\">\n\t\t\t\t<div class=\"elementor-widget-container\">\n\t\t\t\t\t\t\t\t\t\t\t\t\t\t\t\t<a href=\"https:\/\/play.google.com\/store\/apps\/details?id=dk.pelican.pelicansmartaccess\">\n\t\t\t\t\t\t\t<img decoding=\"async\" src=\"https:\/\/pelican.fi\/wp-content\/uploads\/elementor\/thumbs\/google-play-badge-sv-r5cud9xj44f6zdm98u77lx2u9cqatgqoixcf8zt5bs.png\" title=\"google-play-badge-sv\" alt=\"google-play-badge-sv\" loading=\"lazy\" \/>\t\t\t\t\t\t\t\t<\/a>\n\t\t\t\t\t\t\t\t\t\t\t\t\t\t\t<\/div>\n\t\t\t\t<\/div>\n\t\t\t\t\t<\/div>\n\t\t\t\t<\/div>\n\t\t<div class=\"elementor-element elementor-element-620484b e-flex e-con-boxed e-con e-parent\" data-id=\"620484b\" data-element_type=\"container\" data-e-type=\"container\">\n\t\t\t\t\t<div class=\"e-con-inner\">\n\t\t<div class=\"elementor-element elementor-element-8e8460c e-con-full e-flex e-con e-child\" data-id=\"8e8460c\" data-element_type=\"container\" data-e-type=\"container\">\n\t\t\t\t<div class=\"elementor-element elementor-element-432f6b0 elementor-widget elementor-widget-wd_text_block\" data-id=\"432f6b0\" data-element_type=\"widget\" data-e-type=\"widget\" data-widget_type=\"wd_text_block.default\">\n\t\t\t\t<div class=\"elementor-widget-container\">\n\t\t\t\t\t\t\t<div class=\"wd-text-block reset-last-child text-left\">\n\t\t\t\n\t\t\t<p>1: Download an app called <strong>\"Pelican Smart Access<\/strong><strong style=\"font-size: 16px;\">\"<\/strong> on your phone<span style=\"font-size: 16px;\">.<\/span><\/p>\n\t\t\t\t\t<\/div>\n\t\t\t\t\t\t<\/div>\n\t\t\t\t<\/div>\n\t\t\t\t<\/div>\n\t\t<div class=\"elementor-element elementor-element-e3090e1 e-con-full e-flex e-con e-child\" data-id=\"e3090e1\" data-element_type=\"container\" data-e-type=\"container\">\n\t\t\t\t<div class=\"elementor-element elementor-element-5595b93 elementor-widget elementor-widget-image\" data-id=\"5595b93\" data-element_type=\"widget\" data-e-type=\"widget\" data-widget_type=\"image.default\">\n\t\t\t\t<div class=\"elementor-widget-container\">\n\t\t\t\t\t\t\t\t\t\t\t\t\t\t\t<img loading=\"lazy\" decoding=\"async\" width=\"512\" height=\"512\" src=\"https:\/\/pelican.fi\/wp-content\/uploads\/2025\/06\/groen-pelican.png\" class=\"attachment-large size-large wp-image-17849\" alt=\"\" srcset=\"https:\/\/pelican.fi\/wp-content\/uploads\/2025\/06\/groen-pelican.png 512w, https:\/\/pelican.fi\/wp-content\/uploads\/2025\/06\/groen-pelican-300x300.png 300w, https:\/\/pelican.fi\/wp-content\/uploads\/2025\/06\/groen-pelican-150x150.png 150w\" sizes=\"auto, (max-width: 512px) 100vw, 512px\" \/>\t\t\t\t\t\t\t\t\t\t\t\t\t\t\t<\/div>\n\t\t\t\t<\/div>\n\t\t\t\t<\/div>\n\t\t\t\t\t<\/div>\n\t\t\t\t<\/div>\n\t\t<div class=\"elementor-element elementor-element-20af1fa9 e-flex e-con-boxed e-con e-parent\" data-id=\"20af1fa9\" data-element_type=\"container\" data-e-type=\"container\">\n\t\t\t\t\t<div class=\"e-con-inner\">\n\t\t<div class=\"elementor-element elementor-element-22f79ccf e-con-full e-flex e-con e-child\" data-id=\"22f79ccf\" data-element_type=\"container\" data-e-type=\"container\">\n\t\t\t\t<div class=\"elementor-element elementor-element-c4dc231 elementor-widget elementor-widget-wd_text_block\" data-id=\"c4dc231\" data-element_type=\"widget\" data-e-type=\"widget\" data-widget_type=\"wd_text_block.default\">\n\t\t\t\t<div class=\"elementor-widget-container\">\n\t\t\t\t\t\t\t<div class=\"wd-text-block reset-last-child text-left\">\n\t\t\t\n\t\t\t<p>Enter the personal one-time code you received via text message.<\/p><p>Note: <strong>This code can only be used once. <span style=\"font-size: 16px;\">If you need to give access to another person, family member, moving company or similar, please contact our store - we will help you!<\/span><\/strong><\/p>\n\t\t\t\t\t<\/div>\n\t\t\t\t\t\t<\/div>\n\t\t\t\t<\/div>\n\t\t\t\t<\/div>\n\t\t<div class=\"elementor-element elementor-element-3aaf92c0 e-con-full e-flex e-con e-child\" data-id=\"3aaf92c0\" data-element_type=\"container\" data-e-type=\"container\">\n\t\t\t\t<div class=\"elementor-element elementor-element-739be318 elementor-widget elementor-widget-image\" data-id=\"739be318\" data-element_type=\"widget\" data-e-type=\"widget\" data-widget_type=\"image.default\">\n\t\t\t\t<div class=\"elementor-widget-container\">\n\t\t\t\t\t\t\t\t\t\t\t\t\t\t\t<img loading=\"lazy\" decoding=\"async\" width=\"472\" height=\"1024\" src=\"https:\/\/pelican.fi\/wp-content\/uploads\/2025\/05\/smartaccesstenantcode.jpg\" class=\"attachment-full size-full wp-image-14244\" alt=\"\" srcset=\"https:\/\/pelican.fi\/wp-content\/uploads\/2025\/05\/smartaccesstenantcode.jpg 472w, https:\/\/pelican.fi\/wp-content\/uploads\/2025\/05\/smartaccesstenantcode-138x300.jpg 138w, https:\/\/pelican.fi\/wp-content\/uploads\/2025\/05\/smartaccesstenantcode-150x325.jpg 150w\" sizes=\"auto, (max-width: 472px) 100vw, 472px\" \/>\t\t\t\t\t\t\t\t\t\t\t\t\t\t\t<\/div>\n\t\t\t\t<\/div>\n\t\t\t\t<\/div>\n\t\t\t\t\t<\/div>\n\t\t\t\t<\/div>\n\t\t<div class=\"elementor-element elementor-element-5a29fe52 e-flex e-con-boxed e-con e-parent\" data-id=\"5a29fe52\" data-element_type=\"container\" data-e-type=\"container\">\n\t\t\t\t\t<div class=\"e-con-inner\">\n\t\t<div class=\"elementor-element elementor-element-742aca4d e-con-full e-flex e-con e-child\" data-id=\"742aca4d\" data-element_type=\"container\" data-e-type=\"container\">\n\t\t\t\t<div class=\"elementor-element elementor-element-1727478 elementor-widget elementor-widget-wd_text_block\" data-id=\"1727478\" data-element_type=\"widget\" data-e-type=\"widget\" data-widget_type=\"wd_text_block.default\">\n\t\t\t\t<div class=\"elementor-widget-container\">\n\t\t\t\t\t\t\t<div class=\"wd-text-block reset-last-child text-left\">\n\t\t\t\n\t\t\t<p><strong>3:<\/strong> The app will ask you for your phone access code, face ID or fingerprint, then you can swipe right to open the gate, the entrance door and activate the lift.<\/p>\n\t\t\t\t\t<\/div>\n\t\t\t\t\t\t<\/div>\n\t\t\t\t<\/div>\n\t\t\t\t<\/div>\n\t\t<div class=\"elementor-element elementor-element-f0f3fdd e-con-full e-flex e-con e-child\" data-id=\"f0f3fdd\" data-element_type=\"container\" data-e-type=\"container\">\n\t\t\t\t<div class=\"elementor-element elementor-element-29b19fe5 elementor-widget elementor-widget-image\" data-id=\"29b19fe5\" data-element_type=\"widget\" data-e-type=\"widget\" data-widget_type=\"image.default\">\n\t\t\t\t<div class=\"elementor-widget-container\">\n\t\t\t\t\t\t\t\t\t\t\t\t\t\t\t<img loading=\"lazy\" decoding=\"async\" width=\"1170\" height=\"2532\" src=\"https:\/\/pelican.fi\/wp-content\/uploads\/2025\/10\/IMG_3965.png\" class=\"attachment-full size-full wp-image-20915\" alt=\"\" srcset=\"https:\/\/pelican.fi\/wp-content\/uploads\/2025\/10\/IMG_3965.png 1170w, https:\/\/pelican.fi\/wp-content\/uploads\/2025\/10\/IMG_3965-139x300.png 139w, https:\/\/pelican.fi\/wp-content\/uploads\/2025\/10\/IMG_3965-473x1024.png 473w, https:\/\/pelican.fi\/wp-content\/uploads\/2025\/10\/IMG_3965-768x1662.png 768w, https:\/\/pelican.fi\/wp-content\/uploads\/2025\/10\/IMG_3965-710x1536.png 710w, https:\/\/pelican.fi\/wp-content\/uploads\/2025\/10\/IMG_3965-946x2048.png 946w, https:\/\/pelican.fi\/wp-content\/uploads\/2025\/10\/IMG_3965-150x325.png 150w\" sizes=\"auto, (max-width: 1170px) 100vw, 1170px\" \/>\t\t\t\t\t\t\t\t\t\t\t\t\t\t\t<\/div>\n\t\t\t\t<\/div>\n\t\t\t\t<\/div>\n\t\t\t\t\t<\/div>\n\t\t\t\t<\/div>\n\t\t\t\t<\/div>\n\t\t","protected":false},"excerpt":{"rendered":"<p>How to open gates, doors and lifts with the app 1: Download an app called &#8220;Pelican Smart Access&#8220; on your<\/p>\n","protected":false},"author":1,"featured_media":0,"parent":0,"menu_order":0,"comment_status":"closed","ping_status":"closed","template":"elementor_header_footer","meta":{"_acf_changed":false,"inline_featured_image":false,"_lmt_disableupdate":"","_lmt_disable":"","footnotes":""},"class_list":["post-14242","page","type-page","status-publish","hentry"],"acf":[],"yoast_head":"<title>Pelican App | Pelican Self Storage<\/title>\n<meta name=\"robots\" content=\"index, follow, max-snippet:-1, max-image-preview:large, max-video-preview:-1\" \/>\n<link rel=\"canonical\" href=\"https:\/\/pelican.fi\/en\/pelican-app\/\" \/>\n<meta property=\"og:locale\" content=\"en_US\" \/>\n<meta property=\"og:type\" content=\"article\" \/>\n<meta property=\"og:title\" content=\"Pelican App\" \/>\n<meta property=\"og:description\" content=\"How to open gates, doors and lifts with the app 1: Download an app called &#8220;Pelican Smart Access&#8220; on your\" \/>\n<meta property=\"og:url\" content=\"https:\/\/pelican.fi\/en\/pelican-app\/\" \/>\n<meta property=\"og:site_name\" content=\"Pelican Self Storage\" \/>\n<meta property=\"article:publisher\" content=\"https:\/\/www.facebook.com\/PelicanSelfStorageDenmark\" \/>\n<meta property=\"article:modified_time\" content=\"2026-01-28T12:22:01+00:00\" \/>\n<meta property=\"og:image\" content=\"https:\/\/pelican.fi\/wp-content\/uploads\/elementor\/thumbs\/app-store-badge-sv-r5cue40d6tkdawekd779tphl9om1ns23b27ylukjuc.png\" \/>\n<meta name=\"twitter:card\" content=\"summary_large_image\" \/>\n<meta name=\"twitter:label1\" content=\"Est. reading time\" \/>\n\t<meta name=\"twitter:data1\" content=\"2 minutes\" \/>\n<script type=\"application\/ld+json\" class=\"yoast-schema-graph\">{\"@context\":\"https:\/\/schema.org\",\"@graph\":[{\"@type\":\"WebPage\",\"@id\":\"https:\/\/pelican.fi\/en\/pelican-app\/\",\"url\":\"https:\/\/pelican.fi\/en\/pelican-app\/\",\"name\":\"Pelican App | Pelican Self Storage\",\"isPartOf\":{\"@id\":\"https:\/\/pelican.fi\/en\/#website\"},\"primaryImageOfPage\":{\"@id\":\"https:\/\/pelican.fi\/en\/pelican-app\/#primaryimage\"},\"image\":{\"@id\":\"https:\/\/pelican.fi\/en\/pelican-app\/#primaryimage\"},\"thumbnailUrl\":\"https:\/\/pelican.fi\/wp-content\/uploads\/elementor\/thumbs\/app-store-badge-sv-r5cue40d6tkdawekd779tphl9om1ns23b27ylukjuc.png\",\"datePublished\":\"2025-05-06T07:48:22+00:00\",\"dateModified\":\"2026-01-28T12:22:01+00:00\",\"breadcrumb\":{\"@id\":\"https:\/\/pelican.fi\/en\/pelican-app\/#breadcrumb\"},\"inLanguage\":\"en-US\",\"potentialAction\":[{\"@type\":\"ReadAction\",\"target\":[\"https:\/\/pelican.fi\/en\/pelican-app\/\"]}]},{\"@type\":\"ImageObject\",\"inLanguage\":\"en-US\",\"@id\":\"https:\/\/pelican.fi\/en\/pelican-app\/#primaryimage\",\"url\":\"https:\/\/pelican.fi\/wp-content\/uploads\/elementor\/thumbs\/app-store-badge-sv-r5cue40d6tkdawekd779tphl9om1ns23b27ylukjuc.png\",\"contentUrl\":\"https:\/\/pelican.fi\/wp-content\/uploads\/elementor\/thumbs\/app-store-badge-sv-r5cue40d6tkdawekd779tphl9om1ns23b27ylukjuc.png\"},{\"@type\":\"BreadcrumbList\",\"@id\":\"https:\/\/pelican.fi\/en\/pelican-app\/#breadcrumb\",\"itemListElement\":[{\"@type\":\"ListItem\",\"position\":1,\"name\":\"Home\",\"item\":\"https:\/\/pelican.fi\/en\/\"},{\"@type\":\"ListItem\",\"position\":2,\"name\":\"Pelican App\"}]},{\"@type\":\"WebSite\",\"@id\":\"https:\/\/pelican.fi\/en\/#website\",\"url\":\"https:\/\/pelican.fi\/en\/\",\"name\":\"Vuokraa k\u00e4tev\u00e4 varasto\",\"description\":\"Vuokraa varastotila Pelican Self Storagelta. Edulliset hinnat \u2714 Toimipisteet ymp\u00e4ri K\u00f6\u00f6penhaminaa \u2714 Varastotiloja eri kokoisina \u2714 Ilmainen per\u00e4k\u00e4rryn lainaus \u2714\",\"potentialAction\":[{\"@type\":\"SearchAction\",\"target\":{\"@type\":\"EntryPoint\",\"urlTemplate\":\"https:\/\/pelican.fi\/en\/?s={search_term_string}\"},\"query-input\":{\"@type\":\"PropertyValueSpecification\",\"valueRequired\":true,\"valueName\":\"search_term_string\"}}],\"inLanguage\":\"en-US\"}]}<\/script>","yoast_head_json":{"title":"Pelican App | Pelican Self Storage","robots":{"index":"index","follow":"follow","max-snippet":"max-snippet:-1","max-image-preview":"max-image-preview:large","max-video-preview":"max-video-preview:-1"},"canonical":"https:\/\/pelican.fi\/en\/pelican-app\/","og_locale":"en_US","og_type":"article","og_title":"Pelican App","og_description":"How to open gates, doors and lifts with the app 1: Download an app called &#8220;Pelican Smart Access&#8220; on your","og_url":"https:\/\/pelican.fi\/en\/pelican-app\/","og_site_name":"Pelican Self Storage","article_publisher":"https:\/\/www.facebook.com\/PelicanSelfStorageDenmark","article_modified_time":"2026-01-28T12:22:01+00:00","og_image":[{"url":"https:\/\/pelican.fi\/wp-content\/uploads\/elementor\/thumbs\/app-store-badge-sv-r5cue40d6tkdawekd779tphl9om1ns23b27ylukjuc.png","type":"","width":"","height":""}],"twitter_card":"summary_large_image","twitter_misc":{"Est. reading time":"2 minutes"},"schema":{"@context":"https:\/\/schema.org","@graph":[{"@type":"WebPage","@id":"https:\/\/pelican.fi\/en\/pelican-app\/","url":"https:\/\/pelican.fi\/en\/pelican-app\/","name":"Pelican App | Pelican Self Storage","isPartOf":{"@id":"https:\/\/pelican.fi\/en\/#website"},"primaryImageOfPage":{"@id":"https:\/\/pelican.fi\/en\/pelican-app\/#primaryimage"},"image":{"@id":"https:\/\/pelican.fi\/en\/pelican-app\/#primaryimage"},"thumbnailUrl":"https:\/\/pelican.fi\/wp-content\/uploads\/elementor\/thumbs\/app-store-badge-sv-r5cue40d6tkdawekd779tphl9om1ns23b27ylukjuc.png","datePublished":"2025-05-06T07:48:22+00:00","dateModified":"2026-01-28T12:22:01+00:00","breadcrumb":{"@id":"https:\/\/pelican.fi\/en\/pelican-app\/#breadcrumb"},"inLanguage":"en-US","potentialAction":[{"@type":"ReadAction","target":["https:\/\/pelican.fi\/en\/pelican-app\/"]}]},{"@type":"ImageObject","inLanguage":"en-US","@id":"https:\/\/pelican.fi\/en\/pelican-app\/#primaryimage","url":"https:\/\/pelican.fi\/wp-content\/uploads\/elementor\/thumbs\/app-store-badge-sv-r5cue40d6tkdawekd779tphl9om1ns23b27ylukjuc.png","contentUrl":"https:\/\/pelican.fi\/wp-content\/uploads\/elementor\/thumbs\/app-store-badge-sv-r5cue40d6tkdawekd779tphl9om1ns23b27ylukjuc.png"},{"@type":"BreadcrumbList","@id":"https:\/\/pelican.fi\/en\/pelican-app\/#breadcrumb","itemListElement":[{"@type":"ListItem","position":1,"name":"Home","item":"https:\/\/pelican.fi\/en\/"},{"@type":"ListItem","position":2,"name":"Pelican App"}]},{"@type":"WebSite","@id":"https:\/\/pelican.fi\/en\/#website","url":"https:\/\/pelican.fi\/en\/","name":"Vuokraa k\u00e4tev\u00e4 varasto","description":"Vuokraa varastotila Pelican Self Storagelta. Edulliset hinnat \u2714 Toimipisteet ymp\u00e4ri K\u00f6\u00f6penhaminaa \u2714 Varastotiloja eri kokoisina \u2714 Ilmainen per\u00e4k\u00e4rryn lainaus \u2714","potentialAction":[{"@type":"SearchAction","target":{"@type":"EntryPoint","urlTemplate":"https:\/\/pelican.fi\/en\/?s={search_term_string}"},"query-input":{"@type":"PropertyValueSpecification","valueRequired":true,"valueName":"search_term_string"}}],"inLanguage":"en-US"}]}},"_links":{"self":[{"href":"https:\/\/pelican.fi\/en\/wp-json\/wp\/v2\/pages\/14242","targetHints":{"allow":["GET"]}}],"collection":[{"href":"https:\/\/pelican.fi\/en\/wp-json\/wp\/v2\/pages"}],"about":[{"href":"https:\/\/pelican.fi\/en\/wp-json\/wp\/v2\/types\/page"}],"author":[{"embeddable":true,"href":"https:\/\/pelican.fi\/en\/wp-json\/wp\/v2\/users\/1"}],"replies":[{"embeddable":true,"href":"https:\/\/pelican.fi\/en\/wp-json\/wp\/v2\/comments?post=14242"}],"version-history":[{"count":14,"href":"https:\/\/pelican.fi\/en\/wp-json\/wp\/v2\/pages\/14242\/revisions"}],"predecessor-version":[{"id":23061,"href":"https:\/\/pelican.fi\/en\/wp-json\/wp\/v2\/pages\/14242\/revisions\/23061"}],"wp:attachment":[{"href":"https:\/\/pelican.fi\/en\/wp-json\/wp\/v2\/media?parent=14242"}],"curies":[{"name":"wp","href":"https:\/\/api.w.org\/{rel}","templated":true}]}}