{"id":14272,"date":"2025-05-06T10:48:19","date_gmt":"2025-05-06T07:48:19","guid":{"rendered":"https:\/\/pelican.fi\/sizing-guide\/"},"modified":"2025-06-05T00:52:19","modified_gmt":"2025-06-04T22:52:19","slug":"sizing-guide","status":"publish","type":"page","link":"https:\/\/pelican.fi\/en\/sizing-guide\/","title":{"rendered":"Sizing guide"},"content":{"rendered":"\t\t<div data-elementor-type=\"wp-page\" data-elementor-id=\"14272\" class=\"elementor elementor-14272 elementor-11492\" data-elementor-post-type=\"page\">\n\t\t\t\t<div class=\"wd-negative-gap elementor-element elementor-element-22a5525a e-flex e-con-boxed e-con e-parent\" data-id=\"22a5525a\" data-element_type=\"container\" data-e-type=\"container\">\n\t\t\t\t\t<div class=\"e-con-inner\">\n\t\t\t\t<div class=\"elementor-element elementor-element-18a5df6 elementor-widget elementor-widget-shortcode\" data-id=\"18a5df6\" data-element_type=\"widget\" data-e-type=\"widget\" data-widget_type=\"shortcode.default\">\n\t\t\t\t<div class=\"elementor-widget-container\">\n\t\t\t\t\t\t\t<div class=\"elementor-shortcode\">\t<script src=\"https:\/\/cdnjs.cloudflare.com\/ajax\/libs\/jquery.tabslet.js\/1.7.3\/jquery.tabslet.min.js\"><\/script>\n\t<script src=\"https:\/\/cdnjs.cloudflare.com\/ajax\/libs\/bootstrap-touchspin\/4.2.5\/jquery.bootstrap-touchspin.min.js\"><\/script>\n\n\t<div class=\"storage-calculator\">\n\t\t\t<div id=\"item-categories\">\n\t\t\t\t<div class=\"item-selector\" id=\"livingroom\">\n\t\t\t\t\t<div class=\"headline\"><h2><\/h2><\/div>\n\t\t\t\t\t<div class=\"items\"><\/div>\n\t\t\t\t<\/div>\n\t\t\t\t<div class=\"item-selector\" id=\"bedroom\">\n\t\t\t\t\t<div class=\"headline\"><h2><\/h2><\/div>\n\t\t\t\t\t<div class=\"items\"><\/div>\n\t\t\t\t<\/div>\n\t\t\t\t<div class=\"item-selector\" id=\"kidsroom\">\n\t\t\t\t\t<div class=\"headline\"><h2><\/h2><\/div>\n\t\t\t\t\t<div class=\"items\"><\/div>\n\t\t\t\t<\/div>\n\t\t\t\t<div class=\"item-selector\" id=\"kitchen\">\n\t\t\t\t\t<div class=\"headline\"><h2><\/h2><\/div>\n\t\t\t\t\t<div class=\"items\"><\/div>\n\t\t\t\t<\/div>\n\t\t\t\t<div class=\"item-selector\" id=\"office\">\n\t\t\t\t\t<div class=\"headline\"><h2><\/h2><\/div>\n\t\t\t\t\t<div class=\"items\"><\/div>\n\t\t\t\t<\/div>\n\t\t\t\t<div class=\"item-selector\" id=\"utilityroom\">\n\t\t\t\t\t<div class=\"headline\"><h2><\/h2><\/div>\n\t\t\t\t\t<div class=\"items\"><\/div>\n\t\t\t\t<\/div>\n\t\t\t\t<div class=\"item-selector\" id=\"garden\">\n\t\t\t\t\t<div class=\"headline\"><h2><\/h2><\/div>\n\t\t\t\t\t<div class=\"items\"><\/div>\n\t\t\t\t<\/div>\n\t\t\t\t<div class=\"item-selector\" id=\"other\">\n\t\t\t\t\t<div class=\"headline\"><h2><\/h2><\/div>\n\t\t\t\t\t<div class=\"items\"><\/div>\n\t\t\t\t<\/div>\n\t\t\t<\/div>\n\t\t\t<div class=\"summary\">\n\t\t\t\t<div id=\"categories\">\n\t\t\t\t\t<ul>\n\t\t\t\t\t\t<li id=\"category_livingroom\" class=\"room\">\n\t\t\t\t\t\t\t<a href=\"#livingroom\"><\/a>\n\t\t\t\t\t\t<\/li>\n\t\t\t\t\t\t<li id=\"category_bedroom\" class=\"room\">\n\t\t\t\t\t\t\t<a href=\"#bedroom\"><\/a>\n\t\t\t\t\t\t<\/li>\n\t\t\t\t\t\t<li id=\"category_kidsroom\" class=\"room\">\n\t\t\t\t\t\t\t<a href=\"#kidsroom\"><\/a>\n\t\t\t\t\t\t<\/li>\n\t\t\t\t\t\t<li id=\"category_kitchen\" class=\"room\">\n\t\t\t\t\t\t\t<a href=\"#kitchen\"><\/a>\n\t\t\t\t\t\t<\/li>\n\t\t\t\t\t\t<li id=\"category_office\" class=\"room\">\n\t\t\t\t\t\t\t<a href=\"#office\"><\/a>\n\t\t\t\t\t\t<\/li>\n\t\t\t\t\t\t<li id=\"category_utilityroom\" class=\"room\">\n\t\t\t\t\t\t\t<a href=\"#utilityroom\"><\/a>\n\t\t\t\t\t\t<\/li>\n\t\t\t\t\t\t<li id=\"category_garden\" class=\"room\">\n\t\t\t\t\t\t\t<a href=\"#garden\"><\/a>\n\t\t\t\t\t\t<\/li>\n\t\t\t\t\t\t<li id=\"category_other\" class=\"room\">\n\t\t\t\t\t\t\t<a href=\"#other\"><\/a>\n\t\t\t\t\t\t<\/li>\n\t\t\t\t\t<\/ul>\n\t\t\t\t<\/div><div class=\"sum\">\n\t\t\t\t\tWe recommend\n\t\t\t\t\t<i>0,0<\/i>\n\t\t\t\t\t<br \/><br \/>\n\t\t\t\t\t<form>\n\t\t\t\t\t\tDisplay in\n\t\t\t\t\t\t<input type=\"radio\" name=\"measure_unit\" class=\"measure_unit_radio\" value=\"sqm\" checked \/> m\u00b2\n\t\t\t\t\t\t<input type=\"radio\" name=\"measure_unit\" class=\"measure_unit_radio\" value=\"cbm\" \/> m\u00b3\n\t\t\t\t\t<\/form>\n\t\t\t\t<\/div>\n\t\t\t<\/div>\n\t\t<\/div><\/div>\n<script>\n(function ($) {\n\n\n\t\/* Load calculator *\/\n\tvar calculatorItemData = function () {\n\t\tvar jsonTemp = null;\n\t\t$.ajax({\n\t\t\t'async': false,\n\t\t\t'url': 'https:\/\/pelican.fi\/wp-content\/plugins\/pelican_sizecalculator\/sizecalculator_data.en.json?8',\n\t\t\t'success': function (data) { jsonTemp = data; }\n\t\t});\n\t\treturn jsonTemp;\n\t}();\n\t\n\tvar iconPath = 'https:\/\/pelican.fi\/wp-content\/plugins\/pelican_sizecalculator\/assets\/';\n\t\tvar categories = ['livingroom','bedroom','kidsroom','kitchen','office','utilityroom','garden','other'];\n\n\tvar items, markup;\n\tfor(i=0;i<categories.length;i++) {\n\t\titems = eval('calculatorItemData.'+categories[i]+'.items');\n\t\tfor(x=0;x<items.length;x++) {\n\t\t\tmarkup = '<div class=\"item\">';\n\t\t\tmarkup = markup+'<div class=\"inner\">';\n\t\t\tmarkup = markup+'<img decoding=\"async\" src=\"'+iconPath+items[x].icon+'\" alt=\"'+items[x].title+'\" \/>';\n\t\t\tmarkup = markup+'<h3 title=\"'+items[x].title+'\">'+items[x].title+'<\/h3>';\n\t\t\tmarkup = markup+'<input type=\"text\" name=\"sc-items[]\" min=\"0\" max=\"50\" value=\"0\" class=\"sc-number\" data-itemcategory=\"'+categories[i]+'\" data-itemsize=\"'+items[x].size+'\" data-itemsizecubic=\"'+items[x].size_cubic+'\" \/>';\n\t\t\tmarkup = markup+'<\/div>';\n\t\t\tmarkup = markup+'<\/div>';\n\t\t\t$('#'+categories[i]+' .items').append(markup);\n\t\t}\n\t\tcategoryTitle = eval('calculatorItemData.'+categories[i]+'.title');\n\t\t$('#'+categories[i]+' h2').text(categoryTitle);\n\t\t$('#category_'+categories[i]+' a').html(categoryTitle+' <i>0,0<\/i>');\n\t}\n\n\tvar totalSize = 0;\n\tvar totalSizeFilter = 0;\n\tvar categorySize = {};\n\tvar measureUnit = 'sqm';\n\tfunction storageCalculator_doCalculations() {\n\t\tcategorySize = [];\n\t\ttotalSize = 0;\n\t\ttotalSizeFilter = 0;\n\t\t$.each($('input[name^=sc-items]'), function(key,val) {\n\t\t\ttotalSizeFilter = totalSizeFilter+parseFloat($(this).data('itemsize')*parseInt($(this).val()));\n\t\t\tif(measureUnit == 'cbm') {\n\t\t\t\ttmpSize = parseFloat($(this).data('itemsizecubic')*parseInt($(this).val()));\n\t\t\t}\n\t\t\telse {\n\t\t\t\ttmpSize = parseFloat($(this).data('itemsize')*parseInt($(this).val()));\n\t\t\t}\n\t\t\tcurrSize = parseFloat(categorySize[$(this).data('itemcategory')]);\n\t\t\tif(isNaN(currSize)) { currSize = 0.0; }\n\t\t\tcategorySize[$(this).data('itemcategory')] = currSize+tmpSize;\n\t\t\ttotalSize = totalSize+tmpSize;\n\t\t});\n\t\tfor(var i=0;i<categories.length;i++) {\n\t\t\tvar v = eval(\"categorySize.\"+categories[i]);\n\t\t\tif(typeof v != 'undefined') {\n\t\t\t\tvar n = v.toFixed(1).replace('.',',');\n\t\t\t\t$('#category_'+categories[i]+' i').html(n);\n\t\t\t}\n\t\t}\n\t\t$('.sum i').html(totalSize.toFixed(1).replace('.',','));\n\t}\n\t$(\"input.sc-number\").TouchSpin({min:0,max:100,step:1});\n\t$('#categories').tabslet({container: '#item-categories'});\n\n\n\n\n\t$('.sc-number').on('input change',function(e){\n\t\tstorageCalculator_doCalculations();\n\t});\n\n\t$('.measure_unit_radio').on('input change',function(e){\n\t\tmeasureUnit = $('input[name=\"measure_unit\"]:checked').val();\n\n\t\tif(measureUnit == 'cbm') {\n\t\t\t$('.storage-calculator').addClass('unit-cubic');\n\t\t}\n\t\telse {\n\t\t\t$('.storage-calculator').removeClass('unit-cubic');\n\t\t}\n\n\t\tstorageCalculator_doCalculations();\n\t});\n\n\n\t$('#find-units').click(function(e) {\n\t\te.preventDefault();\n\t\twindow.location = searchResultPath+'?filterSize='+totalSizeFilter.toFixed(1);\n\t});\n\n})(jQuery);\n\n<\/script><\/div>\n\t\t\t\t\t\t<\/div>\n\t\t\t\t<\/div>\n\t\t\t\t\t<\/div>\n\t\t\t\t<\/div>\n\t\t\t\t<\/div>\n\t\t","protected":false},"excerpt":{"rendered":"","protected":false},"author":2,"featured_media":0,"parent":0,"menu_order":0,"comment_status":"closed","ping_status":"closed","template":"elementor_header_footer","meta":{"_acf_changed":false,"inline_featured_image":false,"_lmt_disableupdate":"","_lmt_disable":"","footnotes":""},"class_list":["post-14272","page","type-page","status-publish","hentry"],"acf":[],"yoast_head":"<title>Sizing guide | Pelican Self Storage<\/title>\n<meta name=\"robots\" content=\"index, follow, max-snippet:-1, max-image-preview:large, max-video-preview:-1\" \/>\n<link rel=\"canonical\" href=\"https:\/\/pelican.fi\/en\/sizing-guide\/\" \/>\n<meta property=\"og:locale\" content=\"en_US\" \/>\n<meta property=\"og:type\" content=\"article\" \/>\n<meta property=\"og:title\" content=\"Sizing guide\" \/>\n<meta property=\"og:url\" content=\"https:\/\/pelican.fi\/en\/sizing-guide\/\" \/>\n<meta property=\"og:site_name\" content=\"Pelican Self Storage\" \/>\n<meta property=\"article:publisher\" content=\"https:\/\/www.facebook.com\/PelicanSelfStorageDenmark\" \/>\n<meta property=\"article:modified_time\" content=\"2025-06-04T22:52:19+00:00\" \/>\n<meta name=\"twitter:card\" content=\"summary_large_image\" \/>\n<script type=\"application\/ld+json\" class=\"yoast-schema-graph\">{\"@context\":\"https:\/\/schema.org\",\"@graph\":[{\"@type\":\"WebPage\",\"@id\":\"https:\/\/pelican.fi\/en\/sizing-guide\/\",\"url\":\"https:\/\/pelican.fi\/en\/sizing-guide\/\",\"name\":\"Sizing guide | Pelican Self Storage\",\"isPartOf\":{\"@id\":\"https:\/\/pelican.fi\/en\/#website\"},\"datePublished\":\"2025-05-06T07:48:19+00:00\",\"dateModified\":\"2025-06-04T22:52:19+00:00\",\"breadcrumb\":{\"@id\":\"https:\/\/pelican.fi\/en\/sizing-guide\/#breadcrumb\"},\"inLanguage\":\"en-US\",\"potentialAction\":[{\"@type\":\"ReadAction\",\"target\":[\"https:\/\/pelican.fi\/en\/sizing-guide\/\"]}]},{\"@type\":\"BreadcrumbList\",\"@id\":\"https:\/\/pelican.fi\/en\/sizing-guide\/#breadcrumb\",\"itemListElement\":[{\"@type\":\"ListItem\",\"position\":1,\"name\":\"Home\",\"item\":\"https:\/\/pelican.fi\/en\/\"},{\"@type\":\"ListItem\",\"position\":2,\"name\":\"Sizing guide\"}]},{\"@type\":\"WebSite\",\"@id\":\"https:\/\/pelican.fi\/en\/#website\",\"url\":\"https:\/\/pelican.fi\/en\/\",\"name\":\"Vuokraa k\u00e4tev\u00e4 varasto\",\"description\":\"Vuokraa varastotila Pelican Self Storagelta. Edulliset hinnat \u2714 Toimipisteet ymp\u00e4ri K\u00f6\u00f6penhaminaa \u2714 Varastotiloja eri kokoisina \u2714 Ilmainen per\u00e4k\u00e4rryn lainaus \u2714\",\"potentialAction\":[{\"@type\":\"SearchAction\",\"target\":{\"@type\":\"EntryPoint\",\"urlTemplate\":\"https:\/\/pelican.fi\/en\/?s={search_term_string}\"},\"query-input\":{\"@type\":\"PropertyValueSpecification\",\"valueRequired\":true,\"valueName\":\"search_term_string\"}}],\"inLanguage\":\"en-US\"}]}<\/script>","yoast_head_json":{"title":"Sizing guide | Pelican Self Storage","robots":{"index":"index","follow":"follow","max-snippet":"max-snippet:-1","max-image-preview":"max-image-preview:large","max-video-preview":"max-video-preview:-1"},"canonical":"https:\/\/pelican.fi\/en\/sizing-guide\/","og_locale":"en_US","og_type":"article","og_title":"Sizing guide","og_url":"https:\/\/pelican.fi\/en\/sizing-guide\/","og_site_name":"Pelican Self Storage","article_publisher":"https:\/\/www.facebook.com\/PelicanSelfStorageDenmark","article_modified_time":"2025-06-04T22:52:19+00:00","twitter_card":"summary_large_image","schema":{"@context":"https:\/\/schema.org","@graph":[{"@type":"WebPage","@id":"https:\/\/pelican.fi\/en\/sizing-guide\/","url":"https:\/\/pelican.fi\/en\/sizing-guide\/","name":"Sizing guide | Pelican Self Storage","isPartOf":{"@id":"https:\/\/pelican.fi\/en\/#website"},"datePublished":"2025-05-06T07:48:19+00:00","dateModified":"2025-06-04T22:52:19+00:00","breadcrumb":{"@id":"https:\/\/pelican.fi\/en\/sizing-guide\/#breadcrumb"},"inLanguage":"en-US","potentialAction":[{"@type":"ReadAction","target":["https:\/\/pelican.fi\/en\/sizing-guide\/"]}]},{"@type":"BreadcrumbList","@id":"https:\/\/pelican.fi\/en\/sizing-guide\/#breadcrumb","itemListElement":[{"@type":"ListItem","position":1,"name":"Home","item":"https:\/\/pelican.fi\/en\/"},{"@type":"ListItem","position":2,"name":"Sizing guide"}]},{"@type":"WebSite","@id":"https:\/\/pelican.fi\/en\/#website","url":"https:\/\/pelican.fi\/en\/","name":"Vuokraa k\u00e4tev\u00e4 varasto","description":"Vuokraa varastotila Pelican Self Storagelta. Edulliset hinnat \u2714 Toimipisteet ymp\u00e4ri K\u00f6\u00f6penhaminaa \u2714 Varastotiloja eri kokoisina \u2714 Ilmainen per\u00e4k\u00e4rryn lainaus \u2714","potentialAction":[{"@type":"SearchAction","target":{"@type":"EntryPoint","urlTemplate":"https:\/\/pelican.fi\/en\/?s={search_term_string}"},"query-input":{"@type":"PropertyValueSpecification","valueRequired":true,"valueName":"search_term_string"}}],"inLanguage":"en-US"}]}},"_links":{"self":[{"href":"https:\/\/pelican.fi\/en\/wp-json\/wp\/v2\/pages\/14272","targetHints":{"allow":["GET"]}}],"collection":[{"href":"https:\/\/pelican.fi\/en\/wp-json\/wp\/v2\/pages"}],"about":[{"href":"https:\/\/pelican.fi\/en\/wp-json\/wp\/v2\/types\/page"}],"author":[{"embeddable":true,"href":"https:\/\/pelican.fi\/en\/wp-json\/wp\/v2\/users\/2"}],"replies":[{"embeddable":true,"href":"https:\/\/pelican.fi\/en\/wp-json\/wp\/v2\/comments?post=14272"}],"version-history":[{"count":1,"href":"https:\/\/pelican.fi\/en\/wp-json\/wp\/v2\/pages\/14272\/revisions"}],"predecessor-version":[{"id":14273,"href":"https:\/\/pelican.fi\/en\/wp-json\/wp\/v2\/pages\/14272\/revisions\/14273"}],"wp:attachment":[{"href":"https:\/\/pelican.fi\/en\/wp-json\/wp\/v2\/media?parent=14272"}],"curies":[{"name":"wp","href":"https:\/\/api.w.org\/{rel}","templated":true}]}}