{"id":16257,"date":"2025-05-06T10:48:25","date_gmt":"2025-05-06T08:48:25","guid":{"rendered":"https:\/\/pelican.fi\/copied-tips-for-moving-to-a-new-home-button-not-working-english-not-checked\/"},"modified":"2025-06-10T11:01:34","modified_gmt":"2025-06-10T09:01:34","slug":"tips-for-when-you-move-into-your-new-home","status":"publish","type":"page","link":"https:\/\/pelican.fi\/en\/tips-for-when-you-move-into-your-new-home\/","title":{"rendered":"Tips for when you move into your new home"},"content":{"rendered":"\t\t<div data-elementor-type=\"wp-page\" data-elementor-id=\"16257\" class=\"elementor elementor-16257 elementor-11514\" data-elementor-post-type=\"page\">\n\t\t\t\t<div class=\"wd-negative-gap elementor-element elementor-element-ef325bc e-flex e-con-boxed e-con e-parent\" data-id=\"ef325bc\" data-element_type=\"container\" data-e-type=\"container\">\n\t\t\t\t\t<div class=\"e-con-inner\">\n\t\t<div class=\"elementor-element elementor-element-63c0de2 e-con-full e-flex e-con e-child\" data-id=\"63c0de2\" data-element_type=\"container\" data-e-type=\"container\">\n\t\t\t\t<div class=\"elementor-element elementor-element-f5a166f elementor-widget elementor-widget-image\" data-id=\"f5a166f\" data-element_type=\"widget\" data-e-type=\"widget\" data-widget_type=\"image.default\">\n\t\t\t\t<div class=\"elementor-widget-container\">\n\t\t\t\t\t\t\t\t\t\t\t\t\t\t\t<img decoding=\"async\" src=\"https:\/\/pelican.fi\/wp-content\/uploads\/2025\/06\/new-home-3105179_1280_0.png\" title=\"new-home-3105179_1280_0.png\" alt=\"new-home-3105179_1280_0.png\" loading=\"lazy\" \/>\t\t\t\t\t\t\t\t\t\t\t\t\t\t\t<\/div>\n\t\t\t\t<\/div>\n\t\t\t\t<\/div>\n\t\t<div class=\"elementor-element elementor-element-7bb69fd e-con-full e-flex e-con e-child\" data-id=\"7bb69fd\" data-element_type=\"container\" data-e-type=\"container\" data-settings=\"{&quot;background_background&quot;:&quot;classic&quot;}\">\n\t\t<div class=\"elementor-element elementor-element-52d4abb e-con-full e-flex e-con e-child\" data-id=\"52d4abb\" data-element_type=\"container\" data-e-type=\"container\">\n\t\t\t\t<div class=\"elementor-element elementor-element-c3313dd wd-width-100 elementor-widget elementor-widget-wd_title\" data-id=\"c3313dd\" data-element_type=\"widget\" data-e-type=\"widget\" data-widget_type=\"wd_title.default\">\n\t\t\t\t<div class=\"elementor-widget-container\">\n\t\t\t\t\t\t\t<div class=\"title-wrapper wd-set-mb reset-last-child wd-title-color-default wd-title-style-default wd-title-size-default text-left\">\n\n\t\t\t\n\t\t\t<div class=\"liner-continer\">\n\t\t\t\t<h4 class=\"woodmart-title-container title wd-fontsize-l\">Do these 3 + 3 things first when you move into your new home<\/h4> \n\t\t\t\t\t\t\t<\/div>\n\n\t\t\t\t\t<\/div>\n\t\t\t\t\t\t<\/div>\n\t\t\t\t<\/div>\n\t\t\t\t<div class=\"elementor-element elementor-element-b0045a4 elementor-widget elementor-widget-button\" data-id=\"b0045a4\" data-element_type=\"widget\" data-e-type=\"widget\" data-widget_type=\"button.default\">\n\t\t\t\t<div class=\"elementor-widget-container\">\n\t\t\t\t\t\t\t\t\t<div class=\"elementor-button-wrapper\">\n\t\t\t\t\t<a class=\"elementor-button elementor-button-link elementor-size-sm\" href=\"https:\/\/pelican.fi\/en\/our-locations\/\">\n\t\t\t\t\t\t<span class=\"elementor-button-content-wrapper\">\n\t\t\t\t\t\t\t\t\t<span class=\"elementor-button-text\">Find a storage<\/span>\n\t\t\t\t\t<\/span>\n\t\t\t\t\t<\/a>\n\t\t\t\t<\/div>\n\t\t\t\t\t\t\t\t<\/div>\n\t\t\t\t<\/div>\n\t\t\t\t<\/div>\n\t\t\t\t<\/div>\n\t\t\t\t\t<\/div>\n\t\t\t\t<\/div>\n\t\t<div class=\"wd-negative-gap elementor-element elementor-element-bfd2ae1 e-flex e-con-boxed e-con e-parent\" data-id=\"bfd2ae1\" data-element_type=\"container\" data-e-type=\"container\">\n\t\t\t\t\t<div class=\"e-con-inner\">\n\t\t\t\t<div class=\"elementor-element elementor-element-ef6e32a elementor-widget elementor-widget-wd_text_block\" data-id=\"ef6e32a\" data-element_type=\"widget\" data-e-type=\"widget\" data-widget_type=\"wd_text_block.default\">\n\t\t\t\t<div class=\"elementor-widget-container\">\n\t\t\t\t\t\t\t<div class=\"wd-text-block reset-last-child text-left\">\n\t\t\t\n\t\t\t<p>Once the moving company has done its job and left you in your new home, there are important decisions to be made. What order should you unpack in to make your new apartment feel like home quickly? And what else should you consider when unpacking?  <\/p><p>Here are some practical tips for a smooth move:<\/p><p><strong>1. Bedroom<\/strong><br>To deal with the stress of a busy moving day, it's important to get a good night's sleep. Sleep comes first! From the start of your move, make sure your bed is packed so that you can be the first to unpack it in your new home. Label boxes with bedding, pillows and blankets \u201cThese first.\u201d This way you can avoid extra stress at the end of a long day and go straight to bed. If you have children, remember other important bedtime routine essentials such as soft toys, bedding, and toiletries. As the saying goes, \u201cWhen the kids are happy, the parents are happy.\u201d<\/p><p><strong>2. Kitchen<\/strong><br>Moving is physically demanding. Make sure you can quickly prepare energy-rich snacks and meals of the day, such as breakfast and dinner. The kitchen is also the heart of your home during the move. Switch on the fridge and coffee maker, and pack enough dishes, glasses and cutlery so that hunger and thirst don't surprise you. Plan your kitchen unpacking in advance, and think about what you'll need immediately. Careful planning will save you from later arrangements.     <\/p><p><strong>3. Living room<\/strong><br>Furnishing the living room is key during the move. The living room is one of the most important spaces in everyday life, especially for children. It's also a space for relaxation, so it's important to get it up and running quickly. With a TV and internet connection, you can take a breather and stay connected to the world even in the midst of the moving chaos. Tables, bookshelves and sofas will quickly bring a sense of home to your new apartment, so be sure to include them on your unpacking list.    <\/p><p><strong>Three tips for unpacking:<\/strong><\/p><ol><li><p><strong>Clean up as you unpack.<\/strong><br>Dispose of bubble wrap and other packaging materials immediately after use. Moving empty boxes unnecessarily disrupts the move and makes it slower. <\/p><\/li><li><p><strong>Unpack one room at a time.<\/strong><br>When you focus on one room at a time, you get a better sense of the big picture. You can see how much you can fit into that space and where things will fit. That way you avoid surprises and use space efficiently.  <\/p><\/li><li><p><strong>Big furniture and cupboards first.<\/strong><br>Put the big furniture and cupboards in place first before unpacking the small items from the drawers. This saves time and allows you to put small items directly into their proper places. <\/p><\/li><\/ol>\n\t\t\t\t\t<\/div>\n\t\t\t\t\t\t<\/div>\n\t\t\t\t<\/div>\n\t\t\t\t\t<\/div>\n\t\t\t\t<\/div>\n\t\t\t\t<\/div>\n\t\t","protected":false},"excerpt":{"rendered":"<p>Do these 3 + 3 things first when you move into your new home Find a storage Once the moving<\/p>\n","protected":false},"author":10,"featured_media":0,"parent":0,"menu_order":0,"comment_status":"closed","ping_status":"closed","template":"elementor_header_footer","meta":{"_acf_changed":false,"inline_featured_image":false,"_lmt_disableupdate":"no","_lmt_disable":"","footnotes":""},"class_list":["post-16257","page","type-page","status-publish","hentry"],"acf":[],"yoast_head":"<title>Tips for when you move into your new home | Pelican Self Storage<\/title>\n<meta name=\"robots\" content=\"index, follow, max-snippet:-1, max-image-preview:large, max-video-preview:-1\" \/>\n<link rel=\"canonical\" href=\"https:\/\/pelican.fi\/en\/tips-for-when-you-move-into-your-new-home\/\" \/>\n<meta property=\"og:locale\" content=\"en_US\" \/>\n<meta property=\"og:type\" content=\"article\" \/>\n<meta property=\"og:title\" content=\"Tips for when you move into your new home\" \/>\n<meta property=\"og:description\" content=\"Do these 3 + 3 things first when you move into your new home Find a storage Once the moving\" \/>\n<meta property=\"og:url\" content=\"https:\/\/pelican.fi\/en\/tips-for-when-you-move-into-your-new-home\/\" \/>\n<meta property=\"og:site_name\" content=\"Pelican Self Storage\" \/>\n<meta property=\"article:publisher\" content=\"https:\/\/www.facebook.com\/PelicanSelfStorageDenmark\" \/>\n<meta property=\"article:modified_time\" content=\"2025-06-10T09:01:34+00:00\" \/>\n<meta property=\"og:image\" content=\"https:\/\/pelican.fi\/wp-content\/uploads\/2025\/06\/new-home-3105179_1280_0.png\" \/>\n<meta name=\"twitter:card\" content=\"summary_large_image\" \/>\n<meta name=\"twitter:label1\" content=\"Est. reading time\" \/>\n\t<meta name=\"twitter:data1\" content=\"2 minutes\" \/>\n<script type=\"application\/ld+json\" class=\"yoast-schema-graph\">{\"@context\":\"https:\/\/schema.org\",\"@graph\":[{\"@type\":\"WebPage\",\"@id\":\"https:\/\/pelican.fi\/en\/tips-for-when-you-move-into-your-new-home\/\",\"url\":\"https:\/\/pelican.fi\/en\/tips-for-when-you-move-into-your-new-home\/\",\"name\":\"Tips for when you move into your new home | Pelican Self Storage\",\"isPartOf\":{\"@id\":\"https:\/\/pelican.fi\/en\/#website\"},\"primaryImageOfPage\":{\"@id\":\"https:\/\/pelican.fi\/en\/tips-for-when-you-move-into-your-new-home\/#primaryimage\"},\"image\":{\"@id\":\"https:\/\/pelican.fi\/en\/tips-for-when-you-move-into-your-new-home\/#primaryimage\"},\"thumbnailUrl\":\"https:\/\/pelican.fi\/wp-content\/uploads\/2025\/06\/new-home-3105179_1280_0.png\",\"datePublished\":\"2025-05-06T08:48:25+00:00\",\"dateModified\":\"2025-06-10T09:01:34+00:00\",\"breadcrumb\":{\"@id\":\"https:\/\/pelican.fi\/en\/tips-for-when-you-move-into-your-new-home\/#breadcrumb\"},\"inLanguage\":\"en-US\",\"potentialAction\":[{\"@type\":\"ReadAction\",\"target\":[\"https:\/\/pelican.fi\/en\/tips-for-when-you-move-into-your-new-home\/\"]}]},{\"@type\":\"ImageObject\",\"inLanguage\":\"en-US\",\"@id\":\"https:\/\/pelican.fi\/en\/tips-for-when-you-move-into-your-new-home\/#primaryimage\",\"url\":\"https:\/\/pelican.fi\/wp-content\/uploads\/2025\/06\/new-home-3105179_1280_0.png\",\"contentUrl\":\"https:\/\/pelican.fi\/wp-content\/uploads\/2025\/06\/new-home-3105179_1280_0.png\"},{\"@type\":\"BreadcrumbList\",\"@id\":\"https:\/\/pelican.fi\/en\/tips-for-when-you-move-into-your-new-home\/#breadcrumb\",\"itemListElement\":[{\"@type\":\"ListItem\",\"position\":1,\"name\":\"Home\",\"item\":\"https:\/\/pelican.fi\/en\/\"},{\"@type\":\"ListItem\",\"position\":2,\"name\":\"Tips for when you move into your new home\"}]},{\"@type\":\"WebSite\",\"@id\":\"https:\/\/pelican.fi\/en\/#website\",\"url\":\"https:\/\/pelican.fi\/en\/\",\"name\":\"Vuokraa k\u00e4tev\u00e4 varasto\",\"description\":\"Vuokraa varastotila Pelican Self Storagelta. Edulliset hinnat \u2714 Toimipisteet ymp\u00e4ri K\u00f6\u00f6penhaminaa \u2714 Varastotiloja eri kokoisina \u2714 Ilmainen per\u00e4k\u00e4rryn lainaus \u2714\",\"potentialAction\":[{\"@type\":\"SearchAction\",\"target\":{\"@type\":\"EntryPoint\",\"urlTemplate\":\"https:\/\/pelican.fi\/en\/?s={search_term_string}\"},\"query-input\":{\"@type\":\"PropertyValueSpecification\",\"valueRequired\":true,\"valueName\":\"search_term_string\"}}],\"inLanguage\":\"en-US\"}]}<\/script>","yoast_head_json":{"title":"Tips for when you move into your new home | Pelican Self Storage","robots":{"index":"index","follow":"follow","max-snippet":"max-snippet:-1","max-image-preview":"max-image-preview:large","max-video-preview":"max-video-preview:-1"},"canonical":"https:\/\/pelican.fi\/en\/tips-for-when-you-move-into-your-new-home\/","og_locale":"en_US","og_type":"article","og_title":"Tips for when you move into your new home","og_description":"Do these 3 + 3 things first when you move into your new home Find a storage Once the moving","og_url":"https:\/\/pelican.fi\/en\/tips-for-when-you-move-into-your-new-home\/","og_site_name":"Pelican Self Storage","article_publisher":"https:\/\/www.facebook.com\/PelicanSelfStorageDenmark","article_modified_time":"2025-06-10T09:01:34+00:00","og_image":[{"url":"https:\/\/pelican.fi\/wp-content\/uploads\/2025\/06\/new-home-3105179_1280_0.png","type":"","width":"","height":""}],"twitter_card":"summary_large_image","twitter_misc":{"Est. reading time":"2 minutes"},"schema":{"@context":"https:\/\/schema.org","@graph":[{"@type":"WebPage","@id":"https:\/\/pelican.fi\/en\/tips-for-when-you-move-into-your-new-home\/","url":"https:\/\/pelican.fi\/en\/tips-for-when-you-move-into-your-new-home\/","name":"Tips for when you move into your new home | Pelican Self Storage","isPartOf":{"@id":"https:\/\/pelican.fi\/en\/#website"},"primaryImageOfPage":{"@id":"https:\/\/pelican.fi\/en\/tips-for-when-you-move-into-your-new-home\/#primaryimage"},"image":{"@id":"https:\/\/pelican.fi\/en\/tips-for-when-you-move-into-your-new-home\/#primaryimage"},"thumbnailUrl":"https:\/\/pelican.fi\/wp-content\/uploads\/2025\/06\/new-home-3105179_1280_0.png","datePublished":"2025-05-06T08:48:25+00:00","dateModified":"2025-06-10T09:01:34+00:00","breadcrumb":{"@id":"https:\/\/pelican.fi\/en\/tips-for-when-you-move-into-your-new-home\/#breadcrumb"},"inLanguage":"en-US","potentialAction":[{"@type":"ReadAction","target":["https:\/\/pelican.fi\/en\/tips-for-when-you-move-into-your-new-home\/"]}]},{"@type":"ImageObject","inLanguage":"en-US","@id":"https:\/\/pelican.fi\/en\/tips-for-when-you-move-into-your-new-home\/#primaryimage","url":"https:\/\/pelican.fi\/wp-content\/uploads\/2025\/06\/new-home-3105179_1280_0.png","contentUrl":"https:\/\/pelican.fi\/wp-content\/uploads\/2025\/06\/new-home-3105179_1280_0.png"},{"@type":"BreadcrumbList","@id":"https:\/\/pelican.fi\/en\/tips-for-when-you-move-into-your-new-home\/#breadcrumb","itemListElement":[{"@type":"ListItem","position":1,"name":"Home","item":"https:\/\/pelican.fi\/en\/"},{"@type":"ListItem","position":2,"name":"Tips for when you move into your new home"}]},{"@type":"WebSite","@id":"https:\/\/pelican.fi\/en\/#website","url":"https:\/\/pelican.fi\/en\/","name":"Vuokraa k\u00e4tev\u00e4 varasto","description":"Vuokraa varastotila Pelican Self Storagelta. Edulliset hinnat \u2714 Toimipisteet ymp\u00e4ri K\u00f6\u00f6penhaminaa \u2714 Varastotiloja eri kokoisina \u2714 Ilmainen per\u00e4k\u00e4rryn lainaus \u2714","potentialAction":[{"@type":"SearchAction","target":{"@type":"EntryPoint","urlTemplate":"https:\/\/pelican.fi\/en\/?s={search_term_string}"},"query-input":{"@type":"PropertyValueSpecification","valueRequired":true,"valueName":"search_term_string"}}],"inLanguage":"en-US"}]}},"_links":{"self":[{"href":"https:\/\/pelican.fi\/en\/wp-json\/wp\/v2\/pages\/16257","targetHints":{"allow":["GET"]}}],"collection":[{"href":"https:\/\/pelican.fi\/en\/wp-json\/wp\/v2\/pages"}],"about":[{"href":"https:\/\/pelican.fi\/en\/wp-json\/wp\/v2\/types\/page"}],"author":[{"embeddable":true,"href":"https:\/\/pelican.fi\/en\/wp-json\/wp\/v2\/users\/10"}],"replies":[{"embeddable":true,"href":"https:\/\/pelican.fi\/en\/wp-json\/wp\/v2\/comments?post=16257"}],"version-history":[{"count":5,"href":"https:\/\/pelican.fi\/en\/wp-json\/wp\/v2\/pages\/16257\/revisions"}],"predecessor-version":[{"id":16707,"href":"https:\/\/pelican.fi\/en\/wp-json\/wp\/v2\/pages\/16257\/revisions\/16707"}],"wp:attachment":[{"href":"https:\/\/pelican.fi\/en\/wp-json\/wp\/v2\/media?parent=16257"}],"curies":[{"name":"wp","href":"https:\/\/api.w.org\/{rel}","templated":true}]}}