{"id":16368,"date":"2025-05-06T10:48:26","date_gmt":"2025-05-06T08:48:26","guid":{"rendered":"https:\/\/pelican.fi\/copied-10-professional-tips-for-the-perfect-move-english-missing\/"},"modified":"2025-06-24T02:18:54","modified_gmt":"2025-06-23T23:18:54","slug":"10-professional-tips-for-the-perfect-move","status":"publish","type":"page","link":"https:\/\/pelican.fi\/en\/10-professional-tips-for-the-perfect-move\/","title":{"rendered":"10 professional tips for the perfect move"},"content":{"rendered":"\t\t<div data-elementor-type=\"wp-page\" data-elementor-id=\"16368\" class=\"elementor elementor-16368 elementor-11495\" data-elementor-post-type=\"page\">\n\t\t\t\t<div class=\"wd-negative-gap elementor-element elementor-element-6133728 e-flex e-con-boxed e-con e-parent\" data-id=\"6133728\" data-element_type=\"container\" data-e-type=\"container\">\n\t\t\t\t\t<div class=\"e-con-inner\">\n\t\t<div class=\"elementor-element elementor-element-c4218ea e-con-full e-flex e-con e-child\" data-id=\"c4218ea\" data-element_type=\"container\" data-e-type=\"container\">\n\t\t\t\t<div class=\"elementor-element elementor-element-cc55e4d elementor-widget elementor-widget-image\" data-id=\"cc55e4d\" data-element_type=\"widget\" data-e-type=\"widget\" data-widget_type=\"image.default\">\n\t\t\t\t<div class=\"elementor-widget-container\">\n\t\t\t\t\t\t\t\t\t\t\t\t\t\t\t<img decoding=\"async\" src=\"https:\/\/pelican.fi\/wp-content\/uploads\/2025\/06\/Pelican27.4.171108-scaled-1.jpg\" title=\"Pelican27.4.171108-scaled.jpg\" alt=\"Pelican27.4.171108-scaled.jpg\" loading=\"lazy\" \/>\t\t\t\t\t\t\t\t\t\t\t\t\t\t\t<\/div>\n\t\t\t\t<\/div>\n\t\t\t\t<\/div>\n\t\t<div class=\"elementor-element elementor-element-36a9ce7 e-con-full e-flex e-con e-child\" data-id=\"36a9ce7\" data-element_type=\"container\" data-e-type=\"container\" data-settings=\"{&quot;background_background&quot;:&quot;classic&quot;}\">\n\t\t<div class=\"elementor-element elementor-element-43ec737 e-con-full e-flex e-con e-child\" data-id=\"43ec737\" data-element_type=\"container\" data-e-type=\"container\">\n\t\t\t\t<div class=\"elementor-element elementor-element-7f42621 wd-width-100 elementor-widget elementor-widget-wd_title\" data-id=\"7f42621\" data-element_type=\"widget\" data-e-type=\"widget\" data-widget_type=\"wd_title.default\">\n\t\t\t\t<div class=\"elementor-widget-container\">\n\t\t\t\t\t\t\t<div class=\"title-wrapper wd-set-mb reset-last-child wd-title-color-default wd-title-style-default wd-title-size-default text-left\">\n\n\t\t\t\n\t\t\t<div class=\"liner-continer\">\n\t\t\t\t<h4 class=\"woodmart-title-container title wd-fontsize-l\">Professional tips for the perfect move<\/h4> \n\t\t\t\t\t\t\t<\/div>\n\n\t\t\t\t\t\t\t<div class=\"title-after_title reset-last-child wd-fontsize-xs\">\n\t\t\t\t\t<p>Read our professional tips for moving below. When you move, you need proper packing supplies. You can find them in Pelican stores.  <\/p>\t\t\t\t<\/div>\n\t\t\t\t\t<\/div>\n\t\t\t\t\t\t<\/div>\n\t\t\t\t<\/div>\n\t\t\t\t<div class=\"elementor-element elementor-element-d61f09d elementor-widget elementor-widget-button\" data-id=\"d61f09d\" data-element_type=\"widget\" data-e-type=\"widget\" data-widget_type=\"button.default\">\n\t\t\t\t<div class=\"elementor-widget-container\">\n\t\t\t\t\t\t\t\t\t<div class=\"elementor-button-wrapper\">\n\t\t\t\t\t<a class=\"elementor-button elementor-button-link elementor-size-sm\" href=\"https:\/\/pelican.fi\/en\/packaging-and-conversion-supplies\/\">\n\t\t\t\t\t\t<span class=\"elementor-button-content-wrapper\">\n\t\t\t\t\t\t\t\t\t<span class=\"elementor-button-text\">Packaging<\/span>\n\t\t\t\t\t<\/span>\n\t\t\t\t\t<\/a>\n\t\t\t\t<\/div>\n\t\t\t\t\t\t\t\t<\/div>\n\t\t\t\t<\/div>\n\t\t\t\t<\/div>\n\t\t\t\t<\/div>\n\t\t\t\t\t<\/div>\n\t\t\t\t<\/div>\n\t\t<div class=\"wd-negative-gap elementor-element elementor-element-a0abd81 e-flex e-con-boxed e-con e-parent\" data-id=\"a0abd81\" data-element_type=\"container\" data-e-type=\"container\">\n\t\t\t\t\t<div class=\"e-con-inner\">\n\t\t\t\t<div class=\"elementor-element elementor-element-c77cbe3 elementor-widget elementor-widget-wd_text_block\" data-id=\"c77cbe3\" data-element_type=\"widget\" data-e-type=\"widget\" data-widget_type=\"wd_text_block.default\">\n\t\t\t\t<div class=\"elementor-widget-container\">\n\t\t\t\t\t\t\t<div class=\"wd-text-block reset-last-child text-left\">\n\t\t\t\n\t\t\t<h1 class=\"add-icon\"><span style=\"color: #008000;\">10 professional tips for the perfect move<\/span><\/h1><p>Moving can be stressful or it can be a good experience. Below is a list of good tips that can help you avoid stress. <\/p><p>American Peter Walsh is a professional organiser and author of countless books on how to make your life simpler. He says he has been involved in too many moves where basic rules were not followed. <\/p><p>Here are ten principles and details that Walsh says you should remember. Take a closer look and you might find a few tips you can use the next time you move. The average European moves four times in their lifetime, and the better prepared you are, the better your move will go.  <\/p><p>As the move approaches<\/p><p>1. If you want to succeed, make a good plan.<br>2. Take notes.<br>3. Items you no longer use can be thrown away for recycling or stored in a self storage.<\/p><p>Packaging<\/p><p>4. Keep a record of what you pack and where you pack it. On your moving boxes, mark which room they belong in in your new home.<br>5. Take pictures of electrical wiring, extension cords and connectors. This will help you remember which parts fit together when you reassemble them. <\/p><p>Preparing for moving day<\/p><p>6. Make a picnic and pack it in a cooler. Once the move gets underway, it's nice to have something to eat and drink.<br>7. Remember; you'll feel more comfortable when you haven't partied the night before.<br>8. Pack cleaning supplies, kitchen towels and light fittings in a box where you can easily find them. They're often the first thing you'll need.<br>9. Keep cash on hand. You may need to send someone to pick up a pizza, a missing tool or something similar.<br>10. Remember to celebrate the move when it's done! Bring a bottle of your favourite drink and disposable cups.    <\/p>\n\t\t\t\t\t<\/div>\n\t\t\t\t\t\t<\/div>\n\t\t\t\t<\/div>\n\t\t\t\t\t<\/div>\n\t\t\t\t<\/div>\n\t\t\t\t<\/div>\n\t\t","protected":false},"excerpt":{"rendered":"<p>Professional tips for the perfect move Read our professional tips for moving below. When you move, you need proper packing<\/p>\n","protected":false},"author":10,"featured_media":0,"parent":0,"menu_order":0,"comment_status":"closed","ping_status":"closed","template":"elementor_header_footer","meta":{"_acf_changed":false,"inline_featured_image":false,"_lmt_disableupdate":"no","_lmt_disable":"","footnotes":""},"class_list":["post-16368","page","type-page","status-publish","hentry"],"acf":[],"yoast_head":"<title>10 professional tips for the perfect move | Pelican Self Storage<\/title>\n<meta name=\"robots\" content=\"index, follow, max-snippet:-1, max-image-preview:large, max-video-preview:-1\" \/>\n<link rel=\"canonical\" href=\"https:\/\/pelican.fi\/en\/10-professional-tips-for-the-perfect-move\/\" \/>\n<meta property=\"og:locale\" content=\"en_US\" \/>\n<meta property=\"og:type\" content=\"article\" \/>\n<meta property=\"og:title\" content=\"10 professional tips for the perfect move\" \/>\n<meta property=\"og:description\" content=\"Professional tips for the perfect move Read our professional tips for moving below. When you move, you need proper packing\" \/>\n<meta property=\"og:url\" content=\"https:\/\/pelican.fi\/en\/10-professional-tips-for-the-perfect-move\/\" \/>\n<meta property=\"og:site_name\" content=\"Pelican Self Storage\" \/>\n<meta property=\"article:publisher\" content=\"https:\/\/www.facebook.com\/PelicanSelfStorageDenmark\" \/>\n<meta property=\"article:modified_time\" content=\"2025-06-23T23:18:54+00:00\" \/>\n<meta property=\"og:image\" content=\"https:\/\/pelican.fi\/wp-content\/uploads\/2025\/06\/Pelican27.4.171108-scaled-1.jpg\" \/>\n<meta name=\"twitter:card\" content=\"summary_large_image\" \/>\n<meta name=\"twitter:label1\" content=\"Est. reading time\" \/>\n\t<meta name=\"twitter:data1\" content=\"2 minutes\" \/>\n<script type=\"application\/ld+json\" class=\"yoast-schema-graph\">{\"@context\":\"https:\/\/schema.org\",\"@graph\":[{\"@type\":\"WebPage\",\"@id\":\"https:\/\/pelican.fi\/en\/10-professional-tips-for-the-perfect-move\/\",\"url\":\"https:\/\/pelican.fi\/en\/10-professional-tips-for-the-perfect-move\/\",\"name\":\"10 professional tips for the perfect move | Pelican Self Storage\",\"isPartOf\":{\"@id\":\"https:\/\/pelican.fi\/en\/#website\"},\"primaryImageOfPage\":{\"@id\":\"https:\/\/pelican.fi\/en\/10-professional-tips-for-the-perfect-move\/#primaryimage\"},\"image\":{\"@id\":\"https:\/\/pelican.fi\/en\/10-professional-tips-for-the-perfect-move\/#primaryimage\"},\"thumbnailUrl\":\"https:\/\/pelican.fi\/wp-content\/uploads\/2025\/06\/Pelican27.4.171108-scaled-1.jpg\",\"datePublished\":\"2025-05-06T08:48:26+00:00\",\"dateModified\":\"2025-06-23T23:18:54+00:00\",\"breadcrumb\":{\"@id\":\"https:\/\/pelican.fi\/en\/10-professional-tips-for-the-perfect-move\/#breadcrumb\"},\"inLanguage\":\"en-US\",\"potentialAction\":[{\"@type\":\"ReadAction\",\"target\":[\"https:\/\/pelican.fi\/en\/10-professional-tips-for-the-perfect-move\/\"]}]},{\"@type\":\"ImageObject\",\"inLanguage\":\"en-US\",\"@id\":\"https:\/\/pelican.fi\/en\/10-professional-tips-for-the-perfect-move\/#primaryimage\",\"url\":\"https:\/\/pelican.fi\/wp-content\/uploads\/2025\/06\/Pelican27.4.171108-scaled-1.jpg\",\"contentUrl\":\"https:\/\/pelican.fi\/wp-content\/uploads\/2025\/06\/Pelican27.4.171108-scaled-1.jpg\"},{\"@type\":\"BreadcrumbList\",\"@id\":\"https:\/\/pelican.fi\/en\/10-professional-tips-for-the-perfect-move\/#breadcrumb\",\"itemListElement\":[{\"@type\":\"ListItem\",\"position\":1,\"name\":\"Home\",\"item\":\"https:\/\/pelican.fi\/en\/\"},{\"@type\":\"ListItem\",\"position\":2,\"name\":\"10 professional tips for the perfect move\"}]},{\"@type\":\"WebSite\",\"@id\":\"https:\/\/pelican.fi\/en\/#website\",\"url\":\"https:\/\/pelican.fi\/en\/\",\"name\":\"Vuokraa k\u00e4tev\u00e4 varasto\",\"description\":\"Vuokraa varastotila Pelican Self Storagelta. Edulliset hinnat \u2714 Toimipisteet ymp\u00e4ri K\u00f6\u00f6penhaminaa \u2714 Varastotiloja eri kokoisina \u2714 Ilmainen per\u00e4k\u00e4rryn lainaus \u2714\",\"potentialAction\":[{\"@type\":\"SearchAction\",\"target\":{\"@type\":\"EntryPoint\",\"urlTemplate\":\"https:\/\/pelican.fi\/en\/?s={search_term_string}\"},\"query-input\":{\"@type\":\"PropertyValueSpecification\",\"valueRequired\":true,\"valueName\":\"search_term_string\"}}],\"inLanguage\":\"en-US\"}]}<\/script>","yoast_head_json":{"title":"10 professional tips for the perfect move | Pelican Self Storage","robots":{"index":"index","follow":"follow","max-snippet":"max-snippet:-1","max-image-preview":"max-image-preview:large","max-video-preview":"max-video-preview:-1"},"canonical":"https:\/\/pelican.fi\/en\/10-professional-tips-for-the-perfect-move\/","og_locale":"en_US","og_type":"article","og_title":"10 professional tips for the perfect move","og_description":"Professional tips for the perfect move Read our professional tips for moving below. When you move, you need proper packing","og_url":"https:\/\/pelican.fi\/en\/10-professional-tips-for-the-perfect-move\/","og_site_name":"Pelican Self Storage","article_publisher":"https:\/\/www.facebook.com\/PelicanSelfStorageDenmark","article_modified_time":"2025-06-23T23:18:54+00:00","og_image":[{"url":"https:\/\/pelican.fi\/wp-content\/uploads\/2025\/06\/Pelican27.4.171108-scaled-1.jpg","type":"","width":"","height":""}],"twitter_card":"summary_large_image","twitter_misc":{"Est. reading time":"2 minutes"},"schema":{"@context":"https:\/\/schema.org","@graph":[{"@type":"WebPage","@id":"https:\/\/pelican.fi\/en\/10-professional-tips-for-the-perfect-move\/","url":"https:\/\/pelican.fi\/en\/10-professional-tips-for-the-perfect-move\/","name":"10 professional tips for the perfect move | Pelican Self Storage","isPartOf":{"@id":"https:\/\/pelican.fi\/en\/#website"},"primaryImageOfPage":{"@id":"https:\/\/pelican.fi\/en\/10-professional-tips-for-the-perfect-move\/#primaryimage"},"image":{"@id":"https:\/\/pelican.fi\/en\/10-professional-tips-for-the-perfect-move\/#primaryimage"},"thumbnailUrl":"https:\/\/pelican.fi\/wp-content\/uploads\/2025\/06\/Pelican27.4.171108-scaled-1.jpg","datePublished":"2025-05-06T08:48:26+00:00","dateModified":"2025-06-23T23:18:54+00:00","breadcrumb":{"@id":"https:\/\/pelican.fi\/en\/10-professional-tips-for-the-perfect-move\/#breadcrumb"},"inLanguage":"en-US","potentialAction":[{"@type":"ReadAction","target":["https:\/\/pelican.fi\/en\/10-professional-tips-for-the-perfect-move\/"]}]},{"@type":"ImageObject","inLanguage":"en-US","@id":"https:\/\/pelican.fi\/en\/10-professional-tips-for-the-perfect-move\/#primaryimage","url":"https:\/\/pelican.fi\/wp-content\/uploads\/2025\/06\/Pelican27.4.171108-scaled-1.jpg","contentUrl":"https:\/\/pelican.fi\/wp-content\/uploads\/2025\/06\/Pelican27.4.171108-scaled-1.jpg"},{"@type":"BreadcrumbList","@id":"https:\/\/pelican.fi\/en\/10-professional-tips-for-the-perfect-move\/#breadcrumb","itemListElement":[{"@type":"ListItem","position":1,"name":"Home","item":"https:\/\/pelican.fi\/en\/"},{"@type":"ListItem","position":2,"name":"10 professional tips for the perfect move"}]},{"@type":"WebSite","@id":"https:\/\/pelican.fi\/en\/#website","url":"https:\/\/pelican.fi\/en\/","name":"Vuokraa k\u00e4tev\u00e4 varasto","description":"Vuokraa varastotila Pelican Self Storagelta. Edulliset hinnat \u2714 Toimipisteet ymp\u00e4ri K\u00f6\u00f6penhaminaa \u2714 Varastotiloja eri kokoisina \u2714 Ilmainen per\u00e4k\u00e4rryn lainaus \u2714","potentialAction":[{"@type":"SearchAction","target":{"@type":"EntryPoint","urlTemplate":"https:\/\/pelican.fi\/en\/?s={search_term_string}"},"query-input":{"@type":"PropertyValueSpecification","valueRequired":true,"valueName":"search_term_string"}}],"inLanguage":"en-US"}]}},"_links":{"self":[{"href":"https:\/\/pelican.fi\/en\/wp-json\/wp\/v2\/pages\/16368","targetHints":{"allow":["GET"]}}],"collection":[{"href":"https:\/\/pelican.fi\/en\/wp-json\/wp\/v2\/pages"}],"about":[{"href":"https:\/\/pelican.fi\/en\/wp-json\/wp\/v2\/types\/page"}],"author":[{"embeddable":true,"href":"https:\/\/pelican.fi\/en\/wp-json\/wp\/v2\/users\/10"}],"replies":[{"embeddable":true,"href":"https:\/\/pelican.fi\/en\/wp-json\/wp\/v2\/comments?post=16368"}],"version-history":[{"count":5,"href":"https:\/\/pelican.fi\/en\/wp-json\/wp\/v2\/pages\/16368\/revisions"}],"predecessor-version":[{"id":17310,"href":"https:\/\/pelican.fi\/en\/wp-json\/wp\/v2\/pages\/16368\/revisions\/17310"}],"wp:attachment":[{"href":"https:\/\/pelican.fi\/en\/wp-json\/wp\/v2\/media?parent=16368"}],"curies":[{"name":"wp","href":"https:\/\/api.w.org\/{rel}","templated":true}]}}