{"id":16373,"date":"2025-05-06T10:49:24","date_gmt":"2025-05-06T08:49:24","guid":{"rendered":"https:\/\/pelican.fi\/english-copied-looking-for-properties\/"},"modified":"2025-06-10T01:21:01","modified_gmt":"2025-06-09T23:21:01","slug":"looking-for-properties","status":"publish","type":"page","link":"https:\/\/pelican.fi\/en\/looking-for-properties\/","title":{"rendered":"Looking for properties"},"content":{"rendered":"\t\t<div data-elementor-type=\"wp-page\" data-elementor-id=\"16373\" class=\"elementor elementor-16373 elementor-11519\" data-elementor-post-type=\"page\">\n\t\t\t\t<div class=\"wd-negative-gap elementor-element elementor-element-ef0d411 e-flex e-con-boxed e-con e-parent\" data-id=\"ef0d411\" data-element_type=\"container\" data-e-type=\"container\">\n\t\t\t\t\t<div class=\"e-con-inner\">\n\t\t<div class=\"elementor-element elementor-element-a0ca459 e-con-full e-flex e-con e-child\" data-id=\"a0ca459\" data-element_type=\"container\" data-e-type=\"container\">\n\t\t\t\t<div class=\"elementor-element elementor-element-45177a1 elementor-widget elementor-widget-image\" data-id=\"45177a1\" data-element_type=\"widget\" data-e-type=\"widget\" data-widget_type=\"image.default\">\n\t\t\t\t<div class=\"elementor-widget-container\">\n\t\t\t\t\t\t\t\t\t\t\t\t\t\t\t<img decoding=\"async\" src=\"https:\/\/pelican.fi\/wp-content\/uploads\/2025\/06\/kaari-scaled-1.jpg\" title=\"kaari-scaled.jpg\" alt=\"Pelican Kaari\" loading=\"lazy\" \/>\t\t\t\t\t\t\t\t\t\t\t\t\t\t\t<\/div>\n\t\t\t\t<\/div>\n\t\t\t\t<\/div>\n\t\t<div class=\"elementor-element elementor-element-e8e5981 e-con-full e-flex e-con e-child\" data-id=\"e8e5981\" data-element_type=\"container\" data-e-type=\"container\">\n\t\t<div class=\"elementor-element elementor-element-c3a4f8d e-con-full e-flex e-con e-child\" data-id=\"c3a4f8d\" data-element_type=\"container\" data-e-type=\"container\">\n\t\t\t\t<div class=\"elementor-element elementor-element-6595e69 wd-width-100 elementor-widget elementor-widget-wd_title\" data-id=\"6595e69\" data-element_type=\"widget\" data-e-type=\"widget\" data-widget_type=\"wd_title.default\">\n\t\t\t\t<div class=\"elementor-widget-container\">\n\t\t\t\t\t\t\t<div class=\"title-wrapper wd-set-mb reset-last-child wd-title-color-default wd-title-style-default wd-title-size-medium text-left\">\n\n\t\t\t\n\t\t\t<div class=\"liner-continer\">\n\t\t\t\t<h4 class=\"woodmart-title-container title wd-fontsize-xl\">Give a tip about the property<\/h4> \n\t\t\t\t\t\t\t<\/div>\n\n\t\t\t\t\t\t\t<div class=\"title-after_title reset-last-child wd-fontsize-s\">\n\t\t\t\t\t<p>Pelican Self Storage is currently looking for properties and plots of land, especially in the metropolitan area.<\/p><p>We want properties to be located close to major roads, so that they have good visibility and are easily accessible by car and public transport.<\/p><p>We are looking for building plots, slope plots and finished buildings. We are primarily looking for plots of land that have been zoned, but we are also interested in undeveloped land. The minimum size of the property should be 3 000 m2 and the minimum size of the building plot should be between 4 000 and 20 000 m2.  <\/p>\t\t\t\t<\/div>\n\t\t\t\t\t<\/div>\n\t\t\t\t\t\t<\/div>\n\t\t\t\t<\/div>\n\t\t\t\t<\/div>\n\t\t\t\t<\/div>\n\t\t\t\t\t<\/div>\n\t\t\t\t<\/div>\n\t\t<div class=\"wd-negative-gap elementor-element elementor-element-580d094 e-flex e-con-boxed e-con e-parent\" data-id=\"580d094\" data-element_type=\"container\" data-e-type=\"container\">\n\t\t\t\t\t<div class=\"e-con-inner\">\n\t\t<div class=\"elementor-element elementor-element-8d7ef89 e-con-full e-flex e-con e-child\" data-id=\"8d7ef89\" data-element_type=\"container\" data-e-type=\"container\" data-settings=\"{&quot;background_background&quot;:&quot;classic&quot;}\">\n\t\t<div class=\"elementor-element elementor-element-eebed67 e-con-full e-flex e-con e-child\" data-id=\"eebed67\" data-element_type=\"container\" data-e-type=\"container\">\n\t\t\t\t<div class=\"elementor-element elementor-element-048b2ac wd-width-100 elementor-widget elementor-widget-wd_title\" data-id=\"048b2ac\" data-element_type=\"widget\" data-e-type=\"widget\" data-widget_type=\"wd_title.default\">\n\t\t\t\t<div class=\"elementor-widget-container\">\n\t\t\t\t\t\t\t<div class=\"title-wrapper wd-set-mb reset-last-child wd-title-color-default wd-title-style-default wd-title-size-medium text-left\">\n\n\t\t\t\n\t\t\t<div class=\"liner-continer\">\n\t\t\t\t<h4 class=\"woodmart-title-container title wd-fontsize-xl\"><\/h4> \n\t\t\t\t\t\t\t<\/div>\n\n\t\t\t\t\t\t\t<div class=\"title-after_title reset-last-child wd-fontsize-s\">\n\t\t\t\t\t<p>We are also looking for properties in the centre of Helsinki, and are interested in condominiums and rental apartments of at least 2 000 m2.<\/p><p>Pelican Self Storage is primarily interested in buying and owning the entire storage facility, but may also be interested in joint ventures. Our business is not disruptive and traffic is around 1-2 cars per hour during opening hours. The premises are protected from noise.  <\/p><h5>Give us a tip<\/h5><p>Write to us at mape@pelican.fi or call +358-40-868 0901.<\/p>\t\t\t\t<\/div>\n\t\t\t\t\t<\/div>\n\t\t\t\t\t\t<\/div>\n\t\t\t\t<\/div>\n\t\t\t\t<\/div>\n\t\t\t\t<\/div>\n\t\t<div class=\"elementor-element elementor-element-aa66fc8 e-con-full e-flex e-con e-child\" data-id=\"aa66fc8\" data-element_type=\"container\" data-e-type=\"container\">\n\t\t\t\t<div class=\"elementor-element elementor-element-cd3e9ac elementor-widget elementor-widget-image\" data-id=\"cd3e9ac\" data-element_type=\"widget\" data-e-type=\"widget\" data-widget_type=\"image.default\">\n\t\t\t\t<div class=\"elementor-widget-container\">\n\t\t\t\t\t\t\t\t\t\t\t\t\t\t\t<img decoding=\"async\" src=\"https:\/\/pelican.fi\/wp-content\/uploads\/2025\/06\/espoonlahti-scaled-1.jpg\" title=\"espoonlahti-scaled.jpg\" alt=\"Pelican Espoonlahti\" loading=\"lazy\" \/>\t\t\t\t\t\t\t\t\t\t\t\t\t\t\t<\/div>\n\t\t\t\t<\/div>\n\t\t\t\t<\/div>\n\t\t\t\t\t<\/div>\n\t\t\t\t<\/div>\n\t\t\t\t<\/div>\n\t\t","protected":false},"excerpt":{"rendered":"<p>Give a tip about the property Pelican Self Storage is currently looking for properties and plots of land, especially in<\/p>\n","protected":false},"author":1,"featured_media":0,"parent":0,"menu_order":0,"comment_status":"closed","ping_status":"closed","template":"elementor_header_footer","meta":{"_acf_changed":false,"inline_featured_image":false,"_lmt_disableupdate":"no","_lmt_disable":"","footnotes":""},"class_list":["post-16373","page","type-page","status-publish","hentry"],"acf":[],"yoast_head":"<title>Looking for properties | Pelican Self Storage<\/title>\n<meta name=\"robots\" content=\"index, follow, max-snippet:-1, max-image-preview:large, max-video-preview:-1\" \/>\n<link rel=\"canonical\" href=\"https:\/\/pelican.fi\/en\/looking-for-properties\/\" \/>\n<meta property=\"og:locale\" content=\"en_US\" \/>\n<meta property=\"og:type\" content=\"article\" \/>\n<meta property=\"og:title\" content=\"Looking for properties\" \/>\n<meta property=\"og:description\" content=\"Give a tip about the property Pelican Self Storage is currently looking for properties and plots of land, especially in\" \/>\n<meta property=\"og:url\" content=\"https:\/\/pelican.fi\/en\/looking-for-properties\/\" \/>\n<meta property=\"og:site_name\" content=\"Pelican Self Storage\" \/>\n<meta property=\"article:publisher\" content=\"https:\/\/www.facebook.com\/PelicanSelfStorageDenmark\" \/>\n<meta property=\"article:modified_time\" content=\"2025-06-09T23:21:01+00:00\" \/>\n<meta property=\"og:image\" content=\"https:\/\/pelican.fi\/wp-content\/uploads\/2025\/06\/kaari-scaled-1.jpg\" \/>\n<meta name=\"twitter:card\" content=\"summary_large_image\" \/>\n<meta name=\"twitter:label1\" content=\"Est. reading time\" \/>\n\t<meta name=\"twitter:data1\" content=\"1 minute\" \/>\n<script type=\"application\/ld+json\" class=\"yoast-schema-graph\">{\"@context\":\"https:\/\/schema.org\",\"@graph\":[{\"@type\":\"WebPage\",\"@id\":\"https:\/\/pelican.fi\/en\/looking-for-properties\/\",\"url\":\"https:\/\/pelican.fi\/en\/looking-for-properties\/\",\"name\":\"Looking for properties | Pelican Self Storage\",\"isPartOf\":{\"@id\":\"https:\/\/pelican.fi\/en\/#website\"},\"primaryImageOfPage\":{\"@id\":\"https:\/\/pelican.fi\/en\/looking-for-properties\/#primaryimage\"},\"image\":{\"@id\":\"https:\/\/pelican.fi\/en\/looking-for-properties\/#primaryimage\"},\"thumbnailUrl\":\"https:\/\/pelican.fi\/wp-content\/uploads\/2025\/06\/kaari-scaled-1.jpg\",\"datePublished\":\"2025-05-06T08:49:24+00:00\",\"dateModified\":\"2025-06-09T23:21:01+00:00\",\"breadcrumb\":{\"@id\":\"https:\/\/pelican.fi\/en\/looking-for-properties\/#breadcrumb\"},\"inLanguage\":\"en-US\",\"potentialAction\":[{\"@type\":\"ReadAction\",\"target\":[\"https:\/\/pelican.fi\/en\/looking-for-properties\/\"]}]},{\"@type\":\"ImageObject\",\"inLanguage\":\"en-US\",\"@id\":\"https:\/\/pelican.fi\/en\/looking-for-properties\/#primaryimage\",\"url\":\"https:\/\/pelican.fi\/wp-content\/uploads\/2025\/06\/kaari-scaled-1.jpg\",\"contentUrl\":\"https:\/\/pelican.fi\/wp-content\/uploads\/2025\/06\/kaari-scaled-1.jpg\"},{\"@type\":\"BreadcrumbList\",\"@id\":\"https:\/\/pelican.fi\/en\/looking-for-properties\/#breadcrumb\",\"itemListElement\":[{\"@type\":\"ListItem\",\"position\":1,\"name\":\"Home\",\"item\":\"https:\/\/pelican.fi\/en\/\"},{\"@type\":\"ListItem\",\"position\":2,\"name\":\"Looking for properties\"}]},{\"@type\":\"WebSite\",\"@id\":\"https:\/\/pelican.fi\/en\/#website\",\"url\":\"https:\/\/pelican.fi\/en\/\",\"name\":\"Vuokraa k\u00e4tev\u00e4 varasto\",\"description\":\"Vuokraa varastotila Pelican Self Storagelta. Edulliset hinnat \u2714 Toimipisteet ymp\u00e4ri K\u00f6\u00f6penhaminaa \u2714 Varastotiloja eri kokoisina \u2714 Ilmainen per\u00e4k\u00e4rryn lainaus \u2714\",\"potentialAction\":[{\"@type\":\"SearchAction\",\"target\":{\"@type\":\"EntryPoint\",\"urlTemplate\":\"https:\/\/pelican.fi\/en\/?s={search_term_string}\"},\"query-input\":{\"@type\":\"PropertyValueSpecification\",\"valueRequired\":true,\"valueName\":\"search_term_string\"}}],\"inLanguage\":\"en-US\"}]}<\/script>","yoast_head_json":{"title":"Looking for properties | Pelican Self Storage","robots":{"index":"index","follow":"follow","max-snippet":"max-snippet:-1","max-image-preview":"max-image-preview:large","max-video-preview":"max-video-preview:-1"},"canonical":"https:\/\/pelican.fi\/en\/looking-for-properties\/","og_locale":"en_US","og_type":"article","og_title":"Looking for properties","og_description":"Give a tip about the property Pelican Self Storage is currently looking for properties and plots of land, especially in","og_url":"https:\/\/pelican.fi\/en\/looking-for-properties\/","og_site_name":"Pelican Self Storage","article_publisher":"https:\/\/www.facebook.com\/PelicanSelfStorageDenmark","article_modified_time":"2025-06-09T23:21:01+00:00","og_image":[{"url":"https:\/\/pelican.fi\/wp-content\/uploads\/2025\/06\/kaari-scaled-1.jpg","type":"","width":"","height":""}],"twitter_card":"summary_large_image","twitter_misc":{"Est. reading time":"1 minute"},"schema":{"@context":"https:\/\/schema.org","@graph":[{"@type":"WebPage","@id":"https:\/\/pelican.fi\/en\/looking-for-properties\/","url":"https:\/\/pelican.fi\/en\/looking-for-properties\/","name":"Looking for properties | Pelican Self Storage","isPartOf":{"@id":"https:\/\/pelican.fi\/en\/#website"},"primaryImageOfPage":{"@id":"https:\/\/pelican.fi\/en\/looking-for-properties\/#primaryimage"},"image":{"@id":"https:\/\/pelican.fi\/en\/looking-for-properties\/#primaryimage"},"thumbnailUrl":"https:\/\/pelican.fi\/wp-content\/uploads\/2025\/06\/kaari-scaled-1.jpg","datePublished":"2025-05-06T08:49:24+00:00","dateModified":"2025-06-09T23:21:01+00:00","breadcrumb":{"@id":"https:\/\/pelican.fi\/en\/looking-for-properties\/#breadcrumb"},"inLanguage":"en-US","potentialAction":[{"@type":"ReadAction","target":["https:\/\/pelican.fi\/en\/looking-for-properties\/"]}]},{"@type":"ImageObject","inLanguage":"en-US","@id":"https:\/\/pelican.fi\/en\/looking-for-properties\/#primaryimage","url":"https:\/\/pelican.fi\/wp-content\/uploads\/2025\/06\/kaari-scaled-1.jpg","contentUrl":"https:\/\/pelican.fi\/wp-content\/uploads\/2025\/06\/kaari-scaled-1.jpg"},{"@type":"BreadcrumbList","@id":"https:\/\/pelican.fi\/en\/looking-for-properties\/#breadcrumb","itemListElement":[{"@type":"ListItem","position":1,"name":"Home","item":"https:\/\/pelican.fi\/en\/"},{"@type":"ListItem","position":2,"name":"Looking for properties"}]},{"@type":"WebSite","@id":"https:\/\/pelican.fi\/en\/#website","url":"https:\/\/pelican.fi\/en\/","name":"Vuokraa k\u00e4tev\u00e4 varasto","description":"Vuokraa varastotila Pelican Self Storagelta. Edulliset hinnat \u2714 Toimipisteet ymp\u00e4ri K\u00f6\u00f6penhaminaa \u2714 Varastotiloja eri kokoisina \u2714 Ilmainen per\u00e4k\u00e4rryn lainaus \u2714","potentialAction":[{"@type":"SearchAction","target":{"@type":"EntryPoint","urlTemplate":"https:\/\/pelican.fi\/en\/?s={search_term_string}"},"query-input":{"@type":"PropertyValueSpecification","valueRequired":true,"valueName":"search_term_string"}}],"inLanguage":"en-US"}]}},"_links":{"self":[{"href":"https:\/\/pelican.fi\/en\/wp-json\/wp\/v2\/pages\/16373","targetHints":{"allow":["GET"]}}],"collection":[{"href":"https:\/\/pelican.fi\/en\/wp-json\/wp\/v2\/pages"}],"about":[{"href":"https:\/\/pelican.fi\/en\/wp-json\/wp\/v2\/types\/page"}],"author":[{"embeddable":true,"href":"https:\/\/pelican.fi\/en\/wp-json\/wp\/v2\/users\/1"}],"replies":[{"embeddable":true,"href":"https:\/\/pelican.fi\/en\/wp-json\/wp\/v2\/comments?post=16373"}],"version-history":[{"count":2,"href":"https:\/\/pelican.fi\/en\/wp-json\/wp\/v2\/pages\/16373\/revisions"}],"predecessor-version":[{"id":16525,"href":"https:\/\/pelican.fi\/en\/wp-json\/wp\/v2\/pages\/16373\/revisions\/16525"}],"wp:attachment":[{"href":"https:\/\/pelican.fi\/en\/wp-json\/wp\/v2\/media?parent=16373"}],"curies":[{"name":"wp","href":"https:\/\/api.w.org\/{rel}","templated":true}]}}