{"id":16377,"date":"2025-05-06T10:48:22","date_gmt":"2025-05-06T07:48:22","guid":{"rendered":"https:\/\/pelican.fi\/english-copied-more-space-for-everyday-life-storage-space-as-an-extension-of-your-home-or-office-layout-looks-bad\/"},"modified":"2025-06-10T10:59:51","modified_gmt":"2025-06-10T08:59:51","slug":"more-space-for-everyday-life-storage-as-an-extension-of-your-home-or-office","status":"publish","type":"page","link":"https:\/\/pelican.fi\/en\/more-space-for-everyday-life-storage-as-an-extension-of-your-home-or-office\/","title":{"rendered":"More space for everyday life &#8211; storage as an extension of your home or office"},"content":{"rendered":"\t\t<div data-elementor-type=\"wp-page\" data-elementor-id=\"16377\" class=\"elementor elementor-16377 elementor-11443\" data-elementor-post-type=\"page\">\n\t\t\t\t<div class=\"wd-negative-gap elementor-element elementor-element-fe454e3 e-flex e-con-boxed e-con e-parent\" data-id=\"fe454e3\" data-element_type=\"container\" data-e-type=\"container\">\n\t\t\t\t\t<div class=\"e-con-inner\">\n\t\t\t\t<div class=\"elementor-element elementor-element-a988f9a elementor-widget elementor-widget-wd_text_block\" data-id=\"a988f9a\" data-element_type=\"widget\" data-e-type=\"widget\" data-widget_type=\"wd_text_block.default\">\n\t\t\t\t<div class=\"elementor-widget-container\">\n\t\t\t\t\t\t\t<div class=\"wd-text-block reset-last-child text-left\">\n\t\t\t\n\t\t\t<p>Many people think that storage rooms are mainly useful when moving house, when furniture can be stored temporarily. But what if you used storage space to store smaller items in your home or office - things you don't need on a daily basis? This will bring more space and peace to your home. For example, the following items can find a place in storage:   <\/p>\n\t\t\t\t\t<\/div>\n\t\t\t\t\t\t<\/div>\n\t\t\t\t<\/div>\n\t\t\t\t\t<\/div>\n\t\t\t\t<\/div>\n\t\t<div class=\"wd-negative-gap elementor-element elementor-element-1a40c5d e-flex e-con-boxed e-con e-parent\" data-id=\"1a40c5d\" data-element_type=\"container\" data-e-type=\"container\">\n\t\t\t\t\t<div class=\"e-con-inner\">\n\t\t<div class=\"elementor-element elementor-element-23ee52c e-con-full e-flex e-con e-child\" data-id=\"23ee52c\" data-element_type=\"container\" data-e-type=\"container\">\n\t\t\t\t<div class=\"elementor-element elementor-element-d1e1c1d elementor-widget elementor-widget-image\" data-id=\"d1e1c1d\" data-element_type=\"widget\" data-e-type=\"widget\" data-widget_type=\"image.default\">\n\t\t\t\t<div class=\"elementor-widget-container\">\n\t\t\t\t\t\t\t\t\t\t\t\t\t\t\t<img decoding=\"async\" src=\"https:\/\/pelican.fi\/wp-content\/uploads\/2025\/06\/Rum-6220.png\" title=\"Rum-6220.png\" alt=\"Rum-6220.png\" loading=\"lazy\" \/>\t\t\t\t\t\t\t\t\t\t\t\t\t\t\t<\/div>\n\t\t\t\t<\/div>\n\t\t\t\t<\/div>\n\t\t<div class=\"elementor-element elementor-element-eddeb83 e-con-full e-flex e-con e-child\" data-id=\"eddeb83\" data-element_type=\"container\" data-e-type=\"container\" data-settings=\"{&quot;background_background&quot;:&quot;classic&quot;}\">\n\t\t<div class=\"elementor-element elementor-element-27a81a3 e-con-full e-flex e-con e-child\" data-id=\"27a81a3\" data-element_type=\"container\" data-e-type=\"container\">\n\t\t\t\t<div class=\"elementor-element elementor-element-45bda51 wd-width-100 elementor-widget elementor-widget-wd_title\" data-id=\"45bda51\" data-element_type=\"widget\" data-e-type=\"widget\" data-widget_type=\"wd_title.default\">\n\t\t\t\t<div class=\"elementor-widget-container\">\n\t\t\t\t\t\t\t<div class=\"title-wrapper wd-set-mb reset-last-child wd-title-color-default wd-title-style-default wd-title-size-default text-left\">\n\n\t\t\t\n\t\t\t<div class=\"liner-continer\">\n\t\t\t\t<h4 class=\"woodmart-title-container title wd-fontsize-l\"><\/h4> \n\t\t\t\t\t\t\t<\/div>\n\n\t\t\t\t\t\t\t<div class=\"title-after_title reset-last-child wd-fontsize-xs\">\n\t\t\t\t\t<ul><li><p><strong>Seasonal clothing<\/strong>: You can easily get more space in your wardrobe by storing your summer or winter clothing in Pelican storage. Rarely will you need winter jackets in summer or summer clothes in winter. <\/p><\/li><li><p><strong>Decorations for different occasions<\/strong>: for example, you can store Christmas decorations safely in our warehouse and retrieve them when Christmas is approaching.<\/p><\/li><li><p><strong>Additional cro<\/strong>ckery: additional trays, plates, cutlery and glasses are usually only necessary for large family events or celebrations. Otherwise they take up unnecessary space in the home. <\/p><\/li><li><p><strong>Small appliances<\/strong>: if you only use your kitchen appliance and other small appliances a few times a year, storing them in a cupboard can free up more space in your home.<\/p><\/li><li><p><strong>Sports equipment<\/strong>: bicycles, fishing gear, camping equipment and other sports equipment should be stored for the winter.<\/p><\/li><\/ul>\t\t\t\t<\/div>\n\t\t\t\t\t<\/div>\n\t\t\t\t\t\t<\/div>\n\t\t\t\t<\/div>\n\t\t\t\t<\/div>\n\t\t\t\t<\/div>\n\t\t\t\t\t<\/div>\n\t\t\t\t<\/div>\n\t\t<div class=\"wd-negative-gap elementor-element elementor-element-f4cb442 e-flex e-con-boxed e-con e-parent\" data-id=\"f4cb442\" data-element_type=\"container\" data-e-type=\"container\">\n\t\t\t\t\t<div class=\"e-con-inner\">\n\t\t<div class=\"elementor-element elementor-element-234014e e-con-full e-flex e-con e-child\" data-id=\"234014e\" data-element_type=\"container\" data-e-type=\"container\" data-settings=\"{&quot;background_background&quot;:&quot;classic&quot;}\">\n\t\t<div class=\"elementor-element elementor-element-a45350e e-con-full e-flex e-con e-child\" data-id=\"a45350e\" data-element_type=\"container\" data-e-type=\"container\">\n\t\t\t\t<div class=\"elementor-element elementor-element-207dbf4 elementor-widget elementor-widget-button\" data-id=\"207dbf4\" data-element_type=\"widget\" data-e-type=\"widget\" data-widget_type=\"button.default\">\n\t\t\t\t<div class=\"elementor-widget-container\">\n\t\t\t\t\t\t\t\t\t<div class=\"elementor-button-wrapper\">\n\t\t\t\t\t<a class=\"elementor-button elementor-button-link elementor-size-sm\" href=\"https:\/\/pelican.fi\/en\/contact-us\/\">\n\t\t\t\t\t\t<span class=\"elementor-button-content-wrapper\">\n\t\t\t\t\t\t\t\t\t<span class=\"elementor-button-text\">Contact us<\/span>\n\t\t\t\t\t<\/span>\n\t\t\t\t\t<\/a>\n\t\t\t\t<\/div>\n\t\t\t\t\t\t\t\t<\/div>\n\t\t\t\t<\/div>\n\t\t\t\t<div class=\"elementor-element elementor-element-eb69a4d wd-width-100 elementor-widget elementor-widget-wd_title\" data-id=\"eb69a4d\" data-element_type=\"widget\" data-e-type=\"widget\" data-widget_type=\"wd_title.default\">\n\t\t\t\t<div class=\"elementor-widget-container\">\n\t\t\t\t\t\t\t<div class=\"title-wrapper wd-set-mb reset-last-child wd-title-color-default wd-title-style-default wd-title-size-default text-left\">\n\n\t\t\t\n\t\t\t<div class=\"liner-continer\">\n\t\t\t\t<h4 class=\"woodmart-title-container title wd-fontsize-l\"><\/h4> \n\t\t\t\t\t\t\t<\/div>\n\n\t\t\t\t\t\t\t<div class=\"title-after_title reset-last-child wd-fontsize-xs\">\n\t\t\t\t\t<p>Storage space can be thought of as an extension of the home or office. Not only does it bring more space to your everyday life, but also a sense of order and peace. By storing seasonal items, decorations for special occasions or rarely used tools in storage, you can make the most of your home space without having to give up items that are important to you. Pelican offers flexible storage solutions that adapt to your needs - now and in the future.   <\/p><p>Give us a call or contact us today to find out how we can help you make more space in your everyday life!<\/p>\t\t\t\t<\/div>\n\t\t\t\t\t<\/div>\n\t\t\t\t\t\t<\/div>\n\t\t\t\t<\/div>\n\t\t\t\t<\/div>\n\t\t\t\t<\/div>\n\t\t<div class=\"elementor-element elementor-element-4388331 e-con-full e-flex e-con e-child\" data-id=\"4388331\" data-element_type=\"container\" data-e-type=\"container\">\n\t\t\t\t<div class=\"elementor-element elementor-element-9410ea7 elementor-widget elementor-widget-image\" data-id=\"9410ea7\" data-element_type=\"widget\" data-e-type=\"widget\" data-widget_type=\"image.default\">\n\t\t\t\t<div class=\"elementor-widget-container\">\n\t\t\t\t\t\t\t\t\t\t\t\t\t\t\t<img decoding=\"async\" src=\"https:\/\/pelican.fi\/wp-content\/uploads\/2025\/06\/110304_Virum-Unit.jpg\" title=\"110304_Virum-Unit.jpg\" alt=\"110304_Virum-Unit.jpg\" loading=\"lazy\" \/>\t\t\t\t\t\t\t\t\t\t\t\t\t\t\t<\/div>\n\t\t\t\t<\/div>\n\t\t\t\t<\/div>\n\t\t\t\t\t<\/div>\n\t\t\t\t<\/div>\n\t\t\t\t<\/div>\n\t\t","protected":false},"excerpt":{"rendered":"<p>Many people think that storage rooms are mainly useful when moving house, when furniture can be stored temporarily. But what<\/p>\n","protected":false},"author":10,"featured_media":0,"parent":0,"menu_order":0,"comment_status":"closed","ping_status":"closed","template":"elementor_header_footer","meta":{"_acf_changed":false,"inline_featured_image":false,"_lmt_disableupdate":"no","_lmt_disable":"","footnotes":""},"class_list":["post-16377","page","type-page","status-publish","hentry"],"acf":[],"yoast_head":"<title>More space for everyday life - storage as an extension of your home or office | Pelican Self Storage<\/title>\n<meta name=\"robots\" content=\"index, follow, max-snippet:-1, max-image-preview:large, max-video-preview:-1\" \/>\n<link rel=\"canonical\" href=\"https:\/\/pelican.fi\/en\/more-space-for-everyday-life-storage-as-an-extension-of-your-home-or-office\/\" \/>\n<meta property=\"og:locale\" content=\"en_US\" \/>\n<meta property=\"og:type\" content=\"article\" \/>\n<meta property=\"og:title\" content=\"More space for everyday life - storage as an extension of your home or office\" \/>\n<meta property=\"og:description\" content=\"Many people think that storage rooms are mainly useful when moving house, when furniture can be stored temporarily. But what\" \/>\n<meta property=\"og:url\" content=\"https:\/\/pelican.fi\/en\/more-space-for-everyday-life-storage-as-an-extension-of-your-home-or-office\/\" \/>\n<meta property=\"og:site_name\" content=\"Pelican Self Storage\" \/>\n<meta property=\"article:publisher\" content=\"https:\/\/www.facebook.com\/PelicanSelfStorageDenmark\" \/>\n<meta property=\"article:modified_time\" content=\"2025-06-10T08:59:51+00:00\" \/>\n<meta property=\"og:image\" content=\"https:\/\/pelican.fi\/wp-content\/uploads\/2025\/06\/Rum-6220.png\" \/>\n<meta name=\"twitter:card\" content=\"summary_large_image\" \/>\n<meta name=\"twitter:label1\" content=\"Est. reading time\" \/>\n\t<meta name=\"twitter:data1\" content=\"2 minutes\" \/>\n<script type=\"application\/ld+json\" class=\"yoast-schema-graph\">{\"@context\":\"https:\/\/schema.org\",\"@graph\":[{\"@type\":\"WebPage\",\"@id\":\"https:\/\/pelican.fi\/en\/more-space-for-everyday-life-storage-as-an-extension-of-your-home-or-office\/\",\"url\":\"https:\/\/pelican.fi\/en\/more-space-for-everyday-life-storage-as-an-extension-of-your-home-or-office\/\",\"name\":\"More space for everyday life - storage as an extension of your home or office | Pelican Self Storage\",\"isPartOf\":{\"@id\":\"https:\/\/pelican.fi\/en\/#website\"},\"primaryImageOfPage\":{\"@id\":\"https:\/\/pelican.fi\/en\/more-space-for-everyday-life-storage-as-an-extension-of-your-home-or-office\/#primaryimage\"},\"image\":{\"@id\":\"https:\/\/pelican.fi\/en\/more-space-for-everyday-life-storage-as-an-extension-of-your-home-or-office\/#primaryimage\"},\"thumbnailUrl\":\"https:\/\/pelican.fi\/wp-content\/uploads\/2025\/06\/Rum-6220.png\",\"datePublished\":\"2025-05-06T07:48:22+00:00\",\"dateModified\":\"2025-06-10T08:59:51+00:00\",\"breadcrumb\":{\"@id\":\"https:\/\/pelican.fi\/en\/more-space-for-everyday-life-storage-as-an-extension-of-your-home-or-office\/#breadcrumb\"},\"inLanguage\":\"en-US\",\"potentialAction\":[{\"@type\":\"ReadAction\",\"target\":[\"https:\/\/pelican.fi\/en\/more-space-for-everyday-life-storage-as-an-extension-of-your-home-or-office\/\"]}]},{\"@type\":\"ImageObject\",\"inLanguage\":\"en-US\",\"@id\":\"https:\/\/pelican.fi\/en\/more-space-for-everyday-life-storage-as-an-extension-of-your-home-or-office\/#primaryimage\",\"url\":\"https:\/\/pelican.fi\/wp-content\/uploads\/2025\/06\/Rum-6220.png\",\"contentUrl\":\"https:\/\/pelican.fi\/wp-content\/uploads\/2025\/06\/Rum-6220.png\"},{\"@type\":\"BreadcrumbList\",\"@id\":\"https:\/\/pelican.fi\/en\/more-space-for-everyday-life-storage-as-an-extension-of-your-home-or-office\/#breadcrumb\",\"itemListElement\":[{\"@type\":\"ListItem\",\"position\":1,\"name\":\"Home\",\"item\":\"https:\/\/pelican.fi\/en\/\"},{\"@type\":\"ListItem\",\"position\":2,\"name\":\"More space for everyday life &#8211; storage as an extension of your home or office\"}]},{\"@type\":\"WebSite\",\"@id\":\"https:\/\/pelican.fi\/en\/#website\",\"url\":\"https:\/\/pelican.fi\/en\/\",\"name\":\"Vuokraa k\u00e4tev\u00e4 varasto\",\"description\":\"Vuokraa varastotila Pelican Self Storagelta. Edulliset hinnat \u2714 Toimipisteet ymp\u00e4ri K\u00f6\u00f6penhaminaa \u2714 Varastotiloja eri kokoisina \u2714 Ilmainen per\u00e4k\u00e4rryn lainaus \u2714\",\"potentialAction\":[{\"@type\":\"SearchAction\",\"target\":{\"@type\":\"EntryPoint\",\"urlTemplate\":\"https:\/\/pelican.fi\/en\/?s={search_term_string}\"},\"query-input\":{\"@type\":\"PropertyValueSpecification\",\"valueRequired\":true,\"valueName\":\"search_term_string\"}}],\"inLanguage\":\"en-US\"}]}<\/script>","yoast_head_json":{"title":"More space for everyday life - storage as an extension of your home or office | Pelican Self Storage","robots":{"index":"index","follow":"follow","max-snippet":"max-snippet:-1","max-image-preview":"max-image-preview:large","max-video-preview":"max-video-preview:-1"},"canonical":"https:\/\/pelican.fi\/en\/more-space-for-everyday-life-storage-as-an-extension-of-your-home-or-office\/","og_locale":"en_US","og_type":"article","og_title":"More space for everyday life - storage as an extension of your home or office","og_description":"Many people think that storage rooms are mainly useful when moving house, when furniture can be stored temporarily. But what","og_url":"https:\/\/pelican.fi\/en\/more-space-for-everyday-life-storage-as-an-extension-of-your-home-or-office\/","og_site_name":"Pelican Self Storage","article_publisher":"https:\/\/www.facebook.com\/PelicanSelfStorageDenmark","article_modified_time":"2025-06-10T08:59:51+00:00","og_image":[{"url":"https:\/\/pelican.fi\/wp-content\/uploads\/2025\/06\/Rum-6220.png","type":"","width":"","height":""}],"twitter_card":"summary_large_image","twitter_misc":{"Est. reading time":"2 minutes"},"schema":{"@context":"https:\/\/schema.org","@graph":[{"@type":"WebPage","@id":"https:\/\/pelican.fi\/en\/more-space-for-everyday-life-storage-as-an-extension-of-your-home-or-office\/","url":"https:\/\/pelican.fi\/en\/more-space-for-everyday-life-storage-as-an-extension-of-your-home-or-office\/","name":"More space for everyday life - storage as an extension of your home or office | Pelican Self Storage","isPartOf":{"@id":"https:\/\/pelican.fi\/en\/#website"},"primaryImageOfPage":{"@id":"https:\/\/pelican.fi\/en\/more-space-for-everyday-life-storage-as-an-extension-of-your-home-or-office\/#primaryimage"},"image":{"@id":"https:\/\/pelican.fi\/en\/more-space-for-everyday-life-storage-as-an-extension-of-your-home-or-office\/#primaryimage"},"thumbnailUrl":"https:\/\/pelican.fi\/wp-content\/uploads\/2025\/06\/Rum-6220.png","datePublished":"2025-05-06T07:48:22+00:00","dateModified":"2025-06-10T08:59:51+00:00","breadcrumb":{"@id":"https:\/\/pelican.fi\/en\/more-space-for-everyday-life-storage-as-an-extension-of-your-home-or-office\/#breadcrumb"},"inLanguage":"en-US","potentialAction":[{"@type":"ReadAction","target":["https:\/\/pelican.fi\/en\/more-space-for-everyday-life-storage-as-an-extension-of-your-home-or-office\/"]}]},{"@type":"ImageObject","inLanguage":"en-US","@id":"https:\/\/pelican.fi\/en\/more-space-for-everyday-life-storage-as-an-extension-of-your-home-or-office\/#primaryimage","url":"https:\/\/pelican.fi\/wp-content\/uploads\/2025\/06\/Rum-6220.png","contentUrl":"https:\/\/pelican.fi\/wp-content\/uploads\/2025\/06\/Rum-6220.png"},{"@type":"BreadcrumbList","@id":"https:\/\/pelican.fi\/en\/more-space-for-everyday-life-storage-as-an-extension-of-your-home-or-office\/#breadcrumb","itemListElement":[{"@type":"ListItem","position":1,"name":"Home","item":"https:\/\/pelican.fi\/en\/"},{"@type":"ListItem","position":2,"name":"More space for everyday life &#8211; storage as an extension of your home or office"}]},{"@type":"WebSite","@id":"https:\/\/pelican.fi\/en\/#website","url":"https:\/\/pelican.fi\/en\/","name":"Vuokraa k\u00e4tev\u00e4 varasto","description":"Vuokraa varastotila Pelican Self Storagelta. Edulliset hinnat \u2714 Toimipisteet ymp\u00e4ri K\u00f6\u00f6penhaminaa \u2714 Varastotiloja eri kokoisina \u2714 Ilmainen per\u00e4k\u00e4rryn lainaus \u2714","potentialAction":[{"@type":"SearchAction","target":{"@type":"EntryPoint","urlTemplate":"https:\/\/pelican.fi\/en\/?s={search_term_string}"},"query-input":{"@type":"PropertyValueSpecification","valueRequired":true,"valueName":"search_term_string"}}],"inLanguage":"en-US"}]}},"_links":{"self":[{"href":"https:\/\/pelican.fi\/en\/wp-json\/wp\/v2\/pages\/16377","targetHints":{"allow":["GET"]}}],"collection":[{"href":"https:\/\/pelican.fi\/en\/wp-json\/wp\/v2\/pages"}],"about":[{"href":"https:\/\/pelican.fi\/en\/wp-json\/wp\/v2\/types\/page"}],"author":[{"embeddable":true,"href":"https:\/\/pelican.fi\/en\/wp-json\/wp\/v2\/users\/10"}],"replies":[{"embeddable":true,"href":"https:\/\/pelican.fi\/en\/wp-json\/wp\/v2\/comments?post=16377"}],"version-history":[{"count":7,"href":"https:\/\/pelican.fi\/en\/wp-json\/wp\/v2\/pages\/16377\/revisions"}],"predecessor-version":[{"id":16701,"href":"https:\/\/pelican.fi\/en\/wp-json\/wp\/v2\/pages\/16377\/revisions\/16701"}],"wp:attachment":[{"href":"https:\/\/pelican.fi\/en\/wp-json\/wp\/v2\/media?parent=16377"}],"curies":[{"name":"wp","href":"https:\/\/api.w.org\/{rel}","templated":true}]}}