{"id":16379,"date":"2025-05-06T10:48:16","date_gmt":"2025-05-06T08:48:16","guid":{"rendered":"https:\/\/pelican.fi\/english-copied-read-how-cooks-bloom-uses-pelican-ok-links\/"},"modified":"2025-06-10T11:00:58","modified_gmt":"2025-06-10T09:00:58","slug":"read-how-cooks-bloom-uses-pelican","status":"publish","type":"page","link":"https:\/\/pelican.fi\/en\/read-how-cooks-bloom-uses-pelican\/","title":{"rendered":"Read how Cook&#8217;s Bloom uses Pelican"},"content":{"rendered":"\t\t<div data-elementor-type=\"wp-page\" data-elementor-id=\"16379\" class=\"elementor elementor-16379 elementor-11481\" data-elementor-post-type=\"page\">\n\t\t\t\t<div class=\"wd-negative-gap elementor-element elementor-element-72162a5 e-flex e-con-boxed e-con e-parent\" data-id=\"72162a5\" data-element_type=\"container\" data-e-type=\"container\">\n\t\t\t\t\t<div class=\"e-con-inner\">\n\t\t\t\t<div class=\"elementor-element elementor-element-eec56db elementor-widget elementor-widget-wd_text_block\" data-id=\"eec56db\" data-element_type=\"widget\" data-e-type=\"widget\" data-widget_type=\"wd_text_block.default\">\n\t\t\t\t<div class=\"elementor-widget-container\">\n\t\t\t\t\t\t\t<div class=\"wd-text-block reset-last-child text-left\">\n\t\t\t\n\t\t\t<h1><span style=\"color: #008000;\"><strong>Here we have been allowed to grow up in peace<\/strong><\/span><\/h1><p>Flexibility, service and location were key when \u00c5sa and Anne-Lie from Cook'n Bloomin needed storage for a business they started years ago. For them, Pelican Self Storage on Stockholm's Kungsholmen was the best option. <\/p><p>\u00c5sa and Anne-Lie have been running <a href=\"https:\/\/www.cooknbloom.se\/\">Cook'n Bloom<\/a> since 2013. They import carefully selected products to Sweden for both indoor and outdoor kitchens. The range includes professional tools, quality serving dishes, kitchen knives and mammoth grills. Products that take cooking to a whole new level.   <\/p>\n\t\t\t\t\t<\/div>\n\t\t\t\t\t\t<\/div>\n\t\t\t\t<\/div>\n\t\t\t\t\t<\/div>\n\t\t\t\t<\/div>\n\t\t<div class=\"wd-negative-gap elementor-element elementor-element-fbc19f3 e-flex e-con-boxed e-con e-parent\" data-id=\"fbc19f3\" data-element_type=\"container\" data-e-type=\"container\">\n\t\t\t\t\t<div class=\"e-con-inner\">\n\t\t<div class=\"elementor-element elementor-element-c7bf496 e-con-full e-flex e-con e-child\" data-id=\"c7bf496\" data-element_type=\"container\" data-e-type=\"container\">\n\t\t\t\t<div class=\"elementor-element elementor-element-2fc1982 elementor-widget elementor-widget-image\" data-id=\"2fc1982\" data-element_type=\"widget\" data-e-type=\"widget\" data-widget_type=\"image.default\">\n\t\t\t\t<div class=\"elementor-widget-container\">\n\t\t\t\t\t\t\t\t\t\t\t\t\t\t\t<img decoding=\"async\" src=\"https:\/\/pelican.fi\/wp-content\/uploads\/2025\/06\/se22.jpg\" title=\"se22.jpg\" alt=\"se22.jpg\" loading=\"lazy\" \/>\t\t\t\t\t\t\t\t\t\t\t\t\t\t\t<\/div>\n\t\t\t\t<\/div>\n\t\t\t\t<\/div>\n\t\t<div class=\"elementor-element elementor-element-5c957d6 e-con-full e-flex e-con e-child\" data-id=\"5c957d6\" data-element_type=\"container\" data-e-type=\"container\">\n\t\t<div class=\"elementor-element elementor-element-97ef47c e-con-full e-flex e-con e-child\" data-id=\"97ef47c\" data-element_type=\"container\" data-e-type=\"container\">\n\t\t\t\t<div class=\"elementor-element elementor-element-b2153af wd-width-100 elementor-widget elementor-widget-wd_title\" data-id=\"b2153af\" data-element_type=\"widget\" data-e-type=\"widget\" data-widget_type=\"wd_title.default\">\n\t\t\t\t<div class=\"elementor-widget-container\">\n\t\t\t\t\t\t\t<div class=\"title-wrapper wd-set-mb reset-last-child wd-title-color-default wd-title-style-default wd-title-size-default text-left\">\n\n\t\t\t\n\t\t\t<div class=\"liner-continer\">\n\t\t\t\t<h4 class=\"woodmart-title-container title wd-fontsize-l\"><\/h4> \n\t\t\t\t\t\t\t<\/div>\n\n\t\t\t\t\t\t\t<div class=\"title-after_title reset-last-child wd-fontsize-xs\">\n\t\t\t\t\t<p>\u201cWe simply make the chef shine in the kitchen,\u201d says \u00c5sa. \u00c5sa and Anne-Lie dreamed of working with food for a long time. It was their great passion when, in 2013, they decided to take a risk and change fields.  <\/p><p>\u201cWe wanted to test the idea first and rented a stand at the Formex interior design fair in Stockholm. The rest would depend on the success at the fair.\u201d says Anne-Lie. Everything went well and they succeeded. Her home office was located in H\u00e4gersten outside the city centre and they thought they needed a storage.<\/p><p>\"<em>I looked at the options and asked for quotes for different facilities. Pelican Kungsholmen was the perfect location for us. <\/em>\"<\/p>\t\t\t\t<\/div>\n\t\t\t\t\t<\/div>\n\t\t\t\t\t\t<\/div>\n\t\t\t\t<\/div>\n\t\t\t\t<\/div>\n\t\t\t\t<\/div>\n\t\t\t\t\t<\/div>\n\t\t\t\t<\/div>\n\t\t<div class=\"wd-negative-gap elementor-element elementor-element-5e9ffd5 e-flex e-con-boxed e-con e-parent\" data-id=\"5e9ffd5\" data-element_type=\"container\" data-e-type=\"container\">\n\t\t\t\t\t<div class=\"e-con-inner\">\n\t\t<div class=\"elementor-element elementor-element-80eb773 e-con-full e-flex e-con e-child\" data-id=\"80eb773\" data-element_type=\"container\" data-e-type=\"container\" data-settings=\"{&quot;background_background&quot;:&quot;classic&quot;}\">\n\t\t<div class=\"elementor-element elementor-element-262beff e-con-full e-flex e-con e-child\" data-id=\"262beff\" data-element_type=\"container\" data-e-type=\"container\">\n\t\t\t\t<div class=\"elementor-element elementor-element-80bf5c4 wd-width-100 elementor-widget elementor-widget-wd_title\" data-id=\"80bf5c4\" data-element_type=\"widget\" data-e-type=\"widget\" data-widget_type=\"wd_title.default\">\n\t\t\t\t<div class=\"elementor-widget-container\">\n\t\t\t\t\t\t\t<div class=\"title-wrapper wd-set-mb reset-last-child wd-title-color-default wd-title-style-default wd-title-size-default text-left\">\n\n\t\t\t\n\t\t\t<div class=\"liner-continer\">\n\t\t\t\t<h4 class=\"woodmart-title-container title wd-fontsize-l\"><\/h4> \n\t\t\t\t\t\t\t<\/div>\n\n\t\t\t\t\t\t\t<div class=\"title-after_title reset-last-child wd-fontsize-xs\">\n\t\t\t\t\t<p>\u201c\u201d We started by renting a 9 m2 warehouse. Today we have a total of 55 m2, in five different spaces. We use two of the rooms as a collection warehouse and we also have a separate room for barbecues, for example. One storage room is for exhibition furniture.\u201c\u201d<\/p><p>\u201c\u201d As our business has grown, we have rented space as needed. Instead of committing to one large storage, we have gradually taken on more storage space. The flexibility to increase or decrease storage space, as needed, is a great advantage for our business.\u201c\u201d<\/p><p>\u201cIt's also important to us that Pelican's customer service is available on weekdays from 10am to 6pm.\u201d<\/p><p><em>\u201cCarriers cannot tell you the exact delivery time for shipments. It is important for us that the branch has a customer service that can receive the shipments for us. We unload and check the shipments ourselves, but Pelican staff can receive them for us.\u201d<\/em><\/p>\t\t\t\t<\/div>\n\t\t\t\t\t<\/div>\n\t\t\t\t\t\t<\/div>\n\t\t\t\t<\/div>\n\t\t\t\t<\/div>\n\t\t\t\t<\/div>\n\t\t<div class=\"elementor-element elementor-element-7d0f63b e-con-full e-flex e-con e-child\" data-id=\"7d0f63b\" data-element_type=\"container\" data-e-type=\"container\">\n\t\t\t\t<div class=\"elementor-element elementor-element-8d6176e elementor-widget elementor-widget-image\" data-id=\"8d6176e\" data-element_type=\"widget\" data-e-type=\"widget\" data-widget_type=\"image.default\">\n\t\t\t\t<div class=\"elementor-widget-container\">\n\t\t\t\t\t\t\t\t\t\t\t\t\t\t\t<img decoding=\"async\" src=\"https:\/\/pelican.fi\/wp-content\/uploads\/2025\/06\/se3.jpg\" title=\"se3.jpg\" alt=\"se3.jpg\" loading=\"lazy\" \/>\t\t\t\t\t\t\t\t\t\t\t\t\t\t\t<\/div>\n\t\t\t\t<\/div>\n\t\t\t\t<\/div>\n\t\t\t\t\t<\/div>\n\t\t\t\t<\/div>\n\t\t<div class=\"wd-negative-gap elementor-element elementor-element-d266e4c e-flex e-con-boxed e-con e-parent\" data-id=\"d266e4c\" data-element_type=\"container\" data-e-type=\"container\">\n\t\t\t\t\t<div class=\"e-con-inner\">\n\t\t<div class=\"elementor-element elementor-element-f5ef143 e-con-full e-flex e-con e-child\" data-id=\"f5ef143\" data-element_type=\"container\" data-e-type=\"container\">\n\t\t\t\t<div class=\"elementor-element elementor-element-47788ec elementor-widget elementor-widget-image\" data-id=\"47788ec\" data-element_type=\"widget\" data-e-type=\"widget\" data-widget_type=\"image.default\">\n\t\t\t\t<div class=\"elementor-widget-container\">\n\t\t\t\t\t\t\t\t\t\t\t\t\t\t\t<img decoding=\"async\" src=\"https:\/\/pelican.fi\/wp-content\/uploads\/2025\/06\/se1_0.jpg\" title=\"se1_0.jpg\" alt=\"se1_0.jpg\" loading=\"lazy\" \/>\t\t\t\t\t\t\t\t\t\t\t\t\t\t\t<\/div>\n\t\t\t\t<\/div>\n\t\t\t\t<\/div>\n\t\t<div class=\"elementor-element elementor-element-c298b4e e-con-full e-flex e-con e-child\" data-id=\"c298b4e\" data-element_type=\"container\" data-e-type=\"container\">\n\t\t<div class=\"elementor-element elementor-element-d7268ca e-con-full e-flex e-con e-child\" data-id=\"d7268ca\" data-element_type=\"container\" data-e-type=\"container\">\n\t\t\t\t<div class=\"elementor-element elementor-element-e64f8be elementor-widget elementor-widget-button\" data-id=\"e64f8be\" data-element_type=\"widget\" data-e-type=\"widget\" data-widget_type=\"button.default\">\n\t\t\t\t<div class=\"elementor-widget-container\">\n\t\t\t\t\t\t\t\t\t<div class=\"elementor-button-wrapper\">\n\t\t\t\t\t<a class=\"elementor-button elementor-button-link elementor-size-sm\" href=\"\/erhverv\/\">\n\t\t\t\t\t\t<span class=\"elementor-button-content-wrapper\">\n\t\t\t\t\t\t\t\t\t<span class=\"elementor-button-text\">Read more about our business solutions<\/span>\n\t\t\t\t\t<\/span>\n\t\t\t\t\t<\/a>\n\t\t\t\t<\/div>\n\t\t\t\t\t\t\t\t<\/div>\n\t\t\t\t<\/div>\n\t\t\t\t<div class=\"elementor-element elementor-element-00d8106 wd-width-100 elementor-widget elementor-widget-wd_title\" data-id=\"00d8106\" data-element_type=\"widget\" data-e-type=\"widget\" data-widget_type=\"wd_title.default\">\n\t\t\t\t<div class=\"elementor-widget-container\">\n\t\t\t\t\t\t\t<div class=\"title-wrapper wd-set-mb reset-last-child wd-title-color-default wd-title-style-default wd-title-size-default text-left\">\n\n\t\t\t\n\t\t\t<div class=\"liner-continer\">\n\t\t\t\t<h4 class=\"woodmart-title-container title wd-fontsize-l\"><\/h4> \n\t\t\t\t\t\t\t<\/div>\n\n\t\t\t\t\t\t\t<div class=\"title-after_title reset-last-child wd-fontsize-xs\">\n\t\t\t\t\t<p>\"Of course there are logistics centres, too, but for us Pelican is the best solution because we manage the warehouse ourselves.\"<\/p><p>\u00c5sa and Anne-Lie also say that the opportunity to have a cup of coffee or work in a Pelican store is a big plus.<\/p>\t\t\t\t<\/div>\n\t\t\t\t\t<\/div>\n\t\t\t\t\t\t<\/div>\n\t\t\t\t<\/div>\n\t\t\t\t<\/div>\n\t\t\t\t<\/div>\n\t\t\t\t\t<\/div>\n\t\t\t\t<\/div>\n\t\t<div class=\"wd-negative-gap elementor-element elementor-element-6c4e94e e-flex e-con-boxed e-con e-parent\" data-id=\"6c4e94e\" data-element_type=\"container\" data-e-type=\"container\">\n\t\t\t\t\t<div class=\"e-con-inner\">\n\t\t\t\t\t<\/div>\n\t\t\t\t<\/div>\n\t\t\t\t<\/div>\n\t\t","protected":false},"excerpt":{"rendered":"<p>Here we have been allowed to grow up in peace Flexibility, service and location were key when \u00c5sa and Anne-Lie<\/p>\n","protected":false},"author":1,"featured_media":0,"parent":0,"menu_order":0,"comment_status":"closed","ping_status":"closed","template":"elementor_header_footer","meta":{"_acf_changed":false,"inline_featured_image":false,"_lmt_disableupdate":"no","_lmt_disable":"","footnotes":""},"class_list":["post-16379","page","type-page","status-publish","hentry"],"acf":[],"yoast_head":"<title>Read how Cook&#039;s Bloom uses Pelican | Pelican Self Storage<\/title>\n<meta name=\"robots\" content=\"index, follow, max-snippet:-1, max-image-preview:large, max-video-preview:-1\" \/>\n<link rel=\"canonical\" href=\"https:\/\/pelican.fi\/en\/read-how-cooks-bloom-uses-pelican\/\" \/>\n<meta property=\"og:locale\" content=\"en_US\" \/>\n<meta property=\"og:type\" content=\"article\" \/>\n<meta property=\"og:title\" content=\"Read how Cook&#039;s Bloom uses Pelican\" \/>\n<meta property=\"og:description\" content=\"Here we have been allowed to grow up in peace Flexibility, service and location were key when \u00c5sa and Anne-Lie\" \/>\n<meta property=\"og:url\" content=\"https:\/\/pelican.fi\/en\/read-how-cooks-bloom-uses-pelican\/\" \/>\n<meta property=\"og:site_name\" content=\"Pelican Self Storage\" \/>\n<meta property=\"article:publisher\" content=\"https:\/\/www.facebook.com\/PelicanSelfStorageDenmark\" \/>\n<meta property=\"article:modified_time\" content=\"2025-06-10T09:00:58+00:00\" \/>\n<meta property=\"og:image\" content=\"https:\/\/pelican.fi\/wp-content\/uploads\/2025\/06\/se22.jpg\" \/>\n<meta name=\"twitter:card\" content=\"summary_large_image\" \/>\n<meta name=\"twitter:label1\" content=\"Est. reading time\" \/>\n\t<meta name=\"twitter:data1\" content=\"2 minutes\" \/>\n<script type=\"application\/ld+json\" class=\"yoast-schema-graph\">{\"@context\":\"https:\/\/schema.org\",\"@graph\":[{\"@type\":\"WebPage\",\"@id\":\"https:\/\/pelican.fi\/en\/read-how-cooks-bloom-uses-pelican\/\",\"url\":\"https:\/\/pelican.fi\/en\/read-how-cooks-bloom-uses-pelican\/\",\"name\":\"Read how Cook's Bloom uses Pelican | Pelican Self Storage\",\"isPartOf\":{\"@id\":\"https:\/\/pelican.fi\/en\/#website\"},\"primaryImageOfPage\":{\"@id\":\"https:\/\/pelican.fi\/en\/read-how-cooks-bloom-uses-pelican\/#primaryimage\"},\"image\":{\"@id\":\"https:\/\/pelican.fi\/en\/read-how-cooks-bloom-uses-pelican\/#primaryimage\"},\"thumbnailUrl\":\"https:\/\/pelican.fi\/wp-content\/uploads\/2025\/06\/se22.jpg\",\"datePublished\":\"2025-05-06T08:48:16+00:00\",\"dateModified\":\"2025-06-10T09:00:58+00:00\",\"breadcrumb\":{\"@id\":\"https:\/\/pelican.fi\/en\/read-how-cooks-bloom-uses-pelican\/#breadcrumb\"},\"inLanguage\":\"en-US\",\"potentialAction\":[{\"@type\":\"ReadAction\",\"target\":[\"https:\/\/pelican.fi\/en\/read-how-cooks-bloom-uses-pelican\/\"]}]},{\"@type\":\"ImageObject\",\"inLanguage\":\"en-US\",\"@id\":\"https:\/\/pelican.fi\/en\/read-how-cooks-bloom-uses-pelican\/#primaryimage\",\"url\":\"https:\/\/pelican.fi\/wp-content\/uploads\/2025\/06\/se22.jpg\",\"contentUrl\":\"https:\/\/pelican.fi\/wp-content\/uploads\/2025\/06\/se22.jpg\"},{\"@type\":\"BreadcrumbList\",\"@id\":\"https:\/\/pelican.fi\/en\/read-how-cooks-bloom-uses-pelican\/#breadcrumb\",\"itemListElement\":[{\"@type\":\"ListItem\",\"position\":1,\"name\":\"Home\",\"item\":\"https:\/\/pelican.fi\/en\/\"},{\"@type\":\"ListItem\",\"position\":2,\"name\":\"Read how Cook&#8217;s Bloom uses Pelican\"}]},{\"@type\":\"WebSite\",\"@id\":\"https:\/\/pelican.fi\/en\/#website\",\"url\":\"https:\/\/pelican.fi\/en\/\",\"name\":\"Vuokraa k\u00e4tev\u00e4 varasto\",\"description\":\"Vuokraa varastotila Pelican Self Storagelta. Edulliset hinnat \u2714 Toimipisteet ymp\u00e4ri K\u00f6\u00f6penhaminaa \u2714 Varastotiloja eri kokoisina \u2714 Ilmainen per\u00e4k\u00e4rryn lainaus \u2714\",\"potentialAction\":[{\"@type\":\"SearchAction\",\"target\":{\"@type\":\"EntryPoint\",\"urlTemplate\":\"https:\/\/pelican.fi\/en\/?s={search_term_string}\"},\"query-input\":{\"@type\":\"PropertyValueSpecification\",\"valueRequired\":true,\"valueName\":\"search_term_string\"}}],\"inLanguage\":\"en-US\"}]}<\/script>","yoast_head_json":{"title":"Read how Cook's Bloom uses Pelican | Pelican Self Storage","robots":{"index":"index","follow":"follow","max-snippet":"max-snippet:-1","max-image-preview":"max-image-preview:large","max-video-preview":"max-video-preview:-1"},"canonical":"https:\/\/pelican.fi\/en\/read-how-cooks-bloom-uses-pelican\/","og_locale":"en_US","og_type":"article","og_title":"Read how Cook's Bloom uses Pelican","og_description":"Here we have been allowed to grow up in peace Flexibility, service and location were key when \u00c5sa and Anne-Lie","og_url":"https:\/\/pelican.fi\/en\/read-how-cooks-bloom-uses-pelican\/","og_site_name":"Pelican Self Storage","article_publisher":"https:\/\/www.facebook.com\/PelicanSelfStorageDenmark","article_modified_time":"2025-06-10T09:00:58+00:00","og_image":[{"url":"https:\/\/pelican.fi\/wp-content\/uploads\/2025\/06\/se22.jpg","type":"","width":"","height":""}],"twitter_card":"summary_large_image","twitter_misc":{"Est. reading time":"2 minutes"},"schema":{"@context":"https:\/\/schema.org","@graph":[{"@type":"WebPage","@id":"https:\/\/pelican.fi\/en\/read-how-cooks-bloom-uses-pelican\/","url":"https:\/\/pelican.fi\/en\/read-how-cooks-bloom-uses-pelican\/","name":"Read how Cook's Bloom uses Pelican | Pelican Self Storage","isPartOf":{"@id":"https:\/\/pelican.fi\/en\/#website"},"primaryImageOfPage":{"@id":"https:\/\/pelican.fi\/en\/read-how-cooks-bloom-uses-pelican\/#primaryimage"},"image":{"@id":"https:\/\/pelican.fi\/en\/read-how-cooks-bloom-uses-pelican\/#primaryimage"},"thumbnailUrl":"https:\/\/pelican.fi\/wp-content\/uploads\/2025\/06\/se22.jpg","datePublished":"2025-05-06T08:48:16+00:00","dateModified":"2025-06-10T09:00:58+00:00","breadcrumb":{"@id":"https:\/\/pelican.fi\/en\/read-how-cooks-bloom-uses-pelican\/#breadcrumb"},"inLanguage":"en-US","potentialAction":[{"@type":"ReadAction","target":["https:\/\/pelican.fi\/en\/read-how-cooks-bloom-uses-pelican\/"]}]},{"@type":"ImageObject","inLanguage":"en-US","@id":"https:\/\/pelican.fi\/en\/read-how-cooks-bloom-uses-pelican\/#primaryimage","url":"https:\/\/pelican.fi\/wp-content\/uploads\/2025\/06\/se22.jpg","contentUrl":"https:\/\/pelican.fi\/wp-content\/uploads\/2025\/06\/se22.jpg"},{"@type":"BreadcrumbList","@id":"https:\/\/pelican.fi\/en\/read-how-cooks-bloom-uses-pelican\/#breadcrumb","itemListElement":[{"@type":"ListItem","position":1,"name":"Home","item":"https:\/\/pelican.fi\/en\/"},{"@type":"ListItem","position":2,"name":"Read how Cook&#8217;s Bloom uses Pelican"}]},{"@type":"WebSite","@id":"https:\/\/pelican.fi\/en\/#website","url":"https:\/\/pelican.fi\/en\/","name":"Vuokraa k\u00e4tev\u00e4 varasto","description":"Vuokraa varastotila Pelican Self Storagelta. Edulliset hinnat \u2714 Toimipisteet ymp\u00e4ri K\u00f6\u00f6penhaminaa \u2714 Varastotiloja eri kokoisina \u2714 Ilmainen per\u00e4k\u00e4rryn lainaus \u2714","potentialAction":[{"@type":"SearchAction","target":{"@type":"EntryPoint","urlTemplate":"https:\/\/pelican.fi\/en\/?s={search_term_string}"},"query-input":{"@type":"PropertyValueSpecification","valueRequired":true,"valueName":"search_term_string"}}],"inLanguage":"en-US"}]}},"_links":{"self":[{"href":"https:\/\/pelican.fi\/en\/wp-json\/wp\/v2\/pages\/16379","targetHints":{"allow":["GET"]}}],"collection":[{"href":"https:\/\/pelican.fi\/en\/wp-json\/wp\/v2\/pages"}],"about":[{"href":"https:\/\/pelican.fi\/en\/wp-json\/wp\/v2\/types\/page"}],"author":[{"embeddable":true,"href":"https:\/\/pelican.fi\/en\/wp-json\/wp\/v2\/users\/1"}],"replies":[{"embeddable":true,"href":"https:\/\/pelican.fi\/en\/wp-json\/wp\/v2\/comments?post=16379"}],"version-history":[{"count":5,"href":"https:\/\/pelican.fi\/en\/wp-json\/wp\/v2\/pages\/16379\/revisions"}],"predecessor-version":[{"id":16706,"href":"https:\/\/pelican.fi\/en\/wp-json\/wp\/v2\/pages\/16379\/revisions\/16706"}],"wp:attachment":[{"href":"https:\/\/pelican.fi\/en\/wp-json\/wp\/v2\/media?parent=16379"}],"curies":[{"name":"wp","href":"https:\/\/api.w.org\/{rel}","templated":true}]}}