{"id":16396,"date":"2025-06-02T23:56:30","date_gmt":"2025-06-02T20:56:30","guid":{"rendered":"https:\/\/pelican.fi\/pelican-tapiola-instructions\/"},"modified":"2026-04-14T13:08:14","modified_gmt":"2026-04-14T10:08:14","slug":"access-to-pelican-tapiola","status":"publish","type":"page","link":"https:\/\/pelican.fi\/en\/access-to-pelican-tapiola\/","title":{"rendered":"Pelican Tapiola instructions"},"content":{"rendered":"\t\t<div data-elementor-type=\"wp-page\" data-elementor-id=\"16396\" class=\"elementor elementor-16396 elementor-14888\" data-elementor-post-type=\"page\">\n\t\t\t\t<div class=\"wd-negative-gap elementor-element elementor-element-4428b810 e-flex e-con-boxed e-con e-parent\" data-id=\"4428b810\" data-element_type=\"container\" data-e-type=\"container\" data-settings=\"{&quot;background_background&quot;:&quot;classic&quot;}\">\n\t\t\t\t\t<div class=\"e-con-inner\">\n\t\t<div class=\"elementor-element elementor-element-16e16a0a e-con-full e-flex e-con e-child\" data-id=\"16e16a0a\" data-element_type=\"container\" data-e-type=\"container\">\n\t\t\t\t<div class=\"elementor-element elementor-element-6cb5be43 elementor-widget elementor-widget-image\" data-id=\"6cb5be43\" data-element_type=\"widget\" data-e-type=\"widget\" data-widget_type=\"image.default\">\n\t\t\t\t<div class=\"elementor-widget-container\">\n\t\t\t\t\t\t\t\t\t\t\t\t\t\t\t<img decoding=\"async\" src=\"https:\/\/pelican.fi\/wp-content\/uploads\/2025\/06\/5_11.jpg\" title=\"5_11.jpg\" alt=\"5_11.jpg\" loading=\"lazy\" \/>\t\t\t\t\t\t\t\t\t\t\t\t\t\t\t<\/div>\n\t\t\t\t<\/div>\n\t\t\t\t<\/div>\n\t\t<div class=\"elementor-element elementor-element-6c5e6b1d e-con-full e-flex e-con e-child\" data-id=\"6c5e6b1d\" data-element_type=\"container\" data-e-type=\"container\">\n\t\t<div class=\"elementor-element elementor-element-255e834a e-con-full e-flex e-con e-child\" data-id=\"255e834a\" data-element_type=\"container\" data-e-type=\"container\">\n\t\t\t\t<div class=\"elementor-element elementor-element-2fb84e29 wd-width-100 elementor-widget elementor-widget-wd_title\" data-id=\"2fb84e29\" data-element_type=\"widget\" data-e-type=\"widget\" data-widget_type=\"wd_title.default\">\n\t\t\t\t<div class=\"elementor-widget-container\">\n\t\t\t\t\t\t\t<div class=\"title-wrapper wd-set-mb reset-last-child wd-title-color-default wd-title-style-default wd-title-size-default text-left\">\n\n\t\t\t\n\t\t\t<div class=\"liner-continer\">\n\t\t\t\t<h4 class=\"woodmart-title-container title wd-fontsize-l\">1.Arrival<\/h4> \n\t\t\t\t\t\t\t<\/div>\n\n\t\t\t\t\t\t\t<div class=\"title-after_title reset-last-child wd-fontsize-xs\">\n\t\t\t\t\t<p>Welcome to Pelican Self Storage Tapiola!<br>Our customer service is open on weekdays from 10-18 and on Saturdays from 10-14.<\/p><p>In our store you can buy moving and packing supplies such as moving boxes, mattress covers, packing tapes, etc. Welcome to visit us! <\/p>\t\t\t\t<\/div>\n\t\t\t\t\t<\/div>\n\t\t\t\t\t\t<\/div>\n\t\t\t\t<\/div>\n\t\t\t\t<\/div>\n\t\t\t\t<\/div>\n\t\t\t\t\t<\/div>\n\t\t\t\t<\/div>\n\t\t<div class=\"wd-negative-gap elementor-element elementor-element-5c4f6cdb e-flex e-con-boxed e-con e-parent\" data-id=\"5c4f6cdb\" data-element_type=\"container\" data-e-type=\"container\" data-settings=\"{&quot;background_background&quot;:&quot;classic&quot;}\">\n\t\t\t\t\t<div class=\"e-con-inner\">\n\t\t<div class=\"elementor-element elementor-element-ed2deb7 e-con-full e-flex e-con e-child\" data-id=\"ed2deb7\" data-element_type=\"container\" data-e-type=\"container\" data-settings=\"{&quot;background_background&quot;:&quot;classic&quot;}\">\n\t\t<div class=\"elementor-element elementor-element-41279716 e-con-full e-flex e-con e-child\" data-id=\"41279716\" data-element_type=\"container\" data-e-type=\"container\">\n\t\t\t\t<div class=\"elementor-element elementor-element-2662369 wd-width-100 elementor-widget elementor-widget-wd_title\" data-id=\"2662369\" data-element_type=\"widget\" data-e-type=\"widget\" data-widget_type=\"wd_title.default\">\n\t\t\t\t<div class=\"elementor-widget-container\">\n\t\t\t\t\t\t\t<div class=\"title-wrapper wd-set-mb reset-last-child wd-title-color-default wd-title-style-default wd-title-size-default text-left\">\n\n\t\t\t\n\t\t\t<div class=\"liner-continer\">\n\t\t\t\t<h4 class=\"woodmart-title-container title wd-fontsize-l\">2. Loading area\/entrance<\/h4> \n\t\t\t\t\t\t\t<\/div>\n\n\t\t\t\t\t\t\t<div class=\"title-after_title reset-last-child wd-fontsize-xs\">\n\t\t\t\t\t<p>You can drive your car\/trailer directly to the loading area.<br>Entry to the loading area is through the gate shown in the picture.<br>Exit is through the same gate.<\/p><p> <\/p><p>Please note that parking in the loading area is only allowed during loading or unloading.<\/p><p>When you are ready, kindly move your car to the parking spaces provided.<\/p>\t\t\t\t<\/div>\n\t\t\t\t\t<\/div>\n\t\t\t\t\t\t<\/div>\n\t\t\t\t<\/div>\n\t\t\t\t<\/div>\n\t\t\t\t<\/div>\n\t\t<div class=\"elementor-element elementor-element-1a8ed56c e-con-full e-flex e-con e-child\" data-id=\"1a8ed56c\" data-element_type=\"container\" data-e-type=\"container\">\n\t\t\t\t<div class=\"elementor-element elementor-element-70686fec elementor-widget elementor-widget-image\" data-id=\"70686fec\" data-element_type=\"widget\" data-e-type=\"widget\" data-widget_type=\"image.default\">\n\t\t\t\t<div class=\"elementor-widget-container\">\n\t\t\t\t\t\t\t\t\t\t\t\t\t\t\t<img decoding=\"async\" src=\"https:\/\/pelican.fi\/wp-content\/uploads\/2025\/06\/4_11_0.jpg\" title=\"4_11_0.jpg\" alt=\"4_11_0.jpg\" loading=\"lazy\" \/>\t\t\t\t\t\t\t\t\t\t\t\t\t\t\t<\/div>\n\t\t\t\t<\/div>\n\t\t\t\t<\/div>\n\t\t\t\t\t<\/div>\n\t\t\t\t<\/div>\n\t\t<div class=\"wd-negative-gap elementor-element elementor-element-5e09e622 e-flex e-con-boxed e-con e-parent\" data-id=\"5e09e622\" data-element_type=\"container\" data-e-type=\"container\" data-settings=\"{&quot;background_background&quot;:&quot;classic&quot;}\">\n\t\t\t\t\t<div class=\"e-con-inner\">\n\t\t<div class=\"elementor-element elementor-element-76ad23ac e-con-full e-flex e-con e-child\" data-id=\"76ad23ac\" data-element_type=\"container\" data-e-type=\"container\">\n\t\t\t\t<div class=\"elementor-element elementor-element-27d78838 elementor-widget elementor-widget-image\" data-id=\"27d78838\" data-element_type=\"widget\" data-e-type=\"widget\" data-widget_type=\"image.default\">\n\t\t\t\t<div class=\"elementor-widget-container\">\n\t\t\t\t\t\t\t\t\t\t\t\t\t\t\t<img decoding=\"async\" src=\"https:\/\/pelican.fi\/wp-content\/uploads\/2025\/12\/Smart-access-e1764666570721.jpg\" title=\"Smart access\" alt=\"Smart access\" loading=\"lazy\" \/>\t\t\t\t\t\t\t\t\t\t\t\t\t\t\t<\/div>\n\t\t\t\t<\/div>\n\t\t\t\t<\/div>\n\t\t<div class=\"elementor-element elementor-element-383700b4 e-con-full e-flex e-con e-child\" data-id=\"383700b4\" data-element_type=\"container\" data-e-type=\"container\">\n\t\t<div class=\"elementor-element elementor-element-36eca2df e-con-full e-flex e-con e-child\" data-id=\"36eca2df\" data-element_type=\"container\" data-e-type=\"container\">\n\t\t\t\t<div class=\"elementor-element elementor-element-3a66397f wd-width-100 elementor-widget elementor-widget-wd_title\" data-id=\"3a66397f\" data-element_type=\"widget\" data-e-type=\"widget\" data-widget_type=\"wd_title.default\">\n\t\t\t\t<div class=\"elementor-widget-container\">\n\t\t\t\t\t\t\t<div class=\"title-wrapper wd-set-mb reset-last-child wd-title-color-default wd-title-style-default wd-title-size-default text-left\">\n\n\t\t\t\n\t\t\t<div class=\"liner-continer\">\n\t\t\t\t<h4 class=\"woodmart-title-container title wd-fontsize-l\">3. Opening hours and the Pelican Smart Access app<\/h4> \n\t\t\t\t\t\t\t<\/div>\n\n\t\t\t\t\t\t\t<div class=\"title-after_title reset-last-child wd-fontsize-xs\">\n\t\t\t\t\t<p>You have access to your storage space every day of the year from 05.30 to 22.00 from the start date of your contract.<\/p><p>In order to access your storage, you need to activate the Pelican Smart Access app. We sent you an SMS to activate the application. The message contains a link to the app itself and a code to activate the app. You can find instructions on how to use the app here:  <br><a href=\"https:\/\/pelican.fi\/en\/pelican-app\/\">https:\/\/pelican.fi\/app<\/a><\/p><p>If you encounter problems outside opening hours, call the emergency number 020 491 2761.<\/p>\t\t\t\t<\/div>\n\t\t\t\t\t<\/div>\n\t\t\t\t\t\t<\/div>\n\t\t\t\t<\/div>\n\t\t\t\t<\/div>\n\t\t\t\t<\/div>\n\t\t\t\t\t<\/div>\n\t\t\t\t<\/div>\n\t\t<div class=\"wd-negative-gap elementor-element elementor-element-72a622fb e-flex e-con-boxed e-con e-parent\" data-id=\"72a622fb\" data-element_type=\"container\" data-e-type=\"container\" data-settings=\"{&quot;background_background&quot;:&quot;classic&quot;}\">\n\t\t\t\t\t<div class=\"e-con-inner\">\n\t\t<div class=\"elementor-element elementor-element-1fe0caef e-con-full e-flex e-con e-child\" data-id=\"1fe0caef\" data-element_type=\"container\" data-e-type=\"container\" data-settings=\"{&quot;background_background&quot;:&quot;classic&quot;}\">\n\t\t<div class=\"elementor-element elementor-element-6e6e3a0d e-con-full e-flex e-con e-child\" data-id=\"6e6e3a0d\" data-element_type=\"container\" data-e-type=\"container\">\n\t\t\t\t<div class=\"elementor-element elementor-element-f48d275 wd-width-100 elementor-widget elementor-widget-wd_title\" data-id=\"f48d275\" data-element_type=\"widget\" data-e-type=\"widget\" data-widget_type=\"wd_title.default\">\n\t\t\t\t<div class=\"elementor-widget-container\">\n\t\t\t\t\t\t\t<div class=\"title-wrapper wd-set-mb reset-last-child wd-title-color-default wd-title-style-default wd-title-size-default text-left\">\n\n\t\t\t\n\t\t\t<div class=\"liner-continer\">\n\t\t\t\t<h4 class=\"woodmart-title-container title wd-fontsize-l\">4. Trolleys in the loading area<\/h4> \n\t\t\t\t\t\t\t<\/div>\n\n\t\t\t\t\t\t\t<div class=\"title-after_title reset-last-child wd-fontsize-xs\">\n\t\t\t\t\t<p>In the loading area, you can borrow trolleys for transporting goods. The trolleys are not locked and we ask you to return them to their place after use. Trolleys may not be left in your own storage or borrowed to take with you.  <\/p>\t\t\t\t<\/div>\n\t\t\t\t\t<\/div>\n\t\t\t\t\t\t<\/div>\n\t\t\t\t<\/div>\n\t\t\t\t<\/div>\n\t\t\t\t<\/div>\n\t\t<div class=\"elementor-element elementor-element-60597570 e-con-full e-flex e-con e-child\" data-id=\"60597570\" data-element_type=\"container\" data-e-type=\"container\">\n\t\t\t\t<div class=\"elementor-element elementor-element-5d13fbdb elementor-widget elementor-widget-image\" data-id=\"5d13fbdb\" data-element_type=\"widget\" data-e-type=\"widget\" data-widget_type=\"image.default\">\n\t\t\t\t<div class=\"elementor-widget-container\">\n\t\t\t\t\t\t\t\t\t\t\t\t\t\t\t<img decoding=\"async\" src=\"https:\/\/pelican.fi\/wp-content\/uploads\/2025\/06\/2_12_0.jpg\" title=\"2_12_0.jpg\" alt=\"2_12_0.jpg\" loading=\"lazy\" \/>\t\t\t\t\t\t\t\t\t\t\t\t\t\t\t<\/div>\n\t\t\t\t<\/div>\n\t\t\t\t<\/div>\n\t\t\t\t\t<\/div>\n\t\t\t\t<\/div>\n\t\t<div class=\"wd-negative-gap elementor-element elementor-element-270309a e-flex e-con-boxed e-con e-parent\" data-id=\"270309a\" data-element_type=\"container\" data-e-type=\"container\" data-settings=\"{&quot;background_background&quot;:&quot;classic&quot;}\">\n\t\t\t\t\t<div class=\"e-con-inner\">\n\t\t<div class=\"elementor-element elementor-element-5b94c7a2 e-con-full e-flex e-con e-child\" data-id=\"5b94c7a2\" data-element_type=\"container\" data-e-type=\"container\">\n\t\t\t\t<div class=\"elementor-element elementor-element-5db5c554 elementor-widget elementor-widget-image\" data-id=\"5db5c554\" data-element_type=\"widget\" data-e-type=\"widget\" data-widget_type=\"image.default\">\n\t\t\t\t<div class=\"elementor-widget-container\">\n\t\t\t\t\t\t\t\t\t\t\t\t\t\t\t<img decoding=\"async\" src=\"https:\/\/pelican.fi\/wp-content\/uploads\/2025\/06\/7_5_0_0.jpg\" title=\"7_5_0_0.jpg\" alt=\"7_5_0_0.jpg\" loading=\"lazy\" \/>\t\t\t\t\t\t\t\t\t\t\t\t\t\t\t<\/div>\n\t\t\t\t<\/div>\n\t\t\t\t<\/div>\n\t\t<div class=\"elementor-element elementor-element-c79dd51 e-con-full e-flex e-con e-child\" data-id=\"c79dd51\" data-element_type=\"container\" data-e-type=\"container\">\n\t\t<div class=\"elementor-element elementor-element-29782a67 e-con-full e-flex e-con e-child\" data-id=\"29782a67\" data-element_type=\"container\" data-e-type=\"container\">\n\t\t\t\t<div class=\"elementor-element elementor-element-45226a0e wd-width-100 elementor-widget elementor-widget-wd_title\" data-id=\"45226a0e\" data-element_type=\"widget\" data-e-type=\"widget\" data-widget_type=\"wd_title.default\">\n\t\t\t\t<div class=\"elementor-widget-container\">\n\t\t\t\t\t\t\t<div class=\"title-wrapper wd-set-mb reset-last-child wd-title-color-default wd-title-style-default wd-title-size-default text-left\">\n\n\t\t\t\n\t\t\t<div class=\"liner-continer\">\n\t\t\t\t<h4 class=\"woodmart-title-container title wd-fontsize-l\">5. How to find your storage space<\/h4> \n\t\t\t\t\t\t\t<\/div>\n\n\t\t\t\t\t\t\t<div class=\"title-after_title reset-last-child wd-fontsize-xs\">\n\t\t\t\t\t<p>The storage space you rent can be found in building A or building B. For example, A4136 is located in Building A and B4136<br>in Building B.  <\/p><p>The lifts are located on the 1st floor. <\/p><p>When you reach the right floor, the elevator will have the warehouse numbers in front of it and arrows indicating which direction you need to go to find your warehouse.<\/p>\t\t\t\t<\/div>\n\t\t\t\t\t<\/div>\n\t\t\t\t\t\t<\/div>\n\t\t\t\t<\/div>\n\t\t\t\t<\/div>\n\t\t\t\t<\/div>\n\t\t\t\t\t<\/div>\n\t\t\t\t<\/div>\n\t\t<div class=\"wd-negative-gap elementor-element elementor-element-7099495a e-flex e-con-boxed e-con e-parent\" data-id=\"7099495a\" data-element_type=\"container\" data-e-type=\"container\" data-settings=\"{&quot;background_background&quot;:&quot;classic&quot;}\">\n\t\t\t\t\t<div class=\"e-con-inner\">\n\t\t<div class=\"elementor-element elementor-element-20d52d0b e-con-full e-flex e-con e-child\" data-id=\"20d52d0b\" data-element_type=\"container\" data-e-type=\"container\" data-settings=\"{&quot;background_background&quot;:&quot;classic&quot;}\">\n\t\t<div class=\"elementor-element elementor-element-7f44eea7 e-con-full e-flex e-con e-child\" data-id=\"7f44eea7\" data-element_type=\"container\" data-e-type=\"container\">\n\t\t\t\t<div class=\"elementor-element elementor-element-7dc7d046 wd-width-100 elementor-widget elementor-widget-wd_title\" data-id=\"7dc7d046\" data-element_type=\"widget\" data-e-type=\"widget\" data-widget_type=\"wd_title.default\">\n\t\t\t\t<div class=\"elementor-widget-container\">\n\t\t\t\t\t\t\t<div class=\"title-wrapper wd-set-mb reset-last-child wd-title-color-default wd-title-style-default wd-title-size-default text-left\">\n\n\t\t\t\n\t\t\t<div class=\"liner-continer\">\n\t\t\t\t<h4 class=\"woodmart-title-container title wd-fontsize-l\">6. Use of storage space<\/h4> \n\t\t\t\t\t\t\t<\/div>\n\n\t\t\t\t\t\t\t<div class=\"title-after_title reset-last-child wd-fontsize-xs\">\n\t\t\t\t\t<p>Once you have found the space you rented, please check once again that you are using the right space. The storage number is outside the door. <\/p><p>Open the door by pulling the latch open. This unlocks the lock and the door can be opened. <\/p><p>On the floor of the unit there is a safety-approved cylinder lock with keys.  Note. Pelican has no spare keys to your lock.<\/p><p>The space is now ready for use.<\/p>\t\t\t\t<\/div>\n\t\t\t\t\t<\/div>\n\t\t\t\t\t\t<\/div>\n\t\t\t\t<\/div>\n\t\t\t\t<\/div>\n\t\t\t\t<\/div>\n\t\t<div class=\"elementor-element elementor-element-2cf628f7 e-con-full e-flex e-con e-child\" data-id=\"2cf628f7\" data-element_type=\"container\" data-e-type=\"container\">\n\t\t\t\t<div class=\"elementor-element elementor-element-32a333b7 elementor-widget elementor-widget-image\" data-id=\"32a333b7\" data-element_type=\"widget\" data-e-type=\"widget\" data-widget_type=\"image.default\">\n\t\t\t\t<div class=\"elementor-widget-container\">\n\t\t\t\t\t\t\t\t\t\t\t\t\t\t\t<img decoding=\"async\" src=\"https:\/\/pelican.fi\/wp-content\/uploads\/2025\/06\/Rum.jpg\" title=\"Rum.jpg\" alt=\"Rum.jpg\" loading=\"lazy\" \/>\t\t\t\t\t\t\t\t\t\t\t\t\t\t\t<\/div>\n\t\t\t\t<\/div>\n\t\t\t\t<\/div>\n\t\t\t\t\t<\/div>\n\t\t\t\t<\/div>\n\t\t<div class=\"wd-negative-gap elementor-element elementor-element-3f7d7f3b e-flex e-con-boxed e-con e-parent\" data-id=\"3f7d7f3b\" data-element_type=\"container\" data-e-type=\"container\" data-settings=\"{&quot;background_background&quot;:&quot;classic&quot;}\">\n\t\t\t\t\t<div class=\"e-con-inner\">\n\t\t<div class=\"elementor-element elementor-element-6f1388e3 e-con-full e-flex e-con e-child\" data-id=\"6f1388e3\" data-element_type=\"container\" data-e-type=\"container\">\n\t\t\t\t<div class=\"elementor-element elementor-element-50982fa3 elementor-widget elementor-widget-image\" data-id=\"50982fa3\" data-element_type=\"widget\" data-e-type=\"widget\" data-widget_type=\"image.default\">\n\t\t\t\t<div class=\"elementor-widget-container\">\n\t\t\t\t\t\t\t\t\t\t\t\t\t\t\t<img decoding=\"async\" src=\"https:\/\/pelican.fi\/wp-content\/uploads\/2025\/06\/img112_2_7.jpg\" title=\"img112_2_7.jpg\" alt=\"img112_2_7.jpg\" loading=\"lazy\" \/>\t\t\t\t\t\t\t\t\t\t\t\t\t\t\t<\/div>\n\t\t\t\t<\/div>\n\t\t\t\t<\/div>\n\t\t<div class=\"elementor-element elementor-element-40cb0d71 e-con-full e-flex e-con e-child\" data-id=\"40cb0d71\" data-element_type=\"container\" data-e-type=\"container\">\n\t\t<div class=\"elementor-element elementor-element-3ff09b16 e-con-full e-flex e-con e-child\" data-id=\"3ff09b16\" data-element_type=\"container\" data-e-type=\"container\">\n\t\t\t\t<div class=\"elementor-element elementor-element-12ff4a52 wd-width-100 elementor-widget elementor-widget-wd_title\" data-id=\"12ff4a52\" data-element_type=\"widget\" data-e-type=\"widget\" data-widget_type=\"wd_title.default\">\n\t\t\t\t<div class=\"elementor-widget-container\">\n\t\t\t\t\t\t\t<div class=\"title-wrapper wd-set-mb reset-last-child wd-title-color-default wd-title-style-default wd-title-size-default text-left\">\n\n\t\t\t\n\t\t\t<div class=\"liner-continer\">\n\t\t\t\t<h4 class=\"woodmart-title-container title wd-fontsize-l\">7. How to open and lock your storage door<\/h4> \n\t\t\t\t\t\t\t<\/div>\n\n\t\t\t\t\t\t\t<div class=\"title-after_title reset-last-child wd-fontsize-xs\">\n\t\t\t\t\t<p><b>To close the door:<\/b><br \/>Push the door closed, and slide the metal latch into place so that the door locks. (For lift-up doors, pull the door down and make sure the door is fully down to get the latch in place.)<br \/>Make sure the cylinder lock tab is aligned with the lock. (See picture 2: The dots are facing each other) Insert the lock into it's place and turn the key counterclockwise. Remove the key and the lock should stay in place. Make sure the door does not open.<\/p><p><strong>To open the door:<\/strong><br \/>Turn the key to the right and pull the cylinder lock out of its slot. Slide the metal lock pin and you can now open the door.<\/p><p><strong>Drive up units:<\/strong><br \/>Inside the storage there are two (2) iLOQ keys and instructions for opening and closing the door. When you arrive at the storage for the first time, the door will be unlocked and can be opened by lifting it.<\/p><p>\u00a0<\/p>\t\t\t\t<\/div>\n\t\t\t\t\t<\/div>\n\t\t\t\t\t\t<\/div>\n\t\t\t\t<\/div>\n\t\t\t\t<\/div>\n\t\t\t\t<\/div>\n\t\t\t\t\t<\/div>\n\t\t\t\t<\/div>\n\t\t\t\t<\/div>\n\t\t","protected":false},"excerpt":{"rendered":"<p>1.Arrival Welcome to Pelican Self Storage Tapiola!Our customer service is open on weekdays from 10-18 and on Saturdays from 10-14.<\/p>\n","protected":false},"author":9,"featured_media":0,"parent":0,"menu_order":0,"comment_status":"closed","ping_status":"closed","template":"elementor_header_footer","meta":{"_acf_changed":false,"inline_featured_image":false,"_lmt_disableupdate":"no","_lmt_disable":"","footnotes":""},"class_list":["post-16396","page","type-page","status-publish","hentry"],"acf":[],"yoast_head":"<title>Pelican Tapiola instructions | Pelican Self Storage<\/title>\n<meta name=\"robots\" content=\"index, follow, max-snippet:-1, max-image-preview:large, max-video-preview:-1\" \/>\n<link rel=\"canonical\" href=\"https:\/\/pelican.fi\/en\/access-to-pelican-tapiola\/\" \/>\n<meta property=\"og:locale\" content=\"en_US\" \/>\n<meta property=\"og:type\" content=\"article\" \/>\n<meta property=\"og:title\" content=\"Pelican Tapiola instructions\" \/>\n<meta property=\"og:description\" content=\"1.Arrival Welcome to Pelican Self Storage Tapiola!Our customer service is open on weekdays from 10-18 and on Saturdays from 10-14.\" \/>\n<meta property=\"og:url\" content=\"https:\/\/pelican.fi\/en\/access-to-pelican-tapiola\/\" \/>\n<meta property=\"og:site_name\" content=\"Pelican Self Storage\" \/>\n<meta property=\"article:publisher\" content=\"https:\/\/www.facebook.com\/PelicanSelfStorageDenmark\" \/>\n<meta property=\"article:modified_time\" content=\"2026-04-14T10:08:14+00:00\" \/>\n<meta property=\"og:image\" content=\"https:\/\/pelican.fi\/wp-content\/uploads\/2025\/06\/5_11.jpg\" \/>\n<meta name=\"twitter:card\" content=\"summary_large_image\" \/>\n<meta name=\"twitter:label1\" content=\"Est. reading time\" \/>\n\t<meta name=\"twitter:data1\" content=\"4 minutes\" \/>\n<script type=\"application\/ld+json\" class=\"yoast-schema-graph\">{\"@context\":\"https:\\\/\\\/schema.org\",\"@graph\":[{\"@type\":\"WebPage\",\"@id\":\"https:\\\/\\\/pelican.fi\\\/en\\\/access-to-pelican-tapiola\\\/\",\"url\":\"https:\\\/\\\/pelican.fi\\\/en\\\/access-to-pelican-tapiola\\\/\",\"name\":\"Pelican Tapiola instructions | Pelican Self Storage\",\"isPartOf\":{\"@id\":\"https:\\\/\\\/pelican.fi\\\/en\\\/#website\"},\"primaryImageOfPage\":{\"@id\":\"https:\\\/\\\/pelican.fi\\\/en\\\/access-to-pelican-tapiola\\\/#primaryimage\"},\"image\":{\"@id\":\"https:\\\/\\\/pelican.fi\\\/en\\\/access-to-pelican-tapiola\\\/#primaryimage\"},\"thumbnailUrl\":\"https:\\\/\\\/pelican.fi\\\/wp-content\\\/uploads\\\/2025\\\/06\\\/5_11.jpg\",\"datePublished\":\"2025-06-02T20:56:30+00:00\",\"dateModified\":\"2026-04-14T10:08:14+00:00\",\"breadcrumb\":{\"@id\":\"https:\\\/\\\/pelican.fi\\\/en\\\/access-to-pelican-tapiola\\\/#breadcrumb\"},\"inLanguage\":\"en-US\",\"potentialAction\":[{\"@type\":\"ReadAction\",\"target\":[\"https:\\\/\\\/pelican.fi\\\/en\\\/access-to-pelican-tapiola\\\/\"]}]},{\"@type\":\"ImageObject\",\"inLanguage\":\"en-US\",\"@id\":\"https:\\\/\\\/pelican.fi\\\/en\\\/access-to-pelican-tapiola\\\/#primaryimage\",\"url\":\"https:\\\/\\\/pelican.fi\\\/wp-content\\\/uploads\\\/2025\\\/06\\\/5_11.jpg\",\"contentUrl\":\"https:\\\/\\\/pelican.fi\\\/wp-content\\\/uploads\\\/2025\\\/06\\\/5_11.jpg\"},{\"@type\":\"BreadcrumbList\",\"@id\":\"https:\\\/\\\/pelican.fi\\\/en\\\/access-to-pelican-tapiola\\\/#breadcrumb\",\"itemListElement\":[{\"@type\":\"ListItem\",\"position\":1,\"name\":\"Home\",\"item\":\"https:\\\/\\\/pelican.fi\\\/en\\\/\"},{\"@type\":\"ListItem\",\"position\":2,\"name\":\"Pelican Tapiola instructions\"}]},{\"@type\":\"WebSite\",\"@id\":\"https:\\\/\\\/pelican.fi\\\/en\\\/#website\",\"url\":\"https:\\\/\\\/pelican.fi\\\/en\\\/\",\"name\":\"Vuokraa k\u00e4tev\u00e4 varasto\",\"description\":\"Vuokraa varastotila Pelican Self Storagelta. Edulliset hinnat \u2714 Toimipisteet ymp\u00e4ri K\u00f6\u00f6penhaminaa \u2714 Varastotiloja eri kokoisina \u2714 Ilmainen per\u00e4k\u00e4rryn lainaus \u2714\",\"potentialAction\":[{\"@type\":\"SearchAction\",\"target\":{\"@type\":\"EntryPoint\",\"urlTemplate\":\"https:\\\/\\\/pelican.fi\\\/en\\\/?s={search_term_string}\"},\"query-input\":{\"@type\":\"PropertyValueSpecification\",\"valueRequired\":true,\"valueName\":\"search_term_string\"}}],\"inLanguage\":\"en-US\"}]}<\/script>","yoast_head_json":{"title":"Pelican Tapiola instructions | Pelican Self Storage","robots":{"index":"index","follow":"follow","max-snippet":"max-snippet:-1","max-image-preview":"max-image-preview:large","max-video-preview":"max-video-preview:-1"},"canonical":"https:\/\/pelican.fi\/en\/access-to-pelican-tapiola\/","og_locale":"en_US","og_type":"article","og_title":"Pelican Tapiola instructions","og_description":"1.Arrival Welcome to Pelican Self Storage Tapiola!Our customer service is open on weekdays from 10-18 and on Saturdays from 10-14.","og_url":"https:\/\/pelican.fi\/en\/access-to-pelican-tapiola\/","og_site_name":"Pelican Self Storage","article_publisher":"https:\/\/www.facebook.com\/PelicanSelfStorageDenmark","article_modified_time":"2026-04-14T10:08:14+00:00","og_image":[{"url":"https:\/\/pelican.fi\/wp-content\/uploads\/2025\/06\/5_11.jpg","type":"","width":"","height":""}],"twitter_card":"summary_large_image","twitter_misc":{"Est. reading time":"4 minutes"},"schema":{"@context":"https:\/\/schema.org","@graph":[{"@type":"WebPage","@id":"https:\/\/pelican.fi\/en\/access-to-pelican-tapiola\/","url":"https:\/\/pelican.fi\/en\/access-to-pelican-tapiola\/","name":"Pelican Tapiola instructions | Pelican Self Storage","isPartOf":{"@id":"https:\/\/pelican.fi\/en\/#website"},"primaryImageOfPage":{"@id":"https:\/\/pelican.fi\/en\/access-to-pelican-tapiola\/#primaryimage"},"image":{"@id":"https:\/\/pelican.fi\/en\/access-to-pelican-tapiola\/#primaryimage"},"thumbnailUrl":"https:\/\/pelican.fi\/wp-content\/uploads\/2025\/06\/5_11.jpg","datePublished":"2025-06-02T20:56:30+00:00","dateModified":"2026-04-14T10:08:14+00:00","breadcrumb":{"@id":"https:\/\/pelican.fi\/en\/access-to-pelican-tapiola\/#breadcrumb"},"inLanguage":"en-US","potentialAction":[{"@type":"ReadAction","target":["https:\/\/pelican.fi\/en\/access-to-pelican-tapiola\/"]}]},{"@type":"ImageObject","inLanguage":"en-US","@id":"https:\/\/pelican.fi\/en\/access-to-pelican-tapiola\/#primaryimage","url":"https:\/\/pelican.fi\/wp-content\/uploads\/2025\/06\/5_11.jpg","contentUrl":"https:\/\/pelican.fi\/wp-content\/uploads\/2025\/06\/5_11.jpg"},{"@type":"BreadcrumbList","@id":"https:\/\/pelican.fi\/en\/access-to-pelican-tapiola\/#breadcrumb","itemListElement":[{"@type":"ListItem","position":1,"name":"Home","item":"https:\/\/pelican.fi\/en\/"},{"@type":"ListItem","position":2,"name":"Pelican Tapiola instructions"}]},{"@type":"WebSite","@id":"https:\/\/pelican.fi\/en\/#website","url":"https:\/\/pelican.fi\/en\/","name":"Vuokraa k\u00e4tev\u00e4 varasto","description":"Vuokraa varastotila Pelican Self Storagelta. Edulliset hinnat \u2714 Toimipisteet ymp\u00e4ri K\u00f6\u00f6penhaminaa \u2714 Varastotiloja eri kokoisina \u2714 Ilmainen per\u00e4k\u00e4rryn lainaus \u2714","potentialAction":[{"@type":"SearchAction","target":{"@type":"EntryPoint","urlTemplate":"https:\/\/pelican.fi\/en\/?s={search_term_string}"},"query-input":{"@type":"PropertyValueSpecification","valueRequired":true,"valueName":"search_term_string"}}],"inLanguage":"en-US"}]}},"_links":{"self":[{"href":"https:\/\/pelican.fi\/en\/wp-json\/wp\/v2\/pages\/16396","targetHints":{"allow":["GET"]}}],"collection":[{"href":"https:\/\/pelican.fi\/en\/wp-json\/wp\/v2\/pages"}],"about":[{"href":"https:\/\/pelican.fi\/en\/wp-json\/wp\/v2\/types\/page"}],"author":[{"embeddable":true,"href":"https:\/\/pelican.fi\/en\/wp-json\/wp\/v2\/users\/9"}],"replies":[{"embeddable":true,"href":"https:\/\/pelican.fi\/en\/wp-json\/wp\/v2\/comments?post=16396"}],"version-history":[{"count":21,"href":"https:\/\/pelican.fi\/en\/wp-json\/wp\/v2\/pages\/16396\/revisions"}],"predecessor-version":[{"id":24556,"href":"https:\/\/pelican.fi\/en\/wp-json\/wp\/v2\/pages\/16396\/revisions\/24556"}],"wp:attachment":[{"href":"https:\/\/pelican.fi\/en\/wp-json\/wp\/v2\/media?parent=16396"}],"curies":[{"name":"wp","href":"https:\/\/api.w.org\/{rel}","templated":true}]}}