{"id":16403,"date":"2025-06-03T00:02:12","date_gmt":"2025-06-02T21:02:12","guid":{"rendered":"https:\/\/pelican.fi\/pelican-viking-instructions\/"},"modified":"2026-01-27T17:53:18","modified_gmt":"2026-01-27T15:53:18","slug":"access-to-pelican-viiki","status":"publish","type":"page","link":"https:\/\/pelican.fi\/en\/access-to-pelican-viiki\/","title":{"rendered":"Pelican Viikki instructions"},"content":{"rendered":"\t\t<div data-elementor-type=\"wp-page\" data-elementor-id=\"16403\" class=\"elementor elementor-16403 elementor-15192\" data-elementor-post-type=\"page\">\n\t\t\t\t<div class=\"wd-negative-gap elementor-element elementor-element-7871972e e-flex e-con-boxed e-con e-parent\" data-id=\"7871972e\" data-element_type=\"container\" data-e-type=\"container\" data-settings=\"{&quot;background_background&quot;:&quot;classic&quot;}\">\n\t\t\t\t\t<div class=\"e-con-inner\">\n\t\t<div class=\"elementor-element elementor-element-21e81b17 e-con-full e-flex e-con e-child\" data-id=\"21e81b17\" data-element_type=\"container\" data-e-type=\"container\">\n\t\t\t\t<div class=\"elementor-element elementor-element-62ec6f4f elementor-widget elementor-widget-image\" data-id=\"62ec6f4f\" data-element_type=\"widget\" data-e-type=\"widget\" data-widget_type=\"image.default\">\n\t\t\t\t<div class=\"elementor-widget-container\">\n\t\t\t\t\t\t\t\t\t\t\t\t\t\t\t<img decoding=\"async\" src=\"https:\/\/pelican.fi\/wp-content\/uploads\/2025\/06\/etupiha.jpeg\" title=\"etupiha.jpeg\" alt=\"etupiha.jpeg\" loading=\"lazy\" \/>\t\t\t\t\t\t\t\t\t\t\t\t\t\t\t<\/div>\n\t\t\t\t<\/div>\n\t\t\t\t<\/div>\n\t\t<div class=\"elementor-element elementor-element-90c49a0 e-con-full e-flex e-con e-child\" data-id=\"90c49a0\" data-element_type=\"container\" data-e-type=\"container\">\n\t\t<div class=\"elementor-element elementor-element-47173175 e-con-full e-flex e-con e-child\" data-id=\"47173175\" data-element_type=\"container\" data-e-type=\"container\">\n\t\t\t\t<div class=\"elementor-element elementor-element-2377ffea wd-width-100 elementor-widget elementor-widget-wd_title\" data-id=\"2377ffea\" data-element_type=\"widget\" data-e-type=\"widget\" data-widget_type=\"wd_title.default\">\n\t\t\t\t<div class=\"elementor-widget-container\">\n\t\t\t\t\t\t\t<div class=\"title-wrapper wd-set-mb reset-last-child wd-title-color-default wd-title-style-default wd-title-size-default text-left\">\n\n\t\t\t\n\t\t\t<div class=\"liner-continer\">\n\t\t\t\t<h4 class=\"woodmart-title-container title wd-fontsize-l\">1.Arrival<\/h4> \n\t\t\t\t\t\t\t<\/div>\n\n\t\t\t\t\t\t\t<div class=\"title-after_title reset-last-child wd-fontsize-xs\">\n\t\t\t\t\t<p>Welcome to Pelican Self Storage Viikki!<br>Our customer service is open on weekdays 10-18 and on Saturdays 10-14.<br>In our shop you can buy moving and packing supplies such as moving boxes, mattress covers, packing tapes, etc. Welcome to visit us! <\/p><p>If you encounter problems outside opening hours, call the emergency number 020 491 2761.<\/p>\t\t\t\t<\/div>\n\t\t\t\t\t<\/div>\n\t\t\t\t\t\t<\/div>\n\t\t\t\t<\/div>\n\t\t\t\t<\/div>\n\t\t\t\t<\/div>\n\t\t\t\t\t<\/div>\n\t\t\t\t<\/div>\n\t\t<div class=\"wd-negative-gap elementor-element elementor-element-13f12de0 e-flex e-con-boxed e-con e-parent\" data-id=\"13f12de0\" data-element_type=\"container\" data-e-type=\"container\" data-settings=\"{&quot;background_background&quot;:&quot;classic&quot;}\">\n\t\t\t\t\t<div class=\"e-con-inner\">\n\t\t<div class=\"elementor-element elementor-element-718819cc e-con-full e-flex e-con e-child\" data-id=\"718819cc\" data-element_type=\"container\" data-e-type=\"container\" data-settings=\"{&quot;background_background&quot;:&quot;classic&quot;}\">\n\t\t<div class=\"elementor-element elementor-element-73cf4f73 e-con-full e-flex e-con e-child\" data-id=\"73cf4f73\" data-element_type=\"container\" data-e-type=\"container\">\n\t\t\t\t<div class=\"elementor-element elementor-element-4d9bfd75 wd-width-100 elementor-widget elementor-widget-wd_title\" data-id=\"4d9bfd75\" data-element_type=\"widget\" data-e-type=\"widget\" data-widget_type=\"wd_title.default\">\n\t\t\t\t<div class=\"elementor-widget-container\">\n\t\t\t\t\t\t\t<div class=\"title-wrapper wd-set-mb reset-last-child wd-title-color-default wd-title-style-default wd-title-size-default text-left\">\n\n\t\t\t\n\t\t\t<div class=\"liner-continer\">\n\t\t\t\t<h4 class=\"woodmart-title-container title wd-fontsize-l\">2. Loading area\/entrance<\/h4> \n\t\t\t\t\t\t\t<\/div>\n\n\t\t\t\t\t\t\t<div class=\"title-after_title reset-last-child wd-fontsize-xs\">\n\t\t\t\t\t<p>You can drive your car\/trailer directly to the loading area, which also protects you from the weather.<\/p><p>Access to the loading area is through the gates next to the garbage shed.<\/p><p>The exit is through the gates next to the shop.<\/p><p>The loading area can accommodate four cars at the same time.<\/p><p>Please note that parking in the loading area is only allowed during loading or unloading.<\/p><p>When you are ready, kindly move your car to the parking spaces provided.<\/p>\t\t\t\t<\/div>\n\t\t\t\t\t<\/div>\n\t\t\t\t\t\t<\/div>\n\t\t\t\t<\/div>\n\t\t\t\t<\/div>\n\t\t\t\t<\/div>\n\t\t<div class=\"elementor-element elementor-element-3c4a4811 e-con-full e-flex e-con e-child\" data-id=\"3c4a4811\" data-element_type=\"container\" data-e-type=\"container\">\n\t\t\t\t<div class=\"elementor-element elementor-element-17dc0ae elementor-widget elementor-widget-image\" data-id=\"17dc0ae\" data-element_type=\"widget\" data-e-type=\"widget\" data-widget_type=\"image.default\">\n\t\t\t\t<div class=\"elementor-widget-container\">\n\t\t\t\t\t\t\t\t\t\t\t\t\t\t\t<img decoding=\"async\" src=\"https:\/\/pelican.fi\/wp-content\/uploads\/2025\/06\/lastausalue.jpeg\" title=\"lastausalue.jpeg\" alt=\"lastausalue.jpeg\" loading=\"lazy\" \/>\t\t\t\t\t\t\t\t\t\t\t\t\t\t\t<\/div>\n\t\t\t\t<\/div>\n\t\t\t\t<\/div>\n\t\t\t\t\t<\/div>\n\t\t\t\t<\/div>\n\t\t<div class=\"wd-negative-gap elementor-element elementor-element-7cc41d4a e-flex e-con-boxed e-con e-parent\" data-id=\"7cc41d4a\" data-element_type=\"container\" data-e-type=\"container\" data-settings=\"{&quot;background_background&quot;:&quot;classic&quot;}\">\n\t\t\t\t\t<div class=\"e-con-inner\">\n\t\t<div class=\"elementor-element elementor-element-48345442 e-con-full e-flex e-con e-child\" data-id=\"48345442\" data-element_type=\"container\" data-e-type=\"container\">\n\t\t\t\t<div class=\"elementor-element elementor-element-6c95cc5 elementor-widget elementor-widget-image\" data-id=\"6c95cc5\" data-element_type=\"widget\" data-e-type=\"widget\" data-widget_type=\"image.default\">\n\t\t\t\t<div class=\"elementor-widget-container\">\n\t\t\t\t\t\t\t\t\t\t\t\t\t\t\t<img decoding=\"async\" src=\"https:\/\/pelican.fi\/wp-content\/uploads\/2025\/12\/Smart-access-e1764666570721.jpg\" title=\"Smart access\" alt=\"Smart access\" loading=\"lazy\" \/>\t\t\t\t\t\t\t\t\t\t\t\t\t\t\t<\/div>\n\t\t\t\t<\/div>\n\t\t\t\t<\/div>\n\t\t<div class=\"elementor-element elementor-element-3b977799 e-con-full e-flex e-con e-child\" data-id=\"3b977799\" data-element_type=\"container\" data-e-type=\"container\">\n\t\t<div class=\"elementor-element elementor-element-21212585 e-con-full e-flex e-con e-child\" data-id=\"21212585\" data-element_type=\"container\" data-e-type=\"container\">\n\t\t\t\t<div class=\"elementor-element elementor-element-549bf800 wd-width-100 elementor-widget elementor-widget-wd_title\" data-id=\"549bf800\" data-element_type=\"widget\" data-e-type=\"widget\" data-widget_type=\"wd_title.default\">\n\t\t\t\t<div class=\"elementor-widget-container\">\n\t\t\t\t\t\t\t<div class=\"title-wrapper wd-set-mb reset-last-child wd-title-color-default wd-title-style-default wd-title-size-default text-left\">\n\n\t\t\t\n\t\t\t<div class=\"liner-continer\">\n\t\t\t\t<h4 class=\"woodmart-title-container title wd-fontsize-l\">3. Opening hours and the Pelican Smart Access app<\/h4> \n\t\t\t\t\t\t\t<\/div>\n\n\t\t\t\t\t\t\t<div class=\"title-after_title reset-last-child wd-fontsize-xs\">\n\t\t\t\t\t<p>You have access to your storage space every day of the year from 05.30 to 22.00 from the start date of your contract.<\/p><p>In order to access your storage, you need to activate the Pelican Smart Access app. We sent you an SMS to activate the application. The message contains a link to the app itself and a code to activate the app. You can find instructions on how to use the app here:  <br><a href=\"https:\/\/pelican.fi\/en\/pelican-app\/\">https:\/\/pelican.fi\/app<\/a><\/p><p>If you encounter problems outside opening hours, call the emergency number 020 491 2761.<\/p>\t\t\t\t<\/div>\n\t\t\t\t\t<\/div>\n\t\t\t\t\t\t<\/div>\n\t\t\t\t<\/div>\n\t\t\t\t<\/div>\n\t\t\t\t<\/div>\n\t\t\t\t\t<\/div>\n\t\t\t\t<\/div>\n\t\t<div class=\"wd-negative-gap elementor-element elementor-element-3d053fcd e-flex e-con-boxed e-con e-parent\" data-id=\"3d053fcd\" data-element_type=\"container\" data-e-type=\"container\" data-settings=\"{&quot;background_background&quot;:&quot;classic&quot;}\">\n\t\t\t\t\t<div class=\"e-con-inner\">\n\t\t<div class=\"elementor-element elementor-element-43ff55a3 e-con-full e-flex e-con e-child\" data-id=\"43ff55a3\" data-element_type=\"container\" data-e-type=\"container\" data-settings=\"{&quot;background_background&quot;:&quot;classic&quot;}\">\n\t\t<div class=\"elementor-element elementor-element-2792ff41 e-con-full e-flex e-con e-child\" data-id=\"2792ff41\" data-element_type=\"container\" data-e-type=\"container\">\n\t\t\t\t<div class=\"elementor-element elementor-element-397e12 wd-width-100 elementor-widget elementor-widget-wd_title\" data-id=\"397e12\" data-element_type=\"widget\" data-e-type=\"widget\" data-widget_type=\"wd_title.default\">\n\t\t\t\t<div class=\"elementor-widget-container\">\n\t\t\t\t\t\t\t<div class=\"title-wrapper wd-set-mb reset-last-child wd-title-color-default wd-title-style-default wd-title-size-default text-left\">\n\n\t\t\t\n\t\t\t<div class=\"liner-continer\">\n\t\t\t\t<h4 class=\"woodmart-title-container title wd-fontsize-l\">4. Trolleys in the loading area<\/h4> \n\t\t\t\t\t\t\t<\/div>\n\n\t\t\t\t\t\t\t<div class=\"title-after_title reset-last-child wd-fontsize-xs\">\n\t\t\t\t\t<p>In the loading area, you can borrow trolleys for transporting goods. The trolleys are not locked and we ask you to return them to their place after use. Trolleys may not be left in your own storage or borrowed to take with you.  <\/p>\t\t\t\t<\/div>\n\t\t\t\t\t<\/div>\n\t\t\t\t\t\t<\/div>\n\t\t\t\t<\/div>\n\t\t\t\t<\/div>\n\t\t\t\t<\/div>\n\t\t<div class=\"elementor-element elementor-element-4f52c9cf e-con-full e-flex e-con e-child\" data-id=\"4f52c9cf\" data-element_type=\"container\" data-e-type=\"container\">\n\t\t\t\t<div class=\"elementor-element elementor-element-781fcde0 elementor-widget elementor-widget-image\" data-id=\"781fcde0\" data-element_type=\"widget\" data-e-type=\"widget\" data-widget_type=\"image.default\">\n\t\t\t\t<div class=\"elementor-widget-container\">\n\t\t\t\t\t\t\t\t\t\t\t\t\t\t\t<img decoding=\"async\" src=\"https:\/\/pelican.fi\/wp-content\/uploads\/2025\/06\/karryt.jpeg\" title=\"karryt.jpeg\" alt=\"karryt.jpeg\" loading=\"lazy\" \/>\t\t\t\t\t\t\t\t\t\t\t\t\t\t\t<\/div>\n\t\t\t\t<\/div>\n\t\t\t\t<\/div>\n\t\t\t\t\t<\/div>\n\t\t\t\t<\/div>\n\t\t<div class=\"wd-negative-gap elementor-element elementor-element-584acaf e-flex e-con-boxed e-con e-parent\" data-id=\"584acaf\" data-element_type=\"container\" data-e-type=\"container\" data-settings=\"{&quot;background_background&quot;:&quot;classic&quot;}\">\n\t\t\t\t\t<div class=\"e-con-inner\">\n\t\t<div class=\"elementor-element elementor-element-6785a86a e-con-full e-flex e-con e-child\" data-id=\"6785a86a\" data-element_type=\"container\" data-e-type=\"container\">\n\t\t\t\t<div class=\"elementor-element elementor-element-4b2b0e67 elementor-widget elementor-widget-image\" data-id=\"4b2b0e67\" data-element_type=\"widget\" data-e-type=\"widget\" data-widget_type=\"image.default\">\n\t\t\t\t<div class=\"elementor-widget-container\">\n\t\t\t\t\t\t\t\t\t\t\t\t\t\t\t<img decoding=\"async\" src=\"https:\/\/pelican.fi\/wp-content\/uploads\/2025\/06\/hissit1.jpg.jpeg\" title=\"hissit1.jpg.jpeg\" alt=\"hissit1.jpg.jpeg\" loading=\"lazy\" \/>\t\t\t\t\t\t\t\t\t\t\t\t\t\t\t<\/div>\n\t\t\t\t<\/div>\n\t\t\t\t<\/div>\n\t\t<div class=\"elementor-element elementor-element-71df7dbd e-con-full e-flex e-con e-child\" data-id=\"71df7dbd\" data-element_type=\"container\" data-e-type=\"container\">\n\t\t<div class=\"elementor-element elementor-element-48408f2d e-con-full e-flex e-con e-child\" data-id=\"48408f2d\" data-element_type=\"container\" data-e-type=\"container\">\n\t\t\t\t<div class=\"elementor-element elementor-element-2355847a wd-width-100 elementor-widget elementor-widget-wd_title\" data-id=\"2355847a\" data-element_type=\"widget\" data-e-type=\"widget\" data-widget_type=\"wd_title.default\">\n\t\t\t\t<div class=\"elementor-widget-container\">\n\t\t\t\t\t\t\t<div class=\"title-wrapper wd-set-mb reset-last-child wd-title-color-default wd-title-style-default wd-title-size-default text-left\">\n\n\t\t\t\n\t\t\t<div class=\"liner-continer\">\n\t\t\t\t<h4 class=\"woodmart-title-container title wd-fontsize-l\">5. How to find your storage space<\/h4> \n\t\t\t\t\t\t\t<\/div>\n\n\t\t\t\t\t\t\t<div class=\"title-after_title reset-last-child wd-fontsize-xs\">\n\t\t\t\t\t<p>The lifts are located in the lobby immediately after the doors to the loading area. The first number of your unit will tell you which floor the space you are renting is on (e.g. 3123 is on the third floor).  <\/p><p>When you reach the right floor, the elevator will have the unit numbers in front of it and arrows indicating which direction you need to go to find your storage.<\/p>\t\t\t\t<\/div>\n\t\t\t\t\t<\/div>\n\t\t\t\t\t\t<\/div>\n\t\t\t\t<\/div>\n\t\t\t\t<\/div>\n\t\t\t\t<\/div>\n\t\t\t\t\t<\/div>\n\t\t\t\t<\/div>\n\t\t<div class=\"wd-negative-gap elementor-element elementor-element-5477647b e-flex e-con-boxed e-con e-parent\" data-id=\"5477647b\" data-element_type=\"container\" data-e-type=\"container\" data-settings=\"{&quot;background_background&quot;:&quot;classic&quot;}\">\n\t\t\t\t\t<div class=\"e-con-inner\">\n\t\t<div class=\"elementor-element elementor-element-59de9d80 e-con-full e-flex e-con e-child\" data-id=\"59de9d80\" data-element_type=\"container\" data-e-type=\"container\" data-settings=\"{&quot;background_background&quot;:&quot;classic&quot;}\">\n\t\t<div class=\"elementor-element elementor-element-2a2e388d e-con-full e-flex e-con e-child\" data-id=\"2a2e388d\" data-element_type=\"container\" data-e-type=\"container\">\n\t\t\t\t<div class=\"elementor-element elementor-element-5af0c215 wd-width-100 elementor-widget elementor-widget-wd_title\" data-id=\"5af0c215\" data-element_type=\"widget\" data-e-type=\"widget\" data-widget_type=\"wd_title.default\">\n\t\t\t\t<div class=\"elementor-widget-container\">\n\t\t\t\t\t\t\t<div class=\"title-wrapper wd-set-mb reset-last-child wd-title-color-default wd-title-style-default wd-title-size-default text-left\">\n\n\t\t\t\n\t\t\t<div class=\"liner-continer\">\n\t\t\t\t<h4 class=\"woodmart-title-container title wd-fontsize-l\">6. Use of storage space<\/h4> \n\t\t\t\t\t\t\t<\/div>\n\n\t\t\t\t\t\t\t<div class=\"title-after_title reset-last-child wd-fontsize-xs\">\n\t\t\t\t\t<p>Once you have found the space you rented, please check once again that you are using the right space. The storage number is outside the door. <\/p><p>Open the door by pulling the latch open. This unlocks the lock and the door can be opened. <\/p><p>On the floor of the unit there is a safety-approved cylinder lock with keys.  Note. Pelican has no spare keys to your lock.<\/p><p>The space is now ready for use.<\/p>\t\t\t\t<\/div>\n\t\t\t\t\t<\/div>\n\t\t\t\t\t\t<\/div>\n\t\t\t\t<\/div>\n\t\t\t\t<\/div>\n\t\t\t\t<\/div>\n\t\t<div class=\"elementor-element elementor-element-218be409 e-con-full e-flex e-con e-child\" data-id=\"218be409\" data-element_type=\"container\" data-e-type=\"container\">\n\t\t\t\t<div class=\"elementor-element elementor-element-35ff01a elementor-widget elementor-widget-image\" data-id=\"35ff01a\" data-element_type=\"widget\" data-e-type=\"widget\" data-widget_type=\"image.default\">\n\t\t\t\t<div class=\"elementor-widget-container\">\n\t\t\t\t\t\t\t\t\t\t\t\t\t\t\t<img decoding=\"async\" src=\"https:\/\/pelican.fi\/wp-content\/uploads\/2025\/06\/Rum.jpg\" title=\"Rum.jpg\" alt=\"Rum.jpg\" loading=\"lazy\" \/>\t\t\t\t\t\t\t\t\t\t\t\t\t\t\t<\/div>\n\t\t\t\t<\/div>\n\t\t\t\t<\/div>\n\t\t\t\t\t<\/div>\n\t\t\t\t<\/div>\n\t\t<div class=\"wd-negative-gap elementor-element elementor-element-19a74e95 e-flex e-con-boxed e-con e-parent\" data-id=\"19a74e95\" data-element_type=\"container\" data-e-type=\"container\" data-settings=\"{&quot;background_background&quot;:&quot;classic&quot;}\">\n\t\t\t\t\t<div class=\"e-con-inner\">\n\t\t<div class=\"elementor-element elementor-element-6f6169d9 e-con-full e-flex e-con e-child\" data-id=\"6f6169d9\" data-element_type=\"container\" data-e-type=\"container\">\n\t\t\t\t<div class=\"elementor-element elementor-element-5838bb30 elementor-widget elementor-widget-image\" data-id=\"5838bb30\" data-element_type=\"widget\" data-e-type=\"widget\" data-widget_type=\"image.default\">\n\t\t\t\t<div class=\"elementor-widget-container\">\n\t\t\t\t\t\t\t\t\t\t\t\t\t\t\t<img decoding=\"async\" src=\"https:\/\/pelican.fi\/wp-content\/uploads\/2025\/06\/img112_2_7.jpg\" title=\"img112_2_7.jpg\" alt=\"img112_2_7.jpg\" loading=\"lazy\" \/>\t\t\t\t\t\t\t\t\t\t\t\t\t\t\t<\/div>\n\t\t\t\t<\/div>\n\t\t\t\t<\/div>\n\t\t<div class=\"elementor-element elementor-element-1cbe6566 e-con-full e-flex e-con e-child\" data-id=\"1cbe6566\" data-element_type=\"container\" data-e-type=\"container\">\n\t\t<div class=\"elementor-element elementor-element-655e9fbc e-con-full e-flex e-con e-child\" data-id=\"655e9fbc\" data-element_type=\"container\" data-e-type=\"container\">\n\t\t\t\t<div class=\"elementor-element elementor-element-509bd177 wd-width-100 elementor-widget elementor-widget-wd_title\" data-id=\"509bd177\" data-element_type=\"widget\" data-e-type=\"widget\" data-widget_type=\"wd_title.default\">\n\t\t\t\t<div class=\"elementor-widget-container\">\n\t\t\t\t\t\t\t<div class=\"title-wrapper wd-set-mb reset-last-child wd-title-color-default wd-title-style-default wd-title-size-default text-left\">\n\n\t\t\t\n\t\t\t<div class=\"liner-continer\">\n\t\t\t\t<h4 class=\"woodmart-title-container title wd-fontsize-l\">7. How to open and lock your storage door<\/h4> \n\t\t\t\t\t\t\t<\/div>\n\n\t\t\t\t\t\t\t<div class=\"title-after_title reset-last-child wd-fontsize-xs\">\n\t\t\t\t\t<p><b>To close the door:<\/b><br>Push the door closed, and slide the metal latch into place so that the door locks. (For lift-up doors, pull the door down and make sure the door is fully down to get the latch in place.)<br>Make sure the cylinder lock tab is aligned with the lock. (See picture 2: The dots are facing each other) Insert the lock into it's place and turn the key counterclockwise. Remove the key and the lock should stay in place. Make sure the door does not open.     <\/p><p>To open the door:<br>Turn the key to the right and pull the cylinder lock out of its slot. Slide the metal lock pin and you can now open the door. <\/p>\t\t\t\t<\/div>\n\t\t\t\t\t<\/div>\n\t\t\t\t\t\t<\/div>\n\t\t\t\t<\/div>\n\t\t\t\t<\/div>\n\t\t\t\t<\/div>\n\t\t\t\t\t<\/div>\n\t\t\t\t<\/div>\n\t\t\t\t<\/div>\n\t\t","protected":false},"excerpt":{"rendered":"<p>1.Arrival Welcome to Pelican Self Storage Viikki!Our customer service is open on weekdays 10-18 and on Saturdays 10-14.In our shop<\/p>\n","protected":false},"author":9,"featured_media":0,"parent":0,"menu_order":0,"comment_status":"closed","ping_status":"closed","template":"elementor_header_footer","meta":{"_acf_changed":false,"inline_featured_image":false,"_lmt_disableupdate":"no","_lmt_disable":"","footnotes":""},"class_list":["post-16403","page","type-page","status-publish","hentry"],"acf":[],"yoast_head":"<title>Pelican Viikki instructions | Pelican Self Storage<\/title>\n<meta name=\"robots\" content=\"index, follow, max-snippet:-1, max-image-preview:large, max-video-preview:-1\" \/>\n<link rel=\"canonical\" href=\"https:\/\/pelican.fi\/en\/access-to-pelican-viiki\/\" \/>\n<meta property=\"og:locale\" content=\"en_US\" \/>\n<meta property=\"og:type\" content=\"article\" \/>\n<meta property=\"og:title\" content=\"Pelican Viikki instructions\" \/>\n<meta property=\"og:description\" content=\"1.Arrival Welcome to Pelican Self Storage Viikki!Our customer service is open on weekdays 10-18 and on Saturdays 10-14.In our shop\" \/>\n<meta property=\"og:url\" content=\"https:\/\/pelican.fi\/en\/access-to-pelican-viiki\/\" \/>\n<meta property=\"og:site_name\" content=\"Pelican Self Storage\" \/>\n<meta property=\"article:publisher\" content=\"https:\/\/www.facebook.com\/PelicanSelfStorageDenmark\" \/>\n<meta property=\"article:modified_time\" content=\"2026-01-27T15:53:18+00:00\" \/>\n<meta property=\"og:image\" content=\"https:\/\/pelican.fi\/wp-content\/uploads\/2025\/06\/etupiha.jpeg\" \/>\n<meta name=\"twitter:card\" content=\"summary_large_image\" \/>\n<meta name=\"twitter:label1\" content=\"Est. reading time\" \/>\n\t<meta name=\"twitter:data1\" content=\"5 minutes\" \/>\n<script type=\"application\/ld+json\" class=\"yoast-schema-graph\">{\"@context\":\"https:\/\/schema.org\",\"@graph\":[{\"@type\":\"WebPage\",\"@id\":\"https:\/\/pelican.fi\/en\/access-to-pelican-viiki\/\",\"url\":\"https:\/\/pelican.fi\/en\/access-to-pelican-viiki\/\",\"name\":\"Pelican Viikki instructions | Pelican Self Storage\",\"isPartOf\":{\"@id\":\"https:\/\/pelican.fi\/en\/#website\"},\"primaryImageOfPage\":{\"@id\":\"https:\/\/pelican.fi\/en\/access-to-pelican-viiki\/#primaryimage\"},\"image\":{\"@id\":\"https:\/\/pelican.fi\/en\/access-to-pelican-viiki\/#primaryimage\"},\"thumbnailUrl\":\"https:\/\/pelican.fi\/wp-content\/uploads\/2025\/06\/etupiha.jpeg\",\"datePublished\":\"2025-06-02T21:02:12+00:00\",\"dateModified\":\"2026-01-27T15:53:18+00:00\",\"breadcrumb\":{\"@id\":\"https:\/\/pelican.fi\/en\/access-to-pelican-viiki\/#breadcrumb\"},\"inLanguage\":\"en-US\",\"potentialAction\":[{\"@type\":\"ReadAction\",\"target\":[\"https:\/\/pelican.fi\/en\/access-to-pelican-viiki\/\"]}]},{\"@type\":\"ImageObject\",\"inLanguage\":\"en-US\",\"@id\":\"https:\/\/pelican.fi\/en\/access-to-pelican-viiki\/#primaryimage\",\"url\":\"https:\/\/pelican.fi\/wp-content\/uploads\/2025\/06\/etupiha.jpeg\",\"contentUrl\":\"https:\/\/pelican.fi\/wp-content\/uploads\/2025\/06\/etupiha.jpeg\"},{\"@type\":\"BreadcrumbList\",\"@id\":\"https:\/\/pelican.fi\/en\/access-to-pelican-viiki\/#breadcrumb\",\"itemListElement\":[{\"@type\":\"ListItem\",\"position\":1,\"name\":\"Home\",\"item\":\"https:\/\/pelican.fi\/en\/\"},{\"@type\":\"ListItem\",\"position\":2,\"name\":\"Pelican Viikki instructions\"}]},{\"@type\":\"WebSite\",\"@id\":\"https:\/\/pelican.fi\/en\/#website\",\"url\":\"https:\/\/pelican.fi\/en\/\",\"name\":\"Vuokraa k\u00e4tev\u00e4 varasto\",\"description\":\"Vuokraa varastotila Pelican Self Storagelta. Edulliset hinnat \u2714 Toimipisteet ymp\u00e4ri K\u00f6\u00f6penhaminaa \u2714 Varastotiloja eri kokoisina \u2714 Ilmainen per\u00e4k\u00e4rryn lainaus \u2714\",\"potentialAction\":[{\"@type\":\"SearchAction\",\"target\":{\"@type\":\"EntryPoint\",\"urlTemplate\":\"https:\/\/pelican.fi\/en\/?s={search_term_string}\"},\"query-input\":{\"@type\":\"PropertyValueSpecification\",\"valueRequired\":true,\"valueName\":\"search_term_string\"}}],\"inLanguage\":\"en-US\"}]}<\/script>","yoast_head_json":{"title":"Pelican Viikki instructions | Pelican Self Storage","robots":{"index":"index","follow":"follow","max-snippet":"max-snippet:-1","max-image-preview":"max-image-preview:large","max-video-preview":"max-video-preview:-1"},"canonical":"https:\/\/pelican.fi\/en\/access-to-pelican-viiki\/","og_locale":"en_US","og_type":"article","og_title":"Pelican Viikki instructions","og_description":"1.Arrival Welcome to Pelican Self Storage Viikki!Our customer service is open on weekdays 10-18 and on Saturdays 10-14.In our shop","og_url":"https:\/\/pelican.fi\/en\/access-to-pelican-viiki\/","og_site_name":"Pelican Self Storage","article_publisher":"https:\/\/www.facebook.com\/PelicanSelfStorageDenmark","article_modified_time":"2026-01-27T15:53:18+00:00","og_image":[{"url":"https:\/\/pelican.fi\/wp-content\/uploads\/2025\/06\/etupiha.jpeg","type":"","width":"","height":""}],"twitter_card":"summary_large_image","twitter_misc":{"Est. reading time":"5 minutes"},"schema":{"@context":"https:\/\/schema.org","@graph":[{"@type":"WebPage","@id":"https:\/\/pelican.fi\/en\/access-to-pelican-viiki\/","url":"https:\/\/pelican.fi\/en\/access-to-pelican-viiki\/","name":"Pelican Viikki instructions | Pelican Self Storage","isPartOf":{"@id":"https:\/\/pelican.fi\/en\/#website"},"primaryImageOfPage":{"@id":"https:\/\/pelican.fi\/en\/access-to-pelican-viiki\/#primaryimage"},"image":{"@id":"https:\/\/pelican.fi\/en\/access-to-pelican-viiki\/#primaryimage"},"thumbnailUrl":"https:\/\/pelican.fi\/wp-content\/uploads\/2025\/06\/etupiha.jpeg","datePublished":"2025-06-02T21:02:12+00:00","dateModified":"2026-01-27T15:53:18+00:00","breadcrumb":{"@id":"https:\/\/pelican.fi\/en\/access-to-pelican-viiki\/#breadcrumb"},"inLanguage":"en-US","potentialAction":[{"@type":"ReadAction","target":["https:\/\/pelican.fi\/en\/access-to-pelican-viiki\/"]}]},{"@type":"ImageObject","inLanguage":"en-US","@id":"https:\/\/pelican.fi\/en\/access-to-pelican-viiki\/#primaryimage","url":"https:\/\/pelican.fi\/wp-content\/uploads\/2025\/06\/etupiha.jpeg","contentUrl":"https:\/\/pelican.fi\/wp-content\/uploads\/2025\/06\/etupiha.jpeg"},{"@type":"BreadcrumbList","@id":"https:\/\/pelican.fi\/en\/access-to-pelican-viiki\/#breadcrumb","itemListElement":[{"@type":"ListItem","position":1,"name":"Home","item":"https:\/\/pelican.fi\/en\/"},{"@type":"ListItem","position":2,"name":"Pelican Viikki instructions"}]},{"@type":"WebSite","@id":"https:\/\/pelican.fi\/en\/#website","url":"https:\/\/pelican.fi\/en\/","name":"Vuokraa k\u00e4tev\u00e4 varasto","description":"Vuokraa varastotila Pelican Self Storagelta. Edulliset hinnat \u2714 Toimipisteet ymp\u00e4ri K\u00f6\u00f6penhaminaa \u2714 Varastotiloja eri kokoisina \u2714 Ilmainen per\u00e4k\u00e4rryn lainaus \u2714","potentialAction":[{"@type":"SearchAction","target":{"@type":"EntryPoint","urlTemplate":"https:\/\/pelican.fi\/en\/?s={search_term_string}"},"query-input":{"@type":"PropertyValueSpecification","valueRequired":true,"valueName":"search_term_string"}}],"inLanguage":"en-US"}]}},"_links":{"self":[{"href":"https:\/\/pelican.fi\/en\/wp-json\/wp\/v2\/pages\/16403","targetHints":{"allow":["GET"]}}],"collection":[{"href":"https:\/\/pelican.fi\/en\/wp-json\/wp\/v2\/pages"}],"about":[{"href":"https:\/\/pelican.fi\/en\/wp-json\/wp\/v2\/types\/page"}],"author":[{"embeddable":true,"href":"https:\/\/pelican.fi\/en\/wp-json\/wp\/v2\/users\/9"}],"replies":[{"embeddable":true,"href":"https:\/\/pelican.fi\/en\/wp-json\/wp\/v2\/comments?post=16403"}],"version-history":[{"count":14,"href":"https:\/\/pelican.fi\/en\/wp-json\/wp\/v2\/pages\/16403\/revisions"}],"predecessor-version":[{"id":23027,"href":"https:\/\/pelican.fi\/en\/wp-json\/wp\/v2\/pages\/16403\/revisions\/23027"}],"wp:attachment":[{"href":"https:\/\/pelican.fi\/en\/wp-json\/wp\/v2\/media?parent=16403"}],"curies":[{"name":"wp","href":"https:\/\/api.w.org\/{rel}","templated":true}]}}