{"id":16405,"date":"2025-05-06T10:49:41","date_gmt":"2025-05-06T07:49:41","guid":{"rendered":"https:\/\/pelican.fi\/warehouses-and-services-for-businesses-forrad-och-foretagslosningar-translated-to-en\/"},"modified":"2025-06-24T15:03:43","modified_gmt":"2025-06-24T12:03:43","slug":"storage-and-commercial-solutions","status":"publish","type":"page","link":"https:\/\/pelican.fi\/en\/storage-and-commercial-solutions\/","title":{"rendered":"Storage and commercial solutions"},"content":{"rendered":"\t\t<div data-elementor-type=\"wp-page\" data-elementor-id=\"16405\" class=\"elementor elementor-16405 elementor-11439\" data-elementor-post-type=\"page\">\n\t\t\t\t<div class=\"elementor-element elementor-element-d54e325 e-flex e-con-boxed e-con e-parent\" data-id=\"d54e325\" data-element_type=\"container\" data-e-type=\"container\">\n\t\t\t\t\t<div class=\"e-con-inner\">\n\t\t\t\t<div class=\"elementor-element elementor-element-c93aa3a elementor-widget elementor-widget-wd_text_block\" data-id=\"c93aa3a\" data-element_type=\"widget\" data-e-type=\"widget\" data-widget_type=\"wd_text_block.default\">\n\t\t\t\t<div class=\"elementor-widget-container\">\n\t\t\t\t\t\t\t<div class=\"wd-text-block reset-last-child text-left\">\n\t\t\t\n\t\t\t<p><img loading=\"lazy\" decoding=\"async\" class=\"alignright wp-image-3101\" src=\"http:\/\/pelican.fi\/wp-content\/uploads\/2024\/09\/Service1-150x150.jpg\" alt=\"\" width=\"550\" height=\"367\" srcset=\"https:\/\/pelican.fi\/wp-content\/uploads\/2024\/09\/Service1-300x200.jpg 300w, https:\/\/pelican.fi\/wp-content\/uploads\/2024\/09\/Service1-1024x683.jpg 1024w, https:\/\/pelican.fi\/wp-content\/uploads\/2024\/09\/Service1-768x512.jpg 768w, https:\/\/pelican.fi\/wp-content\/uploads\/2024\/09\/Service1-150x100.jpg 150w, https:\/\/pelican.fi\/wp-content\/uploads\/2024\/09\/Service1.jpg 1200w\" sizes=\"auto, (max-width: 550px) 100vw, 550px\" \/>At Pelican, we have extensive experience in helping business customers with flexible and tailored solutions. Our corporate customers value our security, which we continuously develop and optimise to ensure the best possible protection. With on-site staff in our stores, we are always ready to offer advice and support tailored to your needs. So you can rely on us not only to provide you with a safe and reliable storage solution, but also a partner who will work hard to provide the best possible solutions for your business.   <\/p><p>We offer a wide range of services in addition to just storage space. For example, we can receive your shipments or you can use our waste management service. We are available 5-6 days a week to help you with any questions you may have.  <\/p>\n\t\t\t\t\t<\/div>\n\t\t\t\t\t\t<\/div>\n\t\t\t\t<\/div>\n\t\t\t\t\t<\/div>\n\t\t\t\t<\/div>\n\t\t<div class=\"elementor-element elementor-element-20af1fa9 e-flex e-con-boxed e-con e-parent\" data-id=\"20af1fa9\" data-element_type=\"container\" data-e-type=\"container\">\n\t\t\t\t\t<div class=\"e-con-inner\">\n\t\t<div class=\"elementor-element elementor-element-3aaf92c0 e-con-full e-flex e-con e-child\" data-id=\"3aaf92c0\" data-element_type=\"container\" data-e-type=\"container\" data-settings=\"{&quot;background_background&quot;:&quot;classic&quot;}\">\n\t\t\t\t<div class=\"elementor-element elementor-element-739be318 elementor-widget elementor-widget-image\" data-id=\"739be318\" data-element_type=\"widget\" data-e-type=\"widget\" data-widget_type=\"image.default\">\n\t\t\t\t<div class=\"elementor-widget-container\">\n\t\t\t\t\t\t\t\t\t\t\t\t\t\t\t<img decoding=\"async\" src=\"https:\/\/pelican.fi\/wp-content\/uploads\/2024\/09\/9-m2-scaled.jpg\" title=\"9 m2\" alt=\"9 m2\" loading=\"lazy\" \/>\t\t\t\t\t\t\t\t\t\t\t\t\t\t\t<\/div>\n\t\t\t\t<\/div>\n\t\t\t\t<\/div>\n\t\t<div class=\"elementor-element elementor-element-22f79ccf e-con-full e-flex e-con e-child\" data-id=\"22f79ccf\" data-element_type=\"container\" data-e-type=\"container\" data-settings=\"{&quot;background_background&quot;:&quot;classic&quot;}\">\n\t\t\t\t<div class=\"elementor-element elementor-element-39531b3e wd-width-100 elementor-widget elementor-widget-wd_title\" data-id=\"39531b3e\" data-element_type=\"widget\" data-e-type=\"widget\" data-widget_type=\"wd_title.default\">\n\t\t\t\t<div class=\"elementor-widget-container\">\n\t\t\t\t\t\t\t<div class=\"title-wrapper wd-set-mb reset-last-child wd-title-color-default wd-title-style-default wd-title-size-default text-left\">\n\n\t\t\t\n\t\t\t<div class=\"liner-continer\">\n\t\t\t\t<h4 class=\"woodmart-title-container title wd-fontsize-l\">A quality storage for your business<\/h4> \n\t\t\t\t\t\t\t<\/div>\n\n\t\t\t\t\t\t\t<div class=\"title-after_title reset-last-child wd-fontsize-xs\">\n\t\t\t\t\t<p>Are you looking for 1 - 50 m\u00b2 of storage space that is dry, safe and easily accessible? Then our basic storage facilities could be the right solution for your business. You will have access to a storage space that is not only suitable for your business, but also heated and equipped with state-of-the-art security systems.  <\/p><p>Our standard storages are available at all Pelican locations. They are ideal for professionals, retailers, e-commerce entrepreneurs or even for secure archiving. <\/p>\t\t\t\t<\/div>\n\t\t\t\t\t<\/div>\n\t\t\t\t\t\t<\/div>\n\t\t\t\t<\/div>\n\t\t<div class=\"elementor-element elementor-element-1f9dc193 e-con-full e-flex e-con e-child\" data-id=\"1f9dc193\" data-element_type=\"container\" data-e-type=\"container\">\n\t\t\t\t<div class=\"elementor-element elementor-element-776dc1bc elementor-widget elementor-widget-button\" data-id=\"776dc1bc\" data-element_type=\"widget\" data-e-type=\"widget\" data-widget_type=\"button.default\">\n\t\t\t\t<div class=\"elementor-widget-container\">\n\t\t\t\t\t\t\t\t\t<div class=\"elementor-button-wrapper\">\n\t\t\t\t\t<a class=\"elementor-button elementor-button-link elementor-size-sm\" href=\"https:\/\/pelican.fi\/en\/business-locations\/\">\n\t\t\t\t\t\t<span class=\"elementor-button-content-wrapper\">\n\t\t\t\t\t\t\t\t\t<span class=\"elementor-button-text\">See our locations<\/span>\n\t\t\t\t\t<\/span>\n\t\t\t\t\t<\/a>\n\t\t\t\t<\/div>\n\t\t\t\t\t\t\t\t<\/div>\n\t\t\t\t<\/div>\n\t\t\t\t<\/div>\n\t\t\t\t<\/div>\n\t\t\t\t\t<\/div>\n\t\t\t\t<\/div>\n\t\t<div class=\"elementor-element elementor-element-5a29fe52 e-flex e-con-boxed e-con e-parent\" data-id=\"5a29fe52\" data-element_type=\"container\" data-e-type=\"container\">\n\t\t\t\t\t<div class=\"e-con-inner\">\n\t\t<div class=\"elementor-element elementor-element-742aca4d e-con-full e-flex e-con e-child\" data-id=\"742aca4d\" data-element_type=\"container\" data-e-type=\"container\" data-settings=\"{&quot;background_background&quot;:&quot;classic&quot;}\">\n\t\t<div class=\"elementor-element elementor-element-72f88bc5 e-con-full e-flex e-con e-child\" data-id=\"72f88bc5\" data-element_type=\"container\" data-e-type=\"container\">\n\t\t\t\t<div class=\"elementor-element elementor-element-31637e12 wd-width-100 elementor-widget elementor-widget-wd_title\" data-id=\"31637e12\" data-element_type=\"widget\" data-e-type=\"widget\" data-widget_type=\"wd_title.default\">\n\t\t\t\t<div class=\"elementor-widget-container\">\n\t\t\t\t\t\t\t<div class=\"title-wrapper wd-set-mb reset-last-child wd-title-color-default wd-title-style-default wd-title-size-default text-left\">\n\n\t\t\t\n\t\t\t<div class=\"liner-continer\">\n\t\t\t\t<h4 class=\"woodmart-title-container title wd-fontsize-l\"><\/h4> \n\t\t\t\t\t\t\t<\/div>\n\n\t\t\t\t\t\t\t<div class=\"title-after_title reset-last-child wd-fontsize-xs\">\n\t\t\t\t\t<p>As a Pelican corporate customer, you have access to a number of benefits. For example, you get a short notice period, and you can increase or decrease your stock free of charge according to your company's needs. You may also have access to pump carts, waste bins, consignment reception, Wi-Fi and free coffee in our Pelican stores - as well as access to your storage unit every day from 5.30am to 10pm!  <\/p><p>On top of all this, we have an exceptionally helpful and customer service-minded staff to help you with your everyday needs, big and small.<\/p>\t\t\t\t<\/div>\n\t\t\t\t\t<\/div>\n\t\t\t\t\t\t<\/div>\n\t\t\t\t<\/div>\n\t\t\t\t<div class=\"elementor-element elementor-element-14c13698 elementor-widget elementor-widget-button\" data-id=\"14c13698\" data-element_type=\"widget\" data-e-type=\"widget\" data-widget_type=\"button.default\">\n\t\t\t\t<div class=\"elementor-widget-container\">\n\t\t\t\t\t\t\t\t\t<div class=\"elementor-button-wrapper\">\n\t\t\t\t\t<a class=\"elementor-button elementor-button-link elementor-size-sm\" href=\"https:\/\/pelican.fi\/en\/contact-us\/\">\n\t\t\t\t\t\t<span class=\"elementor-button-content-wrapper\">\n\t\t\t\t\t\t\t\t\t<span class=\"elementor-button-text\">Contact us<\/span>\n\t\t\t\t\t<\/span>\n\t\t\t\t\t<\/a>\n\t\t\t\t<\/div>\n\t\t\t\t\t\t\t\t<\/div>\n\t\t\t\t<\/div>\n\t\t\t\t<\/div>\n\t\t\t\t<\/div>\n\t\t<div class=\"elementor-element elementor-element-f0f3fdd e-con-full e-flex e-con e-child\" data-id=\"f0f3fdd\" data-element_type=\"container\" data-e-type=\"container\" data-settings=\"{&quot;background_background&quot;:&quot;classic&quot;}\">\n\t\t\t\t<div class=\"elementor-element elementor-element-29b19fe5 elementor-widget elementor-widget-image\" data-id=\"29b19fe5\" data-element_type=\"widget\" data-e-type=\"widget\" data-widget_type=\"image.default\">\n\t\t\t\t<div class=\"elementor-widget-container\">\n\t\t\t\t\t\t\t\t\t\t\t\t\t\t\t<img decoding=\"async\" src=\"https:\/\/pelican.fi\/wp-content\/uploads\/2024\/09\/orestadpeople-scaled.jpg\" title=\"orestadpeople\" alt=\"orestadpeople\" loading=\"lazy\" \/>\t\t\t\t\t\t\t\t\t\t\t\t\t\t\t<\/div>\n\t\t\t\t<\/div>\n\t\t\t\t<\/div>\n\t\t\t\t\t<\/div>\n\t\t\t\t<\/div>\n\t\t\t\t<\/div>\n\t\t","protected":false},"excerpt":{"rendered":"<p>At Pelican, we have extensive experience in helping business customers with flexible and tailored solutions. Our corporate customers value our<\/p>\n","protected":false},"author":10,"featured_media":0,"parent":0,"menu_order":0,"comment_status":"closed","ping_status":"closed","template":"elementor_header_footer","meta":{"_acf_changed":false,"inline_featured_image":false,"_lmt_disableupdate":"no","_lmt_disable":"","footnotes":""},"class_list":["post-16405","page","type-page","status-publish","hentry"],"acf":[],"yoast_head":"<title>Storage and commercial solutions | Pelican Self Storage<\/title>\n<meta name=\"robots\" content=\"index, follow, max-snippet:-1, max-image-preview:large, max-video-preview:-1\" \/>\n<link rel=\"canonical\" href=\"https:\/\/pelican.fi\/en\/storage-and-commercial-solutions\/\" \/>\n<meta property=\"og:locale\" content=\"en_US\" \/>\n<meta property=\"og:type\" content=\"article\" \/>\n<meta property=\"og:title\" content=\"Storage and commercial solutions\" \/>\n<meta property=\"og:description\" content=\"At Pelican, we have extensive experience in helping business customers with flexible and tailored solutions. Our corporate customers value our\" \/>\n<meta property=\"og:url\" content=\"https:\/\/pelican.fi\/en\/storage-and-commercial-solutions\/\" \/>\n<meta property=\"og:site_name\" content=\"Pelican Self Storage\" \/>\n<meta property=\"article:publisher\" content=\"https:\/\/www.facebook.com\/PelicanSelfStorageDenmark\" \/>\n<meta property=\"article:modified_time\" content=\"2025-06-24T12:03:43+00:00\" \/>\n<meta property=\"og:image\" content=\"http:\/\/pelican.fi\/wp-content\/uploads\/2024\/09\/Service1-150x150.jpg\" \/>\n<meta name=\"twitter:card\" content=\"summary_large_image\" \/>\n<meta name=\"twitter:label1\" content=\"Est. reading time\" \/>\n\t<meta name=\"twitter:data1\" content=\"2 minutes\" \/>\n<script type=\"application\/ld+json\" class=\"yoast-schema-graph\">{\"@context\":\"https:\/\/schema.org\",\"@graph\":[{\"@type\":\"WebPage\",\"@id\":\"https:\/\/pelican.fi\/en\/storage-and-commercial-solutions\/\",\"url\":\"https:\/\/pelican.fi\/en\/storage-and-commercial-solutions\/\",\"name\":\"Storage and commercial solutions | Pelican Self Storage\",\"isPartOf\":{\"@id\":\"https:\/\/pelican.fi\/en\/#website\"},\"primaryImageOfPage\":{\"@id\":\"https:\/\/pelican.fi\/en\/storage-and-commercial-solutions\/#primaryimage\"},\"image\":{\"@id\":\"https:\/\/pelican.fi\/en\/storage-and-commercial-solutions\/#primaryimage\"},\"thumbnailUrl\":\"http:\/\/pelican.fi\/wp-content\/uploads\/2024\/09\/Service1-150x150.jpg\",\"datePublished\":\"2025-05-06T07:49:41+00:00\",\"dateModified\":\"2025-06-24T12:03:43+00:00\",\"breadcrumb\":{\"@id\":\"https:\/\/pelican.fi\/en\/storage-and-commercial-solutions\/#breadcrumb\"},\"inLanguage\":\"en-US\",\"potentialAction\":[{\"@type\":\"ReadAction\",\"target\":[\"https:\/\/pelican.fi\/en\/storage-and-commercial-solutions\/\"]}]},{\"@type\":\"ImageObject\",\"inLanguage\":\"en-US\",\"@id\":\"https:\/\/pelican.fi\/en\/storage-and-commercial-solutions\/#primaryimage\",\"url\":\"http:\/\/pelican.fi\/wp-content\/uploads\/2024\/09\/Service1-150x150.jpg\",\"contentUrl\":\"http:\/\/pelican.fi\/wp-content\/uploads\/2024\/09\/Service1-150x150.jpg\"},{\"@type\":\"BreadcrumbList\",\"@id\":\"https:\/\/pelican.fi\/en\/storage-and-commercial-solutions\/#breadcrumb\",\"itemListElement\":[{\"@type\":\"ListItem\",\"position\":1,\"name\":\"Home\",\"item\":\"https:\/\/pelican.fi\/en\/\"},{\"@type\":\"ListItem\",\"position\":2,\"name\":\"Storage and commercial solutions\"}]},{\"@type\":\"WebSite\",\"@id\":\"https:\/\/pelican.fi\/en\/#website\",\"url\":\"https:\/\/pelican.fi\/en\/\",\"name\":\"Vuokraa k\u00e4tev\u00e4 varasto\",\"description\":\"Vuokraa varastotila Pelican Self Storagelta. Edulliset hinnat \u2714 Toimipisteet ymp\u00e4ri K\u00f6\u00f6penhaminaa \u2714 Varastotiloja eri kokoisina \u2714 Ilmainen per\u00e4k\u00e4rryn lainaus \u2714\",\"potentialAction\":[{\"@type\":\"SearchAction\",\"target\":{\"@type\":\"EntryPoint\",\"urlTemplate\":\"https:\/\/pelican.fi\/en\/?s={search_term_string}\"},\"query-input\":{\"@type\":\"PropertyValueSpecification\",\"valueRequired\":true,\"valueName\":\"search_term_string\"}}],\"inLanguage\":\"en-US\"}]}<\/script>","yoast_head_json":{"title":"Storage and commercial solutions | Pelican Self Storage","robots":{"index":"index","follow":"follow","max-snippet":"max-snippet:-1","max-image-preview":"max-image-preview:large","max-video-preview":"max-video-preview:-1"},"canonical":"https:\/\/pelican.fi\/en\/storage-and-commercial-solutions\/","og_locale":"en_US","og_type":"article","og_title":"Storage and commercial solutions","og_description":"At Pelican, we have extensive experience in helping business customers with flexible and tailored solutions. Our corporate customers value our","og_url":"https:\/\/pelican.fi\/en\/storage-and-commercial-solutions\/","og_site_name":"Pelican Self Storage","article_publisher":"https:\/\/www.facebook.com\/PelicanSelfStorageDenmark","article_modified_time":"2025-06-24T12:03:43+00:00","og_image":[{"url":"http:\/\/pelican.fi\/wp-content\/uploads\/2024\/09\/Service1-150x150.jpg","type":"","width":"","height":""}],"twitter_card":"summary_large_image","twitter_misc":{"Est. reading time":"2 minutes"},"schema":{"@context":"https:\/\/schema.org","@graph":[{"@type":"WebPage","@id":"https:\/\/pelican.fi\/en\/storage-and-commercial-solutions\/","url":"https:\/\/pelican.fi\/en\/storage-and-commercial-solutions\/","name":"Storage and commercial solutions | Pelican Self Storage","isPartOf":{"@id":"https:\/\/pelican.fi\/en\/#website"},"primaryImageOfPage":{"@id":"https:\/\/pelican.fi\/en\/storage-and-commercial-solutions\/#primaryimage"},"image":{"@id":"https:\/\/pelican.fi\/en\/storage-and-commercial-solutions\/#primaryimage"},"thumbnailUrl":"http:\/\/pelican.fi\/wp-content\/uploads\/2024\/09\/Service1-150x150.jpg","datePublished":"2025-05-06T07:49:41+00:00","dateModified":"2025-06-24T12:03:43+00:00","breadcrumb":{"@id":"https:\/\/pelican.fi\/en\/storage-and-commercial-solutions\/#breadcrumb"},"inLanguage":"en-US","potentialAction":[{"@type":"ReadAction","target":["https:\/\/pelican.fi\/en\/storage-and-commercial-solutions\/"]}]},{"@type":"ImageObject","inLanguage":"en-US","@id":"https:\/\/pelican.fi\/en\/storage-and-commercial-solutions\/#primaryimage","url":"http:\/\/pelican.fi\/wp-content\/uploads\/2024\/09\/Service1-150x150.jpg","contentUrl":"http:\/\/pelican.fi\/wp-content\/uploads\/2024\/09\/Service1-150x150.jpg"},{"@type":"BreadcrumbList","@id":"https:\/\/pelican.fi\/en\/storage-and-commercial-solutions\/#breadcrumb","itemListElement":[{"@type":"ListItem","position":1,"name":"Home","item":"https:\/\/pelican.fi\/en\/"},{"@type":"ListItem","position":2,"name":"Storage and commercial solutions"}]},{"@type":"WebSite","@id":"https:\/\/pelican.fi\/en\/#website","url":"https:\/\/pelican.fi\/en\/","name":"Vuokraa k\u00e4tev\u00e4 varasto","description":"Vuokraa varastotila Pelican Self Storagelta. Edulliset hinnat \u2714 Toimipisteet ymp\u00e4ri K\u00f6\u00f6penhaminaa \u2714 Varastotiloja eri kokoisina \u2714 Ilmainen per\u00e4k\u00e4rryn lainaus \u2714","potentialAction":[{"@type":"SearchAction","target":{"@type":"EntryPoint","urlTemplate":"https:\/\/pelican.fi\/en\/?s={search_term_string}"},"query-input":{"@type":"PropertyValueSpecification","valueRequired":true,"valueName":"search_term_string"}}],"inLanguage":"en-US"}]}},"_links":{"self":[{"href":"https:\/\/pelican.fi\/en\/wp-json\/wp\/v2\/pages\/16405","targetHints":{"allow":["GET"]}}],"collection":[{"href":"https:\/\/pelican.fi\/en\/wp-json\/wp\/v2\/pages"}],"about":[{"href":"https:\/\/pelican.fi\/en\/wp-json\/wp\/v2\/types\/page"}],"author":[{"embeddable":true,"href":"https:\/\/pelican.fi\/en\/wp-json\/wp\/v2\/users\/10"}],"replies":[{"embeddable":true,"href":"https:\/\/pelican.fi\/en\/wp-json\/wp\/v2\/comments?post=16405"}],"version-history":[{"count":6,"href":"https:\/\/pelican.fi\/en\/wp-json\/wp\/v2\/pages\/16405\/revisions"}],"predecessor-version":[{"id":18261,"href":"https:\/\/pelican.fi\/en\/wp-json\/wp\/v2\/pages\/16405\/revisions\/18261"}],"wp:attachment":[{"href":"https:\/\/pelican.fi\/en\/wp-json\/wp\/v2\/media?parent=16405"}],"curies":[{"name":"wp","href":"https:\/\/api.w.org\/{rel}","templated":true}]}}