{"id":16494,"date":"2025-05-06T10:48:57","date_gmt":"2025-05-06T07:48:57","guid":{"rendered":"https:\/\/pelican.fi\/copied-we-help-with-storage-and-removals-trailer-link-still-in-swedish-looks-bad\/"},"modified":"2025-06-25T12:26:30","modified_gmt":"2025-06-25T09:26:30","slug":"we-help-with-storage-and-moving","status":"publish","type":"page","link":"https:\/\/pelican.fi\/en\/we-help-with-storage-and-moving\/","title":{"rendered":"We help with storage and moving"},"content":{"rendered":"\t\t<div data-elementor-type=\"wp-page\" data-elementor-id=\"16494\" class=\"elementor elementor-16494 elementor-11517\" data-elementor-post-type=\"page\">\n\t\t\t\t<div class=\"wd-negative-gap elementor-element elementor-element-61899e5 e-flex e-con-boxed e-con e-parent\" data-id=\"61899e5\" data-element_type=\"container\" data-e-type=\"container\">\n\t\t\t\t\t<div class=\"e-con-inner\">\n\t\t\t\t<div class=\"elementor-element elementor-element-0e4969b elementor-widget elementor-widget-wd_text_block\" data-id=\"0e4969b\" data-element_type=\"widget\" data-e-type=\"widget\" data-widget_type=\"wd_text_block.default\">\n\t\t\t\t<div class=\"elementor-widget-container\">\n\t\t\t\t\t\t\t<div class=\"wd-text-block reset-last-child text-left\">\n\t\t\t\n\t\t\t<p>As moving day approaches, it's good to have a partner to help make the process a little easier. <strong>Pelican Self Storage<\/strong> can help you make your move smooth and stress-free.<\/p><p>Whether you need a professional moving service, space to store your belongings or a free trailer to move yourself, we have a solution. Our partnership <a href=\"https:\/\/muuttohaukat.com\/\"><strong>Muuttohaukat<\/strong><\/a> saves you both time and money, so you can focus on what really matters. <\/p>\n\t\t\t\t\t<\/div>\n\t\t\t\t\t\t<\/div>\n\t\t\t\t<\/div>\n\t\t\t\t\t<\/div>\n\t\t\t\t<\/div>\n\t\t<div class=\"wd-negative-gap elementor-element elementor-element-9475c9b e-flex e-con-boxed e-con e-parent\" data-id=\"9475c9b\" data-element_type=\"container\" data-e-type=\"container\">\n\t\t\t\t\t<div class=\"e-con-inner\">\n\t\t<div class=\"elementor-element elementor-element-c341302 e-con-full e-flex e-con e-child\" data-id=\"c341302\" data-element_type=\"container\" data-e-type=\"container\">\n\t\t\t\t<div class=\"elementor-element elementor-element-0273aca elementor-widget elementor-widget-image\" data-id=\"0273aca\" data-element_type=\"widget\" data-e-type=\"widget\" data-widget_type=\"image.default\">\n\t\t\t\t<div class=\"elementor-widget-container\">\n\t\t\t\t\t\t\t\t\t\t\t\t\t\t\t<img decoding=\"async\" src=\"https:\/\/pelican.fi\/wp-content\/uploads\/2025\/06\/HaukatLastensairaala0003-scaled-1.jpg\" title=\"HaukatLastensairaala0003-scaled.jpg\" alt=\"HaukatLastensairaala0003-scaled.jpg\" loading=\"lazy\" \/>\t\t\t\t\t\t\t\t\t\t\t\t\t\t\t<\/div>\n\t\t\t\t<\/div>\n\t\t\t\t<\/div>\n\t\t<div class=\"elementor-element elementor-element-0582cb8 e-con-full e-flex e-con e-child\" data-id=\"0582cb8\" data-element_type=\"container\" data-e-type=\"container\">\n\t\t<div class=\"elementor-element elementor-element-1517422 e-con-full e-flex e-con e-child\" data-id=\"1517422\" data-element_type=\"container\" data-e-type=\"container\">\n\t\t\t\t<div class=\"elementor-element elementor-element-1471c00 wd-width-100 elementor-widget elementor-widget-wd_title\" data-id=\"1471c00\" data-element_type=\"widget\" data-e-type=\"widget\" data-widget_type=\"wd_title.default\">\n\t\t\t\t<div class=\"elementor-widget-container\">\n\t\t\t\t\t\t\t<div class=\"title-wrapper wd-set-mb reset-last-child wd-title-color-default wd-title-style-default wd-title-size-default text-left\">\n\n\t\t\t\n\t\t\t<div class=\"liner-continer\">\n\t\t\t\t<h4 class=\"woodmart-title-container title wd-fontsize-l\">Big moving day? Make it easy and hassle-free with our partner <\/h4> \n\t\t\t\t\t\t\t<\/div>\n\n\t\t\t\t\t\t\t<div class=\"title-after_title reset-last-child wd-fontsize-xs\">\n\t\t\t\t\t<p><strong>Pelican works with Muuttohaukat<\/strong> which means that as a customer you save up to 20% on moving services. <\/p><p>The offer applies to both private and business moves in the Helsinki metropolitan area and Turku. If you need a larger truck or moving assistance for longer distances, ask us for more information. We can also help with moving boxes, storage facilities and other moving services.  <\/p><p><strong>Contact your nearest Pelican office to find out more about our moving services!<\/strong><\/p>\t\t\t\t<\/div>\n\t\t\t\t\t<\/div>\n\t\t\t\t\t\t<\/div>\n\t\t\t\t<\/div>\n\t\t\t\t<div class=\"elementor-element elementor-element-8d607b1 elementor-widget elementor-widget-button\" data-id=\"8d607b1\" data-element_type=\"widget\" data-e-type=\"widget\" data-widget_type=\"button.default\">\n\t\t\t\t<div class=\"elementor-widget-container\">\n\t\t\t\t\t\t\t\t\t<div class=\"elementor-button-wrapper\">\n\t\t\t\t\t<a class=\"elementor-button elementor-button-link elementor-size-sm\" href=\"https:\/\/pelican.fi\/en\/contact-us\/\">\n\t\t\t\t\t\t<span class=\"elementor-button-content-wrapper\">\n\t\t\t\t\t\t\t\t\t<span class=\"elementor-button-text\">Contact us<\/span>\n\t\t\t\t\t<\/span>\n\t\t\t\t\t<\/a>\n\t\t\t\t<\/div>\n\t\t\t\t\t\t\t\t<\/div>\n\t\t\t\t<\/div>\n\t\t\t\t<\/div>\n\t\t\t\t<\/div>\n\t\t\t\t\t<\/div>\n\t\t\t\t<\/div>\n\t\t<div class=\"wd-negative-gap elementor-element elementor-element-fe8a65f e-flex e-con-boxed e-con e-parent\" data-id=\"fe8a65f\" data-element_type=\"container\" data-e-type=\"container\">\n\t\t\t\t\t<div class=\"e-con-inner\">\n\t\t<div class=\"elementor-element elementor-element-9c0119d e-con-full e-flex e-con e-child\" data-id=\"9c0119d\" data-element_type=\"container\" data-e-type=\"container\" data-settings=\"{&quot;background_background&quot;:&quot;classic&quot;}\">\n\t\t<div class=\"elementor-element elementor-element-c499e54 e-con-full e-flex e-con e-child\" data-id=\"c499e54\" data-element_type=\"container\" data-e-type=\"container\">\n\t\t\t\t<div class=\"elementor-element elementor-element-4ac8942 wd-width-100 elementor-widget elementor-widget-wd_title\" data-id=\"4ac8942\" data-element_type=\"widget\" data-e-type=\"widget\" data-widget_type=\"wd_title.default\">\n\t\t\t\t<div class=\"elementor-widget-container\">\n\t\t\t\t\t\t\t<div class=\"title-wrapper wd-set-mb reset-last-child wd-title-color-default wd-title-style-default wd-title-size-default text-left\">\n\n\t\t\t\n\t\t\t<div class=\"liner-continer\">\n\t\t\t\t<h4 class=\"woodmart-title-container title wd-fontsize-l\">Borrow a trailer for free<\/h4> \n\t\t\t\t\t\t\t<\/div>\n\n\t\t\t\t\t\t\t<div class=\"title-after_title reset-last-child wd-fontsize-xs\">\n\t\t\t\t\t<p>If you want to move yourself, we can still help by providing a free trailer. You can borrow a trailer from us for up to several days - completely free of charge. And you don't have to be our customer to borrow a trailer.  <\/p><p><strong>Find your nearest Pelican store and ask more about our free trailer loan.<\/strong><\/p>\t\t\t\t<\/div>\n\t\t\t\t\t<\/div>\n\t\t\t\t\t\t<\/div>\n\t\t\t\t<\/div>\n\t\t\t\t<div class=\"elementor-element elementor-element-d3b71cb elementor-widget elementor-widget-button\" data-id=\"d3b71cb\" data-element_type=\"widget\" data-e-type=\"widget\" data-widget_type=\"button.default\">\n\t\t\t\t<div class=\"elementor-widget-container\">\n\t\t\t\t\t\t\t\t\t<div class=\"elementor-button-wrapper\">\n\t\t\t\t\t<a class=\"elementor-button elementor-button-link elementor-size-sm\" href=\"https:\/\/pelican.fi\/en\/borrow-a-trailer-for-free\/\">\n\t\t\t\t\t\t<span class=\"elementor-button-content-wrapper\">\n\t\t\t\t\t\t\t\t\t<span class=\"elementor-button-text\">Borrow a trailer<\/span>\n\t\t\t\t\t<\/span>\n\t\t\t\t\t<\/a>\n\t\t\t\t<\/div>\n\t\t\t\t\t\t\t\t<\/div>\n\t\t\t\t<\/div>\n\t\t\t\t<\/div>\n\t\t\t\t<\/div>\n\t\t<div class=\"elementor-element elementor-element-c5608cb e-con-full e-flex e-con e-child\" data-id=\"c5608cb\" data-element_type=\"container\" data-e-type=\"container\">\n\t\t\t\t<div class=\"elementor-element elementor-element-7f903ed elementor-widget elementor-widget-image\" data-id=\"7f903ed\" data-element_type=\"widget\" data-e-type=\"widget\" data-widget_type=\"image.default\">\n\t\t\t\t<div class=\"elementor-widget-container\">\n\t\t\t\t\t\t\t\t\t\t\t\t\t\t\t<img decoding=\"async\" src=\"https:\/\/pelican.fi\/wp-content\/uploads\/2025\/06\/9606bd4c-4be7-43d8-9653-0a79737838e2.jpg\" title=\"9606bd4c-4be7-43d8-9653-0a79737838e2.jpg\" alt=\"9606bd4c-4be7-43d8-9653-0a79737838e2.jpg\" loading=\"lazy\" \/>\t\t\t\t\t\t\t\t\t\t\t\t\t\t\t<\/div>\n\t\t\t\t<\/div>\n\t\t\t\t<\/div>\n\t\t\t\t\t<\/div>\n\t\t\t\t<\/div>\n\t\t<div class=\"wd-negative-gap elementor-element elementor-element-647835f e-flex e-con-boxed e-con e-parent\" data-id=\"647835f\" data-element_type=\"container\" data-e-type=\"container\">\n\t\t\t\t\t<div class=\"e-con-inner\">\n\t\t\t\t\t<\/div>\n\t\t\t\t<\/div>\n\t\t\t\t<\/div>\n\t\t","protected":false},"excerpt":{"rendered":"<p>As moving day approaches, it&#8217;s good to have a partner to help make the process a little easier. Pelican Self<\/p>\n","protected":false},"author":1,"featured_media":0,"parent":0,"menu_order":0,"comment_status":"closed","ping_status":"closed","template":"elementor_header_footer","meta":{"_acf_changed":false,"inline_featured_image":false,"_lmt_disableupdate":"no","_lmt_disable":"","footnotes":""},"class_list":["post-16494","page","type-page","status-publish","hentry"],"acf":[],"yoast_head":"<title>We help with storage and moving | Pelican Self Storage<\/title>\n<meta name=\"robots\" content=\"index, follow, max-snippet:-1, max-image-preview:large, max-video-preview:-1\" \/>\n<link rel=\"canonical\" href=\"https:\/\/pelican.fi\/en\/we-help-with-storage-and-moving\/\" \/>\n<meta property=\"og:locale\" content=\"en_US\" \/>\n<meta property=\"og:type\" content=\"article\" \/>\n<meta property=\"og:title\" content=\"We help with storage and moving\" \/>\n<meta property=\"og:description\" content=\"As moving day approaches, it&#8217;s good to have a partner to help make the process a little easier. Pelican Self\" \/>\n<meta property=\"og:url\" content=\"https:\/\/pelican.fi\/en\/we-help-with-storage-and-moving\/\" \/>\n<meta property=\"og:site_name\" content=\"Pelican Self Storage\" \/>\n<meta property=\"article:publisher\" content=\"https:\/\/www.facebook.com\/PelicanSelfStorageDenmark\" \/>\n<meta property=\"article:modified_time\" content=\"2025-06-25T09:26:30+00:00\" \/>\n<meta property=\"og:image\" content=\"https:\/\/pelican.fi\/wp-content\/uploads\/2025\/06\/HaukatLastensairaala0003-scaled-1.jpg\" \/>\n<meta name=\"twitter:card\" content=\"summary_large_image\" \/>\n<meta name=\"twitter:label1\" content=\"Est. reading time\" \/>\n\t<meta name=\"twitter:data1\" content=\"2 minutes\" \/>\n<script type=\"application\/ld+json\" class=\"yoast-schema-graph\">{\"@context\":\"https:\\\/\\\/schema.org\",\"@graph\":[{\"@type\":\"WebPage\",\"@id\":\"https:\\\/\\\/pelican.fi\\\/en\\\/we-help-with-storage-and-moving\\\/\",\"url\":\"https:\\\/\\\/pelican.fi\\\/en\\\/we-help-with-storage-and-moving\\\/\",\"name\":\"We help with storage and moving | Pelican Self Storage\",\"isPartOf\":{\"@id\":\"https:\\\/\\\/pelican.fi\\\/en\\\/#website\"},\"primaryImageOfPage\":{\"@id\":\"https:\\\/\\\/pelican.fi\\\/en\\\/we-help-with-storage-and-moving\\\/#primaryimage\"},\"image\":{\"@id\":\"https:\\\/\\\/pelican.fi\\\/en\\\/we-help-with-storage-and-moving\\\/#primaryimage\"},\"thumbnailUrl\":\"https:\\\/\\\/pelican.fi\\\/wp-content\\\/uploads\\\/2025\\\/06\\\/HaukatLastensairaala0003-scaled-1.jpg\",\"datePublished\":\"2025-05-06T07:48:57+00:00\",\"dateModified\":\"2025-06-25T09:26:30+00:00\",\"breadcrumb\":{\"@id\":\"https:\\\/\\\/pelican.fi\\\/en\\\/we-help-with-storage-and-moving\\\/#breadcrumb\"},\"inLanguage\":\"en-US\",\"potentialAction\":[{\"@type\":\"ReadAction\",\"target\":[\"https:\\\/\\\/pelican.fi\\\/en\\\/we-help-with-storage-and-moving\\\/\"]}]},{\"@type\":\"ImageObject\",\"inLanguage\":\"en-US\",\"@id\":\"https:\\\/\\\/pelican.fi\\\/en\\\/we-help-with-storage-and-moving\\\/#primaryimage\",\"url\":\"https:\\\/\\\/pelican.fi\\\/wp-content\\\/uploads\\\/2025\\\/06\\\/HaukatLastensairaala0003-scaled-1.jpg\",\"contentUrl\":\"https:\\\/\\\/pelican.fi\\\/wp-content\\\/uploads\\\/2025\\\/06\\\/HaukatLastensairaala0003-scaled-1.jpg\"},{\"@type\":\"BreadcrumbList\",\"@id\":\"https:\\\/\\\/pelican.fi\\\/en\\\/we-help-with-storage-and-moving\\\/#breadcrumb\",\"itemListElement\":[{\"@type\":\"ListItem\",\"position\":1,\"name\":\"Home\",\"item\":\"https:\\\/\\\/pelican.fi\\\/en\\\/\"},{\"@type\":\"ListItem\",\"position\":2,\"name\":\"We help with storage and moving\"}]},{\"@type\":\"WebSite\",\"@id\":\"https:\\\/\\\/pelican.fi\\\/en\\\/#website\",\"url\":\"https:\\\/\\\/pelican.fi\\\/en\\\/\",\"name\":\"Vuokraa k\u00e4tev\u00e4 varasto\",\"description\":\"Vuokraa varastotila Pelican Self Storagelta. Edulliset hinnat \u2714 Toimipisteet ymp\u00e4ri K\u00f6\u00f6penhaminaa \u2714 Varastotiloja eri kokoisina \u2714 Ilmainen per\u00e4k\u00e4rryn lainaus \u2714\",\"potentialAction\":[{\"@type\":\"SearchAction\",\"target\":{\"@type\":\"EntryPoint\",\"urlTemplate\":\"https:\\\/\\\/pelican.fi\\\/en\\\/?s={search_term_string}\"},\"query-input\":{\"@type\":\"PropertyValueSpecification\",\"valueRequired\":true,\"valueName\":\"search_term_string\"}}],\"inLanguage\":\"en-US\"}]}<\/script>","yoast_head_json":{"title":"We help with storage and moving | Pelican Self Storage","robots":{"index":"index","follow":"follow","max-snippet":"max-snippet:-1","max-image-preview":"max-image-preview:large","max-video-preview":"max-video-preview:-1"},"canonical":"https:\/\/pelican.fi\/en\/we-help-with-storage-and-moving\/","og_locale":"en_US","og_type":"article","og_title":"We help with storage and moving","og_description":"As moving day approaches, it&#8217;s good to have a partner to help make the process a little easier. Pelican Self","og_url":"https:\/\/pelican.fi\/en\/we-help-with-storage-and-moving\/","og_site_name":"Pelican Self Storage","article_publisher":"https:\/\/www.facebook.com\/PelicanSelfStorageDenmark","article_modified_time":"2025-06-25T09:26:30+00:00","og_image":[{"url":"https:\/\/pelican.fi\/wp-content\/uploads\/2025\/06\/HaukatLastensairaala0003-scaled-1.jpg","type":"","width":"","height":""}],"twitter_card":"summary_large_image","twitter_misc":{"Est. reading time":"2 minutes"},"schema":{"@context":"https:\/\/schema.org","@graph":[{"@type":"WebPage","@id":"https:\/\/pelican.fi\/en\/we-help-with-storage-and-moving\/","url":"https:\/\/pelican.fi\/en\/we-help-with-storage-and-moving\/","name":"We help with storage and moving | Pelican Self Storage","isPartOf":{"@id":"https:\/\/pelican.fi\/en\/#website"},"primaryImageOfPage":{"@id":"https:\/\/pelican.fi\/en\/we-help-with-storage-and-moving\/#primaryimage"},"image":{"@id":"https:\/\/pelican.fi\/en\/we-help-with-storage-and-moving\/#primaryimage"},"thumbnailUrl":"https:\/\/pelican.fi\/wp-content\/uploads\/2025\/06\/HaukatLastensairaala0003-scaled-1.jpg","datePublished":"2025-05-06T07:48:57+00:00","dateModified":"2025-06-25T09:26:30+00:00","breadcrumb":{"@id":"https:\/\/pelican.fi\/en\/we-help-with-storage-and-moving\/#breadcrumb"},"inLanguage":"en-US","potentialAction":[{"@type":"ReadAction","target":["https:\/\/pelican.fi\/en\/we-help-with-storage-and-moving\/"]}]},{"@type":"ImageObject","inLanguage":"en-US","@id":"https:\/\/pelican.fi\/en\/we-help-with-storage-and-moving\/#primaryimage","url":"https:\/\/pelican.fi\/wp-content\/uploads\/2025\/06\/HaukatLastensairaala0003-scaled-1.jpg","contentUrl":"https:\/\/pelican.fi\/wp-content\/uploads\/2025\/06\/HaukatLastensairaala0003-scaled-1.jpg"},{"@type":"BreadcrumbList","@id":"https:\/\/pelican.fi\/en\/we-help-with-storage-and-moving\/#breadcrumb","itemListElement":[{"@type":"ListItem","position":1,"name":"Home","item":"https:\/\/pelican.fi\/en\/"},{"@type":"ListItem","position":2,"name":"We help with storage and moving"}]},{"@type":"WebSite","@id":"https:\/\/pelican.fi\/en\/#website","url":"https:\/\/pelican.fi\/en\/","name":"Vuokraa k\u00e4tev\u00e4 varasto","description":"Vuokraa varastotila Pelican Self Storagelta. Edulliset hinnat \u2714 Toimipisteet ymp\u00e4ri K\u00f6\u00f6penhaminaa \u2714 Varastotiloja eri kokoisina \u2714 Ilmainen per\u00e4k\u00e4rryn lainaus \u2714","potentialAction":[{"@type":"SearchAction","target":{"@type":"EntryPoint","urlTemplate":"https:\/\/pelican.fi\/en\/?s={search_term_string}"},"query-input":{"@type":"PropertyValueSpecification","valueRequired":true,"valueName":"search_term_string"}}],"inLanguage":"en-US"}]}},"_links":{"self":[{"href":"https:\/\/pelican.fi\/en\/wp-json\/wp\/v2\/pages\/16494","targetHints":{"allow":["GET"]}}],"collection":[{"href":"https:\/\/pelican.fi\/en\/wp-json\/wp\/v2\/pages"}],"about":[{"href":"https:\/\/pelican.fi\/en\/wp-json\/wp\/v2\/types\/page"}],"author":[{"embeddable":true,"href":"https:\/\/pelican.fi\/en\/wp-json\/wp\/v2\/users\/1"}],"replies":[{"embeddable":true,"href":"https:\/\/pelican.fi\/en\/wp-json\/wp\/v2\/comments?post=16494"}],"version-history":[{"count":8,"href":"https:\/\/pelican.fi\/en\/wp-json\/wp\/v2\/pages\/16494\/revisions"}],"predecessor-version":[{"id":18670,"href":"https:\/\/pelican.fi\/en\/wp-json\/wp\/v2\/pages\/16494\/revisions\/18670"}],"wp:attachment":[{"href":"https:\/\/pelican.fi\/en\/wp-json\/wp\/v2\/media?parent=16494"}],"curies":[{"name":"wp","href":"https:\/\/api.w.org\/{rel}","templated":true}]}}