{"id":16498,"date":"2025-05-06T10:48:01","date_gmt":"2025-05-06T08:48:01","guid":{"rendered":"https:\/\/pelican.fi\/copied-organise-your-home-in-30-days-page-layout-looks-bad-english-site-not-checked\/"},"modified":"2025-06-10T01:26:45","modified_gmt":"2025-06-09T23:26:45","slug":"organise-your-home-in-30-days","status":"publish","type":"page","link":"https:\/\/pelican.fi\/en\/organise-your-home-in-30-days\/","title":{"rendered":"Organise your home in 30 days"},"content":{"rendered":"\t\t<div data-elementor-type=\"wp-page\" data-elementor-id=\"16498\" class=\"elementor elementor-16498 elementor-11470\" data-elementor-post-type=\"page\">\n\t\t\t\t<div class=\"wd-negative-gap elementor-element elementor-element-b8dac2c e-flex e-con-boxed e-con e-parent\" data-id=\"b8dac2c\" data-element_type=\"container\" data-e-type=\"container\">\n\t\t\t\t\t<div class=\"e-con-inner\">\n\t\t<div class=\"elementor-element elementor-element-db62f9c e-con-full e-flex e-con e-child\" data-id=\"db62f9c\" data-element_type=\"container\" data-e-type=\"container\">\n\t\t\t\t<div class=\"elementor-element elementor-element-290a0c9 elementor-widget elementor-widget-image\" data-id=\"290a0c9\" data-element_type=\"widget\" data-e-type=\"widget\" data-widget_type=\"image.default\">\n\t\t\t\t<div class=\"elementor-widget-container\">\n\t\t\t\t\t\t\t\t\t\t\t\t\t\t\t<img decoding=\"async\" src=\"https:\/\/pelican.fi\/wp-content\/uploads\/2025\/06\/iStock-928287818-scaled-1.jpg\" title=\"iStock-928287818-scaled.jpg\" alt=\"iStock-928287818-scaled.jpg\" loading=\"lazy\" \/>\t\t\t\t\t\t\t\t\t\t\t\t\t\t\t<\/div>\n\t\t\t\t<\/div>\n\t\t\t\t<\/div>\n\t\t<div class=\"elementor-element elementor-element-3ac2019 e-con-full e-flex e-con e-child\" data-id=\"3ac2019\" data-element_type=\"container\" data-e-type=\"container\" data-settings=\"{&quot;background_background&quot;:&quot;classic&quot;}\">\n\t\t<div class=\"elementor-element elementor-element-698534f e-con-full e-flex e-con e-child\" data-id=\"698534f\" data-element_type=\"container\" data-e-type=\"container\">\n\t\t\t\t<div class=\"elementor-element elementor-element-05c1b0a wd-width-100 elementor-widget elementor-widget-wd_title\" data-id=\"05c1b0a\" data-element_type=\"widget\" data-e-type=\"widget\" data-widget_type=\"wd_title.default\">\n\t\t\t\t<div class=\"elementor-widget-container\">\n\t\t\t\t\t\t\t<div class=\"title-wrapper wd-set-mb reset-last-child wd-title-color-default wd-title-style-default wd-title-size-default text-left\">\n\n\t\t\t\n\t\t\t<div class=\"liner-continer\">\n\t\t\t\t<h4 class=\"woodmart-title-container title wd-fontsize-l\">Organise your home in just 30 days - dare to take up the challenge?<\/h4> \n\t\t\t\t\t\t\t<\/div>\n\n\t\t\t\t\t\t\t<div class=\"title-after_title reset-last-child wd-fontsize-xs\">\n\t\t\t\t\t<p>Organising your entire home at once can seem like an overwhelming project. But don't worry! With the help of American professional organiser Ellen Delap, we've put together a month-long to-do list to help you organise your home one step at a time. This will make your everyday life smoother and more functional than ever before.   <\/p>\t\t\t\t<\/div>\n\t\t\t\t\t<\/div>\n\t\t\t\t\t\t<\/div>\n\t\t\t\t<\/div>\n\t\t\t\t<\/div>\n\t\t\t\t<\/div>\n\t\t\t\t\t<\/div>\n\t\t\t\t<\/div>\n\t\t<div class=\"wd-negative-gap elementor-element elementor-element-d41479d e-flex e-con-boxed e-con e-parent\" data-id=\"d41479d\" data-element_type=\"container\" data-e-type=\"container\">\n\t\t\t\t\t<div class=\"e-con-inner\">\n\t\t\t\t<div class=\"elementor-element elementor-element-623b411 elementor-widget elementor-widget-wd_text_block\" data-id=\"623b411\" data-element_type=\"widget\" data-e-type=\"widget\" data-widget_type=\"wd_text_block.default\">\n\t\t\t\t<div class=\"elementor-widget-container\">\n\t\t\t\t\t\t\t<div class=\"wd-text-block reset-last-child text-left\">\n\t\t\t\n\t\t\t<p><strong>Remember that things don't always have to be sold, donated, recycled or thrown away.<\/strong><br>You can also keep the most important things that seem unnecessary at the moment. A small, well-organised storage space is a great extension of your home. <\/p><h3>Day 1: Set goals<\/h3><p>Think about what you want to achieve by organising your home. Write down your goals and add daily tasks to your calendar. That way you won't forget what to do and you'll move steadily towards your goal.  <\/p><h3>Day 2: Table tops full of random stuff<\/h3><p>Take a day to go through the levels of your home, such as kitchen worktops, coffee tables and bookshelves. It's easy to accumulate items on these surfaces that already have a place - or belong in recycling or the trash. <\/p><hr><h3><strong>Kitchen<\/strong><\/h3><p><strong>Day 3:<\/strong> Groceries<br><strong>Day 4:<\/strong> Fridge<br><strong>Day 5:<\/strong> Freezer<br><strong>Day 6:<\/strong> Glasses, mugs, plates, cutlery<br><strong>Day 7:<\/strong> Cooking and serving utensils and storage<br><strong>Day 8:<\/strong> Small accessories (bottle and can openers) and small appliances<br><strong>Day 9:<\/strong> Boxes and cabinets for \u201crandom\u201d items<br><strong>Day 10:<\/strong> Dish drawer and base cabinet<\/p><hr><h3><strong>Wardrobe<\/strong><\/h3><p><strong>Day 11:<\/strong> Clothing<br><strong>Day 12:<\/strong> Outdoor clothing and accessories<br><strong>Day 13:<\/strong> Personal clothing<br><strong>Day 14:<\/strong> Shoes<br><strong>Day 15:<\/strong> Bags, backpacks and suitcases<br><strong>Day 16:<\/strong> Accessories such as belts, scarves, ties, hats and jewellery<br><strong>Day 17:<\/strong> Bed linen, towels and decorative items<\/p><hr><h3><strong>Miscellaneous<\/strong><\/h3><p><strong>Day 18:<\/strong> Bathroom mirror cabinet<br><strong>Day 19:<\/strong> Cosmetics, skincare and toiletries<br><strong>Day 20:<\/strong> Washing machine, dryer and utility room<br><strong>Day 21:<\/strong> Medicine cabinet<\/p><hr><h3><strong>Miscellaneous<\/strong><\/h3><p><strong>Day 22:<\/strong> Papers, tickets and notes<br><strong>Day 23:<\/strong> Cleaning cupboard<br><strong>Day 24:<\/strong> Cupboards and drawers in the hallway<br><strong>Day 25:<\/strong> Books and bookshelves<br><strong>Day 26:<\/strong> Old electronic equipment<br><strong>Day 27:<\/strong> Children's clothes<br><strong>Day 28:<\/strong> Toys and other accessories<br><strong>Day 29:<\/strong> Bedroom boxes<br><strong>Day 30:<\/strong> Living room and dining room cupboards and drawers<\/p><hr><h3>Use Pelican as a warehouse<\/h3><p>Interested in learning more about our storage solutions?  <a href=\"https:\/\/pelican.fi\/en\/contact-us\/\">Contact us!<\/a><\/p>\n\t\t\t\t\t<\/div>\n\t\t\t\t\t\t<\/div>\n\t\t\t\t<\/div>\n\t\t\t\t\t<\/div>\n\t\t\t\t<\/div>\n\t\t\t\t<\/div>\n\t\t","protected":false},"excerpt":{"rendered":"<p>Organise your home in just 30 days &#8211; dare to take up the challenge? Organising your entire home at once<\/p>\n","protected":false},"author":1,"featured_media":0,"parent":0,"menu_order":0,"comment_status":"closed","ping_status":"closed","template":"elementor_header_footer","meta":{"_acf_changed":false,"inline_featured_image":false,"_lmt_disableupdate":"no","_lmt_disable":"","footnotes":""},"class_list":["post-16498","page","type-page","status-publish","hentry"],"acf":[],"yoast_head":"<title>Organise your home in 30 days | Pelican Self Storage<\/title>\n<meta name=\"robots\" content=\"index, follow, max-snippet:-1, max-image-preview:large, max-video-preview:-1\" \/>\n<link rel=\"canonical\" href=\"https:\/\/pelican.fi\/en\/organise-your-home-in-30-days\/\" \/>\n<meta property=\"og:locale\" content=\"en_US\" \/>\n<meta property=\"og:type\" content=\"article\" \/>\n<meta property=\"og:title\" content=\"Organise your home in 30 days\" \/>\n<meta property=\"og:description\" content=\"Organise your home in just 30 days &#8211; dare to take up the challenge? Organising your entire home at once\" \/>\n<meta property=\"og:url\" content=\"https:\/\/pelican.fi\/en\/organise-your-home-in-30-days\/\" \/>\n<meta property=\"og:site_name\" content=\"Pelican Self Storage\" \/>\n<meta property=\"article:publisher\" content=\"https:\/\/www.facebook.com\/PelicanSelfStorageDenmark\" \/>\n<meta property=\"article:modified_time\" content=\"2025-06-09T23:26:45+00:00\" \/>\n<meta property=\"og:image\" content=\"https:\/\/pelican.fi\/wp-content\/uploads\/2025\/06\/iStock-928287818-scaled-1.jpg\" \/>\n<meta name=\"twitter:card\" content=\"summary_large_image\" \/>\n<meta name=\"twitter:label1\" content=\"Est. reading time\" \/>\n\t<meta name=\"twitter:data1\" content=\"2 minutes\" \/>\n<script type=\"application\/ld+json\" class=\"yoast-schema-graph\">{\"@context\":\"https:\/\/schema.org\",\"@graph\":[{\"@type\":\"WebPage\",\"@id\":\"https:\/\/pelican.fi\/en\/organise-your-home-in-30-days\/\",\"url\":\"https:\/\/pelican.fi\/en\/organise-your-home-in-30-days\/\",\"name\":\"Organise your home in 30 days | Pelican Self Storage\",\"isPartOf\":{\"@id\":\"https:\/\/pelican.fi\/en\/#website\"},\"primaryImageOfPage\":{\"@id\":\"https:\/\/pelican.fi\/en\/organise-your-home-in-30-days\/#primaryimage\"},\"image\":{\"@id\":\"https:\/\/pelican.fi\/en\/organise-your-home-in-30-days\/#primaryimage\"},\"thumbnailUrl\":\"https:\/\/pelican.fi\/wp-content\/uploads\/2025\/06\/iStock-928287818-scaled-1.jpg\",\"datePublished\":\"2025-05-06T08:48:01+00:00\",\"dateModified\":\"2025-06-09T23:26:45+00:00\",\"breadcrumb\":{\"@id\":\"https:\/\/pelican.fi\/en\/organise-your-home-in-30-days\/#breadcrumb\"},\"inLanguage\":\"en-US\",\"potentialAction\":[{\"@type\":\"ReadAction\",\"target\":[\"https:\/\/pelican.fi\/en\/organise-your-home-in-30-days\/\"]}]},{\"@type\":\"ImageObject\",\"inLanguage\":\"en-US\",\"@id\":\"https:\/\/pelican.fi\/en\/organise-your-home-in-30-days\/#primaryimage\",\"url\":\"https:\/\/pelican.fi\/wp-content\/uploads\/2025\/06\/iStock-928287818-scaled-1.jpg\",\"contentUrl\":\"https:\/\/pelican.fi\/wp-content\/uploads\/2025\/06\/iStock-928287818-scaled-1.jpg\"},{\"@type\":\"BreadcrumbList\",\"@id\":\"https:\/\/pelican.fi\/en\/organise-your-home-in-30-days\/#breadcrumb\",\"itemListElement\":[{\"@type\":\"ListItem\",\"position\":1,\"name\":\"Home\",\"item\":\"https:\/\/pelican.fi\/en\/\"},{\"@type\":\"ListItem\",\"position\":2,\"name\":\"Organise your home in 30 days\"}]},{\"@type\":\"WebSite\",\"@id\":\"https:\/\/pelican.fi\/en\/#website\",\"url\":\"https:\/\/pelican.fi\/en\/\",\"name\":\"Vuokraa k\u00e4tev\u00e4 varasto\",\"description\":\"Vuokraa varastotila Pelican Self Storagelta. Edulliset hinnat \u2714 Toimipisteet ymp\u00e4ri K\u00f6\u00f6penhaminaa \u2714 Varastotiloja eri kokoisina \u2714 Ilmainen per\u00e4k\u00e4rryn lainaus \u2714\",\"potentialAction\":[{\"@type\":\"SearchAction\",\"target\":{\"@type\":\"EntryPoint\",\"urlTemplate\":\"https:\/\/pelican.fi\/en\/?s={search_term_string}\"},\"query-input\":{\"@type\":\"PropertyValueSpecification\",\"valueRequired\":true,\"valueName\":\"search_term_string\"}}],\"inLanguage\":\"en-US\"}]}<\/script>","yoast_head_json":{"title":"Organise your home in 30 days | Pelican Self Storage","robots":{"index":"index","follow":"follow","max-snippet":"max-snippet:-1","max-image-preview":"max-image-preview:large","max-video-preview":"max-video-preview:-1"},"canonical":"https:\/\/pelican.fi\/en\/organise-your-home-in-30-days\/","og_locale":"en_US","og_type":"article","og_title":"Organise your home in 30 days","og_description":"Organise your home in just 30 days &#8211; dare to take up the challenge? Organising your entire home at once","og_url":"https:\/\/pelican.fi\/en\/organise-your-home-in-30-days\/","og_site_name":"Pelican Self Storage","article_publisher":"https:\/\/www.facebook.com\/PelicanSelfStorageDenmark","article_modified_time":"2025-06-09T23:26:45+00:00","og_image":[{"url":"https:\/\/pelican.fi\/wp-content\/uploads\/2025\/06\/iStock-928287818-scaled-1.jpg","type":"","width":"","height":""}],"twitter_card":"summary_large_image","twitter_misc":{"Est. reading time":"2 minutes"},"schema":{"@context":"https:\/\/schema.org","@graph":[{"@type":"WebPage","@id":"https:\/\/pelican.fi\/en\/organise-your-home-in-30-days\/","url":"https:\/\/pelican.fi\/en\/organise-your-home-in-30-days\/","name":"Organise your home in 30 days | Pelican Self Storage","isPartOf":{"@id":"https:\/\/pelican.fi\/en\/#website"},"primaryImageOfPage":{"@id":"https:\/\/pelican.fi\/en\/organise-your-home-in-30-days\/#primaryimage"},"image":{"@id":"https:\/\/pelican.fi\/en\/organise-your-home-in-30-days\/#primaryimage"},"thumbnailUrl":"https:\/\/pelican.fi\/wp-content\/uploads\/2025\/06\/iStock-928287818-scaled-1.jpg","datePublished":"2025-05-06T08:48:01+00:00","dateModified":"2025-06-09T23:26:45+00:00","breadcrumb":{"@id":"https:\/\/pelican.fi\/en\/organise-your-home-in-30-days\/#breadcrumb"},"inLanguage":"en-US","potentialAction":[{"@type":"ReadAction","target":["https:\/\/pelican.fi\/en\/organise-your-home-in-30-days\/"]}]},{"@type":"ImageObject","inLanguage":"en-US","@id":"https:\/\/pelican.fi\/en\/organise-your-home-in-30-days\/#primaryimage","url":"https:\/\/pelican.fi\/wp-content\/uploads\/2025\/06\/iStock-928287818-scaled-1.jpg","contentUrl":"https:\/\/pelican.fi\/wp-content\/uploads\/2025\/06\/iStock-928287818-scaled-1.jpg"},{"@type":"BreadcrumbList","@id":"https:\/\/pelican.fi\/en\/organise-your-home-in-30-days\/#breadcrumb","itemListElement":[{"@type":"ListItem","position":1,"name":"Home","item":"https:\/\/pelican.fi\/en\/"},{"@type":"ListItem","position":2,"name":"Organise your home in 30 days"}]},{"@type":"WebSite","@id":"https:\/\/pelican.fi\/en\/#website","url":"https:\/\/pelican.fi\/en\/","name":"Vuokraa k\u00e4tev\u00e4 varasto","description":"Vuokraa varastotila Pelican Self Storagelta. Edulliset hinnat \u2714 Toimipisteet ymp\u00e4ri K\u00f6\u00f6penhaminaa \u2714 Varastotiloja eri kokoisina \u2714 Ilmainen per\u00e4k\u00e4rryn lainaus \u2714","potentialAction":[{"@type":"SearchAction","target":{"@type":"EntryPoint","urlTemplate":"https:\/\/pelican.fi\/en\/?s={search_term_string}"},"query-input":{"@type":"PropertyValueSpecification","valueRequired":true,"valueName":"search_term_string"}}],"inLanguage":"en-US"}]}},"_links":{"self":[{"href":"https:\/\/pelican.fi\/en\/wp-json\/wp\/v2\/pages\/16498","targetHints":{"allow":["GET"]}}],"collection":[{"href":"https:\/\/pelican.fi\/en\/wp-json\/wp\/v2\/pages"}],"about":[{"href":"https:\/\/pelican.fi\/en\/wp-json\/wp\/v2\/types\/page"}],"author":[{"embeddable":true,"href":"https:\/\/pelican.fi\/en\/wp-json\/wp\/v2\/users\/1"}],"replies":[{"embeddable":true,"href":"https:\/\/pelican.fi\/en\/wp-json\/wp\/v2\/comments?post=16498"}],"version-history":[{"count":2,"href":"https:\/\/pelican.fi\/en\/wp-json\/wp\/v2\/pages\/16498\/revisions"}],"predecessor-version":[{"id":16541,"href":"https:\/\/pelican.fi\/en\/wp-json\/wp\/v2\/pages\/16498\/revisions\/16541"}],"wp:attachment":[{"href":"https:\/\/pelican.fi\/en\/wp-json\/wp\/v2\/media?parent=16498"}],"curies":[{"name":"wp","href":"https:\/\/api.w.org\/{rel}","templated":true}]}}