{"id":16502,"date":"2025-05-06T10:48:21","date_gmt":"2025-05-06T08:48:21","guid":{"rendered":"https:\/\/pelican.fi\/copied-how-to-help-your-parents-clear-out-the-clutter-english-site-button-takes-you-to-swe-b2b-site-english-site-not-done\/"},"modified":"2025-06-10T01:27:33","modified_gmt":"2025-06-09T23:27:33","slug":"how-to-help-your-parents-clear-out-the-clutter","status":"publish","type":"page","link":"https:\/\/pelican.fi\/en\/how-to-help-your-parents-clear-out-the-clutter\/","title":{"rendered":"How to help your parents clear out the clutter"},"content":{"rendered":"\t\t<div data-elementor-type=\"wp-page\" data-elementor-id=\"16502\" class=\"elementor elementor-16502 elementor-11501\" data-elementor-post-type=\"page\">\n\t\t\t\t<div class=\"wd-negative-gap elementor-element elementor-element-d8fc205 e-flex e-con-boxed e-con e-parent\" data-id=\"d8fc205\" data-element_type=\"container\" data-e-type=\"container\">\n\t\t\t\t\t<div class=\"e-con-inner\">\n\t\t<div class=\"elementor-element elementor-element-514686f e-con-full e-flex e-con e-child\" data-id=\"514686f\" data-element_type=\"container\" data-e-type=\"container\">\n\t\t\t\t<div class=\"elementor-element elementor-element-78ea01e elementor-widget elementor-widget-image\" data-id=\"78ea01e\" data-element_type=\"widget\" data-e-type=\"widget\" data-widget_type=\"image.default\">\n\t\t\t\t<div class=\"elementor-widget-container\">\n\t\t\t\t\t\t\t\t\t\t\t\t\t\t\t<img decoding=\"async\" src=\"https:\/\/pelican.fi\/wp-content\/uploads\/2025\/06\/iStock-1137923270-scaled-1.jpg\" title=\"iStock-1137923270-scaled.jpg\" alt=\"iStock-1137923270-scaled.jpg\" loading=\"lazy\" \/>\t\t\t\t\t\t\t\t\t\t\t\t\t\t\t<\/div>\n\t\t\t\t<\/div>\n\t\t\t\t<\/div>\n\t\t<div class=\"elementor-element elementor-element-97e0d37 e-con-full e-flex e-con e-child\" data-id=\"97e0d37\" data-element_type=\"container\" data-e-type=\"container\" data-settings=\"{&quot;background_background&quot;:&quot;classic&quot;}\">\n\t\t<div class=\"elementor-element elementor-element-026313d e-con-full e-flex e-con e-child\" data-id=\"026313d\" data-element_type=\"container\" data-e-type=\"container\">\n\t\t\t\t<div class=\"elementor-element elementor-element-5c12479 wd-width-100 elementor-widget elementor-widget-wd_title\" data-id=\"5c12479\" data-element_type=\"widget\" data-e-type=\"widget\" data-widget_type=\"wd_title.default\">\n\t\t\t\t<div class=\"elementor-widget-container\">\n\t\t\t\t\t\t\t<div class=\"title-wrapper wd-set-mb reset-last-child wd-title-color-default wd-title-style-default wd-title-size-default text-left\">\n\n\t\t\t\n\t\t\t<div class=\"liner-continer\">\n\t\t\t\t<h4 class=\"woodmart-title-container title wd-fontsize-l\">Here are five tips to help your parents declutter - and maybe even prepare for a potential move<\/h4> \n\t\t\t\t\t\t\t<\/div>\n\n\t\t\t\t\t<\/div>\n\t\t\t\t\t\t<\/div>\n\t\t\t\t<\/div>\n\t\t\t\t<div class=\"elementor-element elementor-element-d567911 elementor-widget elementor-widget-button\" data-id=\"d567911\" data-element_type=\"widget\" data-e-type=\"widget\" data-widget_type=\"button.default\">\n\t\t\t\t<div class=\"elementor-widget-container\">\n\t\t\t\t\t\t\t\t\t<div class=\"elementor-button-wrapper\">\n\t\t\t\t\t<a class=\"elementor-button elementor-button-link elementor-size-sm\" href=\"https:\/\/pelican.fi\/en\/our-locations\/\">\n\t\t\t\t\t\t<span class=\"elementor-button-content-wrapper\">\n\t\t\t\t\t\t\t\t\t<span class=\"elementor-button-text\">Find a storage<\/span>\n\t\t\t\t\t<\/span>\n\t\t\t\t\t<\/a>\n\t\t\t\t<\/div>\n\t\t\t\t\t\t\t\t<\/div>\n\t\t\t\t<\/div>\n\t\t\t\t<\/div>\n\t\t\t\t<\/div>\n\t\t\t\t\t<\/div>\n\t\t\t\t<\/div>\n\t\t<div class=\"wd-negative-gap elementor-element elementor-element-b5015ad e-flex e-con-boxed e-con e-parent\" data-id=\"b5015ad\" data-element_type=\"container\" data-e-type=\"container\">\n\t\t\t\t\t<div class=\"e-con-inner\">\n\t\t\t\t<div class=\"elementor-element elementor-element-bdca560 elementor-widget elementor-widget-wd_text_block\" data-id=\"bdca560\" data-element_type=\"widget\" data-e-type=\"widget\" data-widget_type=\"wd_text_block.default\">\n\t\t\t\t<div class=\"elementor-widget-container\">\n\t\t\t\t\t\t\t<div class=\"wd-text-block reset-last-child text-left\">\n\t\t\t\n\t\t\t<p>As children move away from home and parents approach retirement age, the idea of moving to a smaller home often starts to cross their minds. If your parents have lived in the same house for 15-20 years, it may be time to help them go through the belongings that have accumulated over the years. This can be a big and emotional task, but with planning and a practical solution like a rental storage unit, the process can be both easier and more manageable.  <\/p><p>Here are 5 tips to help your parents declutter - and maybe even prepare for a potential move.<\/p><p><strong>1. Start boldly<\/strong><br>Taking the first step can be difficult, as many things are linked to memories and history. Start by discussing the benefits of decluttering, and support your parents in making the decision. Remind them that the most important memories will remain, even though the home may be getting a makeover.  <\/p><p><strong>2. Make a plan<\/strong><br>To avoid the process dragging on forever, it's a good idea to make a work plan. Set aside time, for example a week from your summer holidays, to go through your home in a systematic way. Assess which items can be disposed of and which will be kept. If you want to avoid cluttering up your own home, you can rent a storage space. A rented storage unit allows you to keep things that have sentimental value but are no longer needed in everyday life.    <\/p><p><strong>3. Start with the easy stuff<\/strong><br>Start with the items that have the least sentimental value, such as kitchen utensils, towels and decorative items. Then move on to clothes, toys and other items that can be donated or stored. By breaking down the task into smaller pieces, it's easier for your parents to give up unnecessary items.  <\/p><p><strong>4. Use rental storage <\/strong><br>If your parents live in Uusimaa or the Turku region, it is convenient to rent storage space. Moving is easier when you have suitable moving boxes, bubble wrap and tape. Remember to label all boxes clearly so that it's easy to find your belongings when you need them. Make efficient use of storage space by placing heavy boxes at the bottom and stacking them securely.   <\/p><p><strong>5. New freedom with storage space<\/strong><br>Downsizing can be an emotional process, but in the long run your parents will appreciate the increased space and freedom. Items donated to charity or safely stored will bring clarity to everyday life and make any future move easier. With rental storage, your parents can easily store items they don't want to give up, while enjoying a more spacious and clearer home.  <\/p>\n\t\t\t\t\t<\/div>\n\t\t\t\t\t\t<\/div>\n\t\t\t\t<\/div>\n\t\t\t\t\t<\/div>\n\t\t\t\t<\/div>\n\t\t\t\t<\/div>\n\t\t","protected":false},"excerpt":{"rendered":"<p>Here are five tips to help your parents declutter &#8211; and maybe even prepare for a potential move Find a<\/p>\n","protected":false},"author":1,"featured_media":0,"parent":0,"menu_order":0,"comment_status":"closed","ping_status":"closed","template":"elementor_header_footer","meta":{"_acf_changed":false,"inline_featured_image":false,"_lmt_disableupdate":"no","_lmt_disable":"","footnotes":""},"class_list":["post-16502","page","type-page","status-publish","hentry"],"acf":[],"yoast_head":"<title>How to help your parents clear out the clutter | Pelican Self Storage<\/title>\n<meta name=\"robots\" content=\"index, follow, max-snippet:-1, max-image-preview:large, max-video-preview:-1\" \/>\n<link rel=\"canonical\" href=\"https:\/\/pelican.fi\/en\/how-to-help-your-parents-clear-out-the-clutter\/\" \/>\n<meta property=\"og:locale\" content=\"en_US\" \/>\n<meta property=\"og:type\" content=\"article\" \/>\n<meta property=\"og:title\" content=\"How to help your parents clear out the clutter\" \/>\n<meta property=\"og:description\" content=\"Here are five tips to help your parents declutter &#8211; and maybe even prepare for a potential move Find a\" \/>\n<meta property=\"og:url\" content=\"https:\/\/pelican.fi\/en\/how-to-help-your-parents-clear-out-the-clutter\/\" \/>\n<meta property=\"og:site_name\" content=\"Pelican Self Storage\" \/>\n<meta property=\"article:publisher\" content=\"https:\/\/www.facebook.com\/PelicanSelfStorageDenmark\" \/>\n<meta property=\"article:modified_time\" content=\"2025-06-09T23:27:33+00:00\" \/>\n<meta property=\"og:image\" content=\"https:\/\/pelican.fi\/wp-content\/uploads\/2025\/06\/iStock-1137923270-scaled-1.jpg\" \/>\n<meta name=\"twitter:card\" content=\"summary_large_image\" \/>\n<meta name=\"twitter:label1\" content=\"Est. reading time\" \/>\n\t<meta name=\"twitter:data1\" content=\"2 minutes\" \/>\n<script type=\"application\/ld+json\" class=\"yoast-schema-graph\">{\"@context\":\"https:\/\/schema.org\",\"@graph\":[{\"@type\":\"WebPage\",\"@id\":\"https:\/\/pelican.fi\/en\/how-to-help-your-parents-clear-out-the-clutter\/\",\"url\":\"https:\/\/pelican.fi\/en\/how-to-help-your-parents-clear-out-the-clutter\/\",\"name\":\"How to help your parents clear out the clutter | Pelican Self Storage\",\"isPartOf\":{\"@id\":\"https:\/\/pelican.fi\/en\/#website\"},\"primaryImageOfPage\":{\"@id\":\"https:\/\/pelican.fi\/en\/how-to-help-your-parents-clear-out-the-clutter\/#primaryimage\"},\"image\":{\"@id\":\"https:\/\/pelican.fi\/en\/how-to-help-your-parents-clear-out-the-clutter\/#primaryimage\"},\"thumbnailUrl\":\"https:\/\/pelican.fi\/wp-content\/uploads\/2025\/06\/iStock-1137923270-scaled-1.jpg\",\"datePublished\":\"2025-05-06T08:48:21+00:00\",\"dateModified\":\"2025-06-09T23:27:33+00:00\",\"breadcrumb\":{\"@id\":\"https:\/\/pelican.fi\/en\/how-to-help-your-parents-clear-out-the-clutter\/#breadcrumb\"},\"inLanguage\":\"en-US\",\"potentialAction\":[{\"@type\":\"ReadAction\",\"target\":[\"https:\/\/pelican.fi\/en\/how-to-help-your-parents-clear-out-the-clutter\/\"]}]},{\"@type\":\"ImageObject\",\"inLanguage\":\"en-US\",\"@id\":\"https:\/\/pelican.fi\/en\/how-to-help-your-parents-clear-out-the-clutter\/#primaryimage\",\"url\":\"https:\/\/pelican.fi\/wp-content\/uploads\/2025\/06\/iStock-1137923270-scaled-1.jpg\",\"contentUrl\":\"https:\/\/pelican.fi\/wp-content\/uploads\/2025\/06\/iStock-1137923270-scaled-1.jpg\"},{\"@type\":\"BreadcrumbList\",\"@id\":\"https:\/\/pelican.fi\/en\/how-to-help-your-parents-clear-out-the-clutter\/#breadcrumb\",\"itemListElement\":[{\"@type\":\"ListItem\",\"position\":1,\"name\":\"Home\",\"item\":\"https:\/\/pelican.fi\/en\/\"},{\"@type\":\"ListItem\",\"position\":2,\"name\":\"How to help your parents clear out the clutter\"}]},{\"@type\":\"WebSite\",\"@id\":\"https:\/\/pelican.fi\/en\/#website\",\"url\":\"https:\/\/pelican.fi\/en\/\",\"name\":\"Vuokraa k\u00e4tev\u00e4 varasto\",\"description\":\"Vuokraa varastotila Pelican Self Storagelta. Edulliset hinnat \u2714 Toimipisteet ymp\u00e4ri K\u00f6\u00f6penhaminaa \u2714 Varastotiloja eri kokoisina \u2714 Ilmainen per\u00e4k\u00e4rryn lainaus \u2714\",\"potentialAction\":[{\"@type\":\"SearchAction\",\"target\":{\"@type\":\"EntryPoint\",\"urlTemplate\":\"https:\/\/pelican.fi\/en\/?s={search_term_string}\"},\"query-input\":{\"@type\":\"PropertyValueSpecification\",\"valueRequired\":true,\"valueName\":\"search_term_string\"}}],\"inLanguage\":\"en-US\"}]}<\/script>","yoast_head_json":{"title":"How to help your parents clear out the clutter | Pelican Self Storage","robots":{"index":"index","follow":"follow","max-snippet":"max-snippet:-1","max-image-preview":"max-image-preview:large","max-video-preview":"max-video-preview:-1"},"canonical":"https:\/\/pelican.fi\/en\/how-to-help-your-parents-clear-out-the-clutter\/","og_locale":"en_US","og_type":"article","og_title":"How to help your parents clear out the clutter","og_description":"Here are five tips to help your parents declutter &#8211; and maybe even prepare for a potential move Find a","og_url":"https:\/\/pelican.fi\/en\/how-to-help-your-parents-clear-out-the-clutter\/","og_site_name":"Pelican Self Storage","article_publisher":"https:\/\/www.facebook.com\/PelicanSelfStorageDenmark","article_modified_time":"2025-06-09T23:27:33+00:00","og_image":[{"url":"https:\/\/pelican.fi\/wp-content\/uploads\/2025\/06\/iStock-1137923270-scaled-1.jpg","type":"","width":"","height":""}],"twitter_card":"summary_large_image","twitter_misc":{"Est. reading time":"2 minutes"},"schema":{"@context":"https:\/\/schema.org","@graph":[{"@type":"WebPage","@id":"https:\/\/pelican.fi\/en\/how-to-help-your-parents-clear-out-the-clutter\/","url":"https:\/\/pelican.fi\/en\/how-to-help-your-parents-clear-out-the-clutter\/","name":"How to help your parents clear out the clutter | Pelican Self Storage","isPartOf":{"@id":"https:\/\/pelican.fi\/en\/#website"},"primaryImageOfPage":{"@id":"https:\/\/pelican.fi\/en\/how-to-help-your-parents-clear-out-the-clutter\/#primaryimage"},"image":{"@id":"https:\/\/pelican.fi\/en\/how-to-help-your-parents-clear-out-the-clutter\/#primaryimage"},"thumbnailUrl":"https:\/\/pelican.fi\/wp-content\/uploads\/2025\/06\/iStock-1137923270-scaled-1.jpg","datePublished":"2025-05-06T08:48:21+00:00","dateModified":"2025-06-09T23:27:33+00:00","breadcrumb":{"@id":"https:\/\/pelican.fi\/en\/how-to-help-your-parents-clear-out-the-clutter\/#breadcrumb"},"inLanguage":"en-US","potentialAction":[{"@type":"ReadAction","target":["https:\/\/pelican.fi\/en\/how-to-help-your-parents-clear-out-the-clutter\/"]}]},{"@type":"ImageObject","inLanguage":"en-US","@id":"https:\/\/pelican.fi\/en\/how-to-help-your-parents-clear-out-the-clutter\/#primaryimage","url":"https:\/\/pelican.fi\/wp-content\/uploads\/2025\/06\/iStock-1137923270-scaled-1.jpg","contentUrl":"https:\/\/pelican.fi\/wp-content\/uploads\/2025\/06\/iStock-1137923270-scaled-1.jpg"},{"@type":"BreadcrumbList","@id":"https:\/\/pelican.fi\/en\/how-to-help-your-parents-clear-out-the-clutter\/#breadcrumb","itemListElement":[{"@type":"ListItem","position":1,"name":"Home","item":"https:\/\/pelican.fi\/en\/"},{"@type":"ListItem","position":2,"name":"How to help your parents clear out the clutter"}]},{"@type":"WebSite","@id":"https:\/\/pelican.fi\/en\/#website","url":"https:\/\/pelican.fi\/en\/","name":"Vuokraa k\u00e4tev\u00e4 varasto","description":"Vuokraa varastotila Pelican Self Storagelta. Edulliset hinnat \u2714 Toimipisteet ymp\u00e4ri K\u00f6\u00f6penhaminaa \u2714 Varastotiloja eri kokoisina \u2714 Ilmainen per\u00e4k\u00e4rryn lainaus \u2714","potentialAction":[{"@type":"SearchAction","target":{"@type":"EntryPoint","urlTemplate":"https:\/\/pelican.fi\/en\/?s={search_term_string}"},"query-input":{"@type":"PropertyValueSpecification","valueRequired":true,"valueName":"search_term_string"}}],"inLanguage":"en-US"}]}},"_links":{"self":[{"href":"https:\/\/pelican.fi\/en\/wp-json\/wp\/v2\/pages\/16502","targetHints":{"allow":["GET"]}}],"collection":[{"href":"https:\/\/pelican.fi\/en\/wp-json\/wp\/v2\/pages"}],"about":[{"href":"https:\/\/pelican.fi\/en\/wp-json\/wp\/v2\/types\/page"}],"author":[{"embeddable":true,"href":"https:\/\/pelican.fi\/en\/wp-json\/wp\/v2\/users\/1"}],"replies":[{"embeddable":true,"href":"https:\/\/pelican.fi\/en\/wp-json\/wp\/v2\/comments?post=16502"}],"version-history":[{"count":2,"href":"https:\/\/pelican.fi\/en\/wp-json\/wp\/v2\/pages\/16502\/revisions"}],"predecessor-version":[{"id":16543,"href":"https:\/\/pelican.fi\/en\/wp-json\/wp\/v2\/pages\/16502\/revisions\/16543"}],"wp:attachment":[{"href":"https:\/\/pelican.fi\/en\/wp-json\/wp\/v2\/media?parent=16502"}],"curies":[{"name":"wp","href":"https:\/\/api.w.org\/{rel}","templated":true}]}}