{"id":16513,"date":"2025-05-06T10:49:23","date_gmt":"2025-05-06T08:49:23","guid":{"rendered":"https:\/\/pelican.fi\/copied-store-your-stuff-at-pelican-moving-company-link-not-working-layout-looks-bad-and-wrong-pictures-english-not-checked\/"},"modified":"2025-06-16T01:35:06","modified_gmt":"2025-06-15T23:35:06","slug":"store-your-stuff-at-pelican","status":"publish","type":"page","link":"https:\/\/pelican.fi\/en\/store-your-stuff-at-pelican\/","title":{"rendered":"Store your stuff at Pelican"},"content":{"rendered":"\t\t<div data-elementor-type=\"wp-page\" data-elementor-id=\"16513\" class=\"elementor elementor-16513 elementor-11462\" data-elementor-post-type=\"page\">\n\t\t\t\t<div class=\"wd-negative-gap elementor-element elementor-element-7b19b13 e-flex e-con-boxed e-con e-parent\" data-id=\"7b19b13\" data-element_type=\"container\" data-e-type=\"container\">\n\t\t\t\t\t<div class=\"e-con-inner\">\n\t\t\t\t<div class=\"elementor-element elementor-element-46f915f elementor-widget elementor-widget-wd_text_block\" data-id=\"46f915f\" data-element_type=\"widget\" data-e-type=\"widget\" data-widget_type=\"wd_text_block.default\">\n\t\t\t\t<div class=\"elementor-widget-container\">\n\t\t\t\t\t\t\t<div class=\"wd-text-block reset-last-child text-left\">\n\t\t\t\n\t\t\t<div class=\"flex-shrink-0 flex flex-col relative items-end\"><div><div class=\"pt-0\"><div class=\"gizmo-bot-avatar flex h-8 w-8 items-center justify-center overflow-hidden rounded-full\"><div class=\"relative p-1 rounded-sm flex items-center justify-center bg-token-main-surface-primary text-token-text-primary h-8 w-8\"> <\/div><\/div><\/div><\/div><\/div><div class=\"group\/conversation-turn relative flex w-full min-w-0 flex-col agent-turn\"><div class=\"flex-col gap-1 md:gap-3\"><div class=\"flex max-w-full flex-col flex-grow\"><div class=\"min-h-8 text-message flex w-full flex-col items-end gap-2 whitespace-normal break-words [.text-message+&amp;]:mt-5\" dir=\"auto\" data-message-author-role=\"assistant\" data-message-id=\"f88c88de-ac91-42ce-ad68-e1501ce6b1dc\" data-message-model-slug=\"gpt-4o\"><div class=\"flex w-full flex-col gap-1 empty:hidden first:pt-[3px]\"><div class=\"markdown prose w-full break-words dark:prose-invert light\"><p>Are you renovating or moving house and need more space to store your belongings? Pelican Self Storage offers secure and flexible storage solutions that make your everyday life easier. Whether you need short-term or long-term storage, we have storage spaces of different sizes to suit your needs. We lend you a free trailer and work with reliable moving partners. We'll help you through the whole process. Our offices are centrally located in Helsinki and the Turku area, so you have easy access to your belongings when you need them. Let us take care of your furniture so you can focus on what matters most      <\/p><\/div><\/div><\/div><\/div><\/div><\/div>\n\t\t\t\t\t<\/div>\n\t\t\t\t\t\t<\/div>\n\t\t\t\t<\/div>\n\t\t\t\t\t<\/div>\n\t\t\t\t<\/div>\n\t\t<div class=\"wd-negative-gap elementor-element elementor-element-2db3b4f e-flex e-con-boxed e-con e-parent\" data-id=\"2db3b4f\" data-element_type=\"container\" data-e-type=\"container\">\n\t\t\t\t\t<div class=\"e-con-inner\">\n\t\t<div class=\"elementor-element elementor-element-3707ae1 e-con-full e-flex e-con e-child\" data-id=\"3707ae1\" data-element_type=\"container\" data-e-type=\"container\">\n\t\t\t\t<div class=\"elementor-element elementor-element-8426c13 elementor-widget elementor-widget-image\" data-id=\"8426c13\" data-element_type=\"widget\" data-e-type=\"widget\" data-widget_type=\"image.default\">\n\t\t\t\t<div class=\"elementor-widget-container\">\n\t\t\t\t\t\t\t\t\t\t\t\t\t\t\t<img decoding=\"async\" src=\"https:\/\/pelican.fi\/wp-content\/uploads\/2025\/06\/shutterstock_234676870.jpg\" title=\"shutterstock_234676870.jpg\" alt=\"shutterstock_234676870.jpg\" loading=\"lazy\" \/>\t\t\t\t\t\t\t\t\t\t\t\t\t\t\t<\/div>\n\t\t\t\t<\/div>\n\t\t\t\t<\/div>\n\t\t<div class=\"elementor-element elementor-element-a63c042 e-con-full e-flex e-con e-child\" data-id=\"a63c042\" data-element_type=\"container\" data-e-type=\"container\" data-settings=\"{&quot;background_background&quot;:&quot;classic&quot;}\">\n\t\t<div class=\"elementor-element elementor-element-197f7c7 e-con-full e-flex e-con e-child\" data-id=\"197f7c7\" data-element_type=\"container\" data-e-type=\"container\">\n\t\t\t\t<div class=\"elementor-element elementor-element-9b632c4 wd-width-100 elementor-widget elementor-widget-wd_title\" data-id=\"9b632c4\" data-element_type=\"widget\" data-e-type=\"widget\" data-widget_type=\"wd_title.default\">\n\t\t\t\t<div class=\"elementor-widget-container\">\n\t\t\t\t\t\t\t<div class=\"title-wrapper wd-set-mb reset-last-child wd-title-color-default wd-title-style-default wd-title-size-default text-left\">\n\n\t\t\t\n\t\t\t<div class=\"liner-continer\">\n\t\t\t\t<h4 class=\"woodmart-title-container title wd-fontsize-l\">Store your furniture safely during renovation.<\/h4> \n\t\t\t\t\t\t\t<\/div>\n\n\t\t\t\t\t\t\t<div class=\"title-after_title reset-last-child wd-fontsize-xs\">\n\t\t\t\t\t<p>Has your bedroom turned into a storage room, or do you eat breakfast in the middle of protective plastic? During a renovation, your home could do with more space to store things temporarily. We offer storage spaces starting from 0.5 square metres, where you can store building materials or protect your furniture from dust and damage. If your renovation project takes longer, we also offer long-term storage solutions.   <\/p><p>Renovation can be a major undertaking, especially if one or more rooms are out of use. We want to make your project easier by providing a smart storage solution that ensures your furniture doesn't get damaged or in the way. Rent a storage unit from Pelican Self Storage and use it to store your furniture - it can make your renovation that much smoother.    <\/p>\t\t\t\t<\/div>\n\t\t\t\t\t<\/div>\n\t\t\t\t\t\t<\/div>\n\t\t\t\t<\/div>\n\t\t\t\t<div class=\"elementor-element elementor-element-fdf312f elementor-widget elementor-widget-button\" data-id=\"fdf312f\" data-element_type=\"widget\" data-e-type=\"widget\" data-widget_type=\"button.default\">\n\t\t\t\t<div class=\"elementor-widget-container\">\n\t\t\t\t\t\t\t\t\t<div class=\"elementor-button-wrapper\">\n\t\t\t\t\t<a class=\"elementor-button elementor-button-link elementor-size-sm\" href=\"https:\/\/pelican.fi\/en\/our-locations\/\">\n\t\t\t\t\t\t<span class=\"elementor-button-content-wrapper\">\n\t\t\t\t\t\t\t\t\t<span class=\"elementor-button-text\">Find the nearest Pelican<\/span>\n\t\t\t\t\t<\/span>\n\t\t\t\t\t<\/a>\n\t\t\t\t<\/div>\n\t\t\t\t\t\t\t\t<\/div>\n\t\t\t\t<\/div>\n\t\t\t\t<\/div>\n\t\t\t\t<\/div>\n\t\t\t\t\t<\/div>\n\t\t\t\t<\/div>\n\t\t<div class=\"wd-negative-gap elementor-element elementor-element-e1c02f0 e-flex e-con-boxed e-con e-parent\" data-id=\"e1c02f0\" data-element_type=\"container\" data-e-type=\"container\">\n\t\t\t\t\t<div class=\"e-con-inner\">\n\t\t<div class=\"elementor-element elementor-element-193b94c e-con-full e-flex e-con e-child\" data-id=\"193b94c\" data-element_type=\"container\" data-e-type=\"container\" data-settings=\"{&quot;background_background&quot;:&quot;classic&quot;}\">\n\t\t<div class=\"elementor-element elementor-element-367a119 e-con-full e-flex e-con e-child\" data-id=\"367a119\" data-element_type=\"container\" data-e-type=\"container\">\n\t\t\t\t<div class=\"elementor-element elementor-element-1bd06a6 wd-width-100 elementor-widget elementor-widget-wd_title\" data-id=\"1bd06a6\" data-element_type=\"widget\" data-e-type=\"widget\" data-widget_type=\"wd_title.default\">\n\t\t\t\t<div class=\"elementor-widget-container\">\n\t\t\t\t\t\t\t<div class=\"title-wrapper wd-set-mb reset-last-child wd-title-color-default wd-title-style-default wd-title-size-default text-left\">\n\n\t\t\t\n\t\t\t<div class=\"liner-continer\">\n\t\t\t\t<h4 class=\"woodmart-title-container title wd-fontsize-l\">Storage of furniture during the move<\/h4> \n\t\t\t\t\t\t\t<\/div>\n\n\t\t\t\t\t\t\t<div class=\"title-after_title reset-last-child wd-fontsize-xs\">\n\t\t\t\t\t<p>During a move, the to-do list is often long and there seem to be too few hours in a day to get everything done. Pelican, together with its partners, offers a moving service that allows us to collect your belongings, store them safely and return them to you when your new home is ready. This way you have one less thing to worry about.  <\/p><p>Read more about our moving service and make your own moving easier.<\/p>\t\t\t\t<\/div>\n\t\t\t\t\t<\/div>\n\t\t\t\t\t\t<\/div>\n\t\t\t\t<\/div>\n\t\t\t\t<div class=\"elementor-element elementor-element-bfa9472 elementor-widget elementor-widget-button\" data-id=\"bfa9472\" data-element_type=\"widget\" data-e-type=\"widget\" data-widget_type=\"button.default\">\n\t\t\t\t<div class=\"elementor-widget-container\">\n\t\t\t\t\t\t\t\t\t<div class=\"elementor-button-wrapper\">\n\t\t\t\t\t<a class=\"elementor-button elementor-button-link elementor-size-sm\" href=\"https:\/\/pelican.fi\/en\/ensure-a-smooth-move\/\">\n\t\t\t\t\t\t<span class=\"elementor-button-content-wrapper\">\n\t\t\t\t\t\t\t\t\t<span class=\"elementor-button-text\">Read more<\/span>\n\t\t\t\t\t<\/span>\n\t\t\t\t\t<\/a>\n\t\t\t\t<\/div>\n\t\t\t\t\t\t\t\t<\/div>\n\t\t\t\t<\/div>\n\t\t\t\t<\/div>\n\t\t\t\t<\/div>\n\t\t<div class=\"elementor-element elementor-element-fa5d12b e-con-full e-flex e-con e-child\" data-id=\"fa5d12b\" data-element_type=\"container\" data-e-type=\"container\">\n\t\t\t\t<div class=\"elementor-element elementor-element-ace345d elementor-widget elementor-widget-image\" data-id=\"ace345d\" data-element_type=\"widget\" data-e-type=\"widget\" data-widget_type=\"image.default\">\n\t\t\t\t<div class=\"elementor-widget-container\">\n\t\t\t\t\t\t\t\t\t\t\t\t\t\t\t<img decoding=\"async\" src=\"https:\/\/pelican.fi\/wp-content\/uploads\/2025\/06\/20161108_095935241_ios_1-1.jpg\" title=\"20161108_095935241_ios_1-1.jpg\" alt=\"20161108_095935241_ios_1-1.jpg\" loading=\"lazy\" \/>\t\t\t\t\t\t\t\t\t\t\t\t\t\t\t<\/div>\n\t\t\t\t<\/div>\n\t\t\t\t<\/div>\n\t\t\t\t\t<\/div>\n\t\t\t\t<\/div>\n\t\t<div class=\"wd-negative-gap elementor-element elementor-element-93f9db8 e-flex e-con-boxed e-con e-parent\" data-id=\"93f9db8\" data-element_type=\"container\" data-e-type=\"container\">\n\t\t\t\t\t<div class=\"e-con-inner\">\n\t\t<div class=\"elementor-element elementor-element-92b689f e-con-full e-flex e-con e-child\" data-id=\"92b689f\" data-element_type=\"container\" data-e-type=\"container\">\n\t\t\t\t<div class=\"elementor-element elementor-element-cb03ef9 elementor-widget elementor-widget-image\" data-id=\"cb03ef9\" data-element_type=\"widget\" data-e-type=\"widget\" data-widget_type=\"image.default\">\n\t\t\t\t<div class=\"elementor-widget-container\">\n\t\t\t\t\t\t\t\t\t\t\t\t\t\t\t<img decoding=\"async\" src=\"https:\/\/pelican.fi\/wp-content\/uploads\/2025\/06\/9606bd4c-4be7-43d8-9653-0a79737838e2.jpg\" title=\"9606bd4c-4be7-43d8-9653-0a79737838e2.jpg\" alt=\"9606bd4c-4be7-43d8-9653-0a79737838e2.jpg\" loading=\"lazy\" \/>\t\t\t\t\t\t\t\t\t\t\t\t\t\t\t<\/div>\n\t\t\t\t<\/div>\n\t\t\t\t<\/div>\n\t\t<div class=\"elementor-element elementor-element-e2f8437 e-con-full e-flex e-con e-child\" data-id=\"e2f8437\" data-element_type=\"container\" data-e-type=\"container\" data-settings=\"{&quot;background_background&quot;:&quot;classic&quot;}\">\n\t\t<div class=\"elementor-element elementor-element-ac324d0 e-con-full e-flex e-con e-child\" data-id=\"ac324d0\" data-element_type=\"container\" data-e-type=\"container\">\n\t\t\t\t<div class=\"elementor-element elementor-element-0b1a508 wd-width-100 elementor-widget elementor-widget-wd_title\" data-id=\"0b1a508\" data-element_type=\"widget\" data-e-type=\"widget\" data-widget_type=\"wd_title.default\">\n\t\t\t\t<div class=\"elementor-widget-container\">\n\t\t\t\t\t\t\t<div class=\"title-wrapper wd-set-mb reset-last-child wd-title-color-default wd-title-style-default wd-title-size-default text-left\">\n\n\t\t\t\n\t\t\t<div class=\"liner-continer\">\n\t\t\t\t<h4 class=\"woodmart-title-container title wd-fontsize-l\">Borrow the free trailer<\/h4> \n\t\t\t\t\t\t\t<\/div>\n\n\t\t\t\t\t\t\t<div class=\"title-after_title reset-last-child wd-fontsize-xs\">\n\t\t\t\t\t<p>Sometimes building materials, tools, furniture and moving boxes need to be picked up and transported from one place to another in stages. Several of our branches have trailers that you can borrow completely free of charge, even for several days. Find your nearest Pelican office and book a trailer in advance, and it will be ready for collection. All you need is a tow hook.   <\/p>\t\t\t\t<\/div>\n\t\t\t\t\t<\/div>\n\t\t\t\t\t\t<\/div>\n\t\t\t\t<\/div>\n\t\t\t\t<div class=\"elementor-element elementor-element-348a0d2 elementor-widget elementor-widget-button\" data-id=\"348a0d2\" data-element_type=\"widget\" data-e-type=\"widget\" data-widget_type=\"button.default\">\n\t\t\t\t<div class=\"elementor-widget-container\">\n\t\t\t\t\t\t\t\t\t<div class=\"elementor-button-wrapper\">\n\t\t\t\t\t<a class=\"elementor-button elementor-button-link elementor-size-sm\" href=\"https:\/\/pelican.fi\/sakra-slapvagnar\/\">\n\t\t\t\t\t\t<span class=\"elementor-button-content-wrapper\">\n\t\t\t\t\t\t\t\t\t<span class=\"elementor-button-text\">Book a trailer here<\/span>\n\t\t\t\t\t<\/span>\n\t\t\t\t\t<\/a>\n\t\t\t\t<\/div>\n\t\t\t\t\t\t\t\t<\/div>\n\t\t\t\t<\/div>\n\t\t\t\t<\/div>\n\t\t\t\t<\/div>\n\t\t\t\t\t<\/div>\n\t\t\t\t<\/div>\n\t\t<div class=\"wd-negative-gap elementor-element elementor-element-ce22f0b e-flex e-con-boxed e-con e-parent\" data-id=\"ce22f0b\" data-element_type=\"container\" data-e-type=\"container\">\n\t\t\t\t\t<div class=\"e-con-inner\">\n\t\t\t\t<div class=\"elementor-element elementor-element-2b39ca8 elementor-widget elementor-widget-wd_text_block\" data-id=\"2b39ca8\" data-element_type=\"widget\" data-e-type=\"widget\" data-widget_type=\"wd_text_block.default\">\n\t\t\t\t<div class=\"elementor-widget-container\">\n\t\t\t\t\t\t\t<div class=\"wd-text-block reset-last-child text-left\">\n\t\t\t\n\t\t\t<h3 style=\"text-align: left;\"><span style=\"color: #008000;\">Let Pelican take care of your stuff<\/span><\/h3><p>Moving or renovating your home takes time, effort and organisation. At Pelican Self Storage, we want to make your project easier by providing a safe place to store your furniture so you have one less thing to worry about. With us, you can rent a private storage unit that's just right for your needs. Storage sizes range from 1 square metre to 50 square metres. You can rent the space for exactly as long as you need it, and it's easy to extend the rental if your renovation is delayed or other needs change.    <\/p><p>If you're not sure how much space you need, you can always pop into one of our stores for personalised advice. This way, we'll make sure that getting started is as easy as possible. <\/p><p><strong>Furniture storage in Helsinki and Turku area<\/strong><\/p><p>Storing furniture is easiest when the storage is close to your home. We have sites in Helsinki and Turku, and all our locations are along major roads, so you can conveniently bring and pick up your items. <\/p><p>If you need extra space for transport, we also offer a free loan of a trailer, giving you flexibility for your moves.<\/p><p>If you need more help, our moving partners can help. Their movers are an excellent choice when you need extra hands for moving sofas, carrying moving boxes and transporting furniture. <\/p><p><strong>Safe storage at Pelican<\/strong><\/p><p>Leaving your own things for others to keep can feel like a hassle, but we can promise you that we'll take good care of them. We have an advanced alarm system and 24-hour surveillance cameras. We also offer a personal service six days a week for added security.  <\/p><p>Need something from your storage? You can access your own space any day of the week between 05.30 and 22.00 with your own key. <\/p><p>Pelican Self Storage offers you high security, personal service, free trailer rental and free access to your belongings every day of the week. Storaging can't get much easier than this! <\/p><p><strong>Contact us today to find out more about how we can help take care of your belongings.<\/strong><\/p><p>Please note that we also offer storage space rental for businesses. Whether you need storage space for your online shop or a place for your business that can serve as a warehouse or even a shop, we have good parking facilities and are happy to receive your shipments. Contact us to find out more!  <\/p>\n\t\t\t\t\t<\/div>\n\t\t\t\t\t\t<\/div>\n\t\t\t\t<\/div>\n\t\t\t\t\t<\/div>\n\t\t\t\t<\/div>\n\t\t\t\t<\/div>\n\t\t","protected":false},"excerpt":{"rendered":"<p>Are you renovating or moving house and need more space to store your belongings? Pelican Self Storage offers secure and<\/p>\n","protected":false},"author":1,"featured_media":0,"parent":0,"menu_order":0,"comment_status":"closed","ping_status":"closed","template":"elementor_header_footer","meta":{"_acf_changed":false,"inline_featured_image":false,"_lmt_disableupdate":"no","_lmt_disable":"","footnotes":""},"class_list":["post-16513","page","type-page","status-publish","hentry"],"acf":[],"yoast_head":"<title>Store your stuff at Pelican | Pelican Self Storage<\/title>\n<meta name=\"robots\" content=\"index, follow, max-snippet:-1, max-image-preview:large, max-video-preview:-1\" \/>\n<link rel=\"canonical\" href=\"https:\/\/pelican.fi\/en\/store-your-stuff-at-pelican\/\" \/>\n<meta property=\"og:locale\" content=\"en_US\" \/>\n<meta property=\"og:type\" content=\"article\" \/>\n<meta property=\"og:title\" content=\"Store your stuff at Pelican\" \/>\n<meta property=\"og:description\" content=\"Are you renovating or moving house and need more space to store your belongings? Pelican Self Storage offers secure and\" \/>\n<meta property=\"og:url\" content=\"https:\/\/pelican.fi\/en\/store-your-stuff-at-pelican\/\" \/>\n<meta property=\"og:site_name\" content=\"Pelican Self Storage\" \/>\n<meta property=\"article:publisher\" content=\"https:\/\/www.facebook.com\/PelicanSelfStorageDenmark\" \/>\n<meta property=\"article:modified_time\" content=\"2025-06-15T23:35:06+00:00\" \/>\n<meta property=\"og:image\" content=\"https:\/\/pelican.fi\/wp-content\/uploads\/2025\/06\/shutterstock_234676870.jpg\" \/>\n<meta name=\"twitter:card\" content=\"summary_large_image\" \/>\n<meta name=\"twitter:label1\" content=\"Est. reading time\" \/>\n\t<meta name=\"twitter:data1\" content=\"4 minutes\" \/>\n<script type=\"application\/ld+json\" class=\"yoast-schema-graph\">{\"@context\":\"https:\/\/schema.org\",\"@graph\":[{\"@type\":\"WebPage\",\"@id\":\"https:\/\/pelican.fi\/en\/store-your-stuff-at-pelican\/\",\"url\":\"https:\/\/pelican.fi\/en\/store-your-stuff-at-pelican\/\",\"name\":\"Store your stuff at Pelican | Pelican Self Storage\",\"isPartOf\":{\"@id\":\"https:\/\/pelican.fi\/en\/#website\"},\"primaryImageOfPage\":{\"@id\":\"https:\/\/pelican.fi\/en\/store-your-stuff-at-pelican\/#primaryimage\"},\"image\":{\"@id\":\"https:\/\/pelican.fi\/en\/store-your-stuff-at-pelican\/#primaryimage\"},\"thumbnailUrl\":\"https:\/\/pelican.fi\/wp-content\/uploads\/2025\/06\/shutterstock_234676870.jpg\",\"datePublished\":\"2025-05-06T08:49:23+00:00\",\"dateModified\":\"2025-06-15T23:35:06+00:00\",\"breadcrumb\":{\"@id\":\"https:\/\/pelican.fi\/en\/store-your-stuff-at-pelican\/#breadcrumb\"},\"inLanguage\":\"en-US\",\"potentialAction\":[{\"@type\":\"ReadAction\",\"target\":[\"https:\/\/pelican.fi\/en\/store-your-stuff-at-pelican\/\"]}]},{\"@type\":\"ImageObject\",\"inLanguage\":\"en-US\",\"@id\":\"https:\/\/pelican.fi\/en\/store-your-stuff-at-pelican\/#primaryimage\",\"url\":\"https:\/\/pelican.fi\/wp-content\/uploads\/2025\/06\/shutterstock_234676870.jpg\",\"contentUrl\":\"https:\/\/pelican.fi\/wp-content\/uploads\/2025\/06\/shutterstock_234676870.jpg\"},{\"@type\":\"BreadcrumbList\",\"@id\":\"https:\/\/pelican.fi\/en\/store-your-stuff-at-pelican\/#breadcrumb\",\"itemListElement\":[{\"@type\":\"ListItem\",\"position\":1,\"name\":\"Home\",\"item\":\"https:\/\/pelican.fi\/en\/\"},{\"@type\":\"ListItem\",\"position\":2,\"name\":\"Store your stuff at Pelican\"}]},{\"@type\":\"WebSite\",\"@id\":\"https:\/\/pelican.fi\/en\/#website\",\"url\":\"https:\/\/pelican.fi\/en\/\",\"name\":\"Vuokraa k\u00e4tev\u00e4 varasto\",\"description\":\"Vuokraa varastotila Pelican Self Storagelta. Edulliset hinnat \u2714 Toimipisteet ymp\u00e4ri K\u00f6\u00f6penhaminaa \u2714 Varastotiloja eri kokoisina \u2714 Ilmainen per\u00e4k\u00e4rryn lainaus \u2714\",\"potentialAction\":[{\"@type\":\"SearchAction\",\"target\":{\"@type\":\"EntryPoint\",\"urlTemplate\":\"https:\/\/pelican.fi\/en\/?s={search_term_string}\"},\"query-input\":{\"@type\":\"PropertyValueSpecification\",\"valueRequired\":true,\"valueName\":\"search_term_string\"}}],\"inLanguage\":\"en-US\"}]}<\/script>","yoast_head_json":{"title":"Store your stuff at Pelican | Pelican Self Storage","robots":{"index":"index","follow":"follow","max-snippet":"max-snippet:-1","max-image-preview":"max-image-preview:large","max-video-preview":"max-video-preview:-1"},"canonical":"https:\/\/pelican.fi\/en\/store-your-stuff-at-pelican\/","og_locale":"en_US","og_type":"article","og_title":"Store your stuff at Pelican","og_description":"Are you renovating or moving house and need more space to store your belongings? Pelican Self Storage offers secure and","og_url":"https:\/\/pelican.fi\/en\/store-your-stuff-at-pelican\/","og_site_name":"Pelican Self Storage","article_publisher":"https:\/\/www.facebook.com\/PelicanSelfStorageDenmark","article_modified_time":"2025-06-15T23:35:06+00:00","og_image":[{"url":"https:\/\/pelican.fi\/wp-content\/uploads\/2025\/06\/shutterstock_234676870.jpg","type":"","width":"","height":""}],"twitter_card":"summary_large_image","twitter_misc":{"Est. reading time":"4 minutes"},"schema":{"@context":"https:\/\/schema.org","@graph":[{"@type":"WebPage","@id":"https:\/\/pelican.fi\/en\/store-your-stuff-at-pelican\/","url":"https:\/\/pelican.fi\/en\/store-your-stuff-at-pelican\/","name":"Store your stuff at Pelican | Pelican Self Storage","isPartOf":{"@id":"https:\/\/pelican.fi\/en\/#website"},"primaryImageOfPage":{"@id":"https:\/\/pelican.fi\/en\/store-your-stuff-at-pelican\/#primaryimage"},"image":{"@id":"https:\/\/pelican.fi\/en\/store-your-stuff-at-pelican\/#primaryimage"},"thumbnailUrl":"https:\/\/pelican.fi\/wp-content\/uploads\/2025\/06\/shutterstock_234676870.jpg","datePublished":"2025-05-06T08:49:23+00:00","dateModified":"2025-06-15T23:35:06+00:00","breadcrumb":{"@id":"https:\/\/pelican.fi\/en\/store-your-stuff-at-pelican\/#breadcrumb"},"inLanguage":"en-US","potentialAction":[{"@type":"ReadAction","target":["https:\/\/pelican.fi\/en\/store-your-stuff-at-pelican\/"]}]},{"@type":"ImageObject","inLanguage":"en-US","@id":"https:\/\/pelican.fi\/en\/store-your-stuff-at-pelican\/#primaryimage","url":"https:\/\/pelican.fi\/wp-content\/uploads\/2025\/06\/shutterstock_234676870.jpg","contentUrl":"https:\/\/pelican.fi\/wp-content\/uploads\/2025\/06\/shutterstock_234676870.jpg"},{"@type":"BreadcrumbList","@id":"https:\/\/pelican.fi\/en\/store-your-stuff-at-pelican\/#breadcrumb","itemListElement":[{"@type":"ListItem","position":1,"name":"Home","item":"https:\/\/pelican.fi\/en\/"},{"@type":"ListItem","position":2,"name":"Store your stuff at Pelican"}]},{"@type":"WebSite","@id":"https:\/\/pelican.fi\/en\/#website","url":"https:\/\/pelican.fi\/en\/","name":"Vuokraa k\u00e4tev\u00e4 varasto","description":"Vuokraa varastotila Pelican Self Storagelta. Edulliset hinnat \u2714 Toimipisteet ymp\u00e4ri K\u00f6\u00f6penhaminaa \u2714 Varastotiloja eri kokoisina \u2714 Ilmainen per\u00e4k\u00e4rryn lainaus \u2714","potentialAction":[{"@type":"SearchAction","target":{"@type":"EntryPoint","urlTemplate":"https:\/\/pelican.fi\/en\/?s={search_term_string}"},"query-input":{"@type":"PropertyValueSpecification","valueRequired":true,"valueName":"search_term_string"}}],"inLanguage":"en-US"}]}},"_links":{"self":[{"href":"https:\/\/pelican.fi\/en\/wp-json\/wp\/v2\/pages\/16513","targetHints":{"allow":["GET"]}}],"collection":[{"href":"https:\/\/pelican.fi\/en\/wp-json\/wp\/v2\/pages"}],"about":[{"href":"https:\/\/pelican.fi\/en\/wp-json\/wp\/v2\/types\/page"}],"author":[{"embeddable":true,"href":"https:\/\/pelican.fi\/en\/wp-json\/wp\/v2\/users\/1"}],"replies":[{"embeddable":true,"href":"https:\/\/pelican.fi\/en\/wp-json\/wp\/v2\/comments?post=16513"}],"version-history":[{"count":6,"href":"https:\/\/pelican.fi\/en\/wp-json\/wp\/v2\/pages\/16513\/revisions"}],"predecessor-version":[{"id":17314,"href":"https:\/\/pelican.fi\/en\/wp-json\/wp\/v2\/pages\/16513\/revisions\/17314"}],"wp:attachment":[{"href":"https:\/\/pelican.fi\/en\/wp-json\/wp\/v2\/media?parent=16513"}],"curies":[{"name":"wp","href":"https:\/\/api.w.org\/{rel}","templated":true}]}}