{"id":16515,"date":"2025-05-06T10:48:26","date_gmt":"2025-05-06T08:48:26","guid":{"rendered":"https:\/\/pelican.fi\/copied-stabilising-your-home-for-sale-six-tips-english-not-checked\/"},"modified":"2025-06-16T01:34:34","modified_gmt":"2025-06-15T23:34:34","slug":"stabilize-your-home-for-sale-six-tips","status":"publish","type":"page","link":"https:\/\/pelican.fi\/en\/stabilize-your-home-for-sale-six-tips\/","title":{"rendered":"Stabilize your home for sale &#8211; six tips"},"content":{"rendered":"\t\t<div data-elementor-type=\"wp-page\" data-elementor-id=\"16515\" class=\"elementor elementor-16515 elementor-11493\" data-elementor-post-type=\"page\">\n\t\t\t\t<div class=\"wd-negative-gap elementor-element elementor-element-c693b25 e-flex e-con-boxed e-con e-parent\" data-id=\"c693b25\" data-element_type=\"container\" data-e-type=\"container\">\n\t\t\t\t\t<div class=\"e-con-inner\">\n\t\t<div class=\"elementor-element elementor-element-7cebf47 e-con-full e-flex e-con e-child\" data-id=\"7cebf47\" data-element_type=\"container\" data-e-type=\"container\">\n\t\t\t\t<div class=\"elementor-element elementor-element-1ee43d4 elementor-widget elementor-widget-image\" data-id=\"1ee43d4\" data-element_type=\"widget\" data-e-type=\"widget\" data-widget_type=\"image.default\">\n\t\t\t\t<div class=\"elementor-widget-container\">\n\t\t\t\t\t\t\t\t\t\t\t\t\t\t\t<img decoding=\"async\" src=\"https:\/\/pelican.fi\/wp-content\/uploads\/2025\/06\/iStock-2156902199-scaled-1.jpg\" title=\"iStock-2156902199-scaled.jpg\" alt=\"iStock-2156902199-scaled.jpg\" loading=\"lazy\" \/>\t\t\t\t\t\t\t\t\t\t\t\t\t\t\t<\/div>\n\t\t\t\t<\/div>\n\t\t\t\t<\/div>\n\t\t<div class=\"elementor-element elementor-element-0cc498d e-con-full e-flex e-con e-child\" data-id=\"0cc498d\" data-element_type=\"container\" data-e-type=\"container\" data-settings=\"{&quot;background_background&quot;:&quot;classic&quot;}\">\n\t\t<div class=\"elementor-element elementor-element-73e258c e-con-full e-flex e-con e-child\" data-id=\"73e258c\" data-element_type=\"container\" data-e-type=\"container\">\n\t\t\t\t<div class=\"elementor-element elementor-element-5e7f444 wd-width-100 elementor-widget elementor-widget-wd_title\" data-id=\"5e7f444\" data-element_type=\"widget\" data-e-type=\"widget\" data-widget_type=\"wd_title.default\">\n\t\t\t\t<div class=\"elementor-widget-container\">\n\t\t\t\t\t\t\t<div class=\"title-wrapper wd-set-mb reset-last-child wd-title-color-default wd-title-style-default wd-title-size-default text-left\">\n\n\t\t\t\n\t\t\t<div class=\"liner-continer\">\n\t\t\t\t<h4 class=\"woodmart-title-container title wd-fontsize-l\">Stabilize your home for sale - six tips<\/h4> \n\t\t\t\t\t\t\t<\/div>\n\n\t\t\t\t\t<\/div>\n\t\t\t\t\t\t<\/div>\n\t\t\t\t<\/div>\n\t\t\t\t<div class=\"elementor-element elementor-element-8b99fb4 elementor-widget elementor-widget-button\" data-id=\"8b99fb4\" data-element_type=\"widget\" data-e-type=\"widget\" data-widget_type=\"button.default\">\n\t\t\t\t<div class=\"elementor-widget-container\">\n\t\t\t\t\t\t\t\t\t<div class=\"elementor-button-wrapper\">\n\t\t\t\t\t<a class=\"elementor-button elementor-button-link elementor-size-sm\" href=\"https:\/\/pelican.fi\/en\/our-locations\/\">\n\t\t\t\t\t\t<span class=\"elementor-button-content-wrapper\">\n\t\t\t\t\t\t\t\t\t<span class=\"elementor-button-text\">Find a storage<\/span>\n\t\t\t\t\t<\/span>\n\t\t\t\t\t<\/a>\n\t\t\t\t<\/div>\n\t\t\t\t\t\t\t\t<\/div>\n\t\t\t\t<\/div>\n\t\t\t\t<\/div>\n\t\t\t\t<\/div>\n\t\t\t\t\t<\/div>\n\t\t\t\t<\/div>\n\t\t<div class=\"wd-negative-gap elementor-element elementor-element-2a9bbd5 e-flex e-con-boxed e-con e-parent\" data-id=\"2a9bbd5\" data-element_type=\"container\" data-e-type=\"container\">\n\t\t\t\t\t<div class=\"e-con-inner\">\n\t\t\t\t<div class=\"elementor-element elementor-element-39580a3 elementor-widget elementor-widget-wd_text_block\" data-id=\"39580a3\" data-element_type=\"widget\" data-e-type=\"widget\" data-widget_type=\"wd_text_block.default\">\n\t\t\t\t<div class=\"elementor-widget-container\">\n\t\t\t\t\t\t\t<div class=\"wd-text-block reset-last-child text-left\">\n\t\t\t\n\t\t\t<p><b>1. Consider potential buyer target groups <\/b><br>Home styling can be used to attract a specific target group of buyers. Consider whether your property and its location is best suited to young couples, families with children or older people, for example. Families often prefer more bathrooms and more storage space, while older buyers prefer accessibility.  <\/p><p><b>2. Go through the unnecessary items<br><\/b>Go through all the rooms in the home and see if there is any unnecessary furniture or items that could be donated or stored for the sale process. A cluttered space can reduce the chances of a sale, as it can make the home look smaller than it actually is. Unnecessary items and furniture don't necessarily have to go, but you can also store them temporarily in storage.  <\/p><p>It is important that the purpose of each room is clearly visible in the layout. A bedroom should look like a bedroom, not a storage room with clothes and other items lying on the floor. The same goes for the other rooms - they should look neat and functional.  <\/p><p>You can start by hiding all your personal belongings out of sight. It's also a good idea to remove personal papers, documents, drawings and notepads, for example, from the fridge door. It's also a good idea to reduce the number of photos that are visible.  <\/p><p>The first impression of your home is already made in the hallway, so keep only the essentials there. Also clean out wardrobes, storage areas and cupboards, as potential buyers may open them to check the storage space. <\/p><p>Bathroom styling is a good place to hide make-up, hairbrushes, razors, curlers, toothbrushes and other toiletries. Bathrobes and towels should also be hidden. <\/p><p><b>3. Do a thorough clean<\/b><br>Once you've gone through all the unnecessary stuff, a thorough clean is easier to do. All surfaces, including windows, should be cleaned. Dirty windows can leave a bad impression, even if the apartment is otherwise gorgeous. Cleaned windows let in more light, which makes the apartment look brighter. Also check your houseplants and remove any wilted specimens.    <\/p><p><b>4. Create a harmonious atmosphere<\/b><\/p><p>Think about how you can make the rooms in your home look as spacious as possible - by organising and decluttering, you can make the space look much more spacious. Light and neutral colours such as white, light grey and beige appeal to many. You can also combine a few stronger colours, for example in towels and cushions, but avoid too many strong colours.  <\/p><p>A good tip is to stop at the door of each room and see what catches your eye first - a camera can help. Take a photo and assess what needs styling. It's easier to spot the colour scheme, shadows, contrasts and distracting details in a room from a picture than from a visual inspection alone.  <\/p><p><b>5. Pay attention to lighting<\/b><br>Open the curtains and let the sunlight fill your home. Also make sure there are enough light bulbs in the apartment so that no corner is left in the dark. Candles can help make your home feel cosier, and if you have a fireplace, a fire can add to the cosy atmosphere and warmth.  <\/p><p><b>6. Finish before each screening<\/b><br>Even if you've already cleaned up and organised, there are a few things you should do before each screening. Keep the air fresh by vacuuming and ventilating the whole apartment. Clean the toilet seat, sink and bathroom surfaces. Also wipe down kitchen surfaces and take out the rubbish.   <\/p>\n\t\t\t\t\t<\/div>\n\t\t\t\t\t\t<\/div>\n\t\t\t\t<\/div>\n\t\t\t\t\t<\/div>\n\t\t\t\t<\/div>\n\t\t\t\t<\/div>\n\t\t","protected":false},"excerpt":{"rendered":"<p>Stabilize your home for sale &#8211; six tips Find a storage 1. Consider potential buyer target groups Home styling can<\/p>\n","protected":false},"author":1,"featured_media":0,"parent":0,"menu_order":0,"comment_status":"closed","ping_status":"closed","template":"elementor_header_footer","meta":{"_acf_changed":false,"inline_featured_image":false,"_lmt_disableupdate":"no","_lmt_disable":"","footnotes":""},"class_list":["post-16515","page","type-page","status-publish","hentry"],"acf":[],"yoast_head":"<title>Stabilize your home for sale - six tips | Pelican Self Storage<\/title>\n<meta name=\"robots\" content=\"index, follow, max-snippet:-1, max-image-preview:large, max-video-preview:-1\" \/>\n<link rel=\"canonical\" href=\"https:\/\/pelican.fi\/en\/stabilize-your-home-for-sale-six-tips\/\" \/>\n<meta property=\"og:locale\" content=\"en_US\" \/>\n<meta property=\"og:type\" content=\"article\" \/>\n<meta property=\"og:title\" content=\"Stabilize your home for sale - six tips\" \/>\n<meta property=\"og:description\" content=\"Stabilize your home for sale &#8211; six tips Find a storage 1. Consider potential buyer target groups Home styling can\" \/>\n<meta property=\"og:url\" content=\"https:\/\/pelican.fi\/en\/stabilize-your-home-for-sale-six-tips\/\" \/>\n<meta property=\"og:site_name\" content=\"Pelican Self Storage\" \/>\n<meta property=\"article:publisher\" content=\"https:\/\/www.facebook.com\/PelicanSelfStorageDenmark\" \/>\n<meta property=\"article:modified_time\" content=\"2025-06-15T23:34:34+00:00\" \/>\n<meta property=\"og:image\" content=\"https:\/\/pelican.fi\/wp-content\/uploads\/2025\/06\/iStock-2156902199-scaled-1.jpg\" \/>\n<meta name=\"twitter:card\" content=\"summary_large_image\" \/>\n<meta name=\"twitter:label1\" content=\"Est. reading time\" \/>\n\t<meta name=\"twitter:data1\" content=\"3 minutes\" \/>\n<script type=\"application\/ld+json\" class=\"yoast-schema-graph\">{\"@context\":\"https:\/\/schema.org\",\"@graph\":[{\"@type\":\"WebPage\",\"@id\":\"https:\/\/pelican.fi\/en\/stabilize-your-home-for-sale-six-tips\/\",\"url\":\"https:\/\/pelican.fi\/en\/stabilize-your-home-for-sale-six-tips\/\",\"name\":\"Stabilize your home for sale - six tips | Pelican Self Storage\",\"isPartOf\":{\"@id\":\"https:\/\/pelican.fi\/en\/#website\"},\"primaryImageOfPage\":{\"@id\":\"https:\/\/pelican.fi\/en\/stabilize-your-home-for-sale-six-tips\/#primaryimage\"},\"image\":{\"@id\":\"https:\/\/pelican.fi\/en\/stabilize-your-home-for-sale-six-tips\/#primaryimage\"},\"thumbnailUrl\":\"https:\/\/pelican.fi\/wp-content\/uploads\/2025\/06\/iStock-2156902199-scaled-1.jpg\",\"datePublished\":\"2025-05-06T08:48:26+00:00\",\"dateModified\":\"2025-06-15T23:34:34+00:00\",\"breadcrumb\":{\"@id\":\"https:\/\/pelican.fi\/en\/stabilize-your-home-for-sale-six-tips\/#breadcrumb\"},\"inLanguage\":\"en-US\",\"potentialAction\":[{\"@type\":\"ReadAction\",\"target\":[\"https:\/\/pelican.fi\/en\/stabilize-your-home-for-sale-six-tips\/\"]}]},{\"@type\":\"ImageObject\",\"inLanguage\":\"en-US\",\"@id\":\"https:\/\/pelican.fi\/en\/stabilize-your-home-for-sale-six-tips\/#primaryimage\",\"url\":\"https:\/\/pelican.fi\/wp-content\/uploads\/2025\/06\/iStock-2156902199-scaled-1.jpg\",\"contentUrl\":\"https:\/\/pelican.fi\/wp-content\/uploads\/2025\/06\/iStock-2156902199-scaled-1.jpg\"},{\"@type\":\"BreadcrumbList\",\"@id\":\"https:\/\/pelican.fi\/en\/stabilize-your-home-for-sale-six-tips\/#breadcrumb\",\"itemListElement\":[{\"@type\":\"ListItem\",\"position\":1,\"name\":\"Home\",\"item\":\"https:\/\/pelican.fi\/en\/\"},{\"@type\":\"ListItem\",\"position\":2,\"name\":\"Stabilize your home for sale &#8211; six tips\"}]},{\"@type\":\"WebSite\",\"@id\":\"https:\/\/pelican.fi\/en\/#website\",\"url\":\"https:\/\/pelican.fi\/en\/\",\"name\":\"Vuokraa k\u00e4tev\u00e4 varasto\",\"description\":\"Vuokraa varastotila Pelican Self Storagelta. Edulliset hinnat \u2714 Toimipisteet ymp\u00e4ri K\u00f6\u00f6penhaminaa \u2714 Varastotiloja eri kokoisina \u2714 Ilmainen per\u00e4k\u00e4rryn lainaus \u2714\",\"potentialAction\":[{\"@type\":\"SearchAction\",\"target\":{\"@type\":\"EntryPoint\",\"urlTemplate\":\"https:\/\/pelican.fi\/en\/?s={search_term_string}\"},\"query-input\":{\"@type\":\"PropertyValueSpecification\",\"valueRequired\":true,\"valueName\":\"search_term_string\"}}],\"inLanguage\":\"en-US\"}]}<\/script>","yoast_head_json":{"title":"Stabilize your home for sale - six tips | Pelican Self Storage","robots":{"index":"index","follow":"follow","max-snippet":"max-snippet:-1","max-image-preview":"max-image-preview:large","max-video-preview":"max-video-preview:-1"},"canonical":"https:\/\/pelican.fi\/en\/stabilize-your-home-for-sale-six-tips\/","og_locale":"en_US","og_type":"article","og_title":"Stabilize your home for sale - six tips","og_description":"Stabilize your home for sale &#8211; six tips Find a storage 1. Consider potential buyer target groups Home styling can","og_url":"https:\/\/pelican.fi\/en\/stabilize-your-home-for-sale-six-tips\/","og_site_name":"Pelican Self Storage","article_publisher":"https:\/\/www.facebook.com\/PelicanSelfStorageDenmark","article_modified_time":"2025-06-15T23:34:34+00:00","og_image":[{"url":"https:\/\/pelican.fi\/wp-content\/uploads\/2025\/06\/iStock-2156902199-scaled-1.jpg","type":"","width":"","height":""}],"twitter_card":"summary_large_image","twitter_misc":{"Est. reading time":"3 minutes"},"schema":{"@context":"https:\/\/schema.org","@graph":[{"@type":"WebPage","@id":"https:\/\/pelican.fi\/en\/stabilize-your-home-for-sale-six-tips\/","url":"https:\/\/pelican.fi\/en\/stabilize-your-home-for-sale-six-tips\/","name":"Stabilize your home for sale - six tips | Pelican Self Storage","isPartOf":{"@id":"https:\/\/pelican.fi\/en\/#website"},"primaryImageOfPage":{"@id":"https:\/\/pelican.fi\/en\/stabilize-your-home-for-sale-six-tips\/#primaryimage"},"image":{"@id":"https:\/\/pelican.fi\/en\/stabilize-your-home-for-sale-six-tips\/#primaryimage"},"thumbnailUrl":"https:\/\/pelican.fi\/wp-content\/uploads\/2025\/06\/iStock-2156902199-scaled-1.jpg","datePublished":"2025-05-06T08:48:26+00:00","dateModified":"2025-06-15T23:34:34+00:00","breadcrumb":{"@id":"https:\/\/pelican.fi\/en\/stabilize-your-home-for-sale-six-tips\/#breadcrumb"},"inLanguage":"en-US","potentialAction":[{"@type":"ReadAction","target":["https:\/\/pelican.fi\/en\/stabilize-your-home-for-sale-six-tips\/"]}]},{"@type":"ImageObject","inLanguage":"en-US","@id":"https:\/\/pelican.fi\/en\/stabilize-your-home-for-sale-six-tips\/#primaryimage","url":"https:\/\/pelican.fi\/wp-content\/uploads\/2025\/06\/iStock-2156902199-scaled-1.jpg","contentUrl":"https:\/\/pelican.fi\/wp-content\/uploads\/2025\/06\/iStock-2156902199-scaled-1.jpg"},{"@type":"BreadcrumbList","@id":"https:\/\/pelican.fi\/en\/stabilize-your-home-for-sale-six-tips\/#breadcrumb","itemListElement":[{"@type":"ListItem","position":1,"name":"Home","item":"https:\/\/pelican.fi\/en\/"},{"@type":"ListItem","position":2,"name":"Stabilize your home for sale &#8211; six tips"}]},{"@type":"WebSite","@id":"https:\/\/pelican.fi\/en\/#website","url":"https:\/\/pelican.fi\/en\/","name":"Vuokraa k\u00e4tev\u00e4 varasto","description":"Vuokraa varastotila Pelican Self Storagelta. Edulliset hinnat \u2714 Toimipisteet ymp\u00e4ri K\u00f6\u00f6penhaminaa \u2714 Varastotiloja eri kokoisina \u2714 Ilmainen per\u00e4k\u00e4rryn lainaus \u2714","potentialAction":[{"@type":"SearchAction","target":{"@type":"EntryPoint","urlTemplate":"https:\/\/pelican.fi\/en\/?s={search_term_string}"},"query-input":{"@type":"PropertyValueSpecification","valueRequired":true,"valueName":"search_term_string"}}],"inLanguage":"en-US"}]}},"_links":{"self":[{"href":"https:\/\/pelican.fi\/en\/wp-json\/wp\/v2\/pages\/16515","targetHints":{"allow":["GET"]}}],"collection":[{"href":"https:\/\/pelican.fi\/en\/wp-json\/wp\/v2\/pages"}],"about":[{"href":"https:\/\/pelican.fi\/en\/wp-json\/wp\/v2\/types\/page"}],"author":[{"embeddable":true,"href":"https:\/\/pelican.fi\/en\/wp-json\/wp\/v2\/users\/1"}],"replies":[{"embeddable":true,"href":"https:\/\/pelican.fi\/en\/wp-json\/wp\/v2\/comments?post=16515"}],"version-history":[{"count":5,"href":"https:\/\/pelican.fi\/en\/wp-json\/wp\/v2\/pages\/16515\/revisions"}],"predecessor-version":[{"id":17312,"href":"https:\/\/pelican.fi\/en\/wp-json\/wp\/v2\/pages\/16515\/revisions\/17312"}],"wp:attachment":[{"href":"https:\/\/pelican.fi\/en\/wp-json\/wp\/v2\/media?parent=16515"}],"curies":[{"name":"wp","href":"https:\/\/api.w.org\/{rel}","templated":true}]}}