{"id":16517,"date":"2025-05-06T10:49:14","date_gmt":"2025-05-06T08:49:14","guid":{"rendered":"https:\/\/pelican.fi\/copied-store-your-stuff-in-the-storage-room-english-not-checked\/"},"modified":"2025-06-16T01:34:56","modified_gmt":"2025-06-15T23:34:56","slug":"store-your-stuff-in-the-storage-room","status":"publish","type":"page","link":"https:\/\/pelican.fi\/en\/store-your-stuff-in-the-storage-room\/","title":{"rendered":"Store your stuff in the storage room"},"content":{"rendered":"\t\t<div data-elementor-type=\"wp-page\" data-elementor-id=\"16517\" class=\"elementor elementor-16517 elementor-11467\" data-elementor-post-type=\"page\">\n\t\t\t\t<div class=\"wd-negative-gap elementor-element elementor-element-385197c e-flex e-con-boxed e-con e-parent\" data-id=\"385197c\" data-element_type=\"container\" data-e-type=\"container\" data-settings=\"{&quot;background_background&quot;:&quot;classic&quot;}\">\n\t\t\t\t\t<div class=\"e-con-inner\">\n\t\t<div class=\"elementor-element elementor-element-c82cdbc e-con-full e-flex e-con e-child\" data-id=\"c82cdbc\" data-element_type=\"container\" data-e-type=\"container\">\n\t\t\t\t<div class=\"elementor-element elementor-element-71ab4d0 elementor-widget elementor-widget-image\" data-id=\"71ab4d0\" data-element_type=\"widget\" data-e-type=\"widget\" data-widget_type=\"image.default\">\n\t\t\t\t<div class=\"elementor-widget-container\">\n\t\t\t\t\t\t\t\t\t\t\t\t\t\t\t<img decoding=\"async\" src=\"https:\/\/pelican.fi\/wp-content\/uploads\/2025\/06\/Rum-6220.png\" title=\"Rum-6220.png\" alt=\"Rum-6220.png\" loading=\"lazy\" \/>\t\t\t\t\t\t\t\t\t\t\t\t\t\t\t<\/div>\n\t\t\t\t<\/div>\n\t\t\t\t<\/div>\n\t\t<div class=\"elementor-element elementor-element-8f6d366 e-con-full e-flex e-con e-child\" data-id=\"8f6d366\" data-element_type=\"container\" data-e-type=\"container\">\n\t\t<div class=\"elementor-element elementor-element-e6cbac3 e-con-full e-flex e-con e-child\" data-id=\"e6cbac3\" data-element_type=\"container\" data-e-type=\"container\">\n\t\t\t\t<div class=\"elementor-element elementor-element-22ea629 wd-width-100 elementor-widget elementor-widget-wd_title\" data-id=\"22ea629\" data-element_type=\"widget\" data-e-type=\"widget\" data-widget_type=\"wd_title.default\">\n\t\t\t\t<div class=\"elementor-widget-container\">\n\t\t\t\t\t\t\t<div class=\"title-wrapper wd-set-mb reset-last-child wd-title-color-default wd-title-style-default wd-title-size-default text-left\">\n\n\t\t\t\n\t\t\t<div class=\"liner-continer\">\n\t\t\t\t<h4 class=\"woodmart-title-container title wd-fontsize-l\">The highest quality storage<\/h4> \n\t\t\t\t\t\t\t<\/div>\n\n\t\t\t\t\t\t\t<div class=\"title-after_title reset-last-child wd-fontsize-xs\">\n\t\t\t\t\t<p>There can be many reasons for lack of space in the home, but one thing is certain: too little space can be very frustrating. This is exactly why storage is the perfect solution. Summer is a particularly good time for a thorough clean and reorganising of excess belongings. Whatever is taking up too much space in your home, we can store your stuff for you. Here are a few tips on how to do it.    <\/p>\t\t\t\t<\/div>\n\t\t\t\t\t<\/div>\n\t\t\t\t\t\t<\/div>\n\t\t\t\t<\/div>\n\t\t\t\t<div class=\"elementor-element elementor-element-707a2b6 elementor-widget elementor-widget-button\" data-id=\"707a2b6\" data-element_type=\"widget\" data-e-type=\"widget\" data-widget_type=\"button.default\">\n\t\t\t\t<div class=\"elementor-widget-container\">\n\t\t\t\t\t\t\t\t\t<div class=\"elementor-button-wrapper\">\n\t\t\t\t\t<a class=\"elementor-button elementor-button-link elementor-size-sm\" href=\"https:\/\/pelican.fi\/en\/our-locations\/\">\n\t\t\t\t\t\t<span class=\"elementor-button-content-wrapper\">\n\t\t\t\t\t\t\t\t\t<span class=\"elementor-button-text\">Our site<\/span>\n\t\t\t\t\t<\/span>\n\t\t\t\t\t<\/a>\n\t\t\t\t<\/div>\n\t\t\t\t\t\t\t\t<\/div>\n\t\t\t\t<\/div>\n\t\t\t\t<\/div>\n\t\t\t\t<\/div>\n\t\t\t\t\t<\/div>\n\t\t\t\t<\/div>\n\t\t<div class=\"wd-negative-gap elementor-element elementor-element-1cd3ecc e-flex e-con-boxed e-con e-parent\" data-id=\"1cd3ecc\" data-element_type=\"container\" data-e-type=\"container\" data-settings=\"{&quot;background_background&quot;:&quot;classic&quot;}\">\n\t\t\t\t\t<div class=\"e-con-inner\">\n\t\t<div class=\"elementor-element elementor-element-61a4dce e-con-full e-flex e-con e-child\" data-id=\"61a4dce\" data-element_type=\"container\" data-e-type=\"container\" data-settings=\"{&quot;background_background&quot;:&quot;classic&quot;}\">\n\t\t<div class=\"elementor-element elementor-element-12a3f4d e-con-full e-flex e-con e-child\" data-id=\"12a3f4d\" data-element_type=\"container\" data-e-type=\"container\">\n\t\t\t\t<div class=\"elementor-element elementor-element-f8eac71 wd-width-100 elementor-widget elementor-widget-wd_title\" data-id=\"f8eac71\" data-element_type=\"widget\" data-e-type=\"widget\" data-widget_type=\"wd_title.default\">\n\t\t\t\t<div class=\"elementor-widget-container\">\n\t\t\t\t\t\t\t<div class=\"title-wrapper wd-set-mb reset-last-child wd-title-color-default wd-title-style-default wd-title-size-default text-left\">\n\n\t\t\t\n\t\t\t<div class=\"liner-continer\">\n\t\t\t\t<h4 class=\"woodmart-title-container title wd-fontsize-l\">Warm walk-in wardrobe - store your clothes easily<\/h4> \n\t\t\t\t\t\t\t<\/div>\n\n\t\t\t\t\t\t\t<div class=\"title-after_title reset-last-child wd-fontsize-xs\">\n\t\t\t\t\t<p>Winter clothes take up a lot of space. Overcoats, overalls, ski gear and other equipment fill up your wardrobe unnecessarily throughout the summer season. At Pelican, we offer an alternative: small, warm storage spaces designed especially for clothes racks. They serve as a handy extra wardrobe for your home.   <\/p>\t\t\t\t<\/div>\n\t\t\t\t\t<\/div>\n\t\t\t\t\t\t<\/div>\n\t\t\t\t<\/div>\n\t\t\t\t<div class=\"elementor-element elementor-element-d0f5c67 elementor-widget elementor-widget-button\" data-id=\"d0f5c67\" data-element_type=\"widget\" data-e-type=\"widget\" data-widget_type=\"button.default\">\n\t\t\t\t<div class=\"elementor-widget-container\">\n\t\t\t\t\t\t\t\t\t<div class=\"elementor-button-wrapper\">\n\t\t\t\t\t<a class=\"elementor-button elementor-button-link elementor-size-sm\" href=\"https:\/\/pelican.fi\/en\/our-locations\/\">\n\t\t\t\t\t\t<span class=\"elementor-button-content-wrapper\">\n\t\t\t\t\t\t\t\t\t<span class=\"elementor-button-text\">See available spaces<\/span>\n\t\t\t\t\t<\/span>\n\t\t\t\t\t<\/a>\n\t\t\t\t<\/div>\n\t\t\t\t\t\t\t\t<\/div>\n\t\t\t\t<\/div>\n\t\t\t\t<\/div>\n\t\t\t\t<\/div>\n\t\t<div class=\"elementor-element elementor-element-c29cadd e-con-full e-flex e-con e-child\" data-id=\"c29cadd\" data-element_type=\"container\" data-e-type=\"container\">\n\t\t\t\t<div class=\"elementor-element elementor-element-05cc662 elementor-widget elementor-widget-image\" data-id=\"05cc662\" data-element_type=\"widget\" data-e-type=\"widget\" data-widget_type=\"image.default\">\n\t\t\t\t<div class=\"elementor-widget-container\">\n\t\t\t\t\t\t\t\t\t\t\t\t\t\t\t<img decoding=\"async\" src=\"https:\/\/pelican.fi\/wp-content\/uploads\/2025\/06\/010.jpg\" title=\"010.jpg\" alt=\"010.jpg\" loading=\"lazy\" \/>\t\t\t\t\t\t\t\t\t\t\t\t\t\t\t<\/div>\n\t\t\t\t<\/div>\n\t\t\t\t<\/div>\n\t\t\t\t\t<\/div>\n\t\t\t\t<\/div>\n\t\t<div class=\"wd-negative-gap elementor-element elementor-element-dd948e7 e-flex e-con-boxed e-con e-parent\" data-id=\"dd948e7\" data-element_type=\"container\" data-e-type=\"container\" data-settings=\"{&quot;background_background&quot;:&quot;classic&quot;}\">\n\t\t\t\t\t<div class=\"e-con-inner\">\n\t\t<div class=\"elementor-element elementor-element-b53e171 e-con-full e-flex e-con e-child\" data-id=\"b53e171\" data-element_type=\"container\" data-e-type=\"container\">\n\t\t\t\t<div class=\"elementor-element elementor-element-26bb349 elementor-widget elementor-widget-image\" data-id=\"26bb349\" data-element_type=\"widget\" data-e-type=\"widget\" data-widget_type=\"image.default\">\n\t\t\t\t<div class=\"elementor-widget-container\">\n\t\t\t\t\t\t\t\t\t\t\t\t\t\t\t<img decoding=\"async\" src=\"https:\/\/pelican.fi\/wp-content\/uploads\/2025\/06\/mansku-0125.jpg\" title=\"mansku-0125.jpg\" alt=\"mansku-0125.jpg\" loading=\"lazy\" \/>\t\t\t\t\t\t\t\t\t\t\t\t\t\t\t<\/div>\n\t\t\t\t<\/div>\n\t\t\t\t<\/div>\n\t\t<div class=\"elementor-element elementor-element-1f108f1 e-con-full e-flex e-con e-child\" data-id=\"1f108f1\" data-element_type=\"container\" data-e-type=\"container\">\n\t\t<div class=\"elementor-element elementor-element-efd49fa e-con-full e-flex e-con e-child\" data-id=\"efd49fa\" data-element_type=\"container\" data-e-type=\"container\">\n\t\t\t\t<div class=\"elementor-element elementor-element-2e0f1db wd-width-100 elementor-widget elementor-widget-wd_title\" data-id=\"2e0f1db\" data-element_type=\"widget\" data-e-type=\"widget\" data-widget_type=\"wd_title.default\">\n\t\t\t\t<div class=\"elementor-widget-container\">\n\t\t\t\t\t\t\t<div class=\"title-wrapper wd-set-mb reset-last-child wd-title-color-default wd-title-style-default wd-title-size-default text-left\">\n\n\t\t\t\n\t\t\t<div class=\"liner-continer\">\n\t\t\t\t<h4 class=\"woodmart-title-container title wd-fontsize-l\">Keep your memories safe<\/h4> \n\t\t\t\t\t\t\t<\/div>\n\n\t\t\t\t\t\t\t<div class=\"title-after_title reset-last-child wd-fontsize-xs\">\n\t\t\t\t\t<p>Some of the most valuable objects are those that have sentimental value. While you could never imagine parting with heirlooms, they can pose a space challenge - where can you put them? We have a solution. All Pelican storage facilities keep your belongings safe, clean and dry. Whether your storage needs are short or long term, we'll make sure your memories are safe and sound. Find out more about <a href=\"https:\/\/pelican.fi\/en\/more-space-for-everyday-life-storage-as-an-extension-of-your-home-or-office\/\">how even small storage facilities can offer big benefits.<\/a>     <\/p>\t\t\t\t<\/div>\n\t\t\t\t\t<\/div>\n\t\t\t\t\t\t<\/div>\n\t\t\t\t<\/div>\n\t\t\t\t<\/div>\n\t\t\t\t<\/div>\n\t\t\t\t\t<\/div>\n\t\t\t\t<\/div>\n\t\t<div class=\"wd-negative-gap elementor-element elementor-element-c974376 e-flex e-con-boxed e-con e-parent\" data-id=\"c974376\" data-element_type=\"container\" data-e-type=\"container\" data-settings=\"{&quot;background_background&quot;:&quot;classic&quot;}\">\n\t\t\t\t\t<div class=\"e-con-inner\">\n\t\t<div class=\"elementor-element elementor-element-1df1750 e-con-full e-flex e-con e-child\" data-id=\"1df1750\" data-element_type=\"container\" data-e-type=\"container\" data-settings=\"{&quot;background_background&quot;:&quot;classic&quot;}\">\n\t\t<div class=\"elementor-element elementor-element-47dc952 e-con-full e-flex e-con e-child\" data-id=\"47dc952\" data-element_type=\"container\" data-e-type=\"container\">\n\t\t\t\t<div class=\"elementor-element elementor-element-ed4e976 wd-width-100 elementor-widget elementor-widget-wd_title\" data-id=\"ed4e976\" data-element_type=\"widget\" data-e-type=\"widget\" data-widget_type=\"wd_title.default\">\n\t\t\t\t<div class=\"elementor-widget-container\">\n\t\t\t\t\t\t\t<div class=\"title-wrapper wd-set-mb reset-last-child wd-title-color-default wd-title-style-default wd-title-size-default text-left\">\n\n\t\t\t\n\t\t\t<div class=\"liner-continer\">\n\t\t\t\t<h4 class=\"woodmart-title-container title wd-fontsize-l\">More space in your basement storage room<\/h4> \n\t\t\t\t\t\t\t<\/div>\n\n\t\t\t\t\t\t\t<div class=\"title-after_title reset-last-child wd-fontsize-xs\">\n\t\t\t\t\t<p>Do you have the constant challenge of clearing out your basement closet or garage to make room for everything you want to keep but don't need on display right away? Let us store baby gear, toys and other items that can be saved for the future - so they don't get in the way of your everyday life. With almost 24-hour access to your personal storage space at Pelican, you can easily drop off more items for storage or retrieve them when you need them.  <\/p>\t\t\t\t<\/div>\n\t\t\t\t\t<\/div>\n\t\t\t\t\t\t<\/div>\n\t\t\t\t<\/div>\n\t\t\t\t<\/div>\n\t\t\t\t<\/div>\n\t\t<div class=\"elementor-element elementor-element-a6586c1 e-con-full e-flex e-con e-child\" data-id=\"a6586c1\" data-element_type=\"container\" data-e-type=\"container\">\n\t\t\t\t<div class=\"elementor-element elementor-element-e02d075 elementor-widget elementor-widget-image\" data-id=\"e02d075\" data-element_type=\"widget\" data-e-type=\"widget\" data-widget_type=\"image.default\">\n\t\t\t\t<div class=\"elementor-widget-container\">\n\t\t\t\t\t\t\t\t\t\t\t\t\t\t\t<img decoding=\"async\" src=\"https:\/\/pelican.fi\/wp-content\/uploads\/2025\/06\/unit_with_bike_1.jpg\" title=\"unit_with_bike_1.jpg\" alt=\"unit_with_bike_1.jpg\" loading=\"lazy\" \/>\t\t\t\t\t\t\t\t\t\t\t\t\t\t\t<\/div>\n\t\t\t\t<\/div>\n\t\t\t\t<\/div>\n\t\t\t\t\t<\/div>\n\t\t\t\t<\/div>\n\t\t<div class=\"wd-negative-gap elementor-element elementor-element-0de2c00 e-flex e-con-boxed e-con e-parent\" data-id=\"0de2c00\" data-element_type=\"container\" data-e-type=\"container\">\n\t\t\t\t\t<div class=\"e-con-inner\">\n\t\t\t\t<div class=\"elementor-element elementor-element-2ecd919 elementor-widget elementor-widget-wd_text_block\" data-id=\"2ecd919\" data-element_type=\"widget\" data-e-type=\"widget\" data-widget_type=\"wd_text_block.default\">\n\t\t\t\t<div class=\"elementor-widget-container\">\n\t\t\t\t\t\t\t<div class=\"wd-text-block reset-last-child text-left\">\n\t\t\t\n\t\t\t<h3><strong><span style=\"color: #008000;\">More space with storage<\/span><\/strong><\/h3><p>With Pelican Self Storage, we help you get your home in order. We give you the extra space you need so you don't have to stress about overstuffed cupboards, bags lying in corners or a basement that's about to explode. <\/p><p>Our storage spaces act as an extension of your home, where you can store your belongings and make your home neat and manageable. We've even created a simple guide to help you reorganise your home in just <a href=\"https:\/\/pelican.fi\/en\/organise-your-home-in-30-days\/\">30 days<\/a> - if you're up for the challenge! <\/p><p>Don't worry, we'll take good care of your stuff. It's our honour to make sure you can feel safe when you leave your belongings with us. <\/p><p>When you choose a storage space for your belongings, you create a sense of peace in your home - the kind that belongs inside the walls of your home. In contrast, a home where your belongings are lying around without a place of their own can cause constant stress that feels like a heavy cloud hanging over you. That's where Pelican Storage comes to the rescue. They can help you get peace of mind and order back into your home.   <\/p><p><span style=\"color: #008000;\"><b>Store exactly what you want<\/b><\/span><\/p><p>You can store almost anything with us - only your imagination is the limit! Perhaps you want to store your large stock of summer clothes for the winter, or store your children's old clothes for future use. What about garden furniture? We have space for everything.   <\/p><p>We offer storage facilities ranging from 0.75 m\u00b2 storage lockers to 50 m\u00b2 garage-style facilities, so we can meet your needs. If you're not sure which space is right for you, come and see us - our knowledgeable staff will help you find just the right solution. <\/p><p><span style=\"color: #008000;\"><b>Storage facilities throughout the Helsinki Metropolitan Area and Turku<\/b><\/span><\/p><p>We have sixteen locations, so we can offer storage facilities in the entire Helsinki metropolitan area and the Turku region. This means that you can always find a branch near you, making it easy and hassle-free to drop off and pick up your goods. <\/p><p>Our location is just one of the many advantages of choosing Pelican Self Storage. We also offer: <\/p><ul><li><strong>Personalised service<\/strong> six days a week in all our offices<\/li><li><strong>Borrow a free trailer<\/strong><\/li><li><strong>High security<\/strong>, including camera surveillance and secure access control systems<\/li><li><strong>Free access to your storage facilities<\/strong> every day of the week from 5.30-22.00<\/li><li><strong>Help with receiving deliveries<\/strong> if you are a business customer<\/li><\/ul>\n\t\t\t\t\t<\/div>\n\t\t\t\t\t\t<\/div>\n\t\t\t\t<\/div>\n\t\t\t\t\t<\/div>\n\t\t\t\t<\/div>\n\t\t\t\t<\/div>\n\t\t","protected":false},"excerpt":{"rendered":"<p>The highest quality storage There can be many reasons for lack of space in the home, but one thing is<\/p>\n","protected":false},"author":1,"featured_media":0,"parent":0,"menu_order":0,"comment_status":"closed","ping_status":"closed","template":"elementor_header_footer","meta":{"_acf_changed":false,"inline_featured_image":false,"_lmt_disableupdate":"no","_lmt_disable":"","footnotes":""},"class_list":["post-16517","page","type-page","status-publish","hentry"],"acf":[],"yoast_head":"<title>Store your stuff in the storage room | Pelican Self Storage<\/title>\n<meta name=\"robots\" content=\"index, follow, max-snippet:-1, max-image-preview:large, max-video-preview:-1\" \/>\n<link rel=\"canonical\" href=\"https:\/\/pelican.fi\/en\/store-your-stuff-in-the-storage-room\/\" \/>\n<meta property=\"og:locale\" content=\"en_US\" \/>\n<meta property=\"og:type\" content=\"article\" \/>\n<meta property=\"og:title\" content=\"Store your stuff in the storage room\" \/>\n<meta property=\"og:description\" content=\"The highest quality storage There can be many reasons for lack of space in the home, but one thing is\" \/>\n<meta property=\"og:url\" content=\"https:\/\/pelican.fi\/en\/store-your-stuff-in-the-storage-room\/\" \/>\n<meta property=\"og:site_name\" content=\"Pelican Self Storage\" \/>\n<meta property=\"article:publisher\" content=\"https:\/\/www.facebook.com\/PelicanSelfStorageDenmark\" \/>\n<meta property=\"article:modified_time\" content=\"2025-06-15T23:34:56+00:00\" \/>\n<meta property=\"og:image\" content=\"https:\/\/pelican.fi\/wp-content\/uploads\/2025\/06\/Rum-6220.png\" \/>\n<meta name=\"twitter:card\" content=\"summary_large_image\" \/>\n<meta name=\"twitter:label1\" content=\"Est. reading time\" \/>\n\t<meta name=\"twitter:data1\" content=\"4 minutes\" \/>\n<script type=\"application\/ld+json\" class=\"yoast-schema-graph\">{\"@context\":\"https:\/\/schema.org\",\"@graph\":[{\"@type\":\"WebPage\",\"@id\":\"https:\/\/pelican.fi\/en\/store-your-stuff-in-the-storage-room\/\",\"url\":\"https:\/\/pelican.fi\/en\/store-your-stuff-in-the-storage-room\/\",\"name\":\"Store your stuff in the storage room | Pelican Self Storage\",\"isPartOf\":{\"@id\":\"https:\/\/pelican.fi\/en\/#website\"},\"primaryImageOfPage\":{\"@id\":\"https:\/\/pelican.fi\/en\/store-your-stuff-in-the-storage-room\/#primaryimage\"},\"image\":{\"@id\":\"https:\/\/pelican.fi\/en\/store-your-stuff-in-the-storage-room\/#primaryimage\"},\"thumbnailUrl\":\"https:\/\/pelican.fi\/wp-content\/uploads\/2025\/06\/Rum-6220.png\",\"datePublished\":\"2025-05-06T08:49:14+00:00\",\"dateModified\":\"2025-06-15T23:34:56+00:00\",\"breadcrumb\":{\"@id\":\"https:\/\/pelican.fi\/en\/store-your-stuff-in-the-storage-room\/#breadcrumb\"},\"inLanguage\":\"en-US\",\"potentialAction\":[{\"@type\":\"ReadAction\",\"target\":[\"https:\/\/pelican.fi\/en\/store-your-stuff-in-the-storage-room\/\"]}]},{\"@type\":\"ImageObject\",\"inLanguage\":\"en-US\",\"@id\":\"https:\/\/pelican.fi\/en\/store-your-stuff-in-the-storage-room\/#primaryimage\",\"url\":\"https:\/\/pelican.fi\/wp-content\/uploads\/2025\/06\/Rum-6220.png\",\"contentUrl\":\"https:\/\/pelican.fi\/wp-content\/uploads\/2025\/06\/Rum-6220.png\"},{\"@type\":\"BreadcrumbList\",\"@id\":\"https:\/\/pelican.fi\/en\/store-your-stuff-in-the-storage-room\/#breadcrumb\",\"itemListElement\":[{\"@type\":\"ListItem\",\"position\":1,\"name\":\"Home\",\"item\":\"https:\/\/pelican.fi\/en\/\"},{\"@type\":\"ListItem\",\"position\":2,\"name\":\"Store your stuff in the storage room\"}]},{\"@type\":\"WebSite\",\"@id\":\"https:\/\/pelican.fi\/en\/#website\",\"url\":\"https:\/\/pelican.fi\/en\/\",\"name\":\"Vuokraa k\u00e4tev\u00e4 varasto\",\"description\":\"Vuokraa varastotila Pelican Self Storagelta. Edulliset hinnat \u2714 Toimipisteet ymp\u00e4ri K\u00f6\u00f6penhaminaa \u2714 Varastotiloja eri kokoisina \u2714 Ilmainen per\u00e4k\u00e4rryn lainaus \u2714\",\"potentialAction\":[{\"@type\":\"SearchAction\",\"target\":{\"@type\":\"EntryPoint\",\"urlTemplate\":\"https:\/\/pelican.fi\/en\/?s={search_term_string}\"},\"query-input\":{\"@type\":\"PropertyValueSpecification\",\"valueRequired\":true,\"valueName\":\"search_term_string\"}}],\"inLanguage\":\"en-US\"}]}<\/script>","yoast_head_json":{"title":"Store your stuff in the storage room | Pelican Self Storage","robots":{"index":"index","follow":"follow","max-snippet":"max-snippet:-1","max-image-preview":"max-image-preview:large","max-video-preview":"max-video-preview:-1"},"canonical":"https:\/\/pelican.fi\/en\/store-your-stuff-in-the-storage-room\/","og_locale":"en_US","og_type":"article","og_title":"Store your stuff in the storage room","og_description":"The highest quality storage There can be many reasons for lack of space in the home, but one thing is","og_url":"https:\/\/pelican.fi\/en\/store-your-stuff-in-the-storage-room\/","og_site_name":"Pelican Self Storage","article_publisher":"https:\/\/www.facebook.com\/PelicanSelfStorageDenmark","article_modified_time":"2025-06-15T23:34:56+00:00","og_image":[{"url":"https:\/\/pelican.fi\/wp-content\/uploads\/2025\/06\/Rum-6220.png","type":"","width":"","height":""}],"twitter_card":"summary_large_image","twitter_misc":{"Est. reading time":"4 minutes"},"schema":{"@context":"https:\/\/schema.org","@graph":[{"@type":"WebPage","@id":"https:\/\/pelican.fi\/en\/store-your-stuff-in-the-storage-room\/","url":"https:\/\/pelican.fi\/en\/store-your-stuff-in-the-storage-room\/","name":"Store your stuff in the storage room | Pelican Self Storage","isPartOf":{"@id":"https:\/\/pelican.fi\/en\/#website"},"primaryImageOfPage":{"@id":"https:\/\/pelican.fi\/en\/store-your-stuff-in-the-storage-room\/#primaryimage"},"image":{"@id":"https:\/\/pelican.fi\/en\/store-your-stuff-in-the-storage-room\/#primaryimage"},"thumbnailUrl":"https:\/\/pelican.fi\/wp-content\/uploads\/2025\/06\/Rum-6220.png","datePublished":"2025-05-06T08:49:14+00:00","dateModified":"2025-06-15T23:34:56+00:00","breadcrumb":{"@id":"https:\/\/pelican.fi\/en\/store-your-stuff-in-the-storage-room\/#breadcrumb"},"inLanguage":"en-US","potentialAction":[{"@type":"ReadAction","target":["https:\/\/pelican.fi\/en\/store-your-stuff-in-the-storage-room\/"]}]},{"@type":"ImageObject","inLanguage":"en-US","@id":"https:\/\/pelican.fi\/en\/store-your-stuff-in-the-storage-room\/#primaryimage","url":"https:\/\/pelican.fi\/wp-content\/uploads\/2025\/06\/Rum-6220.png","contentUrl":"https:\/\/pelican.fi\/wp-content\/uploads\/2025\/06\/Rum-6220.png"},{"@type":"BreadcrumbList","@id":"https:\/\/pelican.fi\/en\/store-your-stuff-in-the-storage-room\/#breadcrumb","itemListElement":[{"@type":"ListItem","position":1,"name":"Home","item":"https:\/\/pelican.fi\/en\/"},{"@type":"ListItem","position":2,"name":"Store your stuff in the storage room"}]},{"@type":"WebSite","@id":"https:\/\/pelican.fi\/en\/#website","url":"https:\/\/pelican.fi\/en\/","name":"Vuokraa k\u00e4tev\u00e4 varasto","description":"Vuokraa varastotila Pelican Self Storagelta. Edulliset hinnat \u2714 Toimipisteet ymp\u00e4ri K\u00f6\u00f6penhaminaa \u2714 Varastotiloja eri kokoisina \u2714 Ilmainen per\u00e4k\u00e4rryn lainaus \u2714","potentialAction":[{"@type":"SearchAction","target":{"@type":"EntryPoint","urlTemplate":"https:\/\/pelican.fi\/en\/?s={search_term_string}"},"query-input":{"@type":"PropertyValueSpecification","valueRequired":true,"valueName":"search_term_string"}}],"inLanguage":"en-US"}]}},"_links":{"self":[{"href":"https:\/\/pelican.fi\/en\/wp-json\/wp\/v2\/pages\/16517","targetHints":{"allow":["GET"]}}],"collection":[{"href":"https:\/\/pelican.fi\/en\/wp-json\/wp\/v2\/pages"}],"about":[{"href":"https:\/\/pelican.fi\/en\/wp-json\/wp\/v2\/types\/page"}],"author":[{"embeddable":true,"href":"https:\/\/pelican.fi\/en\/wp-json\/wp\/v2\/users\/1"}],"replies":[{"embeddable":true,"href":"https:\/\/pelican.fi\/en\/wp-json\/wp\/v2\/comments?post=16517"}],"version-history":[{"count":5,"href":"https:\/\/pelican.fi\/en\/wp-json\/wp\/v2\/pages\/16517\/revisions"}],"predecessor-version":[{"id":17313,"href":"https:\/\/pelican.fi\/en\/wp-json\/wp\/v2\/pages\/16517\/revisions\/17313"}],"wp:attachment":[{"href":"https:\/\/pelican.fi\/en\/wp-json\/wp\/v2\/media?parent=16517"}],"curies":[{"name":"wp","href":"https:\/\/api.w.org\/{rel}","templated":true}]}}