{"id":16519,"date":"2025-05-06T10:48:24","date_gmt":"2025-05-06T08:48:24","guid":{"rendered":"https:\/\/pelican.fi\/copied-planning-a-renovation-english-not-checked-otherwise-ok\/"},"modified":"2025-06-24T02:18:52","modified_gmt":"2025-06-23T23:18:52","slug":"planning-a-renovation","status":"publish","type":"page","link":"https:\/\/pelican.fi\/en\/planning-a-renovation\/","title":{"rendered":"Planning a renovation?"},"content":{"rendered":"\t\t<div data-elementor-type=\"wp-page\" data-elementor-id=\"16519\" class=\"elementor elementor-16519 elementor-11474\" data-elementor-post-type=\"page\">\n\t\t\t\t<div class=\"wd-negative-gap elementor-element elementor-element-a58cad1 e-flex e-con-boxed e-con e-parent\" data-id=\"a58cad1\" data-element_type=\"container\" data-e-type=\"container\">\n\t\t\t\t\t<div class=\"e-con-inner\">\n\t\t<div class=\"elementor-element elementor-element-4d2eb34 e-con-full e-flex e-con e-child\" data-id=\"4d2eb34\" data-element_type=\"container\" data-e-type=\"container\">\n\t\t\t\t<div class=\"elementor-element elementor-element-94333cf elementor-widget elementor-widget-image\" data-id=\"94333cf\" data-element_type=\"widget\" data-e-type=\"widget\" data-widget_type=\"image.default\">\n\t\t\t\t<div class=\"elementor-widget-container\">\n\t\t\t\t\t\t\t\t\t\t\t\t\t\t\t<img decoding=\"async\" src=\"https:\/\/pelican.fi\/wp-content\/uploads\/2025\/06\/iStock-1433147266.jpg\" title=\"iStock-1433147266.jpg\" alt=\"iStock-1433147266.jpg\" loading=\"lazy\" \/>\t\t\t\t\t\t\t\t\t\t\t\t\t\t\t<\/div>\n\t\t\t\t<\/div>\n\t\t\t\t<\/div>\n\t\t<div class=\"elementor-element elementor-element-3f54d3c e-con-full e-flex e-con e-child\" data-id=\"3f54d3c\" data-element_type=\"container\" data-e-type=\"container\" data-settings=\"{&quot;background_background&quot;:&quot;classic&quot;}\">\n\t\t<div class=\"elementor-element elementor-element-f87d64a e-con-full e-flex e-con e-child\" data-id=\"f87d64a\" data-element_type=\"container\" data-e-type=\"container\">\n\t\t\t\t<div class=\"elementor-element elementor-element-9896a6b wd-width-100 elementor-widget elementor-widget-wd_title\" data-id=\"9896a6b\" data-element_type=\"widget\" data-e-type=\"widget\" data-widget_type=\"wd_title.default\">\n\t\t\t\t<div class=\"elementor-widget-container\">\n\t\t\t\t\t\t\t<div class=\"title-wrapper wd-set-mb reset-last-child wd-title-color-default wd-title-style-default wd-title-size-default text-left\">\n\n\t\t\t\n\t\t\t<div class=\"liner-continer\">\n\t\t\t\t<h4 class=\"woodmart-title-container title wd-fontsize-l\">Are you planning a renovation? This list will help you avoid unnecessary headaches <\/h4> \n\t\t\t\t\t\t\t<\/div>\n\n\t\t\t\t\t<\/div>\n\t\t\t\t\t\t<\/div>\n\t\t\t\t<\/div>\n\t\t\t\t<div class=\"elementor-element elementor-element-54fdd86 elementor-widget elementor-widget-button\" data-id=\"54fdd86\" data-element_type=\"widget\" data-e-type=\"widget\" data-widget_type=\"button.default\">\n\t\t\t\t<div class=\"elementor-widget-container\">\n\t\t\t\t\t\t\t\t\t<div class=\"elementor-button-wrapper\">\n\t\t\t\t\t<a class=\"elementor-button elementor-button-link elementor-size-sm\" href=\"https:\/\/pelican.fi\/en\/packaging-and-conversion-supplies\/\">\n\t\t\t\t\t\t<span class=\"elementor-button-content-wrapper\">\n\t\t\t\t\t\t\t\t\t<span class=\"elementor-button-text\">Moving supplies<\/span>\n\t\t\t\t\t<\/span>\n\t\t\t\t\t<\/a>\n\t\t\t\t<\/div>\n\t\t\t\t\t\t\t\t<\/div>\n\t\t\t\t<\/div>\n\t\t\t\t<\/div>\n\t\t\t\t<\/div>\n\t\t\t\t\t<\/div>\n\t\t\t\t<\/div>\n\t\t<div class=\"wd-negative-gap elementor-element elementor-element-2370f92 e-flex e-con-boxed e-con e-parent\" data-id=\"2370f92\" data-element_type=\"container\" data-e-type=\"container\">\n\t\t\t\t\t<div class=\"e-con-inner\">\n\t\t\t\t<div class=\"elementor-element elementor-element-76c86f6 elementor-widget elementor-widget-spacer\" data-id=\"76c86f6\" data-element_type=\"widget\" data-e-type=\"widget\" data-widget_type=\"spacer.default\">\n\t\t\t\t<div class=\"elementor-widget-container\">\n\t\t\t\t\t\t\t<div class=\"elementor-spacer\">\n\t\t\t<div class=\"elementor-spacer-inner\"><\/div>\n\t\t<\/div>\n\t\t\t\t\t\t<\/div>\n\t\t\t\t<\/div>\n\t\t\t\t<div class=\"elementor-element elementor-element-28471cf elementor-widget elementor-widget-wd_text_block\" data-id=\"28471cf\" data-element_type=\"widget\" data-e-type=\"widget\" data-widget_type=\"wd_text_block.default\">\n\t\t\t\t<div class=\"elementor-widget-container\">\n\t\t\t\t\t\t\t<div class=\"wd-text-block reset-last-child text-left\">\n\t\t\t\n\t\t\t<h3><strong>Even a small renovation can give your home a whole new look and feel. These tips will save you time, money and effort. <\/strong><\/h3><ul><li><p><strong>Take time to plan your renovation.<\/strong>  Careful planning will help you achieve the results you want, save time and stay within budget - even for smaller renovations.<\/p><\/li><li><p><strong>Define the objectives of the renovation.<\/strong>  Do you want a new look, more efficient use of space or structural changes?<\/p><\/li><li><p><strong>Be inspired by others.<\/strong>  Find ideas and inspiration on Google, Pinterest, Instagram or blogs. Facebook interior design groups can also provide good tips. <\/p><\/li><li><p><strong>Draw up a budget and decide whether to do everything yourself or hire professionals.<\/strong>  Also plan where you need professional help and book time for them in advance.<\/p><\/li><li><p><strong>Research the products and their suitability for your needs.<\/strong>  For example, some surface materials may look good, but require a lot of maintenance and cleaning.<\/p><\/li><li><p><strong>Take your time to compare prices.<\/strong>  Take advantage of promotions, clearance sales and online flea markets.<\/p><\/li><li><p><strong>Be prepared for delays.<\/strong> Delivery times may be delayed, especially during the high season. To ensure a smooth job, book professional schedules in advance. If necessary, you can store your goods safely in Pelican storage.  <\/p><\/li><li><p><strong>Plan your workflow carefully.<\/strong>  An Excel spreadsheet can be an excellent tool for scheduling.<\/p><\/li><li><p><strong>Make sure you have the right tools and information.<\/strong>  If you're doing the renovation yourself, get the tools you need and familiarise yourself with the different steps. There are plenty of tutorial videos on YouTube. <\/p><\/li><li><p><strong>Check the necessary permits.<\/strong>  Some renovations require permission from the authorities or the housing association.<\/p><\/li><li><p><strong>Compete with the professionals.<\/strong>  Ask for quotes early and make sure they have references. A written contract is always necessary. <\/p><\/li><li><p><strong>Ask for a renovation plan.<\/strong>  You'll have a better understanding of the steps involved and what's required.<\/p><\/li><li><p><strong>Make sure you have enough space during the renovation.<\/strong> If space is limited, <a href=\"https:\/\/pelican.fi\/en\/store-your-stuff-at-pelican\/\">consider storing furniture and belongings in a storage<\/a>. Pelican Self Storage has everything you need to protect your furniture and you can borrow a free trailer to move your belongings.<\/p><\/li><li><p><strong>Remove excess goods from the site.<\/strong>  This makes work easier and reduces the risk of breakage.<\/p><\/li><li><p><strong>Keep an eye on the timetable.<\/strong>  If the renovation is not going according to plan, check the renovation plan and contact the contractor if necessary.<\/p><\/li><\/ul><p>Pelican Self Storage makes it easy and safe to store your home improvement supplies and belongings - contact us to find out more!<\/p>\n\t\t\t\t\t<\/div>\n\t\t\t\t\t\t<\/div>\n\t\t\t\t<\/div>\n\t\t\t\t\t<\/div>\n\t\t\t\t<\/div>\n\t\t\t\t<\/div>\n\t\t","protected":false},"excerpt":{"rendered":"<p>Are you planning a renovation? This list will help you avoid unnecessary headaches Moving supplies Even a small renovation can<\/p>\n","protected":false},"author":1,"featured_media":0,"parent":0,"menu_order":0,"comment_status":"closed","ping_status":"closed","template":"elementor_header_footer","meta":{"_acf_changed":false,"inline_featured_image":false,"_lmt_disableupdate":"no","_lmt_disable":"","footnotes":""},"class_list":["post-16519","page","type-page","status-publish","hentry"],"acf":[],"yoast_head":"<title>Planning a renovation? | Pelican Self Storage<\/title>\n<meta name=\"robots\" content=\"index, follow, max-snippet:-1, max-image-preview:large, max-video-preview:-1\" \/>\n<link rel=\"canonical\" href=\"https:\/\/pelican.fi\/en\/planning-a-renovation\/\" \/>\n<meta property=\"og:locale\" content=\"en_US\" \/>\n<meta property=\"og:type\" content=\"article\" \/>\n<meta property=\"og:title\" content=\"Planning a renovation?\" \/>\n<meta property=\"og:description\" content=\"Are you planning a renovation? This list will help you avoid unnecessary headaches Moving supplies Even a small renovation can\" \/>\n<meta property=\"og:url\" content=\"https:\/\/pelican.fi\/en\/planning-a-renovation\/\" \/>\n<meta property=\"og:site_name\" content=\"Pelican Self Storage\" \/>\n<meta property=\"article:publisher\" content=\"https:\/\/www.facebook.com\/PelicanSelfStorageDenmark\" \/>\n<meta property=\"article:modified_time\" content=\"2025-06-23T23:18:52+00:00\" \/>\n<meta property=\"og:image\" content=\"https:\/\/pelican.fi\/wp-content\/uploads\/2025\/06\/iStock-1433147266.jpg\" \/>\n<meta name=\"twitter:card\" content=\"summary_large_image\" \/>\n<meta name=\"twitter:label1\" content=\"Est. reading time\" \/>\n\t<meta name=\"twitter:data1\" content=\"2 minutes\" \/>\n<script type=\"application\/ld+json\" class=\"yoast-schema-graph\">{\"@context\":\"https:\/\/schema.org\",\"@graph\":[{\"@type\":\"WebPage\",\"@id\":\"https:\/\/pelican.fi\/en\/planning-a-renovation\/\",\"url\":\"https:\/\/pelican.fi\/en\/planning-a-renovation\/\",\"name\":\"Planning a renovation? | Pelican Self Storage\",\"isPartOf\":{\"@id\":\"https:\/\/pelican.fi\/en\/#website\"},\"primaryImageOfPage\":{\"@id\":\"https:\/\/pelican.fi\/en\/planning-a-renovation\/#primaryimage\"},\"image\":{\"@id\":\"https:\/\/pelican.fi\/en\/planning-a-renovation\/#primaryimage\"},\"thumbnailUrl\":\"https:\/\/pelican.fi\/wp-content\/uploads\/2025\/06\/iStock-1433147266.jpg\",\"datePublished\":\"2025-05-06T08:48:24+00:00\",\"dateModified\":\"2025-06-23T23:18:52+00:00\",\"breadcrumb\":{\"@id\":\"https:\/\/pelican.fi\/en\/planning-a-renovation\/#breadcrumb\"},\"inLanguage\":\"en-US\",\"potentialAction\":[{\"@type\":\"ReadAction\",\"target\":[\"https:\/\/pelican.fi\/en\/planning-a-renovation\/\"]}]},{\"@type\":\"ImageObject\",\"inLanguage\":\"en-US\",\"@id\":\"https:\/\/pelican.fi\/en\/planning-a-renovation\/#primaryimage\",\"url\":\"https:\/\/pelican.fi\/wp-content\/uploads\/2025\/06\/iStock-1433147266.jpg\",\"contentUrl\":\"https:\/\/pelican.fi\/wp-content\/uploads\/2025\/06\/iStock-1433147266.jpg\"},{\"@type\":\"BreadcrumbList\",\"@id\":\"https:\/\/pelican.fi\/en\/planning-a-renovation\/#breadcrumb\",\"itemListElement\":[{\"@type\":\"ListItem\",\"position\":1,\"name\":\"Home\",\"item\":\"https:\/\/pelican.fi\/en\/\"},{\"@type\":\"ListItem\",\"position\":2,\"name\":\"Planning a renovation?\"}]},{\"@type\":\"WebSite\",\"@id\":\"https:\/\/pelican.fi\/en\/#website\",\"url\":\"https:\/\/pelican.fi\/en\/\",\"name\":\"Vuokraa k\u00e4tev\u00e4 varasto\",\"description\":\"Vuokraa varastotila Pelican Self Storagelta. Edulliset hinnat \u2714 Toimipisteet ymp\u00e4ri K\u00f6\u00f6penhaminaa \u2714 Varastotiloja eri kokoisina \u2714 Ilmainen per\u00e4k\u00e4rryn lainaus \u2714\",\"potentialAction\":[{\"@type\":\"SearchAction\",\"target\":{\"@type\":\"EntryPoint\",\"urlTemplate\":\"https:\/\/pelican.fi\/en\/?s={search_term_string}\"},\"query-input\":{\"@type\":\"PropertyValueSpecification\",\"valueRequired\":true,\"valueName\":\"search_term_string\"}}],\"inLanguage\":\"en-US\"}]}<\/script>","yoast_head_json":{"title":"Planning a renovation? | Pelican Self Storage","robots":{"index":"index","follow":"follow","max-snippet":"max-snippet:-1","max-image-preview":"max-image-preview:large","max-video-preview":"max-video-preview:-1"},"canonical":"https:\/\/pelican.fi\/en\/planning-a-renovation\/","og_locale":"en_US","og_type":"article","og_title":"Planning a renovation?","og_description":"Are you planning a renovation? This list will help you avoid unnecessary headaches Moving supplies Even a small renovation can","og_url":"https:\/\/pelican.fi\/en\/planning-a-renovation\/","og_site_name":"Pelican Self Storage","article_publisher":"https:\/\/www.facebook.com\/PelicanSelfStorageDenmark","article_modified_time":"2025-06-23T23:18:52+00:00","og_image":[{"url":"https:\/\/pelican.fi\/wp-content\/uploads\/2025\/06\/iStock-1433147266.jpg","type":"","width":"","height":""}],"twitter_card":"summary_large_image","twitter_misc":{"Est. reading time":"2 minutes"},"schema":{"@context":"https:\/\/schema.org","@graph":[{"@type":"WebPage","@id":"https:\/\/pelican.fi\/en\/planning-a-renovation\/","url":"https:\/\/pelican.fi\/en\/planning-a-renovation\/","name":"Planning a renovation? | Pelican Self Storage","isPartOf":{"@id":"https:\/\/pelican.fi\/en\/#website"},"primaryImageOfPage":{"@id":"https:\/\/pelican.fi\/en\/planning-a-renovation\/#primaryimage"},"image":{"@id":"https:\/\/pelican.fi\/en\/planning-a-renovation\/#primaryimage"},"thumbnailUrl":"https:\/\/pelican.fi\/wp-content\/uploads\/2025\/06\/iStock-1433147266.jpg","datePublished":"2025-05-06T08:48:24+00:00","dateModified":"2025-06-23T23:18:52+00:00","breadcrumb":{"@id":"https:\/\/pelican.fi\/en\/planning-a-renovation\/#breadcrumb"},"inLanguage":"en-US","potentialAction":[{"@type":"ReadAction","target":["https:\/\/pelican.fi\/en\/planning-a-renovation\/"]}]},{"@type":"ImageObject","inLanguage":"en-US","@id":"https:\/\/pelican.fi\/en\/planning-a-renovation\/#primaryimage","url":"https:\/\/pelican.fi\/wp-content\/uploads\/2025\/06\/iStock-1433147266.jpg","contentUrl":"https:\/\/pelican.fi\/wp-content\/uploads\/2025\/06\/iStock-1433147266.jpg"},{"@type":"BreadcrumbList","@id":"https:\/\/pelican.fi\/en\/planning-a-renovation\/#breadcrumb","itemListElement":[{"@type":"ListItem","position":1,"name":"Home","item":"https:\/\/pelican.fi\/en\/"},{"@type":"ListItem","position":2,"name":"Planning a renovation?"}]},{"@type":"WebSite","@id":"https:\/\/pelican.fi\/en\/#website","url":"https:\/\/pelican.fi\/en\/","name":"Vuokraa k\u00e4tev\u00e4 varasto","description":"Vuokraa varastotila Pelican Self Storagelta. Edulliset hinnat \u2714 Toimipisteet ymp\u00e4ri K\u00f6\u00f6penhaminaa \u2714 Varastotiloja eri kokoisina \u2714 Ilmainen per\u00e4k\u00e4rryn lainaus \u2714","potentialAction":[{"@type":"SearchAction","target":{"@type":"EntryPoint","urlTemplate":"https:\/\/pelican.fi\/en\/?s={search_term_string}"},"query-input":{"@type":"PropertyValueSpecification","valueRequired":true,"valueName":"search_term_string"}}],"inLanguage":"en-US"}]}},"_links":{"self":[{"href":"https:\/\/pelican.fi\/en\/wp-json\/wp\/v2\/pages\/16519","targetHints":{"allow":["GET"]}}],"collection":[{"href":"https:\/\/pelican.fi\/en\/wp-json\/wp\/v2\/pages"}],"about":[{"href":"https:\/\/pelican.fi\/en\/wp-json\/wp\/v2\/types\/page"}],"author":[{"embeddable":true,"href":"https:\/\/pelican.fi\/en\/wp-json\/wp\/v2\/users\/1"}],"replies":[{"embeddable":true,"href":"https:\/\/pelican.fi\/en\/wp-json\/wp\/v2\/comments?post=16519"}],"version-history":[{"count":7,"href":"https:\/\/pelican.fi\/en\/wp-json\/wp\/v2\/pages\/16519\/revisions"}],"predecessor-version":[{"id":17315,"href":"https:\/\/pelican.fi\/en\/wp-json\/wp\/v2\/pages\/16519\/revisions\/17315"}],"wp:attachment":[{"href":"https:\/\/pelican.fi\/en\/wp-json\/wp\/v2\/media?parent=16519"}],"curies":[{"name":"wp","href":"https:\/\/api.w.org\/{rel}","templated":true}]}}