{"id":16547,"date":"2025-05-06T10:49:13","date_gmt":"2025-05-06T07:49:13","guid":{"rendered":"https:\/\/pelican.fi\/drive-up-storages\/"},"modified":"2025-06-24T00:37:35","modified_gmt":"2025-06-23T21:37:35","slug":"drive-up-units","status":"publish","type":"page","link":"https:\/\/pelican.fi\/en\/drive-up-units\/","title":{"rendered":"Drive-up units"},"content":{"rendered":"\t\t<div data-elementor-type=\"wp-page\" data-elementor-id=\"16547\" class=\"elementor elementor-16547 elementor-11436\" data-elementor-post-type=\"page\">\n\t\t\t\t<div class=\"wd-negative-gap elementor-element elementor-element-2a4b6d6 e-flex e-con-boxed e-con e-parent\" data-id=\"2a4b6d6\" data-element_type=\"container\" data-e-type=\"container\">\n\t\t\t\t\t<div class=\"e-con-inner\">\n\t\t<div class=\"elementor-element elementor-element-f4b77b5 e-con-full e-flex e-con e-child\" data-id=\"f4b77b5\" data-element_type=\"container\" data-e-type=\"container\">\n\t\t\t\t<div class=\"elementor-element elementor-element-c3364e3 elementor-widget elementor-widget-image\" data-id=\"c3364e3\" data-element_type=\"widget\" data-e-type=\"widget\" data-widget_type=\"image.default\">\n\t\t\t\t<div class=\"elementor-widget-container\">\n\t\t\t\t\t\t\t\t\t\t\t\t\t\t\t<img decoding=\"async\" src=\"https:\/\/pelican.fi\/wp-content\/uploads\/2025\/06\/ez_20-09-18_pelican_0117.jpg\" title=\"ez_20-09-18_pelican_0117.jpg\" alt=\"ez_20-09-18_pelican_0117.jpg\" loading=\"lazy\" \/>\t\t\t\t\t\t\t\t\t\t\t\t\t\t\t<\/div>\n\t\t\t\t<\/div>\n\t\t\t\t<\/div>\n\t\t<div class=\"elementor-element elementor-element-d69a89c e-con-full e-flex e-con e-child\" data-id=\"d69a89c\" data-element_type=\"container\" data-e-type=\"container\" data-settings=\"{&quot;background_background&quot;:&quot;classic&quot;}\">\n\t\t<div class=\"elementor-element elementor-element-41758aa e-con-full e-flex e-con e-child\" data-id=\"41758aa\" data-element_type=\"container\" data-e-type=\"container\">\n\t\t\t\t<div class=\"elementor-element elementor-element-840dfa2 wd-width-100 elementor-widget elementor-widget-wd_title\" data-id=\"840dfa2\" data-element_type=\"widget\" data-e-type=\"widget\" data-widget_type=\"wd_title.default\">\n\t\t\t\t<div class=\"elementor-widget-container\">\n\t\t\t\t\t\t\t<div class=\"title-wrapper wd-set-mb reset-last-child wd-title-color-default wd-title-style-default wd-title-size-default text-left\">\n\n\t\t\t\n\t\t\t<div class=\"liner-continer\">\n\t\t\t\t<h4 class=\"woodmart-title-container title wd-fontsize-l\">In the drive-up unit, you can drive right up to the door - literally.<\/h4> \n\t\t\t\t\t\t\t<\/div>\n\n\t\t\t\t\t\t\t<div class=\"title-after_title reset-last-child wd-fontsize-xs\">\n\t\t\t\t\t<p>If you need a storage facility with ample space, easy access and a central location in the Helsinki or Turku area, our drive-up units are an excellent solution.<\/p>\t\t\t\t<\/div>\n\t\t\t\t\t<\/div>\n\t\t\t\t\t\t<\/div>\n\t\t\t\t<\/div>\n\t\t\t\t<\/div>\n\t\t\t\t<\/div>\n\t\t\t\t\t<\/div>\n\t\t\t\t<\/div>\n\t\t<div class=\"wd-negative-gap elementor-element elementor-element-5c00fea e-flex e-con-boxed e-con e-parent\" data-id=\"5c00fea\" data-element_type=\"container\" data-e-type=\"container\">\n\t\t\t\t\t<div class=\"e-con-inner\">\n\t\t<div class=\"elementor-element elementor-element-15172b8 e-con-full e-flex e-con e-child\" data-id=\"15172b8\" data-element_type=\"container\" data-e-type=\"container\" data-settings=\"{&quot;background_background&quot;:&quot;classic&quot;}\">\n\t\t<div class=\"elementor-element elementor-element-786fc26 e-con-full e-flex e-con e-child\" data-id=\"786fc26\" data-element_type=\"container\" data-e-type=\"container\">\n\t\t\t\t<div class=\"elementor-element elementor-element-8f9067c elementor-widget elementor-widget-button\" data-id=\"8f9067c\" data-element_type=\"widget\" data-e-type=\"widget\" data-widget_type=\"button.default\">\n\t\t\t\t<div class=\"elementor-widget-container\">\n\t\t\t\t\t\t\t\t\t<div class=\"elementor-button-wrapper\">\n\t\t\t\t\t<a class=\"elementor-button elementor-button-link elementor-size-sm\" href=\"https:\/\/pelican.fi\/en\/contact-us\/\">\n\t\t\t\t\t\t<span class=\"elementor-button-content-wrapper\">\n\t\t\t\t\t\t\t\t\t<span class=\"elementor-button-text\">Contact us<\/span>\n\t\t\t\t\t<\/span>\n\t\t\t\t\t<\/a>\n\t\t\t\t<\/div>\n\t\t\t\t\t\t\t\t<\/div>\n\t\t\t\t<\/div>\n\t\t\t\t<div class=\"elementor-element elementor-element-72cd870 wd-width-100 elementor-widget elementor-widget-wd_title\" data-id=\"72cd870\" data-element_type=\"widget\" data-e-type=\"widget\" data-widget_type=\"wd_title.default\">\n\t\t\t\t<div class=\"elementor-widget-container\">\n\t\t\t\t\t\t\t<div class=\"title-wrapper wd-set-mb reset-last-child wd-title-color-default wd-title-style-default wd-title-size-default text-left\">\n\n\t\t\t\n\t\t\t<div class=\"liner-continer\">\n\t\t\t\t<h4 class=\"woodmart-title-container title wd-fontsize-l\"><\/h4> \n\t\t\t\t\t\t\t<\/div>\n\n\t\t\t\t\t\t\t<div class=\"title-after_title reset-last-child wd-fontsize-xs\">\n\t\t\t\t\t<p>Thanks to good transport connections, you can easily drive to your company's storage by car or van. Although our storages are at ground level, they are dry, frost-resistant and protected from potential pests. What's more, all our sites have a modern alarm system to ensure round-the-clock surveillance.  <\/p>\t\t\t\t<\/div>\n\t\t\t\t\t<\/div>\n\t\t\t\t\t\t<\/div>\n\t\t\t\t<\/div>\n\t\t\t\t<\/div>\n\t\t\t\t<\/div>\n\t\t<div class=\"elementor-element elementor-element-f40bd01 e-con-full e-flex e-con e-child\" data-id=\"f40bd01\" data-element_type=\"container\" data-e-type=\"container\">\n\t\t\t\t<div class=\"elementor-element elementor-element-f38668e elementor-widget elementor-widget-image\" data-id=\"f38668e\" data-element_type=\"widget\" data-e-type=\"widget\" data-widget_type=\"image.default\">\n\t\t\t\t<div class=\"elementor-widget-container\">\n\t\t\t\t\t\t\t\t\t\t\t\t\t\t\t<img decoding=\"async\" src=\"https:\/\/pelican.fi\/wp-content\/uploads\/2025\/06\/20170721_085716095_iOS-scaled-1.jpg\" title=\"20170721_085716095_iOS-scaled.jpg\" alt=\"20170721_085716095_iOS-scaled.jpg\" loading=\"lazy\" \/>\t\t\t\t\t\t\t\t\t\t\t\t\t\t\t<\/div>\n\t\t\t\t<\/div>\n\t\t\t\t<\/div>\n\t\t\t\t\t<\/div>\n\t\t\t\t<\/div>\n\t\t<div class=\"wd-negative-gap elementor-element elementor-element-59d3f30 e-flex e-con-boxed e-con e-parent\" data-id=\"59d3f30\" data-element_type=\"container\" data-e-type=\"container\">\n\t\t\t\t\t<div class=\"e-con-inner\">\n\t\t\t\t<div class=\"elementor-element elementor-element-897e23f elementor-widget elementor-widget-wd_text_block\" data-id=\"897e23f\" data-element_type=\"widget\" data-e-type=\"widget\" data-widget_type=\"wd_text_block.default\">\n\t\t\t\t<div class=\"elementor-widget-container\">\n\t\t\t\t\t\t\t<div class=\"wd-text-block reset-last-child text-left\">\n\t\t\t\n\t\t\t<h4><span style=\"color: #008000;\"><strong>You can find Pelican stables in the following locations:<\/strong><\/span><\/h4><h4><span style=\"color: #008000;\"><a style=\"color: #008000;\" href=\"https:\/\/pelican.fi\/en\/ala-tikkurila\/\">Ala-Tikkurila<\/a><\/span><br><a href=\"https:\/\/pelican.fi\/en\/espoonlahti\/\"><span style=\"color: #008000;\">Espoonlahti<\/span><\/a><br><span style=\"color: #008000;\"><a style=\"color: #008000;\" href=\"https:\/\/pelican.fi\/en\/herttoniemi\/\">Herttoniemi<\/a><\/span><br><span style=\"color: #008000;\"><a style=\"color: #008000;\" href=\"https:\/\/pelican.fi\/en\/kaari\/\">Archway<\/a><\/span><br><span style=\"color: #008000;\"><a style=\"color: #008000;\" href=\"https:\/\/pelican.fi\/en\/kilo\/\">Kilo<\/a><\/span><br><span style=\"color: #008000;\"><a style=\"color: #008000;\" href=\"https:\/\/pelican.fi\/en\/konala\/\">Konala<\/a><br><\/span><a style=\"font-family: var(--wd-title-font); font-size: 18px; font-style: var(--wd-title-font-style); font-weight: var(--wd-title-font-weight); text-transform: var(--wd-title-transform); text-align: var(--text-align); background-color: var(--wd-main-bgcolor); color: #008000;\" href=\"https:\/\/pelican.fi\/en\/olari\/\">Olari<\/a><br><span style=\"color: #008000;\"><a style=\"color: #008000;\" href=\"https:\/\/pelican.fi\/en\/tammisto\/\">Tammisto<\/a><br><\/span><span style=\"color: #008000;\"><a style=\"color: #008000;\" href=\"https:\/\/pelican.fi\/en\/?post_type=lokation&p=13750\">Tapiola<\/a><br><\/span><span style=\"color: #008000;\"><a style=\"color: #008000;\" href=\"https:\/\/pelican.fi\/en\/varisto\/\">Varisto<\/a><br><\/span><span style=\"color: #008000;\"><a style=\"color: #008000;\" href=\"https:\/\/pelican.fi\/en\/viikki\/\">Viikki<\/a><\/span><\/h4><h4> <\/h4>\n\t\t\t\t\t<\/div>\n\t\t\t\t\t\t<\/div>\n\t\t\t\t<\/div>\n\t\t\t\t\t<\/div>\n\t\t\t\t<\/div>\n\t\t\t\t<\/div>\n\t\t","protected":false},"excerpt":{"rendered":"<p>In the drive-up unit, you can drive right up to the door &#8211; literally. If you need a storage facility<\/p>\n","protected":false},"author":10,"featured_media":0,"parent":0,"menu_order":0,"comment_status":"closed","ping_status":"closed","template":"elementor_header_footer","meta":{"_acf_changed":false,"inline_featured_image":false,"_lmt_disableupdate":"no","_lmt_disable":"","footnotes":""},"class_list":["post-16547","page","type-page","status-publish","hentry"],"acf":[],"yoast_head":"<title>Drive-up units | Pelican Self Storage<\/title>\n<meta name=\"robots\" content=\"index, follow, max-snippet:-1, max-image-preview:large, max-video-preview:-1\" \/>\n<link rel=\"canonical\" href=\"https:\/\/pelican.fi\/en\/drive-up-units\/\" \/>\n<meta property=\"og:locale\" content=\"en_US\" \/>\n<meta property=\"og:type\" content=\"article\" \/>\n<meta property=\"og:title\" content=\"Drive-up units\" \/>\n<meta property=\"og:description\" content=\"In the drive-up unit, you can drive right up to the door &#8211; literally. If you need a storage facility\" \/>\n<meta property=\"og:url\" content=\"https:\/\/pelican.fi\/en\/drive-up-units\/\" \/>\n<meta property=\"og:site_name\" content=\"Pelican Self Storage\" \/>\n<meta property=\"article:publisher\" content=\"https:\/\/www.facebook.com\/PelicanSelfStorageDenmark\" \/>\n<meta property=\"article:modified_time\" content=\"2025-06-23T21:37:35+00:00\" \/>\n<meta property=\"og:image\" content=\"https:\/\/pelican.fi\/wp-content\/uploads\/2025\/06\/ez_20-09-18_pelican_0117.jpg\" \/>\n<meta name=\"twitter:card\" content=\"summary_large_image\" \/>\n<meta name=\"twitter:label1\" content=\"Est. reading time\" \/>\n\t<meta name=\"twitter:data1\" content=\"1 minute\" \/>\n<script type=\"application\/ld+json\" class=\"yoast-schema-graph\">{\"@context\":\"https:\/\/schema.org\",\"@graph\":[{\"@type\":\"WebPage\",\"@id\":\"https:\/\/pelican.fi\/en\/drive-up-units\/\",\"url\":\"https:\/\/pelican.fi\/en\/drive-up-units\/\",\"name\":\"Drive-up units | Pelican Self Storage\",\"isPartOf\":{\"@id\":\"https:\/\/pelican.fi\/en\/#website\"},\"primaryImageOfPage\":{\"@id\":\"https:\/\/pelican.fi\/en\/drive-up-units\/#primaryimage\"},\"image\":{\"@id\":\"https:\/\/pelican.fi\/en\/drive-up-units\/#primaryimage\"},\"thumbnailUrl\":\"https:\/\/pelican.fi\/wp-content\/uploads\/2025\/06\/ez_20-09-18_pelican_0117.jpg\",\"datePublished\":\"2025-05-06T07:49:13+00:00\",\"dateModified\":\"2025-06-23T21:37:35+00:00\",\"breadcrumb\":{\"@id\":\"https:\/\/pelican.fi\/en\/drive-up-units\/#breadcrumb\"},\"inLanguage\":\"en-US\",\"potentialAction\":[{\"@type\":\"ReadAction\",\"target\":[\"https:\/\/pelican.fi\/en\/drive-up-units\/\"]}]},{\"@type\":\"ImageObject\",\"inLanguage\":\"en-US\",\"@id\":\"https:\/\/pelican.fi\/en\/drive-up-units\/#primaryimage\",\"url\":\"https:\/\/pelican.fi\/wp-content\/uploads\/2025\/06\/ez_20-09-18_pelican_0117.jpg\",\"contentUrl\":\"https:\/\/pelican.fi\/wp-content\/uploads\/2025\/06\/ez_20-09-18_pelican_0117.jpg\"},{\"@type\":\"BreadcrumbList\",\"@id\":\"https:\/\/pelican.fi\/en\/drive-up-units\/#breadcrumb\",\"itemListElement\":[{\"@type\":\"ListItem\",\"position\":1,\"name\":\"Home\",\"item\":\"https:\/\/pelican.fi\/en\/\"},{\"@type\":\"ListItem\",\"position\":2,\"name\":\"Drive-up units\"}]},{\"@type\":\"WebSite\",\"@id\":\"https:\/\/pelican.fi\/en\/#website\",\"url\":\"https:\/\/pelican.fi\/en\/\",\"name\":\"Vuokraa k\u00e4tev\u00e4 varasto\",\"description\":\"Vuokraa varastotila Pelican Self Storagelta. Edulliset hinnat \u2714 Toimipisteet ymp\u00e4ri K\u00f6\u00f6penhaminaa \u2714 Varastotiloja eri kokoisina \u2714 Ilmainen per\u00e4k\u00e4rryn lainaus \u2714\",\"potentialAction\":[{\"@type\":\"SearchAction\",\"target\":{\"@type\":\"EntryPoint\",\"urlTemplate\":\"https:\/\/pelican.fi\/en\/?s={search_term_string}\"},\"query-input\":{\"@type\":\"PropertyValueSpecification\",\"valueRequired\":true,\"valueName\":\"search_term_string\"}}],\"inLanguage\":\"en-US\"}]}<\/script>","yoast_head_json":{"title":"Drive-up units | Pelican Self Storage","robots":{"index":"index","follow":"follow","max-snippet":"max-snippet:-1","max-image-preview":"max-image-preview:large","max-video-preview":"max-video-preview:-1"},"canonical":"https:\/\/pelican.fi\/en\/drive-up-units\/","og_locale":"en_US","og_type":"article","og_title":"Drive-up units","og_description":"In the drive-up unit, you can drive right up to the door &#8211; literally. If you need a storage facility","og_url":"https:\/\/pelican.fi\/en\/drive-up-units\/","og_site_name":"Pelican Self Storage","article_publisher":"https:\/\/www.facebook.com\/PelicanSelfStorageDenmark","article_modified_time":"2025-06-23T21:37:35+00:00","og_image":[{"url":"https:\/\/pelican.fi\/wp-content\/uploads\/2025\/06\/ez_20-09-18_pelican_0117.jpg","type":"","width":"","height":""}],"twitter_card":"summary_large_image","twitter_misc":{"Est. reading time":"1 minute"},"schema":{"@context":"https:\/\/schema.org","@graph":[{"@type":"WebPage","@id":"https:\/\/pelican.fi\/en\/drive-up-units\/","url":"https:\/\/pelican.fi\/en\/drive-up-units\/","name":"Drive-up units | Pelican Self Storage","isPartOf":{"@id":"https:\/\/pelican.fi\/en\/#website"},"primaryImageOfPage":{"@id":"https:\/\/pelican.fi\/en\/drive-up-units\/#primaryimage"},"image":{"@id":"https:\/\/pelican.fi\/en\/drive-up-units\/#primaryimage"},"thumbnailUrl":"https:\/\/pelican.fi\/wp-content\/uploads\/2025\/06\/ez_20-09-18_pelican_0117.jpg","datePublished":"2025-05-06T07:49:13+00:00","dateModified":"2025-06-23T21:37:35+00:00","breadcrumb":{"@id":"https:\/\/pelican.fi\/en\/drive-up-units\/#breadcrumb"},"inLanguage":"en-US","potentialAction":[{"@type":"ReadAction","target":["https:\/\/pelican.fi\/en\/drive-up-units\/"]}]},{"@type":"ImageObject","inLanguage":"en-US","@id":"https:\/\/pelican.fi\/en\/drive-up-units\/#primaryimage","url":"https:\/\/pelican.fi\/wp-content\/uploads\/2025\/06\/ez_20-09-18_pelican_0117.jpg","contentUrl":"https:\/\/pelican.fi\/wp-content\/uploads\/2025\/06\/ez_20-09-18_pelican_0117.jpg"},{"@type":"BreadcrumbList","@id":"https:\/\/pelican.fi\/en\/drive-up-units\/#breadcrumb","itemListElement":[{"@type":"ListItem","position":1,"name":"Home","item":"https:\/\/pelican.fi\/en\/"},{"@type":"ListItem","position":2,"name":"Drive-up units"}]},{"@type":"WebSite","@id":"https:\/\/pelican.fi\/en\/#website","url":"https:\/\/pelican.fi\/en\/","name":"Vuokraa k\u00e4tev\u00e4 varasto","description":"Vuokraa varastotila Pelican Self Storagelta. Edulliset hinnat \u2714 Toimipisteet ymp\u00e4ri K\u00f6\u00f6penhaminaa \u2714 Varastotiloja eri kokoisina \u2714 Ilmainen per\u00e4k\u00e4rryn lainaus \u2714","potentialAction":[{"@type":"SearchAction","target":{"@type":"EntryPoint","urlTemplate":"https:\/\/pelican.fi\/en\/?s={search_term_string}"},"query-input":{"@type":"PropertyValueSpecification","valueRequired":true,"valueName":"search_term_string"}}],"inLanguage":"en-US"}]}},"_links":{"self":[{"href":"https:\/\/pelican.fi\/en\/wp-json\/wp\/v2\/pages\/16547","targetHints":{"allow":["GET"]}}],"collection":[{"href":"https:\/\/pelican.fi\/en\/wp-json\/wp\/v2\/pages"}],"about":[{"href":"https:\/\/pelican.fi\/en\/wp-json\/wp\/v2\/types\/page"}],"author":[{"embeddable":true,"href":"https:\/\/pelican.fi\/en\/wp-json\/wp\/v2\/users\/10"}],"replies":[{"embeddable":true,"href":"https:\/\/pelican.fi\/en\/wp-json\/wp\/v2\/comments?post=16547"}],"version-history":[{"count":15,"href":"https:\/\/pelican.fi\/en\/wp-json\/wp\/v2\/pages\/16547\/revisions"}],"predecessor-version":[{"id":17718,"href":"https:\/\/pelican.fi\/en\/wp-json\/wp\/v2\/pages\/16547\/revisions\/17718"}],"wp:attachment":[{"href":"https:\/\/pelican.fi\/en\/wp-json\/wp\/v2\/media?parent=16547"}],"curies":[{"name":"wp","href":"https:\/\/api.w.org\/{rel}","templated":true}]}}