{"id":16560,"date":"2025-05-06T10:49:23","date_gmt":"2025-05-06T07:49:23","guid":{"rendered":"https:\/\/pelican.fi\/insurance-with-pelican\/"},"modified":"2025-06-24T14:39:59","modified_gmt":"2025-06-24T11:39:59","slug":"insurance-with-pelican","status":"publish","type":"page","link":"https:\/\/pelican.fi\/en\/insurance-with-pelican\/","title":{"rendered":"Insurance with Pelican"},"content":{"rendered":"\t\t<div data-elementor-type=\"wp-page\" data-elementor-id=\"16560\" class=\"elementor elementor-16560 elementor-11412\" data-elementor-post-type=\"page\">\n\t\t\t\t<div class=\"wd-negative-gap elementor-element elementor-element-4a6dc8a e-flex e-con-boxed e-con e-parent\" data-id=\"4a6dc8a\" data-element_type=\"container\" data-e-type=\"container\">\n\t\t\t\t\t<div class=\"e-con-inner\">\n\t\t\t\t<div class=\"elementor-element elementor-element-44ae87b elementor-widget elementor-widget-wd_text_block\" data-id=\"44ae87b\" data-element_type=\"widget\" data-e-type=\"widget\" data-widget_type=\"wd_text_block.default\">\n\t\t\t\t<div class=\"elementor-widget-container\">\n\t\t\t\t\t\t\t<div class=\"wd-text-block reset-last-child text-left\">\n\t\t\t\n\t\t\t<p>At Pelican, we place a strong emphasis on security and reliability, as it is our job to look after your belongings while they are in storage. That's why we've created a specially tailored insurance policy for rental storage that covers the full value of your storage space in the unlikely event of damage. <\/p><p>The insurance has been developed in cooperation with Reason Global Insurance, a company specialising in rental storage insurance, and there is no excess. Below you can read more about our insurance cover and why insurance is a requirement at Pelican. <\/p>\n\t\t\t\t\t<\/div>\n\t\t\t\t\t\t<\/div>\n\t\t\t\t<\/div>\n\t\t\t\t\t<\/div>\n\t\t\t\t<\/div>\n\t\t<div class=\"wd-negative-gap elementor-element elementor-element-dbc4029 e-flex e-con-boxed e-con e-parent\" data-id=\"dbc4029\" data-element_type=\"container\" data-e-type=\"container\" data-settings=\"{&quot;background_background&quot;:&quot;classic&quot;}\">\n\t\t\t\t\t<div class=\"e-con-inner\">\n\t\t<div class=\"elementor-element elementor-element-a062b15 e-con-full e-flex e-con e-child\" data-id=\"a062b15\" data-element_type=\"container\" data-e-type=\"container\">\n\t\t\t\t<div class=\"elementor-element elementor-element-80ee6df elementor-widget elementor-widget-image\" data-id=\"80ee6df\" data-element_type=\"widget\" data-e-type=\"widget\" data-widget_type=\"image.default\">\n\t\t\t\t<div class=\"elementor-widget-container\">\n\t\t\t\t\t\t\t\t\t\t\t\t\t\t\t<img decoding=\"async\" src=\"https:\/\/pelican.fi\/wp-content\/uploads\/2025\/06\/iStock-1328289401-scaled-1.jpg\" title=\"iStock-1328289401-scaled.jpg\" alt=\"iStock-1328289401-scaled.jpg\" loading=\"lazy\" \/>\t\t\t\t\t\t\t\t\t\t\t\t\t\t\t<\/div>\n\t\t\t\t<\/div>\n\t\t\t\t<\/div>\n\t\t<div class=\"elementor-element elementor-element-5e5292f e-con-full e-flex e-con e-child\" data-id=\"5e5292f\" data-element_type=\"container\" data-e-type=\"container\">\n\t\t<div class=\"elementor-element elementor-element-74cc2f5 e-con-full e-flex e-con e-child\" data-id=\"74cc2f5\" data-element_type=\"container\" data-e-type=\"container\">\n\t\t\t\t<div class=\"elementor-element elementor-element-56d432f wd-width-100 elementor-widget elementor-widget-wd_title\" data-id=\"56d432f\" data-element_type=\"widget\" data-e-type=\"widget\" data-widget_type=\"wd_title.default\">\n\t\t\t\t<div class=\"elementor-widget-container\">\n\t\t\t\t\t\t\t<div class=\"title-wrapper wd-set-mb reset-last-child wd-title-color-default wd-title-style-default wd-title-size-default text-left\">\n\n\t\t\t\n\t\t\t<div class=\"liner-continer\">\n\t\t\t\t<h4 class=\"woodmart-title-container title wd-fontsize-l\">Why should I have insurance?<\/h4> \n\t\t\t\t\t\t\t<\/div>\n\n\t\t\t\t\t\t\t<div class=\"title-after_title reset-last-child wd-fontsize-xs\">\n\t\t\t\t\t<p>Insurance is your protection against financial loss in the event of damage to your stored property. Even if the risk seems small, a fire, water damage or burglary, for example, can have serious consequences. Insurance protects you against these unexpected circumstances, which is why Pelican has insurance as a requirement for storage. This requirement is not just a formality, but a way to ensure that your valuables are in good hands. However, if a loss should occur, insurance ensures that you will be compensated and you can avoid financial worries by focusing on what is important to you.    <\/p><p>There is never a deductible on Pelican insurance.<\/p><ul><li>Freedom to choose the level of insurance that suits you<\/li><li>In the event of an accident, our insurance company will take care of everything with you<\/li><\/ul>\t\t\t\t<\/div>\n\t\t\t\t\t<\/div>\n\t\t\t\t\t\t<\/div>\n\t\t\t\t<\/div>\n\t\t\t\t<\/div>\n\t\t\t\t<\/div>\n\t\t\t\t\t<\/div>\n\t\t\t\t<\/div>\n\t\t<div class=\"wd-negative-gap elementor-element elementor-element-95e44d4 e-flex e-con-boxed e-con e-parent\" data-id=\"95e44d4\" data-element_type=\"container\" data-e-type=\"container\">\n\t\t\t\t\t<div class=\"e-con-inner\">\n\t\t<div class=\"elementor-element elementor-element-ddcbf85 e-con-full e-flex e-con e-child\" data-id=\"ddcbf85\" data-element_type=\"container\" data-e-type=\"container\" data-settings=\"{&quot;background_background&quot;:&quot;classic&quot;}\">\n\t\t<div class=\"elementor-element elementor-element-055e089 e-con-full e-flex e-con e-child\" data-id=\"055e089\" data-element_type=\"container\" data-e-type=\"container\">\n\t\t\t\t<div class=\"elementor-element elementor-element-4181a93 wd-width-100 elementor-widget elementor-widget-wd_title\" data-id=\"4181a93\" data-element_type=\"widget\" data-e-type=\"widget\" data-widget_type=\"wd_title.default\">\n\t\t\t\t<div class=\"elementor-widget-container\">\n\t\t\t\t\t\t\t<div class=\"title-wrapper wd-set-mb reset-last-child wd-title-color-default wd-title-style-default wd-title-size-default text-left\">\n\n\t\t\t\n\t\t\t<div class=\"liner-continer\">\n\t\t\t\t<h4 class=\"woodmart-title-container title wd-fontsize-l\">What is covered by Pelican insurance?<\/h4> \n\t\t\t\t\t\t\t<\/div>\n\n\t\t\t\t\t\t\t<div class=\"title-after_title reset-last-child wd-fontsize-xs\">\n\t\t\t\t\t<p>The insurance offered by Pelican is very comprehensive. Unlike many other insurance companies, it covers the entire value of the storage space without any deductible. Our insurance covers, among other things:  <\/p><ul><li>Damage to property caused by fire, lightning, explosion, earthquake, storm, flood, burst or leakage of pipes, ingress of water or other liquids<\/li><li>Moths, insects or pests due to an external cause<\/li><li>Burglary and theft<\/li><li>Damage as a result of vandalism<\/li><\/ul><p>In the unlikely event that your storage space and belongings are exposed to any of these risks, we're here to help!<\/p>\t\t\t\t<\/div>\n\t\t\t\t\t<\/div>\n\t\t\t\t\t\t<\/div>\n\t\t\t\t<\/div>\n\t\t\t\t<div class=\"elementor-element elementor-element-dbe82f3 elementor-widget elementor-widget-button\" data-id=\"dbe82f3\" data-element_type=\"widget\" data-e-type=\"widget\" data-widget_type=\"button.default\">\n\t\t\t\t<div class=\"elementor-widget-container\">\n\t\t\t\t\t\t\t\t\t<div class=\"elementor-button-wrapper\">\n\t\t\t\t\t<a class=\"elementor-button elementor-button-link elementor-size-sm\" href=\"https:\/\/pelican.fi\/en\/summary-of-our-insurance-cover\/\">\n\t\t\t\t\t\t<span class=\"elementor-button-content-wrapper\">\n\t\t\t\t\t\t\t\t\t<span class=\"elementor-button-text\">Terms and conditions<\/span>\n\t\t\t\t\t<\/span>\n\t\t\t\t\t<\/a>\n\t\t\t\t<\/div>\n\t\t\t\t\t\t\t\t<\/div>\n\t\t\t\t<\/div>\n\t\t\t\t<\/div>\n\t\t\t\t<\/div>\n\t\t<div class=\"elementor-element elementor-element-8dfe142 e-con-full e-flex e-con e-child\" data-id=\"8dfe142\" data-element_type=\"container\" data-e-type=\"container\">\n\t\t\t\t<div class=\"elementor-element elementor-element-caa9ef3 elementor-widget elementor-widget-image\" data-id=\"caa9ef3\" data-element_type=\"widget\" data-e-type=\"widget\" data-widget_type=\"image.default\">\n\t\t\t\t<div class=\"elementor-widget-container\">\n\t\t\t\t\t\t\t\t\t\t\t\t\t\t\t<img decoding=\"async\" src=\"https:\/\/pelican.fi\/wp-content\/uploads\/2025\/06\/iStock-171155988-scaled-1.jpg\" title=\"iStock-171155988-scaled.jpg\" alt=\"iStock-171155988-scaled.jpg\" loading=\"lazy\" \/>\t\t\t\t\t\t\t\t\t\t\t\t\t\t\t<\/div>\n\t\t\t\t<\/div>\n\t\t\t\t<\/div>\n\t\t\t\t\t<\/div>\n\t\t\t\t<\/div>\n\t\t<div class=\"wd-negative-gap elementor-element elementor-element-8e3e1a8 e-flex e-con-boxed e-con e-parent\" data-id=\"8e3e1a8\" data-element_type=\"container\" data-e-type=\"container\" data-settings=\"{&quot;background_background&quot;:&quot;classic&quot;}\">\n\t\t\t\t\t<div class=\"e-con-inner\">\n\t\t<div class=\"elementor-element elementor-element-5ca41da e-con-full e-flex e-con e-child\" data-id=\"5ca41da\" data-element_type=\"container\" data-e-type=\"container\">\n\t\t\t\t<div class=\"elementor-element elementor-element-8874a0b elementor-widget elementor-widget-image\" data-id=\"8874a0b\" data-element_type=\"widget\" data-e-type=\"widget\" data-widget_type=\"image.default\">\n\t\t\t\t<div class=\"elementor-widget-container\">\n\t\t\t\t\t\t\t\t\t\t\t\t\t\t\t<img decoding=\"async\" src=\"https:\/\/pelican.fi\/wp-content\/uploads\/2025\/06\/Pelican-Vermlandsgade-3-scaled-1.jpg\" title=\"Pelican-Vermlandsgade-3-scaled.jpg\" alt=\"Pelican-Vermlandsgade-3-scaled.jpg\" loading=\"lazy\" \/>\t\t\t\t\t\t\t\t\t\t\t\t\t\t\t<\/div>\n\t\t\t\t<\/div>\n\t\t\t\t<\/div>\n\t\t<div class=\"elementor-element elementor-element-0fd77db e-con-full e-flex e-con e-child\" data-id=\"0fd77db\" data-element_type=\"container\" data-e-type=\"container\">\n\t\t<div class=\"elementor-element elementor-element-1f87a13 e-con-full e-flex e-con e-child\" data-id=\"1f87a13\" data-element_type=\"container\" data-e-type=\"container\">\n\t\t\t\t<div class=\"elementor-element elementor-element-e9a3dff wd-width-100 elementor-widget elementor-widget-wd_title\" data-id=\"e9a3dff\" data-element_type=\"widget\" data-e-type=\"widget\" data-widget_type=\"wd_title.default\">\n\t\t\t\t<div class=\"elementor-widget-container\">\n\t\t\t\t\t\t\t<div class=\"title-wrapper wd-set-mb reset-last-child wd-title-color-default wd-title-style-default wd-title-size-default text-left\">\n\n\t\t\t\n\t\t\t<div class=\"liner-continer\">\n\t\t\t\t<h4 class=\"woodmart-title-container title wd-fontsize-l\">How do I get insurance?<\/h4> \n\t\t\t\t\t\t\t<\/div>\n\n\t\t\t\t\t\t\t<div class=\"title-after_title reset-last-child wd-fontsize-xs\">\n\t\t\t\t\t<p>As a Pelican customer, taking out insurance is easy and hassle-free.<\/p><p>When you book a storage space through our online booking system, you will be asked to select your insurance level after you have chosen your space. You will then only need to pay and sign a rental agreement, which includes an insurance document. The insurance will take effect on the selected move-in date.  <\/p><p>Instead, if you make a booking by phone or by visiting one of our offices, we will help you to take out insurance.<\/p><p>If you have any questions about insurance, please feel free to contact us<\/p>\t\t\t\t<\/div>\n\t\t\t\t\t<\/div>\n\t\t\t\t\t\t<\/div>\n\t\t\t\t<\/div>\n\t\t\t\t<div class=\"elementor-element elementor-element-d9b0705 elementor-widget elementor-widget-button\" data-id=\"d9b0705\" data-element_type=\"widget\" data-e-type=\"widget\" data-widget_type=\"button.default\">\n\t\t\t\t<div class=\"elementor-widget-container\">\n\t\t\t\t\t\t\t\t\t<div class=\"elementor-button-wrapper\">\n\t\t\t\t\t<a class=\"elementor-button elementor-button-link elementor-size-sm\" href=\"https:\/\/pelican.fi\/en\/contact-us\/\">\n\t\t\t\t\t\t<span class=\"elementor-button-content-wrapper\">\n\t\t\t\t\t\t\t\t\t<span class=\"elementor-button-text\">Contact us<\/span>\n\t\t\t\t\t<\/span>\n\t\t\t\t\t<\/a>\n\t\t\t\t<\/div>\n\t\t\t\t\t\t\t\t<\/div>\n\t\t\t\t<\/div>\n\t\t\t\t<\/div>\n\t\t\t\t<\/div>\n\t\t\t\t\t<\/div>\n\t\t\t\t<\/div>\n\t\t<div class=\"wd-negative-gap elementor-element elementor-element-36109e1 e-flex e-con-boxed e-con e-parent\" data-id=\"36109e1\" data-element_type=\"container\" data-e-type=\"container\">\n\t\t\t\t\t<div class=\"e-con-inner\">\n\t\t<div class=\"elementor-element elementor-element-1a25ad9 e-con-full e-flex e-con e-child\" data-id=\"1a25ad9\" data-element_type=\"container\" data-e-type=\"container\" data-settings=\"{&quot;background_background&quot;:&quot;classic&quot;}\">\n\t\t<div class=\"elementor-element elementor-element-4b6b5cc e-con-full e-flex e-con e-child\" data-id=\"4b6b5cc\" data-element_type=\"container\" data-e-type=\"container\">\n\t\t\t\t<div class=\"elementor-element elementor-element-3ba648d wd-width-100 elementor-widget elementor-widget-wd_title\" data-id=\"3ba648d\" data-element_type=\"widget\" data-e-type=\"widget\" data-widget_type=\"wd_title.default\">\n\t\t\t\t<div class=\"elementor-widget-container\">\n\t\t\t\t\t\t\t<div class=\"title-wrapper wd-set-mb reset-last-child wd-title-color-default wd-title-style-default wd-title-size-default text-left\">\n\n\t\t\t\n\t\t\t<div class=\"liner-continer\">\n\t\t\t\t<h4 class=\"woodmart-title-container title wd-fontsize-l\">Use your own insurance<\/h4> \n\t\t\t\t\t\t\t<\/div>\n\n\t\t\t\t\t\t\t<div class=\"title-after_title reset-last-child wd-fontsize-xs\">\n\t\t\t\t\t<p>If you do not wish to take out Pelican insurance, you can also use your own insurance for your storage space. However, it is good to know that few insurance companies offer the same level of comprehensive cover without a deductible as the insurance we offer. <\/p><p>If you use your own insurance, it is important to make sure that your insurance meets the same conditions as the insurance offered by Pelican. You can find them in our policy conditions. <\/p><p>To rent a storage space with your own insurance, you must be able to prove that your insurance meets these conditions.<\/p><p>At the moment, it is not possible to make an online booking with your own insurance. Therefore, you will need to come in person to our office to present the necessary insurance documents so that your booking can be finalised together with our staff. <\/p>\t\t\t\t<\/div>\n\t\t\t\t\t<\/div>\n\t\t\t\t\t\t<\/div>\n\t\t\t\t<\/div>\n\t\t\t\t<\/div>\n\t\t\t\t<\/div>\n\t\t<div class=\"elementor-element elementor-element-93d351c e-con-full e-flex e-con e-child\" data-id=\"93d351c\" data-element_type=\"container\" data-e-type=\"container\">\n\t\t\t\t<div class=\"elementor-element elementor-element-c0ec48d elementor-widget elementor-widget-image\" data-id=\"c0ec48d\" data-element_type=\"widget\" data-e-type=\"widget\" data-widget_type=\"image.default\">\n\t\t\t\t<div class=\"elementor-widget-container\">\n\t\t\t\t\t\t\t\t\t\t\t\t\t\t\t<img decoding=\"async\" src=\"https:\/\/pelican.fi\/wp-content\/uploads\/2025\/06\/075m2-scaled-1.jpg\" title=\"075m2-scaled.jpg\" alt=\"075m2-scaled.jpg\" loading=\"lazy\" \/>\t\t\t\t\t\t\t\t\t\t\t\t\t\t\t<\/div>\n\t\t\t\t<\/div>\n\t\t\t\t<\/div>\n\t\t\t\t\t<\/div>\n\t\t\t\t<\/div>\n\t\t\t\t<\/div>\n\t\t","protected":false},"excerpt":{"rendered":"<p>At Pelican, we place a strong emphasis on security and reliability, as it is our job to look after your<\/p>\n","protected":false},"author":1,"featured_media":0,"parent":0,"menu_order":0,"comment_status":"closed","ping_status":"closed","template":"elementor_header_footer","meta":{"_acf_changed":false,"inline_featured_image":false,"_lmt_disableupdate":"","_lmt_disable":"","footnotes":""},"class_list":["post-16560","page","type-page","status-publish","hentry"],"acf":[],"yoast_head":"<title>Insurance with Pelican | Pelican Self Storage<\/title>\n<meta name=\"robots\" content=\"index, follow, max-snippet:-1, max-image-preview:large, max-video-preview:-1\" \/>\n<link rel=\"canonical\" href=\"https:\/\/pelican.fi\/en\/insurance-with-pelican\/\" \/>\n<meta property=\"og:locale\" content=\"en_US\" \/>\n<meta property=\"og:type\" content=\"article\" \/>\n<meta property=\"og:title\" content=\"Insurance with Pelican\" \/>\n<meta property=\"og:description\" content=\"At Pelican, we place a strong emphasis on security and reliability, as it is our job to look after your\" \/>\n<meta property=\"og:url\" content=\"https:\/\/pelican.fi\/en\/insurance-with-pelican\/\" \/>\n<meta property=\"og:site_name\" content=\"Pelican Self Storage\" \/>\n<meta property=\"article:publisher\" content=\"https:\/\/www.facebook.com\/PelicanSelfStorageDenmark\" \/>\n<meta property=\"article:modified_time\" content=\"2025-06-24T11:39:59+00:00\" \/>\n<meta property=\"og:image\" content=\"https:\/\/pelican.fi\/wp-content\/uploads\/2025\/06\/iStock-1328289401-scaled-1.jpg\" \/>\n<meta name=\"twitter:card\" content=\"summary_large_image\" \/>\n<meta name=\"twitter:label1\" content=\"Est. reading time\" \/>\n\t<meta name=\"twitter:data1\" content=\"3 minutes\" \/>\n<script type=\"application\/ld+json\" class=\"yoast-schema-graph\">{\"@context\":\"https:\/\/schema.org\",\"@graph\":[{\"@type\":\"WebPage\",\"@id\":\"https:\/\/pelican.fi\/en\/insurance-with-pelican\/\",\"url\":\"https:\/\/pelican.fi\/en\/insurance-with-pelican\/\",\"name\":\"Insurance with Pelican | Pelican Self Storage\",\"isPartOf\":{\"@id\":\"https:\/\/pelican.fi\/en\/#website\"},\"primaryImageOfPage\":{\"@id\":\"https:\/\/pelican.fi\/en\/insurance-with-pelican\/#primaryimage\"},\"image\":{\"@id\":\"https:\/\/pelican.fi\/en\/insurance-with-pelican\/#primaryimage\"},\"thumbnailUrl\":\"https:\/\/pelican.fi\/wp-content\/uploads\/2025\/06\/iStock-1328289401-scaled-1.jpg\",\"datePublished\":\"2025-05-06T07:49:23+00:00\",\"dateModified\":\"2025-06-24T11:39:59+00:00\",\"breadcrumb\":{\"@id\":\"https:\/\/pelican.fi\/en\/insurance-with-pelican\/#breadcrumb\"},\"inLanguage\":\"en-US\",\"potentialAction\":[{\"@type\":\"ReadAction\",\"target\":[\"https:\/\/pelican.fi\/en\/insurance-with-pelican\/\"]}]},{\"@type\":\"ImageObject\",\"inLanguage\":\"en-US\",\"@id\":\"https:\/\/pelican.fi\/en\/insurance-with-pelican\/#primaryimage\",\"url\":\"https:\/\/pelican.fi\/wp-content\/uploads\/2025\/06\/iStock-1328289401-scaled-1.jpg\",\"contentUrl\":\"https:\/\/pelican.fi\/wp-content\/uploads\/2025\/06\/iStock-1328289401-scaled-1.jpg\"},{\"@type\":\"BreadcrumbList\",\"@id\":\"https:\/\/pelican.fi\/en\/insurance-with-pelican\/#breadcrumb\",\"itemListElement\":[{\"@type\":\"ListItem\",\"position\":1,\"name\":\"Home\",\"item\":\"https:\/\/pelican.fi\/en\/\"},{\"@type\":\"ListItem\",\"position\":2,\"name\":\"Insurance with Pelican\"}]},{\"@type\":\"WebSite\",\"@id\":\"https:\/\/pelican.fi\/en\/#website\",\"url\":\"https:\/\/pelican.fi\/en\/\",\"name\":\"Vuokraa k\u00e4tev\u00e4 varasto\",\"description\":\"Vuokraa varastotila Pelican Self Storagelta. Edulliset hinnat \u2714 Toimipisteet ymp\u00e4ri K\u00f6\u00f6penhaminaa \u2714 Varastotiloja eri kokoisina \u2714 Ilmainen per\u00e4k\u00e4rryn lainaus \u2714\",\"potentialAction\":[{\"@type\":\"SearchAction\",\"target\":{\"@type\":\"EntryPoint\",\"urlTemplate\":\"https:\/\/pelican.fi\/en\/?s={search_term_string}\"},\"query-input\":{\"@type\":\"PropertyValueSpecification\",\"valueRequired\":true,\"valueName\":\"search_term_string\"}}],\"inLanguage\":\"en-US\"}]}<\/script>","yoast_head_json":{"title":"Insurance with Pelican | Pelican Self Storage","robots":{"index":"index","follow":"follow","max-snippet":"max-snippet:-1","max-image-preview":"max-image-preview:large","max-video-preview":"max-video-preview:-1"},"canonical":"https:\/\/pelican.fi\/en\/insurance-with-pelican\/","og_locale":"en_US","og_type":"article","og_title":"Insurance with Pelican","og_description":"At Pelican, we place a strong emphasis on security and reliability, as it is our job to look after your","og_url":"https:\/\/pelican.fi\/en\/insurance-with-pelican\/","og_site_name":"Pelican Self Storage","article_publisher":"https:\/\/www.facebook.com\/PelicanSelfStorageDenmark","article_modified_time":"2025-06-24T11:39:59+00:00","og_image":[{"url":"https:\/\/pelican.fi\/wp-content\/uploads\/2025\/06\/iStock-1328289401-scaled-1.jpg","type":"","width":"","height":""}],"twitter_card":"summary_large_image","twitter_misc":{"Est. reading time":"3 minutes"},"schema":{"@context":"https:\/\/schema.org","@graph":[{"@type":"WebPage","@id":"https:\/\/pelican.fi\/en\/insurance-with-pelican\/","url":"https:\/\/pelican.fi\/en\/insurance-with-pelican\/","name":"Insurance with Pelican | Pelican Self Storage","isPartOf":{"@id":"https:\/\/pelican.fi\/en\/#website"},"primaryImageOfPage":{"@id":"https:\/\/pelican.fi\/en\/insurance-with-pelican\/#primaryimage"},"image":{"@id":"https:\/\/pelican.fi\/en\/insurance-with-pelican\/#primaryimage"},"thumbnailUrl":"https:\/\/pelican.fi\/wp-content\/uploads\/2025\/06\/iStock-1328289401-scaled-1.jpg","datePublished":"2025-05-06T07:49:23+00:00","dateModified":"2025-06-24T11:39:59+00:00","breadcrumb":{"@id":"https:\/\/pelican.fi\/en\/insurance-with-pelican\/#breadcrumb"},"inLanguage":"en-US","potentialAction":[{"@type":"ReadAction","target":["https:\/\/pelican.fi\/en\/insurance-with-pelican\/"]}]},{"@type":"ImageObject","inLanguage":"en-US","@id":"https:\/\/pelican.fi\/en\/insurance-with-pelican\/#primaryimage","url":"https:\/\/pelican.fi\/wp-content\/uploads\/2025\/06\/iStock-1328289401-scaled-1.jpg","contentUrl":"https:\/\/pelican.fi\/wp-content\/uploads\/2025\/06\/iStock-1328289401-scaled-1.jpg"},{"@type":"BreadcrumbList","@id":"https:\/\/pelican.fi\/en\/insurance-with-pelican\/#breadcrumb","itemListElement":[{"@type":"ListItem","position":1,"name":"Home","item":"https:\/\/pelican.fi\/en\/"},{"@type":"ListItem","position":2,"name":"Insurance with Pelican"}]},{"@type":"WebSite","@id":"https:\/\/pelican.fi\/en\/#website","url":"https:\/\/pelican.fi\/en\/","name":"Vuokraa k\u00e4tev\u00e4 varasto","description":"Vuokraa varastotila Pelican Self Storagelta. Edulliset hinnat \u2714 Toimipisteet ymp\u00e4ri K\u00f6\u00f6penhaminaa \u2714 Varastotiloja eri kokoisina \u2714 Ilmainen per\u00e4k\u00e4rryn lainaus \u2714","potentialAction":[{"@type":"SearchAction","target":{"@type":"EntryPoint","urlTemplate":"https:\/\/pelican.fi\/en\/?s={search_term_string}"},"query-input":{"@type":"PropertyValueSpecification","valueRequired":true,"valueName":"search_term_string"}}],"inLanguage":"en-US"}]}},"_links":{"self":[{"href":"https:\/\/pelican.fi\/en\/wp-json\/wp\/v2\/pages\/16560","targetHints":{"allow":["GET"]}}],"collection":[{"href":"https:\/\/pelican.fi\/en\/wp-json\/wp\/v2\/pages"}],"about":[{"href":"https:\/\/pelican.fi\/en\/wp-json\/wp\/v2\/types\/page"}],"author":[{"embeddable":true,"href":"https:\/\/pelican.fi\/en\/wp-json\/wp\/v2\/users\/1"}],"replies":[{"embeddable":true,"href":"https:\/\/pelican.fi\/en\/wp-json\/wp\/v2\/comments?post=16560"}],"version-history":[{"count":3,"href":"https:\/\/pelican.fi\/en\/wp-json\/wp\/v2\/pages\/16560\/revisions"}],"predecessor-version":[{"id":18211,"href":"https:\/\/pelican.fi\/en\/wp-json\/wp\/v2\/pages\/16560\/revisions\/18211"}],"wp:attachment":[{"href":"https:\/\/pelican.fi\/en\/wp-json\/wp\/v2\/media?parent=16560"}],"curies":[{"name":"wp","href":"https:\/\/api.w.org\/{rel}","templated":true}]}}