{"id":16566,"date":"2025-05-06T10:49:16","date_gmt":"2025-05-06T08:49:16","guid":{"rendered":"https:\/\/pelican.fi\/copied-ensure-a-smooth-move-page-layout-english-not-checked\/"},"modified":"2025-06-24T02:18:51","modified_gmt":"2025-06-23T23:18:51","slug":"ensure-a-smooth-move","status":"publish","type":"page","link":"https:\/\/pelican.fi\/en\/ensure-a-smooth-move\/","title":{"rendered":"Ensure a smooth move"},"content":{"rendered":"\t\t<div data-elementor-type=\"wp-page\" data-elementor-id=\"16566\" class=\"elementor elementor-16566 elementor-11424\" data-elementor-post-type=\"page\">\n\t\t\t\t<div class=\"wd-negative-gap elementor-element elementor-element-ca8b29b e-flex e-con-boxed e-con e-parent\" data-id=\"ca8b29b\" data-element_type=\"container\" data-e-type=\"container\">\n\t\t\t\t\t<div class=\"e-con-inner\">\n\t\t<div class=\"elementor-element elementor-element-6047306 e-con-full e-flex e-con e-child\" data-id=\"6047306\" data-element_type=\"container\" data-e-type=\"container\">\n\t\t\t\t<div class=\"elementor-element elementor-element-50c8b7f elementor-widget elementor-widget-image\" data-id=\"50c8b7f\" data-element_type=\"widget\" data-e-type=\"widget\" data-widget_type=\"image.default\">\n\t\t\t\t<div class=\"elementor-widget-container\">\n\t\t\t\t\t\t\t\t\t\t\t\t\t\t\t<img decoding=\"async\" src=\"https:\/\/pelican.fi\/wp-content\/uploads\/2025\/06\/Pelican27.4.171108-scaled-1.jpg\" title=\"Pelican27.4.171108-scaled.jpg\" alt=\"Pelican27.4.171108-scaled.jpg\" loading=\"lazy\" \/>\t\t\t\t\t\t\t\t\t\t\t\t\t\t\t<\/div>\n\t\t\t\t<\/div>\n\t\t\t\t<\/div>\n\t\t<div class=\"elementor-element elementor-element-dfff21d e-con-full e-flex e-con e-child\" data-id=\"dfff21d\" data-element_type=\"container\" data-e-type=\"container\" data-settings=\"{&quot;background_background&quot;:&quot;classic&quot;}\">\n\t\t<div class=\"elementor-element elementor-element-2d6e914 e-con-full e-flex e-con e-child\" data-id=\"2d6e914\" data-element_type=\"container\" data-e-type=\"container\">\n\t\t\t\t<div class=\"elementor-element elementor-element-588d535 wd-width-100 elementor-widget elementor-widget-wd_title\" data-id=\"588d535\" data-element_type=\"widget\" data-e-type=\"widget\" data-widget_type=\"wd_title.default\">\n\t\t\t\t<div class=\"elementor-widget-container\">\n\t\t\t\t\t\t\t<div class=\"title-wrapper wd-set-mb reset-last-child wd-title-color-default wd-title-style-default wd-title-size-default text-left\">\n\n\t\t\t\n\t\t\t<div class=\"liner-continer\">\n\t\t\t\t<h4 class=\"woodmart-title-container title wd-fontsize-l\">Ensure a smooth move<\/h4> \n\t\t\t\t\t\t\t<\/div>\n\n\t\t\t\t\t<\/div>\n\t\t\t\t\t\t<\/div>\n\t\t\t\t<\/div>\n\t\t\t\t<div class=\"elementor-element elementor-element-f655350 elementor-widget elementor-widget-button\" data-id=\"f655350\" data-element_type=\"widget\" data-e-type=\"widget\" data-widget_type=\"button.default\">\n\t\t\t\t<div class=\"elementor-widget-container\">\n\t\t\t\t\t\t\t\t\t<div class=\"elementor-button-wrapper\">\n\t\t\t\t\t<a class=\"elementor-button elementor-button-link elementor-size-sm\" href=\"https:\/\/pelican.fi\/en\/packaging-and-conversion-supplies\/\">\n\t\t\t\t\t\t<span class=\"elementor-button-content-wrapper\">\n\t\t\t\t\t\t\t\t\t<span class=\"elementor-button-text\">Packing and moving supplies<\/span>\n\t\t\t\t\t<\/span>\n\t\t\t\t\t<\/a>\n\t\t\t\t<\/div>\n\t\t\t\t\t\t\t\t<\/div>\n\t\t\t\t<\/div>\n\t\t\t\t<\/div>\n\t\t\t\t<\/div>\n\t\t\t\t\t<\/div>\n\t\t\t\t<\/div>\n\t\t<div class=\"wd-negative-gap elementor-element elementor-element-495bac4 e-flex e-con-boxed e-con e-parent\" data-id=\"495bac4\" data-element_type=\"container\" data-e-type=\"container\">\n\t\t\t\t\t<div class=\"e-con-inner\">\n\t\t\t\t<div class=\"elementor-element elementor-element-ff014a5 elementor-widget elementor-widget-wd_text_block\" data-id=\"ff014a5\" data-element_type=\"widget\" data-e-type=\"widget\" data-widget_type=\"wd_text_block.default\">\n\t\t\t\t<div class=\"elementor-widget-container\">\n\t\t\t\t\t\t\t<div class=\"wd-text-block reset-last-child text-left\">\n\t\t\t\n\t\t\t<p>When planning a move, you\u2019ll likely notice that there are numerous practical matters to take care of. Simply managing these tasks often turns out to be a bigger job than packing itself. That\u2019s why it\u2019s important to think ahead about what practical supplies you\u2019ll need before the move. Here\u2019s a comprehensive guide and practical walkthrough of what you\u2019ll need for a smooth move.   <\/p><p><strong>Get a storage space<\/strong><\/p><p>Whether you're moving out of an apartment, townhouse or detached house, the amount of old stuff is often more than you expected. Many people end up having to dispose of many items because they don't have enough storage space. But this doesn\u2019t have to be the case! By renting storage space from Pelican Self Storage, you can store all your old furniture, suitcases or other items that you don't use on a daily basis. You can rent several storage units from Pelican Self Storage depending on your needs - we have sizes from 0.75 m\u00b2 to 50 m\u00b2.    <\/p><p><strong>Practical Moving Supplies<\/strong><\/p><p>Another important element of moving is the moving supplies. These include moving boxes, bubble wrap, plastic bags, rolls of tape and tape dispensers, and much more. <\/p><p>The most important of these is moving boxes. While it may sound simple, there are several things to consider before choosing boxes: how much weight they can hold, their quality, and their dimensions. It\u2019s important to choose boxes that can handle a lot of weight and are made from durable material. Pelican offers two different sizes of moving boxes at affordable prices.   <\/p><p>Additionally, it\u2019s important to get bubble wrap for fragile items like glassware and porcelain to prevent damage during transport or storage. Bubble wrap is easy to use and can be reused multiple times. <\/p><p>A tape dispenser makes the packing process easier, allowing you to seal boxes quickly and efficiently. If you want to streamline your move, a tape dispenser is a great tool! <\/p><p>With these supplies, you\u2019ll be ready for a smooth move. Remember, you can purchase all the necessary moving supplies at your local Pelican store. <\/p><p><strong>Happy moving!<\/strong><\/p><p><strong>Frequently asked questions<\/strong><\/p><p><strong>What should I remember while moving?<\/strong><\/p><p>When you move into a new home, there are a number of practical things that need to be taken care of. You need to notify the <a href=\"https:\/\/dvv.fi\/muutto\">Digital and Population Data Services Agency<\/a> of your change of address. Also remember to sign an electricity contract. It's also important to remove your name from your old post box and add it to the new one - but you don't need to notify the post office as they will be informed automatically.  <\/p><p><strong>How much does it cost to move?<\/strong><\/p><p>Research shows that the average cost of moving is around \u20ac500-\u20ac2000, depending on the size of the home <\/p><p><strong>Why do people move?<\/strong><\/p><p>People move for various reasons. Young people typically move out to get their own place or because their studies are too far from home. Life events such as a new partner, divorce, or a growing family are also reasons for moving \u2013 usually due to the need for a larger or smaller home.  <\/p><p><strong>How much does moving cost with a moving company?<\/strong><\/p><div class=\"relative inline-flex items-center\"><p>Hourly rates for moving services in Finland vary depending on a number of factors, such as the size of the move, location and services required. In general, the prices for removal services are as follows: <\/p><ul><li><p><strong>Van and driver<\/strong>: around \u20ac90-140 per hour.<\/p><\/li><li><p><strong>A truck with a trailer lift and two movers<\/strong>: around \u20ac100-150 per hour.<\/p><\/li><\/ul><p>It is important to note that these prices are indicative and actual costs may vary depending on the service provider, the time of the move and other details. It is recommended that you request quotes from several moving companies to get an accurate estimate of your move. <\/p><\/div><p>Pelican Self Storage works with a number of moving companies. We recommend that you ask for a quote from companies such as <a href=\"https:\/\/muuttohaukat.com\/\">Muuttohaukat<\/a> and <a href=\"https:\/\/www.muuttovelhot.fi\/\">Muuttovelhot<\/a>. <\/p><p><strong>When should I file a change of address?<\/strong><\/p><p>You should file a change of address within one week of moving.<\/p><p><strong>How long does a move take?<\/strong><\/p><p>The duration of a move varies greatly. It depends entirely on the amount of belongings, distances, floors, and the services chosen. <\/p>\n\t\t\t\t\t<\/div>\n\t\t\t\t\t\t<\/div>\n\t\t\t\t<\/div>\n\t\t\t\t\t<\/div>\n\t\t\t\t<\/div>\n\t\t\t\t<\/div>\n\t\t","protected":false},"excerpt":{"rendered":"<p>Ensure a smooth move Packing and moving supplies When planning a move, you\u2019ll likely notice that there are numerous practical<\/p>\n","protected":false},"author":1,"featured_media":0,"parent":0,"menu_order":0,"comment_status":"closed","ping_status":"closed","template":"elementor_header_footer","meta":{"_acf_changed":false,"inline_featured_image":false,"_lmt_disableupdate":"no","_lmt_disable":"","footnotes":""},"class_list":["post-16566","page","type-page","status-publish","hentry"],"acf":[],"yoast_head":"<title>Ensure a smooth move | Pelican Self Storage<\/title>\n<meta name=\"robots\" content=\"index, follow, max-snippet:-1, max-image-preview:large, max-video-preview:-1\" \/>\n<link rel=\"canonical\" href=\"https:\/\/pelican.fi\/en\/ensure-a-smooth-move\/\" \/>\n<meta property=\"og:locale\" content=\"en_US\" \/>\n<meta property=\"og:type\" content=\"article\" \/>\n<meta property=\"og:title\" content=\"Ensure a smooth move\" \/>\n<meta property=\"og:description\" content=\"Ensure a smooth move Packing and moving supplies When planning a move, you\u2019ll likely notice that there are numerous practical\" \/>\n<meta property=\"og:url\" content=\"https:\/\/pelican.fi\/en\/ensure-a-smooth-move\/\" \/>\n<meta property=\"og:site_name\" content=\"Pelican Self Storage\" \/>\n<meta property=\"article:publisher\" content=\"https:\/\/www.facebook.com\/PelicanSelfStorageDenmark\" \/>\n<meta property=\"article:modified_time\" content=\"2025-06-23T23:18:51+00:00\" \/>\n<meta property=\"og:image\" content=\"https:\/\/pelican.fi\/wp-content\/uploads\/2025\/06\/Pelican27.4.171108-scaled-1.jpg\" \/>\n<meta name=\"twitter:card\" content=\"summary_large_image\" \/>\n<meta name=\"twitter:label1\" content=\"Est. reading time\" \/>\n\t<meta name=\"twitter:data1\" content=\"4 minutes\" \/>\n<script type=\"application\/ld+json\" class=\"yoast-schema-graph\">{\"@context\":\"https:\/\/schema.org\",\"@graph\":[{\"@type\":\"WebPage\",\"@id\":\"https:\/\/pelican.fi\/en\/ensure-a-smooth-move\/\",\"url\":\"https:\/\/pelican.fi\/en\/ensure-a-smooth-move\/\",\"name\":\"Ensure a smooth move | Pelican Self Storage\",\"isPartOf\":{\"@id\":\"https:\/\/pelican.fi\/en\/#website\"},\"primaryImageOfPage\":{\"@id\":\"https:\/\/pelican.fi\/en\/ensure-a-smooth-move\/#primaryimage\"},\"image\":{\"@id\":\"https:\/\/pelican.fi\/en\/ensure-a-smooth-move\/#primaryimage\"},\"thumbnailUrl\":\"https:\/\/pelican.fi\/wp-content\/uploads\/2025\/06\/Pelican27.4.171108-scaled-1.jpg\",\"datePublished\":\"2025-05-06T08:49:16+00:00\",\"dateModified\":\"2025-06-23T23:18:51+00:00\",\"breadcrumb\":{\"@id\":\"https:\/\/pelican.fi\/en\/ensure-a-smooth-move\/#breadcrumb\"},\"inLanguage\":\"en-US\",\"potentialAction\":[{\"@type\":\"ReadAction\",\"target\":[\"https:\/\/pelican.fi\/en\/ensure-a-smooth-move\/\"]}]},{\"@type\":\"ImageObject\",\"inLanguage\":\"en-US\",\"@id\":\"https:\/\/pelican.fi\/en\/ensure-a-smooth-move\/#primaryimage\",\"url\":\"https:\/\/pelican.fi\/wp-content\/uploads\/2025\/06\/Pelican27.4.171108-scaled-1.jpg\",\"contentUrl\":\"https:\/\/pelican.fi\/wp-content\/uploads\/2025\/06\/Pelican27.4.171108-scaled-1.jpg\"},{\"@type\":\"BreadcrumbList\",\"@id\":\"https:\/\/pelican.fi\/en\/ensure-a-smooth-move\/#breadcrumb\",\"itemListElement\":[{\"@type\":\"ListItem\",\"position\":1,\"name\":\"Home\",\"item\":\"https:\/\/pelican.fi\/en\/\"},{\"@type\":\"ListItem\",\"position\":2,\"name\":\"Ensure a smooth move\"}]},{\"@type\":\"WebSite\",\"@id\":\"https:\/\/pelican.fi\/en\/#website\",\"url\":\"https:\/\/pelican.fi\/en\/\",\"name\":\"Vuokraa k\u00e4tev\u00e4 varasto\",\"description\":\"Vuokraa varastotila Pelican Self Storagelta. Edulliset hinnat \u2714 Toimipisteet ymp\u00e4ri K\u00f6\u00f6penhaminaa \u2714 Varastotiloja eri kokoisina \u2714 Ilmainen per\u00e4k\u00e4rryn lainaus \u2714\",\"potentialAction\":[{\"@type\":\"SearchAction\",\"target\":{\"@type\":\"EntryPoint\",\"urlTemplate\":\"https:\/\/pelican.fi\/en\/?s={search_term_string}\"},\"query-input\":{\"@type\":\"PropertyValueSpecification\",\"valueRequired\":true,\"valueName\":\"search_term_string\"}}],\"inLanguage\":\"en-US\"}]}<\/script>","yoast_head_json":{"title":"Ensure a smooth move | Pelican Self Storage","robots":{"index":"index","follow":"follow","max-snippet":"max-snippet:-1","max-image-preview":"max-image-preview:large","max-video-preview":"max-video-preview:-1"},"canonical":"https:\/\/pelican.fi\/en\/ensure-a-smooth-move\/","og_locale":"en_US","og_type":"article","og_title":"Ensure a smooth move","og_description":"Ensure a smooth move Packing and moving supplies When planning a move, you\u2019ll likely notice that there are numerous practical","og_url":"https:\/\/pelican.fi\/en\/ensure-a-smooth-move\/","og_site_name":"Pelican Self Storage","article_publisher":"https:\/\/www.facebook.com\/PelicanSelfStorageDenmark","article_modified_time":"2025-06-23T23:18:51+00:00","og_image":[{"url":"https:\/\/pelican.fi\/wp-content\/uploads\/2025\/06\/Pelican27.4.171108-scaled-1.jpg","type":"","width":"","height":""}],"twitter_card":"summary_large_image","twitter_misc":{"Est. reading time":"4 minutes"},"schema":{"@context":"https:\/\/schema.org","@graph":[{"@type":"WebPage","@id":"https:\/\/pelican.fi\/en\/ensure-a-smooth-move\/","url":"https:\/\/pelican.fi\/en\/ensure-a-smooth-move\/","name":"Ensure a smooth move | Pelican Self Storage","isPartOf":{"@id":"https:\/\/pelican.fi\/en\/#website"},"primaryImageOfPage":{"@id":"https:\/\/pelican.fi\/en\/ensure-a-smooth-move\/#primaryimage"},"image":{"@id":"https:\/\/pelican.fi\/en\/ensure-a-smooth-move\/#primaryimage"},"thumbnailUrl":"https:\/\/pelican.fi\/wp-content\/uploads\/2025\/06\/Pelican27.4.171108-scaled-1.jpg","datePublished":"2025-05-06T08:49:16+00:00","dateModified":"2025-06-23T23:18:51+00:00","breadcrumb":{"@id":"https:\/\/pelican.fi\/en\/ensure-a-smooth-move\/#breadcrumb"},"inLanguage":"en-US","potentialAction":[{"@type":"ReadAction","target":["https:\/\/pelican.fi\/en\/ensure-a-smooth-move\/"]}]},{"@type":"ImageObject","inLanguage":"en-US","@id":"https:\/\/pelican.fi\/en\/ensure-a-smooth-move\/#primaryimage","url":"https:\/\/pelican.fi\/wp-content\/uploads\/2025\/06\/Pelican27.4.171108-scaled-1.jpg","contentUrl":"https:\/\/pelican.fi\/wp-content\/uploads\/2025\/06\/Pelican27.4.171108-scaled-1.jpg"},{"@type":"BreadcrumbList","@id":"https:\/\/pelican.fi\/en\/ensure-a-smooth-move\/#breadcrumb","itemListElement":[{"@type":"ListItem","position":1,"name":"Home","item":"https:\/\/pelican.fi\/en\/"},{"@type":"ListItem","position":2,"name":"Ensure a smooth move"}]},{"@type":"WebSite","@id":"https:\/\/pelican.fi\/en\/#website","url":"https:\/\/pelican.fi\/en\/","name":"Vuokraa k\u00e4tev\u00e4 varasto","description":"Vuokraa varastotila Pelican Self Storagelta. Edulliset hinnat \u2714 Toimipisteet ymp\u00e4ri K\u00f6\u00f6penhaminaa \u2714 Varastotiloja eri kokoisina \u2714 Ilmainen per\u00e4k\u00e4rryn lainaus \u2714","potentialAction":[{"@type":"SearchAction","target":{"@type":"EntryPoint","urlTemplate":"https:\/\/pelican.fi\/en\/?s={search_term_string}"},"query-input":{"@type":"PropertyValueSpecification","valueRequired":true,"valueName":"search_term_string"}}],"inLanguage":"en-US"}]}},"_links":{"self":[{"href":"https:\/\/pelican.fi\/en\/wp-json\/wp\/v2\/pages\/16566","targetHints":{"allow":["GET"]}}],"collection":[{"href":"https:\/\/pelican.fi\/en\/wp-json\/wp\/v2\/pages"}],"about":[{"href":"https:\/\/pelican.fi\/en\/wp-json\/wp\/v2\/types\/page"}],"author":[{"embeddable":true,"href":"https:\/\/pelican.fi\/en\/wp-json\/wp\/v2\/users\/1"}],"replies":[{"embeddable":true,"href":"https:\/\/pelican.fi\/en\/wp-json\/wp\/v2\/comments?post=16566"}],"version-history":[{"count":6,"href":"https:\/\/pelican.fi\/en\/wp-json\/wp\/v2\/pages\/16566\/revisions"}],"predecessor-version":[{"id":17307,"href":"https:\/\/pelican.fi\/en\/wp-json\/wp\/v2\/pages\/16566\/revisions\/17307"}],"wp:attachment":[{"href":"https:\/\/pelican.fi\/en\/wp-json\/wp\/v2\/media?parent=16566"}],"curies":[{"name":"wp","href":"https:\/\/api.w.org\/{rel}","templated":true}]}}