{"id":16568,"date":"2025-05-06T10:48:51","date_gmt":"2025-05-06T08:48:51","guid":{"rendered":"https:\/\/pelican.fi\/copied-tips-for-parties-english-not-checked\/"},"modified":"2025-06-10T11:02:00","modified_gmt":"2025-06-10T09:02:00","slug":"tips-for-the-big-gatherings","status":"publish","type":"page","link":"https:\/\/pelican.fi\/en\/tips-for-the-big-gatherings\/","title":{"rendered":"Tips for the big gatherings"},"content":{"rendered":"\t\t<div data-elementor-type=\"wp-page\" data-elementor-id=\"16568\" class=\"elementor elementor-16568 elementor-11506\" data-elementor-post-type=\"page\">\n\t\t\t\t<div class=\"wd-negative-gap elementor-element elementor-element-1d83dba e-flex e-con-boxed e-con e-parent\" data-id=\"1d83dba\" data-element_type=\"container\" data-e-type=\"container\">\n\t\t\t\t\t<div class=\"e-con-inner\">\n\t\t<div class=\"elementor-element elementor-element-3648cce e-con-full e-flex e-con e-child\" data-id=\"3648cce\" data-element_type=\"container\" data-e-type=\"container\">\n\t\t\t\t<div class=\"elementor-element elementor-element-73163cb elementor-widget elementor-widget-image\" data-id=\"73163cb\" data-element_type=\"widget\" data-e-type=\"widget\" data-widget_type=\"image.default\">\n\t\t\t\t<div class=\"elementor-widget-container\">\n\t\t\t\t\t\t\t\t\t\t\t\t\t\t\t<img decoding=\"async\" src=\"https:\/\/pelican.fi\/wp-content\/uploads\/2025\/06\/iStock-1352951149-scaled-1.jpg\" title=\"iStock-1352951149-scaled.jpg\" alt=\"iStock-1352951149-scaled.jpg\" loading=\"lazy\" \/>\t\t\t\t\t\t\t\t\t\t\t\t\t\t\t<\/div>\n\t\t\t\t<\/div>\n\t\t\t\t<\/div>\n\t\t<div class=\"elementor-element elementor-element-1ce0beb e-con-full e-flex e-con e-child\" data-id=\"1ce0beb\" data-element_type=\"container\" data-e-type=\"container\" data-settings=\"{&quot;background_background&quot;:&quot;classic&quot;}\">\n\t\t<div class=\"elementor-element elementor-element-8c9c0fc e-con-full e-flex e-con e-child\" data-id=\"8c9c0fc\" data-element_type=\"container\" data-e-type=\"container\">\n\t\t\t\t<div class=\"elementor-element elementor-element-f534b4c wd-width-100 elementor-widget elementor-widget-wd_title\" data-id=\"f534b4c\" data-element_type=\"widget\" data-e-type=\"widget\" data-widget_type=\"wd_title.default\">\n\t\t\t\t<div class=\"elementor-widget-container\">\n\t\t\t\t\t\t\t<div class=\"title-wrapper wd-set-mb reset-last-child wd-title-color-default wd-title-style-default wd-title-size-default text-left\">\n\n\t\t\t\n\t\t\t<div class=\"liner-continer\">\n\t\t\t\t<h4 class=\"woodmart-title-container title wd-fontsize-l\">13 tips for organising traditional family parties at home<\/h4> \n\t\t\t\t\t\t\t<\/div>\n\n\t\t\t\t\t<\/div>\n\t\t\t\t\t\t<\/div>\n\t\t\t\t<\/div>\n\t\t\t\t<div class=\"elementor-element elementor-element-a3cbdfb elementor-widget elementor-widget-button\" data-id=\"a3cbdfb\" data-element_type=\"widget\" data-e-type=\"widget\" data-widget_type=\"button.default\">\n\t\t\t\t<div class=\"elementor-widget-container\">\n\t\t\t\t\t\t\t\t\t<div class=\"elementor-button-wrapper\">\n\t\t\t\t\t<a class=\"elementor-button elementor-button-link elementor-size-sm\" href=\"https:\/\/pelican.fi\/en\/our-locations\/\">\n\t\t\t\t\t\t<span class=\"elementor-button-content-wrapper\">\n\t\t\t\t\t\t\t\t\t<span class=\"elementor-button-text\">Find a storage<\/span>\n\t\t\t\t\t<\/span>\n\t\t\t\t\t<\/a>\n\t\t\t\t<\/div>\n\t\t\t\t\t\t\t\t<\/div>\n\t\t\t\t<\/div>\n\t\t\t\t<\/div>\n\t\t\t\t<\/div>\n\t\t\t\t\t<\/div>\n\t\t\t\t<\/div>\n\t\t<div class=\"wd-negative-gap elementor-element elementor-element-fdda587 e-flex e-con-boxed e-con e-parent\" data-id=\"fdda587\" data-element_type=\"container\" data-e-type=\"container\">\n\t\t\t\t\t<div class=\"e-con-inner\">\n\t\t\t\t<div class=\"elementor-element elementor-element-ff82a4c elementor-widget elementor-widget-wd_text_block\" data-id=\"ff82a4c\" data-element_type=\"widget\" data-e-type=\"widget\" data-widget_type=\"wd_text_block.default\">\n\t\t\t\t<div class=\"elementor-widget-container\">\n\t\t\t\t\t\t\t<div class=\"wd-text-block reset-last-child text-left\">\n\t\t\t\n\t\t\t<p>Family celebrations, such as christenings, confessions, graduations and birthdays, are often held at home. By holding a party at home, you save on the rent and can start planning well in advance. With these tips, you can create a cosy and practical party space in your home. With Pelican, you can free up space for your guests!   <\/p><p><strong>Plan for the arrival of guests<\/strong><br>Consider whether guests will arrive all at once or in staggered groups, creating more space. If you opt for staggered arrival, allow time for cleaning up between guests. <\/p><p><strong>Take advantage of the outdoor space<\/strong><br>If the weather permits, you can extend the party outside with tents or canopies. This gives you more space and also makes it easier to keep a safe distance if necessary. Heaters and blankets ensure that guests are comfortable even on cooler evenings.  <\/p><p><strong>Remove unnecessary furniture<\/strong><br>Free up more space by moving large pieces of furniture into storage. With rental storage, you can easily clear away valuable or breakable items, leaving more space in your home for guests and less worry about potential damage. <\/p><p><strong>Choose a festive theme<\/strong><br>The theme creates a coherent atmosphere. Simple but elegant decorations, such as beautiful napkins and floral arrangements, make a big difference without over-decorating. <\/p><p><strong>Prepare your home for the arrival of guests<\/strong><br>Clean and make sure your home is clean and well organised. Make a place for gifts and flowers to keep you more organised during the party. <\/p><p><strong>Optimised coat rack space<\/strong><br>Remove unnecessary coats and other clothes from the hallway to make room for guests' coats and bags. Rental storage can be a handy option to keep extra items tidy for parties. <\/p><p><strong>Adjust the temperature<\/strong><br>Many people in the same room quickly raise the temperature. Turn down the heating or open the windows to keep the room comfortable throughout the party. <\/p><p><strong>Enough dishes for everyone<\/strong><br>Make sure you have enough plates, glasses and cutlery for all your guests. They don't have to be perfectly uniform - different dishes add a cosy feel. If you need more dishes, you can hire them.  <\/p><p><strong>Make more space in your kitchen<\/strong><br>Clear out the kitchen and make sure there's enough room in the fridge. Consider borrowing or renting a fridge if necessary. Also make sure you have enough bin liners, kitchen towels and ice cubes ready for the festive season.  <\/p><p><strong>Keep a first aid kit within reach<\/strong><br>Be prepared for minor injuries by keeping a first aid kit easily accessible.<\/p><p><strong>Prepare the bathroom<\/strong><br>Make sure you have enough toilet paper, hand towels, and move your personal belongings out of the bathroom to make room for guests.<\/p><p><strong>Activities for children<\/strong><br>Make your party child-friendly by booking games and toys. Ask one of the older guests to take responsibility for entertaining the children so that everyone can enjoy the party. <\/p><p><strong>Stain remover for accidents<\/strong><br>Keep stain remover handy for both clothes and furniture. Quick action can save guests' clothes and your own furniture from permanent stains. <\/p><p>With these tips, a family party at home will be a pleasant affair, with enough space for both guests and an atmospheric party room.<\/p>\n\t\t\t\t\t<\/div>\n\t\t\t\t\t\t<\/div>\n\t\t\t\t<\/div>\n\t\t\t\t\t<\/div>\n\t\t\t\t<\/div>\n\t\t\t\t<\/div>\n\t\t","protected":false},"excerpt":{"rendered":"<p>13 tips for organising traditional family parties at home Find a storage Family celebrations, such as christenings, confessions, graduations and<\/p>\n","protected":false},"author":1,"featured_media":0,"parent":0,"menu_order":0,"comment_status":"closed","ping_status":"closed","template":"elementor_header_footer","meta":{"_acf_changed":false,"inline_featured_image":false,"_lmt_disableupdate":"no","_lmt_disable":"","footnotes":""},"class_list":["post-16568","page","type-page","status-publish","hentry"],"acf":[],"yoast_head":"<title>Tips for the big gatherings | Pelican Self Storage<\/title>\n<meta name=\"robots\" content=\"index, follow, max-snippet:-1, max-image-preview:large, max-video-preview:-1\" \/>\n<link rel=\"canonical\" href=\"https:\/\/pelican.fi\/en\/tips-for-the-big-gatherings\/\" \/>\n<meta property=\"og:locale\" content=\"en_US\" \/>\n<meta property=\"og:type\" content=\"article\" \/>\n<meta property=\"og:title\" content=\"Tips for the big gatherings\" \/>\n<meta property=\"og:description\" content=\"13 tips for organising traditional family parties at home Find a storage Family celebrations, such as christenings, confessions, graduations and\" \/>\n<meta property=\"og:url\" content=\"https:\/\/pelican.fi\/en\/tips-for-the-big-gatherings\/\" \/>\n<meta property=\"og:site_name\" content=\"Pelican Self Storage\" \/>\n<meta property=\"article:publisher\" content=\"https:\/\/www.facebook.com\/PelicanSelfStorageDenmark\" \/>\n<meta property=\"article:modified_time\" content=\"2025-06-10T09:02:00+00:00\" \/>\n<meta property=\"og:image\" content=\"https:\/\/pelican.fi\/wp-content\/uploads\/2025\/06\/iStock-1352951149-scaled-1.jpg\" \/>\n<meta name=\"twitter:card\" content=\"summary_large_image\" \/>\n<meta name=\"twitter:label1\" content=\"Est. reading time\" \/>\n\t<meta name=\"twitter:data1\" content=\"3 minutes\" \/>\n<script type=\"application\/ld+json\" class=\"yoast-schema-graph\">{\"@context\":\"https:\/\/schema.org\",\"@graph\":[{\"@type\":\"WebPage\",\"@id\":\"https:\/\/pelican.fi\/en\/tips-for-the-big-gatherings\/\",\"url\":\"https:\/\/pelican.fi\/en\/tips-for-the-big-gatherings\/\",\"name\":\"Tips for the big gatherings | Pelican Self Storage\",\"isPartOf\":{\"@id\":\"https:\/\/pelican.fi\/en\/#website\"},\"primaryImageOfPage\":{\"@id\":\"https:\/\/pelican.fi\/en\/tips-for-the-big-gatherings\/#primaryimage\"},\"image\":{\"@id\":\"https:\/\/pelican.fi\/en\/tips-for-the-big-gatherings\/#primaryimage\"},\"thumbnailUrl\":\"https:\/\/pelican.fi\/wp-content\/uploads\/2025\/06\/iStock-1352951149-scaled-1.jpg\",\"datePublished\":\"2025-05-06T08:48:51+00:00\",\"dateModified\":\"2025-06-10T09:02:00+00:00\",\"breadcrumb\":{\"@id\":\"https:\/\/pelican.fi\/en\/tips-for-the-big-gatherings\/#breadcrumb\"},\"inLanguage\":\"en-US\",\"potentialAction\":[{\"@type\":\"ReadAction\",\"target\":[\"https:\/\/pelican.fi\/en\/tips-for-the-big-gatherings\/\"]}]},{\"@type\":\"ImageObject\",\"inLanguage\":\"en-US\",\"@id\":\"https:\/\/pelican.fi\/en\/tips-for-the-big-gatherings\/#primaryimage\",\"url\":\"https:\/\/pelican.fi\/wp-content\/uploads\/2025\/06\/iStock-1352951149-scaled-1.jpg\",\"contentUrl\":\"https:\/\/pelican.fi\/wp-content\/uploads\/2025\/06\/iStock-1352951149-scaled-1.jpg\"},{\"@type\":\"BreadcrumbList\",\"@id\":\"https:\/\/pelican.fi\/en\/tips-for-the-big-gatherings\/#breadcrumb\",\"itemListElement\":[{\"@type\":\"ListItem\",\"position\":1,\"name\":\"Home\",\"item\":\"https:\/\/pelican.fi\/en\/\"},{\"@type\":\"ListItem\",\"position\":2,\"name\":\"Tips for the big gatherings\"}]},{\"@type\":\"WebSite\",\"@id\":\"https:\/\/pelican.fi\/en\/#website\",\"url\":\"https:\/\/pelican.fi\/en\/\",\"name\":\"Vuokraa k\u00e4tev\u00e4 varasto\",\"description\":\"Vuokraa varastotila Pelican Self Storagelta. Edulliset hinnat \u2714 Toimipisteet ymp\u00e4ri K\u00f6\u00f6penhaminaa \u2714 Varastotiloja eri kokoisina \u2714 Ilmainen per\u00e4k\u00e4rryn lainaus \u2714\",\"potentialAction\":[{\"@type\":\"SearchAction\",\"target\":{\"@type\":\"EntryPoint\",\"urlTemplate\":\"https:\/\/pelican.fi\/en\/?s={search_term_string}\"},\"query-input\":{\"@type\":\"PropertyValueSpecification\",\"valueRequired\":true,\"valueName\":\"search_term_string\"}}],\"inLanguage\":\"en-US\"}]}<\/script>","yoast_head_json":{"title":"Tips for the big gatherings | Pelican Self Storage","robots":{"index":"index","follow":"follow","max-snippet":"max-snippet:-1","max-image-preview":"max-image-preview:large","max-video-preview":"max-video-preview:-1"},"canonical":"https:\/\/pelican.fi\/en\/tips-for-the-big-gatherings\/","og_locale":"en_US","og_type":"article","og_title":"Tips for the big gatherings","og_description":"13 tips for organising traditional family parties at home Find a storage Family celebrations, such as christenings, confessions, graduations and","og_url":"https:\/\/pelican.fi\/en\/tips-for-the-big-gatherings\/","og_site_name":"Pelican Self Storage","article_publisher":"https:\/\/www.facebook.com\/PelicanSelfStorageDenmark","article_modified_time":"2025-06-10T09:02:00+00:00","og_image":[{"url":"https:\/\/pelican.fi\/wp-content\/uploads\/2025\/06\/iStock-1352951149-scaled-1.jpg","type":"","width":"","height":""}],"twitter_card":"summary_large_image","twitter_misc":{"Est. reading time":"3 minutes"},"schema":{"@context":"https:\/\/schema.org","@graph":[{"@type":"WebPage","@id":"https:\/\/pelican.fi\/en\/tips-for-the-big-gatherings\/","url":"https:\/\/pelican.fi\/en\/tips-for-the-big-gatherings\/","name":"Tips for the big gatherings | Pelican Self Storage","isPartOf":{"@id":"https:\/\/pelican.fi\/en\/#website"},"primaryImageOfPage":{"@id":"https:\/\/pelican.fi\/en\/tips-for-the-big-gatherings\/#primaryimage"},"image":{"@id":"https:\/\/pelican.fi\/en\/tips-for-the-big-gatherings\/#primaryimage"},"thumbnailUrl":"https:\/\/pelican.fi\/wp-content\/uploads\/2025\/06\/iStock-1352951149-scaled-1.jpg","datePublished":"2025-05-06T08:48:51+00:00","dateModified":"2025-06-10T09:02:00+00:00","breadcrumb":{"@id":"https:\/\/pelican.fi\/en\/tips-for-the-big-gatherings\/#breadcrumb"},"inLanguage":"en-US","potentialAction":[{"@type":"ReadAction","target":["https:\/\/pelican.fi\/en\/tips-for-the-big-gatherings\/"]}]},{"@type":"ImageObject","inLanguage":"en-US","@id":"https:\/\/pelican.fi\/en\/tips-for-the-big-gatherings\/#primaryimage","url":"https:\/\/pelican.fi\/wp-content\/uploads\/2025\/06\/iStock-1352951149-scaled-1.jpg","contentUrl":"https:\/\/pelican.fi\/wp-content\/uploads\/2025\/06\/iStock-1352951149-scaled-1.jpg"},{"@type":"BreadcrumbList","@id":"https:\/\/pelican.fi\/en\/tips-for-the-big-gatherings\/#breadcrumb","itemListElement":[{"@type":"ListItem","position":1,"name":"Home","item":"https:\/\/pelican.fi\/en\/"},{"@type":"ListItem","position":2,"name":"Tips for the big gatherings"}]},{"@type":"WebSite","@id":"https:\/\/pelican.fi\/en\/#website","url":"https:\/\/pelican.fi\/en\/","name":"Vuokraa k\u00e4tev\u00e4 varasto","description":"Vuokraa varastotila Pelican Self Storagelta. Edulliset hinnat \u2714 Toimipisteet ymp\u00e4ri K\u00f6\u00f6penhaminaa \u2714 Varastotiloja eri kokoisina \u2714 Ilmainen per\u00e4k\u00e4rryn lainaus \u2714","potentialAction":[{"@type":"SearchAction","target":{"@type":"EntryPoint","urlTemplate":"https:\/\/pelican.fi\/en\/?s={search_term_string}"},"query-input":{"@type":"PropertyValueSpecification","valueRequired":true,"valueName":"search_term_string"}}],"inLanguage":"en-US"}]}},"_links":{"self":[{"href":"https:\/\/pelican.fi\/en\/wp-json\/wp\/v2\/pages\/16568","targetHints":{"allow":["GET"]}}],"collection":[{"href":"https:\/\/pelican.fi\/en\/wp-json\/wp\/v2\/pages"}],"about":[{"href":"https:\/\/pelican.fi\/en\/wp-json\/wp\/v2\/types\/page"}],"author":[{"embeddable":true,"href":"https:\/\/pelican.fi\/en\/wp-json\/wp\/v2\/users\/1"}],"replies":[{"embeddable":true,"href":"https:\/\/pelican.fi\/en\/wp-json\/wp\/v2\/comments?post=16568"}],"version-history":[{"count":6,"href":"https:\/\/pelican.fi\/en\/wp-json\/wp\/v2\/pages\/16568\/revisions"}],"predecessor-version":[{"id":16708,"href":"https:\/\/pelican.fi\/en\/wp-json\/wp\/v2\/pages\/16568\/revisions\/16708"}],"wp:attachment":[{"href":"https:\/\/pelican.fi\/en\/wp-json\/wp\/v2\/media?parent=16568"}],"curies":[{"name":"wp","href":"https:\/\/api.w.org\/{rel}","templated":true}]}}