{"id":16570,"date":"2025-05-06T10:48:20","date_gmt":"2025-05-06T07:48:20","guid":{"rendered":"https:\/\/pelican.fi\/copied-tips-for-when-your-child-moves-away-from-home-english-not-checked\/"},"modified":"2025-06-16T01:34:57","modified_gmt":"2025-06-15T23:34:57","slug":"tips-for-when-your-child-moves-away-from-home","status":"publish","type":"page","link":"https:\/\/pelican.fi\/en\/tips-for-when-your-child-moves-away-from-home\/","title":{"rendered":"Tips for when your child moves away from home"},"content":{"rendered":"\t\t<div data-elementor-type=\"wp-page\" data-elementor-id=\"16570\" class=\"elementor elementor-16570 elementor-11512\" data-elementor-post-type=\"page\">\n\t\t\t\t<div class=\"wd-negative-gap elementor-element elementor-element-dd4189a e-flex e-con-boxed e-con e-parent\" data-id=\"dd4189a\" data-element_type=\"container\" data-e-type=\"container\">\n\t\t\t\t\t<div class=\"e-con-inner\">\n\t\t<div class=\"elementor-element elementor-element-0580ce2 e-con-full e-flex e-con e-child\" data-id=\"0580ce2\" data-element_type=\"container\" data-e-type=\"container\">\n\t\t\t\t<div class=\"elementor-element elementor-element-505be51 elementor-widget elementor-widget-image\" data-id=\"505be51\" data-element_type=\"widget\" data-e-type=\"widget\" data-widget_type=\"image.default\">\n\t\t\t\t<div class=\"elementor-widget-container\">\n\t\t\t\t\t\t\t\t\t\t\t\t\t\t\t<img decoding=\"async\" src=\"https:\/\/pelican.fi\/wp-content\/uploads\/2025\/06\/pelican_hero_new-1.jpg\" title=\"pelican_hero_new.jpg\" alt=\"pelican_hero_new.jpg\" loading=\"lazy\" \/>\t\t\t\t\t\t\t\t\t\t\t\t\t\t\t<\/div>\n\t\t\t\t<\/div>\n\t\t\t\t<\/div>\n\t\t<div class=\"elementor-element elementor-element-f078774 e-con-full e-flex e-con e-child\" data-id=\"f078774\" data-element_type=\"container\" data-e-type=\"container\" data-settings=\"{&quot;background_background&quot;:&quot;classic&quot;}\">\n\t\t<div class=\"elementor-element elementor-element-2110290 e-con-full e-flex e-con e-child\" data-id=\"2110290\" data-element_type=\"container\" data-e-type=\"container\">\n\t\t\t\t<div class=\"elementor-element elementor-element-6de7137 wd-width-100 elementor-widget elementor-widget-wd_title\" data-id=\"6de7137\" data-element_type=\"widget\" data-e-type=\"widget\" data-widget_type=\"wd_title.default\">\n\t\t\t\t<div class=\"elementor-widget-container\">\n\t\t\t\t\t\t\t<div class=\"title-wrapper wd-set-mb reset-last-child wd-title-color-default wd-title-style-default wd-title-size-default text-left\">\n\n\t\t\t\n\t\t\t<div class=\"liner-continer\">\n\t\t\t\t<h4 class=\"woodmart-title-container title wd-fontsize-l\">Did the child move away from home? Six ideas for making the most of an empty room <\/h4> \n\t\t\t\t\t\t\t<\/div>\n\n\t\t\t\t\t<\/div>\n\t\t\t\t\t\t<\/div>\n\t\t\t\t<\/div>\n\t\t\t\t<div class=\"elementor-element elementor-element-7baeb66 elementor-widget elementor-widget-button\" data-id=\"7baeb66\" data-element_type=\"widget\" data-e-type=\"widget\" data-widget_type=\"button.default\">\n\t\t\t\t<div class=\"elementor-widget-container\">\n\t\t\t\t\t\t\t\t\t<div class=\"elementor-button-wrapper\">\n\t\t\t\t\t<a class=\"elementor-button elementor-button-link elementor-size-sm\" href=\"https:\/\/pelican.fi\/en\/our-locations\/\">\n\t\t\t\t\t\t<span class=\"elementor-button-content-wrapper\">\n\t\t\t\t\t\t\t\t\t<span class=\"elementor-button-text\">Find the nearest Pelican<\/span>\n\t\t\t\t\t<\/span>\n\t\t\t\t\t<\/a>\n\t\t\t\t<\/div>\n\t\t\t\t\t\t\t\t<\/div>\n\t\t\t\t<\/div>\n\t\t\t\t<\/div>\n\t\t\t\t<\/div>\n\t\t\t\t\t<\/div>\n\t\t\t\t<\/div>\n\t\t<div class=\"wd-negative-gap elementor-element elementor-element-8c8679b e-flex e-con-boxed e-con e-parent\" data-id=\"8c8679b\" data-element_type=\"container\" data-e-type=\"container\">\n\t\t\t\t\t<div class=\"e-con-inner\">\n\t\t\t\t<div class=\"elementor-element elementor-element-a71a660 elementor-widget elementor-widget-wd_text_block\" data-id=\"a71a660\" data-element_type=\"widget\" data-e-type=\"widget\" data-widget_type=\"wd_text_block.default\">\n\t\t\t\t<div class=\"elementor-widget-container\">\n\t\t\t\t\t\t\t<div class=\"wd-text-block reset-last-child text-left\">\n\t\t\t\n\t\t\t<p>Did your child fly from home to study abroad? Have the tears been wiped from your cheeks? <\/p><p>American blogger Gary Sprague wisely points out that there are two ways to deal with a room left empty by a teenager: either leave it as a shrine to the child who lived there, or put it to good use.<\/p><p>The latter is probably preferable. If you want to preserve memories of your child's early years, keep them in <a href=\"https:\/\/pelican.fi\/en\/more-space-for-everyday-life-storage-as-an-extension-of-your-home-or-office\/\">a separate storage room<\/a>. Then you can make the most of the empty room and its storage space. <\/p><p>It's worth spending some thought energy on what to put in an empty room. On Vauva.fi, parents have dreamed of using an empty room to build an ironing room, wine room or spa, for example. <\/p><p>There are more practical ideas.<\/p><p>The following ideas from an American website will work in Finland too:<\/p><p><b>1. Luxury guest room<\/b><br>Transform your room into a charming guest room for friends and family. Unleash your creativity and decorate the room with old antique furniture or buy new ones to suit your taste. <\/p><p><b>2. Adult version of a child's room<\/b><br>Even if the child has moved away from home, he or she will probably still come to visit. Change the room into a more adult version of the old one. You can leave some of the furniture, books or things that were there, but put anything extra in storage. Paint the walls, get rid of the teenage posters and replace them with more grown-up paintings.   <\/p><p><b>3. A quiet reading room or workspace<\/b><br>Have you dreamed of having your own library-like reading space? Now's your chance. With functional furniture, it's also easy to build a home office.  <\/p><p><b>4. Hobby room<\/b><br>With less time for childcare, there's more time for adults' own hobbies. Now you have a place for a sewing machine or a craft - why not a piano? If you like, you can design the whole room to suit your new hobby.  <\/p><p><b>5. Man cave<\/b><br>If you've always dreamed of having your own space, maybe now is the time to make it a reality. You don't necessarily have to decorate the room with dark wood and leather, functionality is more important. A relaxation room could be an entertainment centre or a pool table - for both parents to use, for example.  <\/p><p><b>6. Fitness room<\/b><br>Having your own fitness room saves you money compared to a gym membership, especially if you go to the gym often. You can also convert the room into a yoga room using mirrors and mats. <\/p><p><b>Bonus tips:<\/b><\/p><p>Save cupboard space for the belongings of a child who has moved out. Agree with your child before you get rid of all his or her belongings so you don't lose anything that has a lot of sentimental value. Perhaps the child can help to transform the room for its new use?  <\/p><p><a href=\"https:\/\/pelican.fi\/en\/store-your-stuff-in-a-storage-room\/\">Check out Pelican Self Storage's storage solutions.<\/a><\/p><p>Are you interested in learning more about storage solutions?  <a href=\"https:\/\/pelican.fi\/en\/contact-us\/\">Contact us!<\/a><\/p><p>Sources: grownandflown.com, rent.com, vauva.fi<\/p><h3>FAQ<\/h3><p><b>What do you need when you move away from home?<\/b><br>When you move, there are many things to consider. For example, you will need to notify the Register Office and the Post Office of your move at <a href=\"http:\/\/www.muuttoilmoitus.fi\">www.muuttoilmoitus.fi<\/a>. You should also calculate a budget for your monthly income and expenses. Don't forget your home insurance and accident insurance! Also check what subscriptions you need for electricity, internet and TV, for example.    <\/p>\n\t\t\t\t\t<\/div>\n\t\t\t\t\t\t<\/div>\n\t\t\t\t<\/div>\n\t\t\t\t\t<\/div>\n\t\t\t\t<\/div>\n\t\t\t\t<\/div>\n\t\t","protected":false},"excerpt":{"rendered":"<p>Did the child move away from home? Six ideas for making the most of an empty room Find the nearest<\/p>\n","protected":false},"author":1,"featured_media":0,"parent":0,"menu_order":0,"comment_status":"closed","ping_status":"closed","template":"elementor_header_footer","meta":{"_acf_changed":false,"inline_featured_image":false,"_lmt_disableupdate":"no","_lmt_disable":"","footnotes":""},"class_list":["post-16570","page","type-page","status-publish","hentry"],"acf":[],"yoast_head":"<title>Tips for when your child moves away from home | Pelican Self Storage<\/title>\n<meta name=\"robots\" content=\"index, follow, max-snippet:-1, max-image-preview:large, max-video-preview:-1\" \/>\n<link rel=\"canonical\" href=\"https:\/\/pelican.fi\/en\/tips-for-when-your-child-moves-away-from-home\/\" \/>\n<meta property=\"og:locale\" content=\"en_US\" \/>\n<meta property=\"og:type\" content=\"article\" \/>\n<meta property=\"og:title\" content=\"Tips for when your child moves away from home\" \/>\n<meta property=\"og:description\" content=\"Did the child move away from home? Six ideas for making the most of an empty room Find the nearest\" \/>\n<meta property=\"og:url\" content=\"https:\/\/pelican.fi\/en\/tips-for-when-your-child-moves-away-from-home\/\" \/>\n<meta property=\"og:site_name\" content=\"Pelican Self Storage\" \/>\n<meta property=\"article:publisher\" content=\"https:\/\/www.facebook.com\/PelicanSelfStorageDenmark\" \/>\n<meta property=\"article:modified_time\" content=\"2025-06-15T23:34:57+00:00\" \/>\n<meta property=\"og:image\" content=\"https:\/\/pelican.fi\/wp-content\/uploads\/2025\/06\/pelican_hero_new-1.jpg\" \/>\n<meta name=\"twitter:card\" content=\"summary_large_image\" \/>\n<meta name=\"twitter:label1\" content=\"Est. reading time\" \/>\n\t<meta name=\"twitter:data1\" content=\"3 minutes\" \/>\n<script type=\"application\/ld+json\" class=\"yoast-schema-graph\">{\"@context\":\"https:\/\/schema.org\",\"@graph\":[{\"@type\":\"WebPage\",\"@id\":\"https:\/\/pelican.fi\/en\/tips-for-when-your-child-moves-away-from-home\/\",\"url\":\"https:\/\/pelican.fi\/en\/tips-for-when-your-child-moves-away-from-home\/\",\"name\":\"Tips for when your child moves away from home | Pelican Self Storage\",\"isPartOf\":{\"@id\":\"https:\/\/pelican.fi\/en\/#website\"},\"primaryImageOfPage\":{\"@id\":\"https:\/\/pelican.fi\/en\/tips-for-when-your-child-moves-away-from-home\/#primaryimage\"},\"image\":{\"@id\":\"https:\/\/pelican.fi\/en\/tips-for-when-your-child-moves-away-from-home\/#primaryimage\"},\"thumbnailUrl\":\"https:\/\/pelican.fi\/wp-content\/uploads\/2025\/06\/pelican_hero_new-1.jpg\",\"datePublished\":\"2025-05-06T07:48:20+00:00\",\"dateModified\":\"2025-06-15T23:34:57+00:00\",\"breadcrumb\":{\"@id\":\"https:\/\/pelican.fi\/en\/tips-for-when-your-child-moves-away-from-home\/#breadcrumb\"},\"inLanguage\":\"en-US\",\"potentialAction\":[{\"@type\":\"ReadAction\",\"target\":[\"https:\/\/pelican.fi\/en\/tips-for-when-your-child-moves-away-from-home\/\"]}]},{\"@type\":\"ImageObject\",\"inLanguage\":\"en-US\",\"@id\":\"https:\/\/pelican.fi\/en\/tips-for-when-your-child-moves-away-from-home\/#primaryimage\",\"url\":\"https:\/\/pelican.fi\/wp-content\/uploads\/2025\/06\/pelican_hero_new-1.jpg\",\"contentUrl\":\"https:\/\/pelican.fi\/wp-content\/uploads\/2025\/06\/pelican_hero_new-1.jpg\"},{\"@type\":\"BreadcrumbList\",\"@id\":\"https:\/\/pelican.fi\/en\/tips-for-when-your-child-moves-away-from-home\/#breadcrumb\",\"itemListElement\":[{\"@type\":\"ListItem\",\"position\":1,\"name\":\"Home\",\"item\":\"https:\/\/pelican.fi\/en\/\"},{\"@type\":\"ListItem\",\"position\":2,\"name\":\"Tips for when your child moves away from home\"}]},{\"@type\":\"WebSite\",\"@id\":\"https:\/\/pelican.fi\/en\/#website\",\"url\":\"https:\/\/pelican.fi\/en\/\",\"name\":\"Vuokraa k\u00e4tev\u00e4 varasto\",\"description\":\"Vuokraa varastotila Pelican Self Storagelta. Edulliset hinnat \u2714 Toimipisteet ymp\u00e4ri K\u00f6\u00f6penhaminaa \u2714 Varastotiloja eri kokoisina \u2714 Ilmainen per\u00e4k\u00e4rryn lainaus \u2714\",\"potentialAction\":[{\"@type\":\"SearchAction\",\"target\":{\"@type\":\"EntryPoint\",\"urlTemplate\":\"https:\/\/pelican.fi\/en\/?s={search_term_string}\"},\"query-input\":{\"@type\":\"PropertyValueSpecification\",\"valueRequired\":true,\"valueName\":\"search_term_string\"}}],\"inLanguage\":\"en-US\"}]}<\/script>","yoast_head_json":{"title":"Tips for when your child moves away from home | Pelican Self Storage","robots":{"index":"index","follow":"follow","max-snippet":"max-snippet:-1","max-image-preview":"max-image-preview:large","max-video-preview":"max-video-preview:-1"},"canonical":"https:\/\/pelican.fi\/en\/tips-for-when-your-child-moves-away-from-home\/","og_locale":"en_US","og_type":"article","og_title":"Tips for when your child moves away from home","og_description":"Did the child move away from home? Six ideas for making the most of an empty room Find the nearest","og_url":"https:\/\/pelican.fi\/en\/tips-for-when-your-child-moves-away-from-home\/","og_site_name":"Pelican Self Storage","article_publisher":"https:\/\/www.facebook.com\/PelicanSelfStorageDenmark","article_modified_time":"2025-06-15T23:34:57+00:00","og_image":[{"url":"https:\/\/pelican.fi\/wp-content\/uploads\/2025\/06\/pelican_hero_new-1.jpg","type":"","width":"","height":""}],"twitter_card":"summary_large_image","twitter_misc":{"Est. reading time":"3 minutes"},"schema":{"@context":"https:\/\/schema.org","@graph":[{"@type":"WebPage","@id":"https:\/\/pelican.fi\/en\/tips-for-when-your-child-moves-away-from-home\/","url":"https:\/\/pelican.fi\/en\/tips-for-when-your-child-moves-away-from-home\/","name":"Tips for when your child moves away from home | Pelican Self Storage","isPartOf":{"@id":"https:\/\/pelican.fi\/en\/#website"},"primaryImageOfPage":{"@id":"https:\/\/pelican.fi\/en\/tips-for-when-your-child-moves-away-from-home\/#primaryimage"},"image":{"@id":"https:\/\/pelican.fi\/en\/tips-for-when-your-child-moves-away-from-home\/#primaryimage"},"thumbnailUrl":"https:\/\/pelican.fi\/wp-content\/uploads\/2025\/06\/pelican_hero_new-1.jpg","datePublished":"2025-05-06T07:48:20+00:00","dateModified":"2025-06-15T23:34:57+00:00","breadcrumb":{"@id":"https:\/\/pelican.fi\/en\/tips-for-when-your-child-moves-away-from-home\/#breadcrumb"},"inLanguage":"en-US","potentialAction":[{"@type":"ReadAction","target":["https:\/\/pelican.fi\/en\/tips-for-when-your-child-moves-away-from-home\/"]}]},{"@type":"ImageObject","inLanguage":"en-US","@id":"https:\/\/pelican.fi\/en\/tips-for-when-your-child-moves-away-from-home\/#primaryimage","url":"https:\/\/pelican.fi\/wp-content\/uploads\/2025\/06\/pelican_hero_new-1.jpg","contentUrl":"https:\/\/pelican.fi\/wp-content\/uploads\/2025\/06\/pelican_hero_new-1.jpg"},{"@type":"BreadcrumbList","@id":"https:\/\/pelican.fi\/en\/tips-for-when-your-child-moves-away-from-home\/#breadcrumb","itemListElement":[{"@type":"ListItem","position":1,"name":"Home","item":"https:\/\/pelican.fi\/en\/"},{"@type":"ListItem","position":2,"name":"Tips for when your child moves away from home"}]},{"@type":"WebSite","@id":"https:\/\/pelican.fi\/en\/#website","url":"https:\/\/pelican.fi\/en\/","name":"Vuokraa k\u00e4tev\u00e4 varasto","description":"Vuokraa varastotila Pelican Self Storagelta. Edulliset hinnat \u2714 Toimipisteet ymp\u00e4ri K\u00f6\u00f6penhaminaa \u2714 Varastotiloja eri kokoisina \u2714 Ilmainen per\u00e4k\u00e4rryn lainaus \u2714","potentialAction":[{"@type":"SearchAction","target":{"@type":"EntryPoint","urlTemplate":"https:\/\/pelican.fi\/en\/?s={search_term_string}"},"query-input":{"@type":"PropertyValueSpecification","valueRequired":true,"valueName":"search_term_string"}}],"inLanguage":"en-US"}]}},"_links":{"self":[{"href":"https:\/\/pelican.fi\/en\/wp-json\/wp\/v2\/pages\/16570","targetHints":{"allow":["GET"]}}],"collection":[{"href":"https:\/\/pelican.fi\/en\/wp-json\/wp\/v2\/pages"}],"about":[{"href":"https:\/\/pelican.fi\/en\/wp-json\/wp\/v2\/types\/page"}],"author":[{"embeddable":true,"href":"https:\/\/pelican.fi\/en\/wp-json\/wp\/v2\/users\/1"}],"replies":[{"embeddable":true,"href":"https:\/\/pelican.fi\/en\/wp-json\/wp\/v2\/comments?post=16570"}],"version-history":[{"count":2,"href":"https:\/\/pelican.fi\/en\/wp-json\/wp\/v2\/pages\/16570\/revisions"}],"predecessor-version":[{"id":16636,"href":"https:\/\/pelican.fi\/en\/wp-json\/wp\/v2\/pages\/16570\/revisions\/16636"}],"wp:attachment":[{"href":"https:\/\/pelican.fi\/en\/wp-json\/wp\/v2\/media?parent=16570"}],"curies":[{"name":"wp","href":"https:\/\/api.w.org\/{rel}","templated":true}]}}