{"id":16572,"date":"2025-05-06T10:48:52","date_gmt":"2025-05-06T07:48:52","guid":{"rendered":"https:\/\/pelican.fi\/copied-rent-a-parking-space-in-the-capital-region-eng-not-checked\/"},"modified":"2025-06-30T12:30:33","modified_gmt":"2025-06-30T09:30:33","slug":"rent-a-parking-space-in-helsinki-area","status":"publish","type":"page","link":"https:\/\/pelican.fi\/en\/rent-a-parking-space-in-the-city\/","title":{"rendered":"Rent a parking space in Helsinki Metropolitan Area"},"content":{"rendered":"\t\t<div data-elementor-type=\"wp-page\" data-elementor-id=\"16572\" class=\"elementor elementor-16572 elementor-11441\" data-elementor-post-type=\"page\">\n\t\t\t\t<div class=\"wd-negative-gap elementor-element elementor-element-6a17f5b e-flex e-con-boxed e-con e-parent\" data-id=\"6a17f5b\" data-element_type=\"container\" data-e-type=\"container\">\n\t\t\t\t\t<div class=\"e-con-inner\">\n\t\t\t\t<div class=\"elementor-element elementor-element-c82274c elementor-widget elementor-widget-wd_text_block\" data-id=\"c82274c\" data-element_type=\"widget\" data-e-type=\"widget\" data-widget_type=\"wd_text_block.default\">\n\t\t\t\t<div class=\"elementor-widget-container\">\n\t\t\t\t\t\t\t<div class=\"wd-text-block reset-last-child text-left\">\n\t\t\t\n\t\t\t<p>Finding an affordable parking space can be difficult. Parking spaces in the metropolitan area are often both expensive and difficult to access, but at Pelican you have the option of renting your own personal parking space. We offer both short- and long-term rental options, so you can choose the solution that best suits your needs. Parking spaces are available at several of our locations in the metropolitan area. In Tapiola and Vallila, we also rent parking spaces indoors. See below for prices for the different locations.     <\/p><p>With Pelican, you not only get secure storage space for your belongings, but also practical and affordable parking solutions that make your everyday life a little easier. <a href=\"https:\/\/pelican.fi\/en\/book-a-parking\/\">Contact us<\/a> today to find out more about how we can help you with both storage and parking<\/p>\n\t\t\t\t\t<\/div>\n\t\t\t\t\t\t<\/div>\n\t\t\t\t<\/div>\n\t\t\t\t\t<\/div>\n\t\t\t\t<\/div>\n\t\t<div class=\"wd-negative-gap elementor-element elementor-element-872f9bf e-flex e-con-boxed e-con e-parent\" data-id=\"872f9bf\" data-element_type=\"container\" data-e-type=\"container\">\n\t\t\t\t\t<div class=\"e-con-inner\">\n\t\t<div class=\"elementor-element elementor-element-834e636 e-con-full e-flex e-con e-child\" data-id=\"834e636\" data-element_type=\"container\" data-e-type=\"container\">\n\t\t\t\t<div class=\"elementor-element elementor-element-bd0be77 elementor-widget elementor-widget-image\" data-id=\"bd0be77\" data-element_type=\"widget\" data-e-type=\"widget\" data-widget_type=\"image.default\">\n\t\t\t\t<div class=\"elementor-widget-container\">\n\t\t\t\t\t\t\t\t\t\t\t\t\t\t\t<img decoding=\"async\" src=\"https:\/\/pelican.fi\/wp-content\/uploads\/2025\/06\/iStock-532186572-scaled-1.jpg\" title=\"iStock-532186572-scaled.jpg\" alt=\"iStock-532186572-scaled.jpg\" loading=\"lazy\" \/>\t\t\t\t\t\t\t\t\t\t\t\t\t\t\t<\/div>\n\t\t\t\t<\/div>\n\t\t\t\t<\/div>\n\t\t<div class=\"elementor-element elementor-element-49f8e2e e-con-full e-flex e-con e-child\" data-id=\"49f8e2e\" data-element_type=\"container\" data-e-type=\"container\" data-settings=\"{&quot;background_background&quot;:&quot;classic&quot;}\">\n\t\t<div class=\"elementor-element elementor-element-ed03fa3 e-con-full e-flex e-con e-child\" data-id=\"ed03fa3\" data-element_type=\"container\" data-e-type=\"container\">\n\t\t\t\t<div class=\"elementor-element elementor-element-1c34af7 wd-width-100 elementor-widget elementor-widget-wd_title\" data-id=\"1c34af7\" data-element_type=\"widget\" data-e-type=\"widget\" data-widget_type=\"wd_title.default\">\n\t\t\t\t<div class=\"elementor-widget-container\">\n\t\t\t\t\t\t\t<div class=\"title-wrapper wd-set-mb reset-last-child wd-title-color-default wd-title-style-default wd-title-size-default text-left\">\n\n\t\t\t\n\t\t\t<div class=\"liner-continer\">\n\t\t\t\t<h4 class=\"woodmart-title-container title wd-fontsize-l\">Locations where we rent parking space<\/h4> \n\t\t\t\t\t\t\t<\/div>\n\n\t\t\t\t\t\t\t<div class=\"title-after_title reset-last-child wd-fontsize-xs\">\n\t\t\t\t\t<ul><li><a href=\"https:\/\/pelican.fi\/en\/ala-tikkurila\/\"><span style=\"color: #008000\">Ala-Tikkurila<\/span><\/a><\/li><li><a href=\"https:\/\/pelican.fi\/en\/espoonlahti\/\"><span style=\"color: #008000\">Espoonlahti<\/span><\/a><\/li><li><a href=\"https:\/\/pelican.fi\/en\/kilo\/\"><span style=\"color: #008000\">Kilo<\/span><\/a><\/li><li><a href=\"https:\/\/pelican.fi\/en\/konala\/\"><span style=\"color: #008000\">Konala<\/span><\/a><\/li><li><a href=\"https:\/\/pelican.fi\/en\/olari\/\"><span style=\"color: #008000\">Olari<\/span><\/a><\/li><li><a href=\"https:\/\/pelican.fi\/en\/tapiola\/\"><span style=\"color: #008000\">Tapiola<\/span><\/a><\/li><li><a href=\"https:\/\/pelican.fi\/en\/vallila\/\"><span style=\"color: #008000\">Vallila<\/span><\/a><\/li><\/ul>\t\t\t\t<\/div>\n\t\t\t\t\t<\/div>\n\t\t\t\t\t\t<\/div>\n\t\t\t\t<\/div>\n\t\t\t\t<\/div>\n\t\t\t\t<\/div>\n\t\t\t\t\t<\/div>\n\t\t\t\t<\/div>\n\t\t<div class=\"wd-negative-gap elementor-element elementor-element-fe29b58 e-flex e-con-boxed e-con e-parent\" data-id=\"fe29b58\" data-element_type=\"container\" data-e-type=\"container\">\n\t\t\t\t\t<div class=\"e-con-inner\">\n\t\t<div class=\"elementor-element elementor-element-88fef0a e-con-full e-flex e-con e-child\" data-id=\"88fef0a\" data-element_type=\"container\" data-e-type=\"container\" data-settings=\"{&quot;background_background&quot;:&quot;classic&quot;}\">\n\t\t<div class=\"elementor-element elementor-element-3ed1d69 e-con-full e-flex e-con e-child\" data-id=\"3ed1d69\" data-element_type=\"container\" data-e-type=\"container\">\n\t\t\t\t<div class=\"elementor-element elementor-element-508523c wd-width-100 elementor-widget elementor-widget-wd_title\" data-id=\"508523c\" data-element_type=\"widget\" data-e-type=\"widget\" data-widget_type=\"wd_title.default\">\n\t\t\t\t<div class=\"elementor-widget-container\">\n\t\t\t\t\t\t\t<div class=\"title-wrapper wd-set-mb reset-last-child wd-title-color-default wd-title-style-default wd-title-size-default text-left\">\n\n\t\t\t\n\t\t\t<div class=\"liner-continer\">\n\t\t\t\t<h4 class=\"woodmart-title-container title wd-fontsize-l\">Find your own parking space<\/h4> \n\t\t\t\t\t\t\t<\/div>\n\n\t\t\t\t\t\t\t<div class=\"title-after_title reset-last-child wd-fontsize-xs\">\n\t\t\t\t\t<p>In Pelican's private and secure car park, you can park your car, caravan, trailer or motorbike for as long as you need, without any worries. You can decide whether you want to use the parking space on a daily basis or as a long-term solution. <\/p><p>Ask for a parking space in one of our parking areas listed above.<\/p>\t\t\t\t<\/div>\n\t\t\t\t\t<\/div>\n\t\t\t\t\t\t<\/div>\n\t\t\t\t<\/div>\n\t\t\t\t<div class=\"elementor-element elementor-element-0e8688c elementor-widget elementor-widget-button\" data-id=\"0e8688c\" data-element_type=\"widget\" data-e-type=\"widget\" data-widget_type=\"button.default\">\n\t\t\t\t<div class=\"elementor-widget-container\">\n\t\t\t\t\t\t\t\t\t<div class=\"elementor-button-wrapper\">\n\t\t\t\t\t<a class=\"elementor-button elementor-button-link elementor-size-sm\" href=\"https:\/\/pelican.fi\/en\/contact-us\/\">\n\t\t\t\t\t\t<span class=\"elementor-button-content-wrapper\">\n\t\t\t\t\t\t\t\t\t<span class=\"elementor-button-text\">Contact us<\/span>\n\t\t\t\t\t<\/span>\n\t\t\t\t\t<\/a>\n\t\t\t\t<\/div>\n\t\t\t\t\t\t\t\t<\/div>\n\t\t\t\t<\/div>\n\t\t\t\t<\/div>\n\t\t\t\t<\/div>\n\t\t<div class=\"elementor-element elementor-element-20ca82f e-con-full e-flex e-con e-child\" data-id=\"20ca82f\" data-element_type=\"container\" data-e-type=\"container\">\n\t\t\t\t<div class=\"elementor-element elementor-element-e118059 elementor-widget elementor-widget-image\" data-id=\"e118059\" data-element_type=\"widget\" data-e-type=\"widget\" data-widget_type=\"image.default\">\n\t\t\t\t<div class=\"elementor-widget-container\">\n\t\t\t\t\t\t\t\t\t\t\t\t\t\t\t<img decoding=\"async\" src=\"https:\/\/pelican.fi\/wp-content\/uploads\/2025\/06\/parking.jpg\" title=\"parking.jpg\" alt=\"parking.jpg\" loading=\"lazy\" \/>\t\t\t\t\t\t\t\t\t\t\t\t\t\t\t<\/div>\n\t\t\t\t<\/div>\n\t\t\t\t<\/div>\n\t\t\t\t\t<\/div>\n\t\t\t\t<\/div>\n\t\t<div class=\"wd-negative-gap elementor-element elementor-element-66f55d7 e-flex e-con-boxed e-con e-parent\" data-id=\"66f55d7\" data-element_type=\"container\" data-e-type=\"container\">\n\t\t\t\t\t<div class=\"e-con-inner\">\n\t\t\t\t<div class=\"elementor-element elementor-element-5009061 elementor-widget elementor-widget-wd_text_block\" data-id=\"5009061\" data-element_type=\"widget\" data-e-type=\"widget\" data-widget_type=\"wd_text_block.default\">\n\t\t\t\t<div class=\"elementor-widget-container\">\n\t\t\t\t\t\t\t<div class=\"wd-text-block reset-last-child text-left\">\n\t\t\t\n\t\t\t<h2><span style=\"color: #008000;\">Take care of your car - rent a parking space<\/span><\/h2><p>More and more people have a car! It is tempting to be able to travel to work, visit family and other trips in the comfort and safety of your own car. Although Helsinki is making a big effort to promote cycling, the number of cars is constantly increasing. Four-wheelers fill the city's car parks, and after 4pm in the evenings, when most people return from work, the side streets in front of homes are crowded. Finding a free parking space can be difficult, and many people don't want to spend more than ten minutes looking for a space. In addition, few housing associations have space in the yard for a trailer, caravan or camper.     <\/p><p>Pelican Self Storage now offers parking spaces at eight locations in the Helsinki metropolitan area. This means you can rent your own parking space, which is always available when you need it. In Tapiola and Vallila, we rent out garage spaces. If you have a trailer, caravan or anything else you don't have room for at home, you can store it safely with us. Don't hesitate - contact us today to find out more about the parking options we offer.    <\/p>\n\t\t\t\t\t<\/div>\n\t\t\t\t\t\t<\/div>\n\t\t\t\t<\/div>\n\t\t\t\t\t<\/div>\n\t\t\t\t<\/div>\n\t\t\t\t<\/div>\n\t\t","protected":false},"excerpt":{"rendered":"<p>Finding an affordable parking space can be difficult. Parking spaces in the metropolitan area are often both expensive and difficult<\/p>\n","protected":false},"author":9,"featured_media":0,"parent":0,"menu_order":0,"comment_status":"closed","ping_status":"closed","template":"elementor_header_footer","meta":{"_acf_changed":false,"inline_featured_image":false,"_lmt_disableupdate":"no","_lmt_disable":"","footnotes":""},"class_list":["post-16572","page","type-page","status-publish","hentry"],"acf":[],"yoast_head":"<title>Rent a parking space in Helsinki Metropolitan Area | Pelican Self Storage<\/title>\n<meta name=\"robots\" content=\"index, follow, max-snippet:-1, max-image-preview:large, max-video-preview:-1\" \/>\n<link rel=\"canonical\" href=\"https:\/\/pelican.fi\/en\/rent-a-parking-space-in-the-city\/\" \/>\n<meta property=\"og:locale\" content=\"en_US\" \/>\n<meta property=\"og:type\" content=\"article\" \/>\n<meta property=\"og:title\" content=\"Rent a parking space in Helsinki Metropolitan Area\" \/>\n<meta property=\"og:description\" content=\"Finding an affordable parking space can be difficult. Parking spaces in the metropolitan area are often both expensive and difficult\" \/>\n<meta property=\"og:url\" content=\"https:\/\/pelican.fi\/en\/rent-a-parking-space-in-the-city\/\" \/>\n<meta property=\"og:site_name\" content=\"Pelican Self Storage\" \/>\n<meta property=\"article:publisher\" content=\"https:\/\/www.facebook.com\/PelicanSelfStorageDenmark\" \/>\n<meta property=\"article:modified_time\" content=\"2025-06-30T09:30:33+00:00\" \/>\n<meta property=\"og:image\" content=\"https:\/\/pelican.fi\/wp-content\/uploads\/2025\/06\/iStock-532186572-scaled-1.jpg\" \/>\n<meta name=\"twitter:card\" content=\"summary_large_image\" \/>\n<meta name=\"twitter:label1\" content=\"Est. reading time\" \/>\n\t<meta name=\"twitter:data1\" content=\"3 minutes\" \/>\n<script type=\"application\/ld+json\" class=\"yoast-schema-graph\">{\"@context\":\"https:\/\/schema.org\",\"@graph\":[{\"@type\":\"WebPage\",\"@id\":\"https:\/\/pelican.fi\/en\/rent-a-parking-space-in-the-city\/\",\"url\":\"https:\/\/pelican.fi\/en\/rent-a-parking-space-in-the-city\/\",\"name\":\"Rent a parking space in Helsinki Metropolitan Area | Pelican Self Storage\",\"isPartOf\":{\"@id\":\"https:\/\/pelican.fi\/en\/#website\"},\"primaryImageOfPage\":{\"@id\":\"https:\/\/pelican.fi\/en\/rent-a-parking-space-in-the-city\/#primaryimage\"},\"image\":{\"@id\":\"https:\/\/pelican.fi\/en\/rent-a-parking-space-in-the-city\/#primaryimage\"},\"thumbnailUrl\":\"https:\/\/pelican.fi\/wp-content\/uploads\/2025\/06\/iStock-532186572-scaled-1.jpg\",\"datePublished\":\"2025-05-06T07:48:52+00:00\",\"dateModified\":\"2025-06-30T09:30:33+00:00\",\"breadcrumb\":{\"@id\":\"https:\/\/pelican.fi\/en\/rent-a-parking-space-in-the-city\/#breadcrumb\"},\"inLanguage\":\"en-US\",\"potentialAction\":[{\"@type\":\"ReadAction\",\"target\":[\"https:\/\/pelican.fi\/en\/rent-a-parking-space-in-the-city\/\"]}]},{\"@type\":\"ImageObject\",\"inLanguage\":\"en-US\",\"@id\":\"https:\/\/pelican.fi\/en\/rent-a-parking-space-in-the-city\/#primaryimage\",\"url\":\"https:\/\/pelican.fi\/wp-content\/uploads\/2025\/06\/iStock-532186572-scaled-1.jpg\",\"contentUrl\":\"https:\/\/pelican.fi\/wp-content\/uploads\/2025\/06\/iStock-532186572-scaled-1.jpg\"},{\"@type\":\"BreadcrumbList\",\"@id\":\"https:\/\/pelican.fi\/en\/rent-a-parking-space-in-the-city\/#breadcrumb\",\"itemListElement\":[{\"@type\":\"ListItem\",\"position\":1,\"name\":\"Home\",\"item\":\"https:\/\/pelican.fi\/en\/\"},{\"@type\":\"ListItem\",\"position\":2,\"name\":\"Rent a parking space in Helsinki Metropolitan Area\"}]},{\"@type\":\"WebSite\",\"@id\":\"https:\/\/pelican.fi\/en\/#website\",\"url\":\"https:\/\/pelican.fi\/en\/\",\"name\":\"Vuokraa k\u00e4tev\u00e4 varasto\",\"description\":\"Vuokraa varastotila Pelican Self Storagelta. Edulliset hinnat \u2714 Toimipisteet ymp\u00e4ri K\u00f6\u00f6penhaminaa \u2714 Varastotiloja eri kokoisina \u2714 Ilmainen per\u00e4k\u00e4rryn lainaus \u2714\",\"potentialAction\":[{\"@type\":\"SearchAction\",\"target\":{\"@type\":\"EntryPoint\",\"urlTemplate\":\"https:\/\/pelican.fi\/en\/?s={search_term_string}\"},\"query-input\":{\"@type\":\"PropertyValueSpecification\",\"valueRequired\":true,\"valueName\":\"search_term_string\"}}],\"inLanguage\":\"en-US\"}]}<\/script>","yoast_head_json":{"title":"Rent a parking space in Helsinki Metropolitan Area | Pelican Self Storage","robots":{"index":"index","follow":"follow","max-snippet":"max-snippet:-1","max-image-preview":"max-image-preview:large","max-video-preview":"max-video-preview:-1"},"canonical":"https:\/\/pelican.fi\/en\/rent-a-parking-space-in-the-city\/","og_locale":"en_US","og_type":"article","og_title":"Rent a parking space in Helsinki Metropolitan Area","og_description":"Finding an affordable parking space can be difficult. Parking spaces in the metropolitan area are often both expensive and difficult","og_url":"https:\/\/pelican.fi\/en\/rent-a-parking-space-in-the-city\/","og_site_name":"Pelican Self Storage","article_publisher":"https:\/\/www.facebook.com\/PelicanSelfStorageDenmark","article_modified_time":"2025-06-30T09:30:33+00:00","og_image":[{"url":"https:\/\/pelican.fi\/wp-content\/uploads\/2025\/06\/iStock-532186572-scaled-1.jpg","type":"","width":"","height":""}],"twitter_card":"summary_large_image","twitter_misc":{"Est. reading time":"3 minutes"},"schema":{"@context":"https:\/\/schema.org","@graph":[{"@type":"WebPage","@id":"https:\/\/pelican.fi\/en\/rent-a-parking-space-in-the-city\/","url":"https:\/\/pelican.fi\/en\/rent-a-parking-space-in-the-city\/","name":"Rent a parking space in Helsinki Metropolitan Area | Pelican Self Storage","isPartOf":{"@id":"https:\/\/pelican.fi\/en\/#website"},"primaryImageOfPage":{"@id":"https:\/\/pelican.fi\/en\/rent-a-parking-space-in-the-city\/#primaryimage"},"image":{"@id":"https:\/\/pelican.fi\/en\/rent-a-parking-space-in-the-city\/#primaryimage"},"thumbnailUrl":"https:\/\/pelican.fi\/wp-content\/uploads\/2025\/06\/iStock-532186572-scaled-1.jpg","datePublished":"2025-05-06T07:48:52+00:00","dateModified":"2025-06-30T09:30:33+00:00","breadcrumb":{"@id":"https:\/\/pelican.fi\/en\/rent-a-parking-space-in-the-city\/#breadcrumb"},"inLanguage":"en-US","potentialAction":[{"@type":"ReadAction","target":["https:\/\/pelican.fi\/en\/rent-a-parking-space-in-the-city\/"]}]},{"@type":"ImageObject","inLanguage":"en-US","@id":"https:\/\/pelican.fi\/en\/rent-a-parking-space-in-the-city\/#primaryimage","url":"https:\/\/pelican.fi\/wp-content\/uploads\/2025\/06\/iStock-532186572-scaled-1.jpg","contentUrl":"https:\/\/pelican.fi\/wp-content\/uploads\/2025\/06\/iStock-532186572-scaled-1.jpg"},{"@type":"BreadcrumbList","@id":"https:\/\/pelican.fi\/en\/rent-a-parking-space-in-the-city\/#breadcrumb","itemListElement":[{"@type":"ListItem","position":1,"name":"Home","item":"https:\/\/pelican.fi\/en\/"},{"@type":"ListItem","position":2,"name":"Rent a parking space in Helsinki Metropolitan Area"}]},{"@type":"WebSite","@id":"https:\/\/pelican.fi\/en\/#website","url":"https:\/\/pelican.fi\/en\/","name":"Vuokraa k\u00e4tev\u00e4 varasto","description":"Vuokraa varastotila Pelican Self Storagelta. Edulliset hinnat \u2714 Toimipisteet ymp\u00e4ri K\u00f6\u00f6penhaminaa \u2714 Varastotiloja eri kokoisina \u2714 Ilmainen per\u00e4k\u00e4rryn lainaus \u2714","potentialAction":[{"@type":"SearchAction","target":{"@type":"EntryPoint","urlTemplate":"https:\/\/pelican.fi\/en\/?s={search_term_string}"},"query-input":{"@type":"PropertyValueSpecification","valueRequired":true,"valueName":"search_term_string"}}],"inLanguage":"en-US"}]}},"_links":{"self":[{"href":"https:\/\/pelican.fi\/en\/wp-json\/wp\/v2\/pages\/16572","targetHints":{"allow":["GET"]}}],"collection":[{"href":"https:\/\/pelican.fi\/en\/wp-json\/wp\/v2\/pages"}],"about":[{"href":"https:\/\/pelican.fi\/en\/wp-json\/wp\/v2\/types\/page"}],"author":[{"embeddable":true,"href":"https:\/\/pelican.fi\/en\/wp-json\/wp\/v2\/users\/9"}],"replies":[{"embeddable":true,"href":"https:\/\/pelican.fi\/en\/wp-json\/wp\/v2\/comments?post=16572"}],"version-history":[{"count":17,"href":"https:\/\/pelican.fi\/en\/wp-json\/wp\/v2\/pages\/16572\/revisions"}],"predecessor-version":[{"id":19024,"href":"https:\/\/pelican.fi\/en\/wp-json\/wp\/v2\/pages\/16572\/revisions\/19024"}],"wp:attachment":[{"href":"https:\/\/pelican.fi\/en\/wp-json\/wp\/v2\/media?parent=16572"}],"curies":[{"name":"wp","href":"https:\/\/api.w.org\/{rel}","templated":true}]}}