{"id":16580,"date":"2025-05-06T10:49:42","date_gmt":"2025-05-06T08:49:42","guid":{"rendered":"https:\/\/pelican.fi\/copied-business-changes-not-ready\/"},"modified":"2025-06-13T12:01:36","modified_gmt":"2025-06-13T10:01:36","slug":"business-relocation","status":"publish","type":"page","link":"https:\/\/pelican.fi\/en\/business-migration\/","title":{"rendered":"Business relocation"},"content":{"rendered":"\t\t<div data-elementor-type=\"wp-page\" data-elementor-id=\"16580\" class=\"elementor elementor-16580 elementor-11400\" data-elementor-post-type=\"page\">\n\t\t\t\t<div class=\"wd-negative-gap elementor-element elementor-element-ebd8b0f e-flex e-con-boxed e-con e-parent\" data-id=\"ebd8b0f\" data-element_type=\"container\" data-e-type=\"container\">\n\t\t\t\t\t<div class=\"e-con-inner\">\n\t\t<div class=\"elementor-element elementor-element-a4a5037 e-con-full e-flex e-con e-child\" data-id=\"a4a5037\" data-element_type=\"container\" data-e-type=\"container\">\n\t\t\t\t<div class=\"elementor-element elementor-element-a047dfd elementor-widget elementor-widget-image\" data-id=\"a047dfd\" data-element_type=\"widget\" data-e-type=\"widget\" data-widget_type=\"image.default\">\n\t\t\t\t<div class=\"elementor-widget-container\">\n\t\t\t\t\t\t\t\t\t\t\t\t\t\t\t<img loading=\"lazy\" decoding=\"async\" width=\"2560\" height=\"1707\" src=\"https:\/\/pelican.fi\/wp-content\/uploads\/2025\/06\/HaukatLastensairaala0003-scaled-1.jpg\" class=\"attachment-full size-full wp-image-15405\" alt=\"\" srcset=\"https:\/\/pelican.fi\/wp-content\/uploads\/2025\/06\/HaukatLastensairaala0003-scaled-1.jpg 2560w, https:\/\/pelican.fi\/wp-content\/uploads\/2025\/06\/HaukatLastensairaala0003-scaled-1-300x200.jpg 300w, https:\/\/pelican.fi\/wp-content\/uploads\/2025\/06\/HaukatLastensairaala0003-scaled-1-1024x683.jpg 1024w, https:\/\/pelican.fi\/wp-content\/uploads\/2025\/06\/HaukatLastensairaala0003-scaled-1-768x512.jpg 768w, https:\/\/pelican.fi\/wp-content\/uploads\/2025\/06\/HaukatLastensairaala0003-scaled-1-1536x1024.jpg 1536w, https:\/\/pelican.fi\/wp-content\/uploads\/2025\/06\/HaukatLastensairaala0003-scaled-1-2048x1366.jpg 2048w, https:\/\/pelican.fi\/wp-content\/uploads\/2025\/06\/HaukatLastensairaala0003-scaled-1-1200x800.jpg 1200w, https:\/\/pelican.fi\/wp-content\/uploads\/2025\/06\/HaukatLastensairaala0003-scaled-1-150x100.jpg 150w\" sizes=\"auto, (max-width: 2560px) 100vw, 2560px\" \/>\t\t\t\t\t\t\t\t\t\t\t\t\t\t\t<\/div>\n\t\t\t\t<\/div>\n\t\t\t\t<\/div>\n\t\t<div class=\"elementor-element elementor-element-07e6e60 e-con-full e-flex e-con e-child\" data-id=\"07e6e60\" data-element_type=\"container\" data-e-type=\"container\" data-settings=\"{&quot;background_background&quot;:&quot;classic&quot;}\">\n\t\t<div class=\"elementor-element elementor-element-787307b e-con-full e-flex e-con e-child\" data-id=\"787307b\" data-element_type=\"container\" data-e-type=\"container\">\n\t\t\t\t<div class=\"elementor-element elementor-element-3d03b08 wd-width-100 elementor-widget elementor-widget-wd_title\" data-id=\"3d03b08\" data-element_type=\"widget\" data-e-type=\"widget\" data-widget_type=\"wd_title.default\">\n\t\t\t\t<div class=\"elementor-widget-container\">\n\t\t\t\t\t\t\t<div class=\"title-wrapper wd-set-mb reset-last-child wd-title-color-default wd-title-style-default wd-title-size-medium text-left\">\n\n\t\t\t\n\t\t\t<div class=\"liner-continer\">\n\t\t\t\t<h4 class=\"woodmart-title-container title wd-fontsize-xl\">Business Relocations with Muuttohaukat<\/h4> \n\t\t\t\t\t\t\t<\/div>\n\n\t\t\t\t\t\t\t<div class=\"title-after_title reset-last-child wd-fontsize-s\">\n\t\t\t\t\t<p>Is your company moving to new premises? With <a href=\"https:\/\/muuttohaukat.com\/yritysmuutto\/\">Muuttohaukat<\/a> business relocation service, you can easily get help moving everything: office desks, chairs, IT equipment, plants, and other belongings. We also offer assistance with packing items so you can focus on running your business while we take care of the move.<br><br><br> <\/p><p>If your company needs to transport products or goods, we can also help deliver them directly to your customers. Our flexible moving service is tailored to your specific needs\u2014no matter what needs to be transported. <\/p>\t\t\t\t<\/div>\n\t\t\t\t\t<\/div>\n\t\t\t\t\t\t<\/div>\n\t\t\t\t<\/div>\n\t\t\t\t<\/div>\n\t\t\t\t<\/div>\n\t\t\t\t\t<\/div>\n\t\t\t\t<\/div>\n\t\t\t\t<\/div>\n\t\t","protected":false},"excerpt":{"rendered":"<p>Business Relocations with Muuttohaukat Is your company moving to new premises? With Muuttohaukat business relocation service, you can easily get<\/p>\n","protected":false},"author":1,"featured_media":0,"parent":0,"menu_order":0,"comment_status":"closed","ping_status":"closed","template":"elementor_header_footer","meta":{"_acf_changed":false,"inline_featured_image":false,"_lmt_disableupdate":"no","_lmt_disable":"","footnotes":""},"class_list":["post-16580","page","type-page","status-publish","hentry"],"acf":[],"yoast_head":"<title>Business relocation | Pelican Self Storage<\/title>\n<meta name=\"robots\" content=\"index, follow, max-snippet:-1, max-image-preview:large, max-video-preview:-1\" \/>\n<link rel=\"canonical\" href=\"https:\/\/pelican.fi\/en\/business-migration\/\" \/>\n<meta property=\"og:locale\" content=\"en_US\" \/>\n<meta property=\"og:type\" content=\"article\" \/>\n<meta property=\"og:title\" content=\"Business relocation\" \/>\n<meta property=\"og:description\" content=\"Business Relocations with Muuttohaukat Is your company moving to new premises? With Muuttohaukat business relocation service, you can easily get\" \/>\n<meta property=\"og:url\" content=\"https:\/\/pelican.fi\/en\/business-migration\/\" \/>\n<meta property=\"og:site_name\" content=\"Pelican Self Storage\" \/>\n<meta property=\"article:publisher\" content=\"https:\/\/www.facebook.com\/PelicanSelfStorageDenmark\" \/>\n<meta property=\"article:modified_time\" content=\"2025-06-13T10:01:36+00:00\" \/>\n<meta property=\"og:image\" content=\"https:\/\/pelican.fi\/wp-content\/uploads\/2025\/06\/HaukatLastensairaala0003-scaled-1.jpg\" \/>\n\t<meta property=\"og:image:width\" content=\"2560\" \/>\n\t<meta property=\"og:image:height\" content=\"1707\" \/>\n\t<meta property=\"og:image:type\" content=\"image\/jpeg\" \/>\n<meta name=\"twitter:card\" content=\"summary_large_image\" \/>\n<script type=\"application\/ld+json\" class=\"yoast-schema-graph\">{\"@context\":\"https:\\\/\\\/schema.org\",\"@graph\":[{\"@type\":\"WebPage\",\"@id\":\"https:\\\/\\\/pelican.fi\\\/en\\\/business-migration\\\/\",\"url\":\"https:\\\/\\\/pelican.fi\\\/en\\\/business-migration\\\/\",\"name\":\"Business relocation | Pelican Self Storage\",\"isPartOf\":{\"@id\":\"https:\\\/\\\/pelican.fi\\\/en\\\/#website\"},\"primaryImageOfPage\":{\"@id\":\"https:\\\/\\\/pelican.fi\\\/en\\\/business-migration\\\/#primaryimage\"},\"image\":{\"@id\":\"https:\\\/\\\/pelican.fi\\\/en\\\/business-migration\\\/#primaryimage\"},\"thumbnailUrl\":\"https:\\\/\\\/pelican.fi\\\/wp-content\\\/uploads\\\/2025\\\/06\\\/HaukatLastensairaala0003-scaled-1.jpg\",\"datePublished\":\"2025-05-06T08:49:42+00:00\",\"dateModified\":\"2025-06-13T10:01:36+00:00\",\"breadcrumb\":{\"@id\":\"https:\\\/\\\/pelican.fi\\\/en\\\/business-migration\\\/#breadcrumb\"},\"inLanguage\":\"en-US\",\"potentialAction\":[{\"@type\":\"ReadAction\",\"target\":[\"https:\\\/\\\/pelican.fi\\\/en\\\/business-migration\\\/\"]}]},{\"@type\":\"ImageObject\",\"inLanguage\":\"en-US\",\"@id\":\"https:\\\/\\\/pelican.fi\\\/en\\\/business-migration\\\/#primaryimage\",\"url\":\"https:\\\/\\\/pelican.fi\\\/wp-content\\\/uploads\\\/2025\\\/06\\\/HaukatLastensairaala0003-scaled-1.jpg\",\"contentUrl\":\"https:\\\/\\\/pelican.fi\\\/wp-content\\\/uploads\\\/2025\\\/06\\\/HaukatLastensairaala0003-scaled-1.jpg\"},{\"@type\":\"BreadcrumbList\",\"@id\":\"https:\\\/\\\/pelican.fi\\\/en\\\/business-migration\\\/#breadcrumb\",\"itemListElement\":[{\"@type\":\"ListItem\",\"position\":1,\"name\":\"Home\",\"item\":\"https:\\\/\\\/pelican.fi\\\/en\\\/\"},{\"@type\":\"ListItem\",\"position\":2,\"name\":\"Business relocation\"}]},{\"@type\":\"WebSite\",\"@id\":\"https:\\\/\\\/pelican.fi\\\/en\\\/#website\",\"url\":\"https:\\\/\\\/pelican.fi\\\/en\\\/\",\"name\":\"Vuokraa k\u00e4tev\u00e4 varasto\",\"description\":\"Vuokraa varastotila Pelican Self Storagelta. Edulliset hinnat \u2714 Toimipisteet ymp\u00e4ri K\u00f6\u00f6penhaminaa \u2714 Varastotiloja eri kokoisina \u2714 Ilmainen per\u00e4k\u00e4rryn lainaus \u2714\",\"potentialAction\":[{\"@type\":\"SearchAction\",\"target\":{\"@type\":\"EntryPoint\",\"urlTemplate\":\"https:\\\/\\\/pelican.fi\\\/en\\\/?s={search_term_string}\"},\"query-input\":{\"@type\":\"PropertyValueSpecification\",\"valueRequired\":true,\"valueName\":\"search_term_string\"}}],\"inLanguage\":\"en-US\"}]}<\/script>","yoast_head_json":{"title":"Business relocation | Pelican Self Storage","robots":{"index":"index","follow":"follow","max-snippet":"max-snippet:-1","max-image-preview":"max-image-preview:large","max-video-preview":"max-video-preview:-1"},"canonical":"https:\/\/pelican.fi\/en\/business-migration\/","og_locale":"en_US","og_type":"article","og_title":"Business relocation","og_description":"Business Relocations with Muuttohaukat Is your company moving to new premises? With Muuttohaukat business relocation service, you can easily get","og_url":"https:\/\/pelican.fi\/en\/business-migration\/","og_site_name":"Pelican Self Storage","article_publisher":"https:\/\/www.facebook.com\/PelicanSelfStorageDenmark","article_modified_time":"2025-06-13T10:01:36+00:00","og_image":[{"width":2560,"height":1707,"url":"https:\/\/pelican.fi\/wp-content\/uploads\/2025\/06\/HaukatLastensairaala0003-scaled-1.jpg","type":"image\/jpeg"}],"twitter_card":"summary_large_image","schema":{"@context":"https:\/\/schema.org","@graph":[{"@type":"WebPage","@id":"https:\/\/pelican.fi\/en\/business-migration\/","url":"https:\/\/pelican.fi\/en\/business-migration\/","name":"Business relocation | Pelican Self Storage","isPartOf":{"@id":"https:\/\/pelican.fi\/en\/#website"},"primaryImageOfPage":{"@id":"https:\/\/pelican.fi\/en\/business-migration\/#primaryimage"},"image":{"@id":"https:\/\/pelican.fi\/en\/business-migration\/#primaryimage"},"thumbnailUrl":"https:\/\/pelican.fi\/wp-content\/uploads\/2025\/06\/HaukatLastensairaala0003-scaled-1.jpg","datePublished":"2025-05-06T08:49:42+00:00","dateModified":"2025-06-13T10:01:36+00:00","breadcrumb":{"@id":"https:\/\/pelican.fi\/en\/business-migration\/#breadcrumb"},"inLanguage":"en-US","potentialAction":[{"@type":"ReadAction","target":["https:\/\/pelican.fi\/en\/business-migration\/"]}]},{"@type":"ImageObject","inLanguage":"en-US","@id":"https:\/\/pelican.fi\/en\/business-migration\/#primaryimage","url":"https:\/\/pelican.fi\/wp-content\/uploads\/2025\/06\/HaukatLastensairaala0003-scaled-1.jpg","contentUrl":"https:\/\/pelican.fi\/wp-content\/uploads\/2025\/06\/HaukatLastensairaala0003-scaled-1.jpg"},{"@type":"BreadcrumbList","@id":"https:\/\/pelican.fi\/en\/business-migration\/#breadcrumb","itemListElement":[{"@type":"ListItem","position":1,"name":"Home","item":"https:\/\/pelican.fi\/en\/"},{"@type":"ListItem","position":2,"name":"Business relocation"}]},{"@type":"WebSite","@id":"https:\/\/pelican.fi\/en\/#website","url":"https:\/\/pelican.fi\/en\/","name":"Vuokraa k\u00e4tev\u00e4 varasto","description":"Vuokraa varastotila Pelican Self Storagelta. Edulliset hinnat \u2714 Toimipisteet ymp\u00e4ri K\u00f6\u00f6penhaminaa \u2714 Varastotiloja eri kokoisina \u2714 Ilmainen per\u00e4k\u00e4rryn lainaus \u2714","potentialAction":[{"@type":"SearchAction","target":{"@type":"EntryPoint","urlTemplate":"https:\/\/pelican.fi\/en\/?s={search_term_string}"},"query-input":{"@type":"PropertyValueSpecification","valueRequired":true,"valueName":"search_term_string"}}],"inLanguage":"en-US"}]}},"_links":{"self":[{"href":"https:\/\/pelican.fi\/en\/wp-json\/wp\/v2\/pages\/16580","targetHints":{"allow":["GET"]}}],"collection":[{"href":"https:\/\/pelican.fi\/en\/wp-json\/wp\/v2\/pages"}],"about":[{"href":"https:\/\/pelican.fi\/en\/wp-json\/wp\/v2\/types\/page"}],"author":[{"embeddable":true,"href":"https:\/\/pelican.fi\/en\/wp-json\/wp\/v2\/users\/1"}],"replies":[{"embeddable":true,"href":"https:\/\/pelican.fi\/en\/wp-json\/wp\/v2\/comments?post=16580"}],"version-history":[{"count":5,"href":"https:\/\/pelican.fi\/en\/wp-json\/wp\/v2\/pages\/16580\/revisions"}],"predecessor-version":[{"id":17101,"href":"https:\/\/pelican.fi\/en\/wp-json\/wp\/v2\/pages\/16580\/revisions\/17101"}],"wp:attachment":[{"href":"https:\/\/pelican.fi\/en\/wp-json\/wp\/v2\/media?parent=16580"}],"curies":[{"name":"wp","href":"https:\/\/api.w.org\/{rel}","templated":true}]}}