{"id":16584,"date":"2025-05-06T10:48:17","date_gmt":"2025-05-06T08:48:17","guid":{"rendered":"https:\/\/pelican.fi\/copied-about-cookies-english-not-checked-otherwise-ok\/"},"modified":"2025-06-10T10:57:19","modified_gmt":"2025-06-10T08:57:19","slug":"about-cookies","status":"publish","type":"page","link":"https:\/\/pelican.fi\/en\/about-cookies\/","title":{"rendered":"Cookie information"},"content":{"rendered":"\t\t<div data-elementor-type=\"wp-page\" data-elementor-id=\"16584\" class=\"elementor elementor-16584 elementor-11394\" data-elementor-post-type=\"page\">\n\t\t\t\t<div class=\"wd-negative-gap elementor-element elementor-element-e187bb9 e-flex e-con-boxed e-con e-parent\" data-id=\"e187bb9\" data-element_type=\"container\" data-e-type=\"container\">\n\t\t\t\t\t<div class=\"e-con-inner\">\n\t\t\t\t<div class=\"elementor-element elementor-element-8779987 elementor-widget elementor-widget-wd_text_block\" data-id=\"8779987\" data-element_type=\"widget\" data-e-type=\"widget\" data-widget_type=\"wd_text_block.default\">\n\t\t\t\t<div class=\"elementor-widget-container\">\n\t\t\t\t\t\t\t<div class=\"wd-text-block reset-last-child text-left\">\n\t\t\t\n\t\t\t<h1><span style=\"color: #008000;\">About cookies<\/span><\/h1><div><div class=\"CookieDeclaration\" dir=\"ltr\" lang=\"fi\"><p class=\"CookieDeclarationDialogText\">This website uses cookies. We use cookies to tailor the content and advertising we provide, to support our social media features and to analyse our visitor numbers. We also share information with our social media, advertising and analytics partners about how you use our site. Our partners may combine this information with other information that you have provided to them or that has been collected when you have used their services. By using our site, you agree to the use of cookies.    <\/p><p class=\"CookieDeclarationIntro\">Cookies are small text files that websites can use to make the user experience more effective.<br><br>By law, we may store cookies on your device if it is strictly necessary for the functioning of the site. We need your consent to use any kind of cookies. <br><br>This website uses different types of cookies. Some cookies are set by third party services that appear on our website. <br><br><br>You can change or withdraw your consent on our site through the cookie notice.<br><br>Read our Privacy Policy to learn more about who we are, how you can contact us and how we process your personal information.<\/p><p>Your authorisation applies to the following domains: pelican.fi<\/p><div id=\"CookieDeclarationUserStatusPanel\" data-responsemode=\"leveloptin\" data-dialogtemplate=\"overlay-v2_customcolor\"><div id=\"CookieDeclarationUserStatusLabel\"><div id=\"CookieDeclarationUserStatusLabelOn\">Current status: allow all.  <\/div><p id=\"CookieDeclarationConsentIdAndDate\">Your approval ID: <span id=\"CookieDeclarationUserStatusLabelConsentId\">GyjNARgQ+4Zl\/Hhb080DcoeMzvO72MRKfnRUF0XTDCCrRKsQMgdeiw==Date of approval:<\/span> <span id=\"CookieDeclarationUserStatusLabelConsentDate\">Monday 10 June 2024 at 13.10.41 UTC+2 <\/span><\/p><\/div><div id=\"CookieDeclarationChangeConsent\"><a id=\"CookieDeclarationChangeConsentChange\" href=\"https:\/\/pelican.fi\/tietoa-evasteista#\">Change your consent<\/a><span id=\"CookieDeclarationUserStatusLabelWithdraw\"> | <a id=\"CookieDeclarationChangeConsentWithdraw\" href=\"https:\/\/pelican.fi\/tietoa-evasteista#\">Withdraw consent<\/a><\/span><\/div><\/div><br><p class=\"CookieDeclarationLastUpdated\">Cookie notice last updated 9\/25\/24 by <a title=\"Cookiebot\" href=\"https:\/\/www.cookiebot.com\/\" target=\"_blank\" rel=\"noopener\">Cookiebot<\/a>:<\/p><\/div><\/div>\n\t\t\t\t\t<\/div>\n\t\t\t\t\t\t<\/div>\n\t\t\t\t<\/div>\n\t\t\t\t\t<\/div>\n\t\t\t\t<\/div>\n\t\t\t\t<\/div>\n\t\t","protected":false},"excerpt":{"rendered":"<p>About cookies This website uses cookies. We use cookies to tailor the content and advertising we provide, to support our<\/p>\n","protected":false},"author":1,"featured_media":0,"parent":0,"menu_order":0,"comment_status":"closed","ping_status":"closed","template":"elementor_header_footer","meta":{"_acf_changed":false,"inline_featured_image":false,"_lmt_disableupdate":"no","_lmt_disable":"","footnotes":""},"class_list":["post-16584","page","type-page","status-publish","hentry"],"acf":[],"yoast_head":"<title>Cookie information | Pelican Self Storage<\/title>\n<meta name=\"robots\" content=\"index, follow, max-snippet:-1, max-image-preview:large, max-video-preview:-1\" \/>\n<link rel=\"canonical\" href=\"https:\/\/pelican.fi\/en\/about-cookies\/\" \/>\n<meta property=\"og:locale\" content=\"en_US\" \/>\n<meta property=\"og:type\" content=\"article\" \/>\n<meta property=\"og:title\" content=\"Cookie information\" \/>\n<meta property=\"og:description\" content=\"About cookies This website uses cookies. We use cookies to tailor the content and advertising we provide, to support our\" \/>\n<meta property=\"og:url\" content=\"https:\/\/pelican.fi\/en\/about-cookies\/\" \/>\n<meta property=\"og:site_name\" content=\"Pelican Self Storage\" \/>\n<meta property=\"article:publisher\" content=\"https:\/\/www.facebook.com\/PelicanSelfStorageDenmark\" \/>\n<meta property=\"article:modified_time\" content=\"2025-06-10T08:57:19+00:00\" \/>\n<meta name=\"twitter:card\" content=\"summary_large_image\" \/>\n<meta name=\"twitter:label1\" content=\"Est. reading time\" \/>\n\t<meta name=\"twitter:data1\" content=\"1 minute\" \/>\n<script type=\"application\/ld+json\" class=\"yoast-schema-graph\">{\"@context\":\"https:\/\/schema.org\",\"@graph\":[{\"@type\":\"WebPage\",\"@id\":\"https:\/\/pelican.fi\/en\/about-cookies\/\",\"url\":\"https:\/\/pelican.fi\/en\/about-cookies\/\",\"name\":\"Cookie information | Pelican Self Storage\",\"isPartOf\":{\"@id\":\"https:\/\/pelican.fi\/en\/#website\"},\"datePublished\":\"2025-05-06T08:48:17+00:00\",\"dateModified\":\"2025-06-10T08:57:19+00:00\",\"breadcrumb\":{\"@id\":\"https:\/\/pelican.fi\/en\/about-cookies\/#breadcrumb\"},\"inLanguage\":\"en-US\",\"potentialAction\":[{\"@type\":\"ReadAction\",\"target\":[\"https:\/\/pelican.fi\/en\/about-cookies\/\"]}]},{\"@type\":\"BreadcrumbList\",\"@id\":\"https:\/\/pelican.fi\/en\/about-cookies\/#breadcrumb\",\"itemListElement\":[{\"@type\":\"ListItem\",\"position\":1,\"name\":\"Home\",\"item\":\"https:\/\/pelican.fi\/en\/\"},{\"@type\":\"ListItem\",\"position\":2,\"name\":\"Cookie information\"}]},{\"@type\":\"WebSite\",\"@id\":\"https:\/\/pelican.fi\/en\/#website\",\"url\":\"https:\/\/pelican.fi\/en\/\",\"name\":\"Vuokraa k\u00e4tev\u00e4 varasto\",\"description\":\"Vuokraa varastotila Pelican Self Storagelta. Edulliset hinnat \u2714 Toimipisteet ymp\u00e4ri K\u00f6\u00f6penhaminaa \u2714 Varastotiloja eri kokoisina \u2714 Ilmainen per\u00e4k\u00e4rryn lainaus \u2714\",\"potentialAction\":[{\"@type\":\"SearchAction\",\"target\":{\"@type\":\"EntryPoint\",\"urlTemplate\":\"https:\/\/pelican.fi\/en\/?s={search_term_string}\"},\"query-input\":{\"@type\":\"PropertyValueSpecification\",\"valueRequired\":true,\"valueName\":\"search_term_string\"}}],\"inLanguage\":\"en-US\"}]}<\/script>","yoast_head_json":{"title":"Cookie information | Pelican Self Storage","robots":{"index":"index","follow":"follow","max-snippet":"max-snippet:-1","max-image-preview":"max-image-preview:large","max-video-preview":"max-video-preview:-1"},"canonical":"https:\/\/pelican.fi\/en\/about-cookies\/","og_locale":"en_US","og_type":"article","og_title":"Cookie information","og_description":"About cookies This website uses cookies. We use cookies to tailor the content and advertising we provide, to support our","og_url":"https:\/\/pelican.fi\/en\/about-cookies\/","og_site_name":"Pelican Self Storage","article_publisher":"https:\/\/www.facebook.com\/PelicanSelfStorageDenmark","article_modified_time":"2025-06-10T08:57:19+00:00","twitter_card":"summary_large_image","twitter_misc":{"Est. reading time":"1 minute"},"schema":{"@context":"https:\/\/schema.org","@graph":[{"@type":"WebPage","@id":"https:\/\/pelican.fi\/en\/about-cookies\/","url":"https:\/\/pelican.fi\/en\/about-cookies\/","name":"Cookie information | Pelican Self Storage","isPartOf":{"@id":"https:\/\/pelican.fi\/en\/#website"},"datePublished":"2025-05-06T08:48:17+00:00","dateModified":"2025-06-10T08:57:19+00:00","breadcrumb":{"@id":"https:\/\/pelican.fi\/en\/about-cookies\/#breadcrumb"},"inLanguage":"en-US","potentialAction":[{"@type":"ReadAction","target":["https:\/\/pelican.fi\/en\/about-cookies\/"]}]},{"@type":"BreadcrumbList","@id":"https:\/\/pelican.fi\/en\/about-cookies\/#breadcrumb","itemListElement":[{"@type":"ListItem","position":1,"name":"Home","item":"https:\/\/pelican.fi\/en\/"},{"@type":"ListItem","position":2,"name":"Cookie information"}]},{"@type":"WebSite","@id":"https:\/\/pelican.fi\/en\/#website","url":"https:\/\/pelican.fi\/en\/","name":"Vuokraa k\u00e4tev\u00e4 varasto","description":"Vuokraa varastotila Pelican Self Storagelta. Edulliset hinnat \u2714 Toimipisteet ymp\u00e4ri K\u00f6\u00f6penhaminaa \u2714 Varastotiloja eri kokoisina \u2714 Ilmainen per\u00e4k\u00e4rryn lainaus \u2714","potentialAction":[{"@type":"SearchAction","target":{"@type":"EntryPoint","urlTemplate":"https:\/\/pelican.fi\/en\/?s={search_term_string}"},"query-input":{"@type":"PropertyValueSpecification","valueRequired":true,"valueName":"search_term_string"}}],"inLanguage":"en-US"}]}},"_links":{"self":[{"href":"https:\/\/pelican.fi\/en\/wp-json\/wp\/v2\/pages\/16584","targetHints":{"allow":["GET"]}}],"collection":[{"href":"https:\/\/pelican.fi\/en\/wp-json\/wp\/v2\/pages"}],"about":[{"href":"https:\/\/pelican.fi\/en\/wp-json\/wp\/v2\/types\/page"}],"author":[{"embeddable":true,"href":"https:\/\/pelican.fi\/en\/wp-json\/wp\/v2\/users\/1"}],"replies":[{"embeddable":true,"href":"https:\/\/pelican.fi\/en\/wp-json\/wp\/v2\/comments?post=16584"}],"version-history":[{"count":2,"href":"https:\/\/pelican.fi\/en\/wp-json\/wp\/v2\/pages\/16584\/revisions"}],"predecessor-version":[{"id":16697,"href":"https:\/\/pelican.fi\/en\/wp-json\/wp\/v2\/pages\/16584\/revisions\/16697"}],"wp:attachment":[{"href":"https:\/\/pelican.fi\/en\/wp-json\/wp\/v2\/media?parent=16584"}],"curies":[{"name":"wp","href":"https:\/\/api.w.org\/{rel}","templated":true}]}}