{"id":16587,"date":"2025-05-06T10:48:48","date_gmt":"2025-05-06T07:48:48","guid":{"rendered":"https:\/\/pelican.fi\/copied-about-us-wrong-pictures-eng-not-checked\/"},"modified":"2025-06-13T09:26:42","modified_gmt":"2025-06-13T07:26:42","slug":"about-us","status":"publish","type":"page","link":"https:\/\/pelican.fi\/en\/about-us\/","title":{"rendered":"About Us"},"content":{"rendered":"\t\t<div data-elementor-type=\"wp-page\" data-elementor-id=\"16587\" class=\"elementor elementor-16587 elementor-11457\" data-elementor-post-type=\"page\">\n\t\t\t\t<div class=\"wd-negative-gap elementor-element elementor-element-a5a207c e-flex e-con-boxed e-con e-parent\" data-id=\"a5a207c\" data-element_type=\"container\" data-e-type=\"container\">\n\t\t\t\t\t<div class=\"e-con-inner\">\n\t\t\t\t<div class=\"elementor-element elementor-element-2dc175f elementor-widget elementor-widget-image\" data-id=\"2dc175f\" data-element_type=\"widget\" data-e-type=\"widget\" data-widget_type=\"image.default\">\n\t\t\t\t<div class=\"elementor-widget-container\">\n\t\t\t\t\t\t\t\t\t\t\t\t\t\t\t<img loading=\"lazy\" decoding=\"async\" width=\"1356\" height=\"400\" src=\"https:\/\/pelican.fi\/wp-content\/uploads\/2025\/06\/Bjarne.jpg\" class=\"attachment-full size-full wp-image-15719\" alt=\"\" srcset=\"https:\/\/pelican.fi\/wp-content\/uploads\/2025\/06\/Bjarne.jpg 1356w, https:\/\/pelican.fi\/wp-content\/uploads\/2025\/06\/Bjarne-300x88.jpg 300w, https:\/\/pelican.fi\/wp-content\/uploads\/2025\/06\/Bjarne-1024x302.jpg 1024w, https:\/\/pelican.fi\/wp-content\/uploads\/2025\/06\/Bjarne-768x227.jpg 768w, https:\/\/pelican.fi\/wp-content\/uploads\/2025\/06\/Bjarne-1200x354.jpg 1200w, https:\/\/pelican.fi\/wp-content\/uploads\/2025\/06\/Bjarne-150x44.jpg 150w\" sizes=\"auto, (max-width: 1356px) 100vw, 1356px\" \/>\t\t\t\t\t\t\t\t\t\t\t\t\t\t\t<\/div>\n\t\t\t\t<\/div>\n\t\t\t\t<div class=\"elementor-element elementor-element-de74e0a elementor-widget elementor-widget-wd_text_block\" data-id=\"de74e0a\" data-element_type=\"widget\" data-e-type=\"widget\" data-widget_type=\"wd_text_block.default\">\n\t\t\t\t<div class=\"elementor-widget-container\">\n\t\t\t\t\t\t\t<div class=\"wd-text-block reset-last-child text-left\">\n\t\t\t\n\t\t\t<p>Pelican Self Storage is the leading self-storage provider in the Nordic countries, offering self-service storage space for private and corporate customers. We have offices in Finland, Denmark and Sweden. All locations are centrally located and easily accessible by car.  <\/p><h2><span style=\"color: #008000;\"><b>A self-service warehouse for everyone<\/b><\/span><\/h2><p>We want to be a first choice service partner for people moving to a new home - people moving abroad for work - people moving into or back home - people getting married and having children - people who don't have a basement or attic space at home. In short, we can help when extra space is needed. <\/p><h2><span style=\"color: #008000;\"><b>Good service is a matter of honour for us<\/b><\/span><\/h2><p>We want to provide a first-class service to all customers who choose Pelican Self Storage. Our staff is committed to serving our customers exceptionally well every day to make the customer experience a memorable one. <\/p><p>In addition to our on-site staff, we stand out because our warehouses have mechanical ventilation, pleasant lighting and carpeting in both the corridors and storage areas to protect your goods and create a more comfortable atmosphere.<\/p><p>Our aim is to ensure that you as a customer receive good and personal service and that the quality of our warehouse services meets your requirements.<\/p><h2><span style=\"color: #008000;\">Background<\/span><\/h2><p>Pelican Self Storage was established in Denmark in 2009. Founded by Nordic Real Estate Partners (NREP) and Evergreen Real Estate Partners (EREP), things have moved fast since then. We have several new projects in the pipeline and our aim is to create a chain of storage facilities in the Nordic countries, offering a high quality and high level of service in metropolitan areas and other major cities.   <\/p><h2><span style=\"color: #008000;\"><b>We continue to expand<\/b><\/span><\/h2><p>Pelican Self Storage has 35 locations in Finland, Denmark and Sweden. More are on the way as we expand rapidly. If you want to know more, please contact us:  <\/p><h2><span style=\"color: #008000;\"><b>Pelican Finland<\/b><\/span><\/h2><p>Kantelettarentie 1 A<br>00420 Helsinki<br>Tel: (+358) 207 007 700<br><a class=\"spamspan\" href=\"mailto:info@pelican.fi\">info@pelican.fi<\/a><\/p>\n\t\t\t\t\t<\/div>\n\t\t\t\t\t\t<\/div>\n\t\t\t\t<\/div>\n\t\t\t\t<div class=\"elementor-element elementor-element-fc945e1 elementor-widget elementor-widget-spacer\" data-id=\"fc945e1\" data-element_type=\"widget\" data-e-type=\"widget\" data-widget_type=\"spacer.default\">\n\t\t\t\t<div class=\"elementor-widget-container\">\n\t\t\t\t\t\t\t<div class=\"elementor-spacer\">\n\t\t\t<div class=\"elementor-spacer-inner\"><\/div>\n\t\t<\/div>\n\t\t\t\t\t\t<\/div>\n\t\t\t\t<\/div>\n\t\t\t\t\t<\/div>\n\t\t\t\t<\/div>\n\t\t<div class=\"wd-negative-gap elementor-element elementor-element-f51c912 e-flex e-con-boxed e-con e-parent\" data-id=\"f51c912\" data-element_type=\"container\" data-e-type=\"container\">\n\t\t\t\t\t<div class=\"e-con-inner\">\n\t\t<div class=\"elementor-element elementor-element-d4bfef7 e-con-full e-flex e-con e-child\" data-id=\"d4bfef7\" data-element_type=\"container\" data-e-type=\"container\" data-settings=\"{&quot;background_background&quot;:&quot;classic&quot;}\">\n\t\t<div class=\"elementor-element elementor-element-ca694bd e-con-full e-flex e-con e-child\" data-id=\"ca694bd\" data-element_type=\"container\" data-e-type=\"container\">\n\t\t\t\t<div class=\"elementor-element elementor-element-8463ef3 wd-width-100 elementor-widget elementor-widget-wd_title\" data-id=\"8463ef3\" data-element_type=\"widget\" data-e-type=\"widget\" data-widget_type=\"wd_title.default\">\n\t\t\t\t<div class=\"elementor-widget-container\">\n\t\t\t\t\t\t\t<div class=\"title-wrapper wd-set-mb reset-last-child wd-title-color-default wd-title-style-default wd-title-size-default text-left\">\n\n\t\t\t\n\t\t\t<div class=\"liner-continer\">\n\t\t\t\t<h4 class=\"woodmart-title-container title wd-fontsize-l\">Borrow a free trailer<\/h4> \n\t\t\t\t\t\t\t<\/div>\n\n\t\t\t\t\t\t\t<div class=\"title-after_title reset-last-child wd-fontsize-xs\">\n\t\t\t\t\t<p>If you want to move yourself, we'll provide you with a covered trailer for free. You can even borrow a trailer from us for several days at no charge. This offer is also available to non-Pelican customers.<br>Contact your nearest <a href=\"https:\/\/pelican.fi\/en\/our-locations\/\">Pelican office<\/a> for more information about the free trailer loan.  <\/p>\t\t\t\t<\/div>\n\t\t\t\t\t<\/div>\n\t\t\t\t\t\t<\/div>\n\t\t\t\t<\/div>\n\t\t\t\t<div class=\"elementor-element elementor-element-5911ee2 elementor-widget elementor-widget-button\" data-id=\"5911ee2\" data-element_type=\"widget\" data-e-type=\"widget\" data-widget_type=\"button.default\">\n\t\t\t\t<div class=\"elementor-widget-container\">\n\t\t\t\t\t\t\t\t\t<div class=\"elementor-button-wrapper\">\n\t\t\t\t\t<a class=\"elementor-button elementor-button-link elementor-size-sm\" href=\"https:\/\/pelican.fi\/sakra-slapvagnar\/\">\n\t\t\t\t\t\t<span class=\"elementor-button-content-wrapper\">\n\t\t\t\t\t\t\t\t\t<span class=\"elementor-button-text\">Borrow a trailer<\/span>\n\t\t\t\t\t<\/span>\n\t\t\t\t\t<\/a>\n\t\t\t\t<\/div>\n\t\t\t\t\t\t\t\t<\/div>\n\t\t\t\t<\/div>\n\t\t\t\t<\/div>\n\t\t\t\t<\/div>\n\t\t<div class=\"elementor-element elementor-element-f678965 e-con-full e-flex e-con e-child\" data-id=\"f678965\" data-element_type=\"container\" data-e-type=\"container\">\n\t\t\t\t<div class=\"elementor-element elementor-element-1296157 elementor-widget elementor-widget-image\" data-id=\"1296157\" data-element_type=\"widget\" data-e-type=\"widget\" data-widget_type=\"image.default\">\n\t\t\t\t<div class=\"elementor-widget-container\">\n\t\t\t\t\t\t\t\t\t\t\t\t\t\t\t<img decoding=\"async\" src=\"https:\/\/pelican.fi\/wp-content\/uploads\/2025\/06\/1-_pelican_1080x1080.jpg\" title=\"1-_pelican_1080x1080.jpg\" alt=\"1-_pelican_1080x1080.jpg\" loading=\"lazy\" \/>\t\t\t\t\t\t\t\t\t\t\t\t\t\t\t<\/div>\n\t\t\t\t<\/div>\n\t\t\t\t<\/div>\n\t\t\t\t\t<\/div>\n\t\t\t\t<\/div>\n\t\t\t\t<\/div>\n\t\t","protected":false},"excerpt":{"rendered":"<p>Pelican Self Storage is the leading self-storage provider in the Nordic countries, offering self-service storage space for private and corporate<\/p>\n","protected":false},"author":1,"featured_media":0,"parent":0,"menu_order":0,"comment_status":"closed","ping_status":"closed","template":"elementor_header_footer","meta":{"_acf_changed":false,"inline_featured_image":false,"_lmt_disableupdate":"no","_lmt_disable":"","footnotes":""},"class_list":["post-16587","page","type-page","status-publish","hentry"],"acf":[],"yoast_head":"<title>About Us | Pelican Self Storage<\/title>\n<meta name=\"robots\" content=\"index, follow, max-snippet:-1, max-image-preview:large, max-video-preview:-1\" \/>\n<link rel=\"canonical\" href=\"https:\/\/pelican.fi\/en\/about-us\/\" \/>\n<meta property=\"og:locale\" content=\"en_US\" \/>\n<meta property=\"og:type\" content=\"article\" \/>\n<meta property=\"og:title\" content=\"About Us\" \/>\n<meta property=\"og:description\" content=\"Pelican Self Storage is the leading self-storage provider in the Nordic countries, offering self-service storage space for private and corporate\" \/>\n<meta property=\"og:url\" content=\"https:\/\/pelican.fi\/en\/about-us\/\" \/>\n<meta property=\"og:site_name\" content=\"Pelican Self Storage\" \/>\n<meta property=\"article:publisher\" content=\"https:\/\/www.facebook.com\/PelicanSelfStorageDenmark\" \/>\n<meta property=\"article:modified_time\" content=\"2025-06-13T07:26:42+00:00\" \/>\n<meta property=\"og:image\" content=\"https:\/\/pelican.fi\/wp-content\/uploads\/2025\/06\/Bjarne.jpg\" \/>\n\t<meta property=\"og:image:width\" content=\"1356\" \/>\n\t<meta property=\"og:image:height\" content=\"400\" \/>\n\t<meta property=\"og:image:type\" content=\"image\/jpeg\" \/>\n<meta name=\"twitter:card\" content=\"summary_large_image\" \/>\n<meta name=\"twitter:label1\" content=\"Est. reading time\" \/>\n\t<meta name=\"twitter:data1\" content=\"2 minutes\" \/>\n<script type=\"application\/ld+json\" class=\"yoast-schema-graph\">{\"@context\":\"https:\/\/schema.org\",\"@graph\":[{\"@type\":\"WebPage\",\"@id\":\"https:\/\/pelican.fi\/en\/about-us\/\",\"url\":\"https:\/\/pelican.fi\/en\/about-us\/\",\"name\":\"About Us | Pelican Self Storage\",\"isPartOf\":{\"@id\":\"https:\/\/pelican.fi\/en\/#website\"},\"primaryImageOfPage\":{\"@id\":\"https:\/\/pelican.fi\/en\/about-us\/#primaryimage\"},\"image\":{\"@id\":\"https:\/\/pelican.fi\/en\/about-us\/#primaryimage\"},\"thumbnailUrl\":\"https:\/\/pelican.fi\/wp-content\/uploads\/2025\/06\/Bjarne.jpg\",\"datePublished\":\"2025-05-06T07:48:48+00:00\",\"dateModified\":\"2025-06-13T07:26:42+00:00\",\"breadcrumb\":{\"@id\":\"https:\/\/pelican.fi\/en\/about-us\/#breadcrumb\"},\"inLanguage\":\"en-US\",\"potentialAction\":[{\"@type\":\"ReadAction\",\"target\":[\"https:\/\/pelican.fi\/en\/about-us\/\"]}]},{\"@type\":\"ImageObject\",\"inLanguage\":\"en-US\",\"@id\":\"https:\/\/pelican.fi\/en\/about-us\/#primaryimage\",\"url\":\"https:\/\/pelican.fi\/wp-content\/uploads\/2025\/06\/Bjarne.jpg\",\"contentUrl\":\"https:\/\/pelican.fi\/wp-content\/uploads\/2025\/06\/Bjarne.jpg\"},{\"@type\":\"BreadcrumbList\",\"@id\":\"https:\/\/pelican.fi\/en\/about-us\/#breadcrumb\",\"itemListElement\":[{\"@type\":\"ListItem\",\"position\":1,\"name\":\"Home\",\"item\":\"https:\/\/pelican.fi\/en\/\"},{\"@type\":\"ListItem\",\"position\":2,\"name\":\"About Us\"}]},{\"@type\":\"WebSite\",\"@id\":\"https:\/\/pelican.fi\/en\/#website\",\"url\":\"https:\/\/pelican.fi\/en\/\",\"name\":\"Vuokraa k\u00e4tev\u00e4 varasto\",\"description\":\"Vuokraa varastotila Pelican Self Storagelta. Edulliset hinnat \u2714 Toimipisteet ymp\u00e4ri K\u00f6\u00f6penhaminaa \u2714 Varastotiloja eri kokoisina \u2714 Ilmainen per\u00e4k\u00e4rryn lainaus \u2714\",\"potentialAction\":[{\"@type\":\"SearchAction\",\"target\":{\"@type\":\"EntryPoint\",\"urlTemplate\":\"https:\/\/pelican.fi\/en\/?s={search_term_string}\"},\"query-input\":{\"@type\":\"PropertyValueSpecification\",\"valueRequired\":true,\"valueName\":\"search_term_string\"}}],\"inLanguage\":\"en-US\"}]}<\/script>","yoast_head_json":{"title":"About Us | Pelican Self Storage","robots":{"index":"index","follow":"follow","max-snippet":"max-snippet:-1","max-image-preview":"max-image-preview:large","max-video-preview":"max-video-preview:-1"},"canonical":"https:\/\/pelican.fi\/en\/about-us\/","og_locale":"en_US","og_type":"article","og_title":"About Us","og_description":"Pelican Self Storage is the leading self-storage provider in the Nordic countries, offering self-service storage space for private and corporate","og_url":"https:\/\/pelican.fi\/en\/about-us\/","og_site_name":"Pelican Self Storage","article_publisher":"https:\/\/www.facebook.com\/PelicanSelfStorageDenmark","article_modified_time":"2025-06-13T07:26:42+00:00","og_image":[{"width":1356,"height":400,"url":"https:\/\/pelican.fi\/wp-content\/uploads\/2025\/06\/Bjarne.jpg","type":"image\/jpeg"}],"twitter_card":"summary_large_image","twitter_misc":{"Est. reading time":"2 minutes"},"schema":{"@context":"https:\/\/schema.org","@graph":[{"@type":"WebPage","@id":"https:\/\/pelican.fi\/en\/about-us\/","url":"https:\/\/pelican.fi\/en\/about-us\/","name":"About Us | Pelican Self Storage","isPartOf":{"@id":"https:\/\/pelican.fi\/en\/#website"},"primaryImageOfPage":{"@id":"https:\/\/pelican.fi\/en\/about-us\/#primaryimage"},"image":{"@id":"https:\/\/pelican.fi\/en\/about-us\/#primaryimage"},"thumbnailUrl":"https:\/\/pelican.fi\/wp-content\/uploads\/2025\/06\/Bjarne.jpg","datePublished":"2025-05-06T07:48:48+00:00","dateModified":"2025-06-13T07:26:42+00:00","breadcrumb":{"@id":"https:\/\/pelican.fi\/en\/about-us\/#breadcrumb"},"inLanguage":"en-US","potentialAction":[{"@type":"ReadAction","target":["https:\/\/pelican.fi\/en\/about-us\/"]}]},{"@type":"ImageObject","inLanguage":"en-US","@id":"https:\/\/pelican.fi\/en\/about-us\/#primaryimage","url":"https:\/\/pelican.fi\/wp-content\/uploads\/2025\/06\/Bjarne.jpg","contentUrl":"https:\/\/pelican.fi\/wp-content\/uploads\/2025\/06\/Bjarne.jpg"},{"@type":"BreadcrumbList","@id":"https:\/\/pelican.fi\/en\/about-us\/#breadcrumb","itemListElement":[{"@type":"ListItem","position":1,"name":"Home","item":"https:\/\/pelican.fi\/en\/"},{"@type":"ListItem","position":2,"name":"About Us"}]},{"@type":"WebSite","@id":"https:\/\/pelican.fi\/en\/#website","url":"https:\/\/pelican.fi\/en\/","name":"Vuokraa k\u00e4tev\u00e4 varasto","description":"Vuokraa varastotila Pelican Self Storagelta. Edulliset hinnat \u2714 Toimipisteet ymp\u00e4ri K\u00f6\u00f6penhaminaa \u2714 Varastotiloja eri kokoisina \u2714 Ilmainen per\u00e4k\u00e4rryn lainaus \u2714","potentialAction":[{"@type":"SearchAction","target":{"@type":"EntryPoint","urlTemplate":"https:\/\/pelican.fi\/en\/?s={search_term_string}"},"query-input":{"@type":"PropertyValueSpecification","valueRequired":true,"valueName":"search_term_string"}}],"inLanguage":"en-US"}]}},"_links":{"self":[{"href":"https:\/\/pelican.fi\/en\/wp-json\/wp\/v2\/pages\/16587","targetHints":{"allow":["GET"]}}],"collection":[{"href":"https:\/\/pelican.fi\/en\/wp-json\/wp\/v2\/pages"}],"about":[{"href":"https:\/\/pelican.fi\/en\/wp-json\/wp\/v2\/types\/page"}],"author":[{"embeddable":true,"href":"https:\/\/pelican.fi\/en\/wp-json\/wp\/v2\/users\/1"}],"replies":[{"embeddable":true,"href":"https:\/\/pelican.fi\/en\/wp-json\/wp\/v2\/comments?post=16587"}],"version-history":[{"count":3,"href":"https:\/\/pelican.fi\/en\/wp-json\/wp\/v2\/pages\/16587\/revisions"}],"predecessor-version":[{"id":17052,"href":"https:\/\/pelican.fi\/en\/wp-json\/wp\/v2\/pages\/16587\/revisions\/17052"}],"wp:attachment":[{"href":"https:\/\/pelican.fi\/en\/wp-json\/wp\/v2\/media?parent=16587"}],"curies":[{"name":"wp","href":"https:\/\/api.w.org\/{rel}","templated":true}]}}