{"id":16634,"date":"2025-05-06T10:48:21","date_gmt":"2025-05-06T08:48:21","guid":{"rendered":"https:\/\/pelican.fi\/tips-for-optimising-your-storage-space\/"},"modified":"2025-06-10T09:06:18","modified_gmt":"2025-06-10T07:06:18","slug":"tips-for-optimising-your-storage-space","status":"publish","type":"page","link":"https:\/\/pelican.fi\/en\/tips-for-optimising-your-storage-space\/","title":{"rendered":"Tips for optimising your storage space"},"content":{"rendered":"\t\t<div data-elementor-type=\"wp-page\" data-elementor-id=\"16634\" class=\"elementor elementor-16634 elementor-11504\" data-elementor-post-type=\"page\">\n\t\t\t\t<div class=\"wd-negative-gap elementor-element elementor-element-69262e9 e-flex e-con-boxed e-con e-parent\" data-id=\"69262e9\" data-element_type=\"container\" data-e-type=\"container\">\n\t\t\t\t\t<div class=\"e-con-inner\">\n\t\t<div class=\"elementor-element elementor-element-e4451e2 e-con-full e-flex e-con e-child\" data-id=\"e4451e2\" data-element_type=\"container\" data-e-type=\"container\">\n\t\t\t\t<div class=\"elementor-element elementor-element-2fe7334 elementor-widget elementor-widget-image\" data-id=\"2fe7334\" data-element_type=\"widget\" data-e-type=\"widget\" data-widget_type=\"image.default\">\n\t\t\t\t<div class=\"elementor-widget-container\">\n\t\t\t\t\t\t\t\t\t\t\t\t\t\t\t<img decoding=\"async\" src=\"https:\/\/pelican.fi\/wp-content\/uploads\/2025\/06\/12-m2-scaled-1.jpg\" title=\"12-m2-scaled.jpg\" alt=\"12-m2-scaled.jpg\" loading=\"lazy\" \/>\t\t\t\t\t\t\t\t\t\t\t\t\t\t\t<\/div>\n\t\t\t\t<\/div>\n\t\t\t\t<\/div>\n\t\t<div class=\"elementor-element elementor-element-8974768 e-con-full e-flex e-con e-child\" data-id=\"8974768\" data-element_type=\"container\" data-e-type=\"container\" data-settings=\"{&quot;background_background&quot;:&quot;classic&quot;}\">\n\t\t<div class=\"elementor-element elementor-element-546509e e-con-full e-flex e-con e-child\" data-id=\"546509e\" data-element_type=\"container\" data-e-type=\"container\">\n\t\t\t\t<div class=\"elementor-element elementor-element-bcf8aec wd-width-100 elementor-widget elementor-widget-wd_title\" data-id=\"bcf8aec\" data-element_type=\"widget\" data-e-type=\"widget\" data-widget_type=\"wd_title.default\">\n\t\t\t\t<div class=\"elementor-widget-container\">\n\t\t\t\t\t\t\t<div class=\"title-wrapper wd-set-mb reset-last-child wd-title-color-default wd-title-style-default wd-title-size-default text-left\">\n\n\t\t\t\n\t\t\t<div class=\"liner-continer\">\n\t\t\t\t<h4 class=\"woodmart-title-container title wd-fontsize-l\">7 practical tips - how to get the most out of your storage space<\/h4> \n\t\t\t\t\t\t\t<\/div>\n\n\t\t\t\t\t<\/div>\n\t\t\t\t\t\t<\/div>\n\t\t\t\t<\/div>\n\t\t\t\t<div class=\"elementor-element elementor-element-6203b71 elementor-widget elementor-widget-button\" data-id=\"6203b71\" data-element_type=\"widget\" data-e-type=\"widget\" data-widget_type=\"button.default\">\n\t\t\t\t<div class=\"elementor-widget-container\">\n\t\t\t\t\t\t\t\t\t<div class=\"elementor-button-wrapper\">\n\t\t\t\t\t<a class=\"elementor-button elementor-button-link elementor-size-sm\" href=\"https:\/\/pelican.fi\/en\/our-locations\/\">\n\t\t\t\t\t\t<span class=\"elementor-button-content-wrapper\">\n\t\t\t\t\t\t\t\t\t<span class=\"elementor-button-text\">Find a storage<\/span>\n\t\t\t\t\t<\/span>\n\t\t\t\t\t<\/a>\n\t\t\t\t<\/div>\n\t\t\t\t\t\t\t\t<\/div>\n\t\t\t\t<\/div>\n\t\t\t\t<\/div>\n\t\t\t\t<\/div>\n\t\t\t\t\t<\/div>\n\t\t\t\t<\/div>\n\t\t<div class=\"wd-negative-gap elementor-element elementor-element-374c9ed e-flex e-con-boxed e-con e-parent\" data-id=\"374c9ed\" data-element_type=\"container\" data-e-type=\"container\">\n\t\t\t\t\t<div class=\"e-con-inner\">\n\t\t\t\t<div class=\"elementor-element elementor-element-80c5b51 elementor-widget elementor-widget-wd_text_block\" data-id=\"80c5b51\" data-element_type=\"widget\" data-e-type=\"widget\" data-widget_type=\"wd_text_block.default\">\n\t\t\t\t<div class=\"elementor-widget-container\">\n\t\t\t\t\t\t\t<div class=\"wd-text-block reset-last-child text-left\">\n\t\t\t\n\t\t\t<div class=\"flex-shrink-0 flex flex-col relative items-end\"><div><div class=\"pt-0\"><div class=\"gizmo-bot-avatar flex h-8 w-8 items-center justify-center overflow-hidden rounded-full\"><div class=\"relative p-1 rounded-sm flex items-center justify-center bg-token-main-surface-primary text-token-text-primary h-8 w-8\">Storage space is a practical solution when you need more room for your belongings - whether it's furniture, moving boxes or other rarely used items. Storage space is particularly useful when moving house, renovating or when there is a general lack of space. Pelican Self Storage offers spaces of different sizes to suit your needs.  <\/div><\/div><\/div><\/div><\/div><div class=\"group\/conversation-turn relative flex w-full min-w-0 flex-col agent-turn\"><div class=\"flex-col gap-1 md:gap-3\"><div class=\"flex max-w-full flex-col flex-grow\"><div class=\"min-h-8 text-message flex w-full flex-col items-end gap-2 whitespace-normal break-words [.text-message+&amp;]:mt-5\" dir=\"auto\" data-message-author-role=\"assistant\" data-message-id=\"a12ed3cd-d48d-4478-91c9-029e0a6c5a52\" data-message-model-slug=\"gpt-4o\"><div class=\"flex w-full flex-col gap-1 empty:hidden first:pt-[3px]\"><div class=\"result-streaming markdown prose w-full break-words dark:prose-invert light\"><p>Here are 7 tips to help you make the most of your storage space:<\/p><\/div><\/div><\/div><\/div><\/div><\/div><ol><li><strong>Pack your moving boxes carefully<\/strong><br>Pack your moving boxes carefully and efficiently. Check the load-bearing capacity of the boxes and avoid overfilling them so that you can stack them safely. This will maximise space and protect your belongings from damage.  <\/li><li><strong>Mark the boxes<\/strong><br>Remember to mark what is in each box, and clearly mark if there are breakable objects in the box. This will make it easier to find certain items later and help protect them during handling. <\/li><li><strong>Break down furniture<\/strong><br>If you're storing furniture, it can be a good idea to remove smaller pieces and pack them in bags so they don't get lost. Pack furniture carefully to protect it during storage and transport. <\/li><li><strong>Make sure the space meets your needs<\/strong><br>Check your storage space before you take your goods there. Make sure it is clean, dry and well ventilated to keep your goods in the best possible conditions. <\/li><li><strong>Make the most of your space<\/strong><br>Place large objects such as sofas, beds and tables in an upright position if possible. With larger items upright, there's more room for moving boxes and smaller items, helping you make the most of your storage space. <\/li><li><strong>Place heavy items on the bottom<\/strong><br>Place the heaviest items on the bottom and light and breakable items on top. This allows for stable and secure storage and helps you to use space efficiently. <\/li><li><strong>Leave room to move<\/strong><br>Remember to leave some space between your belongings so you can move around the storage space. Place the items you need most close to the door, so you can easily access them when you need them. <\/li><\/ol>\n\t\t\t\t\t<\/div>\n\t\t\t\t\t\t<\/div>\n\t\t\t\t<\/div>\n\t\t\t\t\t<\/div>\n\t\t\t\t<\/div>\n\t\t\t\t<\/div>\n\t\t","protected":false},"excerpt":{"rendered":"<p>7 practical tips &#8211; how to get the most out of your storage space Find a storage Storage space is<\/p>\n","protected":false},"author":1,"featured_media":0,"parent":0,"menu_order":0,"comment_status":"closed","ping_status":"closed","template":"elementor_header_footer","meta":{"_acf_changed":false,"inline_featured_image":false,"_lmt_disableupdate":"","_lmt_disable":"","footnotes":""},"class_list":["post-16634","page","type-page","status-publish","hentry"],"acf":[],"yoast_head":"<title>Tips for optimising your storage space | Pelican Self Storage<\/title>\n<meta name=\"robots\" content=\"index, follow, max-snippet:-1, max-image-preview:large, max-video-preview:-1\" \/>\n<link rel=\"canonical\" href=\"https:\/\/pelican.fi\/en\/tips-for-optimising-your-storage-space\/\" \/>\n<meta property=\"og:locale\" content=\"en_US\" \/>\n<meta property=\"og:type\" content=\"article\" \/>\n<meta property=\"og:title\" content=\"Tips for optimising your storage space\" \/>\n<meta property=\"og:description\" content=\"7 practical tips &#8211; how to get the most out of your storage space Find a storage Storage space is\" \/>\n<meta property=\"og:url\" content=\"https:\/\/pelican.fi\/en\/tips-for-optimising-your-storage-space\/\" \/>\n<meta property=\"og:site_name\" content=\"Pelican Self Storage\" \/>\n<meta property=\"article:publisher\" content=\"https:\/\/www.facebook.com\/PelicanSelfStorageDenmark\" \/>\n<meta property=\"article:modified_time\" content=\"2025-06-10T07:06:18+00:00\" \/>\n<meta property=\"og:image\" content=\"https:\/\/pelican.fi\/wp-content\/uploads\/2025\/06\/12-m2-scaled-1.jpg\" \/>\n<meta name=\"twitter:card\" content=\"summary_large_image\" \/>\n<meta name=\"twitter:label1\" content=\"Est. reading time\" \/>\n\t<meta name=\"twitter:data1\" content=\"2 minutes\" \/>\n<script type=\"application\/ld+json\" class=\"yoast-schema-graph\">{\"@context\":\"https:\/\/schema.org\",\"@graph\":[{\"@type\":\"WebPage\",\"@id\":\"https:\/\/pelican.fi\/en\/tips-for-optimising-your-storage-space\/\",\"url\":\"https:\/\/pelican.fi\/en\/tips-for-optimising-your-storage-space\/\",\"name\":\"Tips for optimising your storage space | Pelican Self Storage\",\"isPartOf\":{\"@id\":\"https:\/\/pelican.fi\/en\/#website\"},\"primaryImageOfPage\":{\"@id\":\"https:\/\/pelican.fi\/en\/tips-for-optimising-your-storage-space\/#primaryimage\"},\"image\":{\"@id\":\"https:\/\/pelican.fi\/en\/tips-for-optimising-your-storage-space\/#primaryimage\"},\"thumbnailUrl\":\"https:\/\/pelican.fi\/wp-content\/uploads\/2025\/06\/12-m2-scaled-1.jpg\",\"datePublished\":\"2025-05-06T08:48:21+00:00\",\"dateModified\":\"2025-06-10T07:06:18+00:00\",\"breadcrumb\":{\"@id\":\"https:\/\/pelican.fi\/en\/tips-for-optimising-your-storage-space\/#breadcrumb\"},\"inLanguage\":\"en-US\",\"potentialAction\":[{\"@type\":\"ReadAction\",\"target\":[\"https:\/\/pelican.fi\/en\/tips-for-optimising-your-storage-space\/\"]}]},{\"@type\":\"ImageObject\",\"inLanguage\":\"en-US\",\"@id\":\"https:\/\/pelican.fi\/en\/tips-for-optimising-your-storage-space\/#primaryimage\",\"url\":\"https:\/\/pelican.fi\/wp-content\/uploads\/2025\/06\/12-m2-scaled-1.jpg\",\"contentUrl\":\"https:\/\/pelican.fi\/wp-content\/uploads\/2025\/06\/12-m2-scaled-1.jpg\"},{\"@type\":\"BreadcrumbList\",\"@id\":\"https:\/\/pelican.fi\/en\/tips-for-optimising-your-storage-space\/#breadcrumb\",\"itemListElement\":[{\"@type\":\"ListItem\",\"position\":1,\"name\":\"Home\",\"item\":\"https:\/\/pelican.fi\/en\/\"},{\"@type\":\"ListItem\",\"position\":2,\"name\":\"Tips for optimising your storage space\"}]},{\"@type\":\"WebSite\",\"@id\":\"https:\/\/pelican.fi\/en\/#website\",\"url\":\"https:\/\/pelican.fi\/en\/\",\"name\":\"Vuokraa k\u00e4tev\u00e4 varasto\",\"description\":\"Vuokraa varastotila Pelican Self Storagelta. Edulliset hinnat \u2714 Toimipisteet ymp\u00e4ri K\u00f6\u00f6penhaminaa \u2714 Varastotiloja eri kokoisina \u2714 Ilmainen per\u00e4k\u00e4rryn lainaus \u2714\",\"potentialAction\":[{\"@type\":\"SearchAction\",\"target\":{\"@type\":\"EntryPoint\",\"urlTemplate\":\"https:\/\/pelican.fi\/en\/?s={search_term_string}\"},\"query-input\":{\"@type\":\"PropertyValueSpecification\",\"valueRequired\":true,\"valueName\":\"search_term_string\"}}],\"inLanguage\":\"en-US\"}]}<\/script>","yoast_head_json":{"title":"Tips for optimising your storage space | Pelican Self Storage","robots":{"index":"index","follow":"follow","max-snippet":"max-snippet:-1","max-image-preview":"max-image-preview:large","max-video-preview":"max-video-preview:-1"},"canonical":"https:\/\/pelican.fi\/en\/tips-for-optimising-your-storage-space\/","og_locale":"en_US","og_type":"article","og_title":"Tips for optimising your storage space","og_description":"7 practical tips &#8211; how to get the most out of your storage space Find a storage Storage space is","og_url":"https:\/\/pelican.fi\/en\/tips-for-optimising-your-storage-space\/","og_site_name":"Pelican Self Storage","article_publisher":"https:\/\/www.facebook.com\/PelicanSelfStorageDenmark","article_modified_time":"2025-06-10T07:06:18+00:00","og_image":[{"url":"https:\/\/pelican.fi\/wp-content\/uploads\/2025\/06\/12-m2-scaled-1.jpg","type":"","width":"","height":""}],"twitter_card":"summary_large_image","twitter_misc":{"Est. reading time":"2 minutes"},"schema":{"@context":"https:\/\/schema.org","@graph":[{"@type":"WebPage","@id":"https:\/\/pelican.fi\/en\/tips-for-optimising-your-storage-space\/","url":"https:\/\/pelican.fi\/en\/tips-for-optimising-your-storage-space\/","name":"Tips for optimising your storage space | Pelican Self Storage","isPartOf":{"@id":"https:\/\/pelican.fi\/en\/#website"},"primaryImageOfPage":{"@id":"https:\/\/pelican.fi\/en\/tips-for-optimising-your-storage-space\/#primaryimage"},"image":{"@id":"https:\/\/pelican.fi\/en\/tips-for-optimising-your-storage-space\/#primaryimage"},"thumbnailUrl":"https:\/\/pelican.fi\/wp-content\/uploads\/2025\/06\/12-m2-scaled-1.jpg","datePublished":"2025-05-06T08:48:21+00:00","dateModified":"2025-06-10T07:06:18+00:00","breadcrumb":{"@id":"https:\/\/pelican.fi\/en\/tips-for-optimising-your-storage-space\/#breadcrumb"},"inLanguage":"en-US","potentialAction":[{"@type":"ReadAction","target":["https:\/\/pelican.fi\/en\/tips-for-optimising-your-storage-space\/"]}]},{"@type":"ImageObject","inLanguage":"en-US","@id":"https:\/\/pelican.fi\/en\/tips-for-optimising-your-storage-space\/#primaryimage","url":"https:\/\/pelican.fi\/wp-content\/uploads\/2025\/06\/12-m2-scaled-1.jpg","contentUrl":"https:\/\/pelican.fi\/wp-content\/uploads\/2025\/06\/12-m2-scaled-1.jpg"},{"@type":"BreadcrumbList","@id":"https:\/\/pelican.fi\/en\/tips-for-optimising-your-storage-space\/#breadcrumb","itemListElement":[{"@type":"ListItem","position":1,"name":"Home","item":"https:\/\/pelican.fi\/en\/"},{"@type":"ListItem","position":2,"name":"Tips for optimising your storage space"}]},{"@type":"WebSite","@id":"https:\/\/pelican.fi\/en\/#website","url":"https:\/\/pelican.fi\/en\/","name":"Vuokraa k\u00e4tev\u00e4 varasto","description":"Vuokraa varastotila Pelican Self Storagelta. Edulliset hinnat \u2714 Toimipisteet ymp\u00e4ri K\u00f6\u00f6penhaminaa \u2714 Varastotiloja eri kokoisina \u2714 Ilmainen per\u00e4k\u00e4rryn lainaus \u2714","potentialAction":[{"@type":"SearchAction","target":{"@type":"EntryPoint","urlTemplate":"https:\/\/pelican.fi\/en\/?s={search_term_string}"},"query-input":{"@type":"PropertyValueSpecification","valueRequired":true,"valueName":"search_term_string"}}],"inLanguage":"en-US"}]}},"_links":{"self":[{"href":"https:\/\/pelican.fi\/en\/wp-json\/wp\/v2\/pages\/16634","targetHints":{"allow":["GET"]}}],"collection":[{"href":"https:\/\/pelican.fi\/en\/wp-json\/wp\/v2\/pages"}],"about":[{"href":"https:\/\/pelican.fi\/en\/wp-json\/wp\/v2\/types\/page"}],"author":[{"embeddable":true,"href":"https:\/\/pelican.fi\/en\/wp-json\/wp\/v2\/users\/1"}],"replies":[{"embeddable":true,"href":"https:\/\/pelican.fi\/en\/wp-json\/wp\/v2\/comments?post=16634"}],"version-history":[{"count":1,"href":"https:\/\/pelican.fi\/en\/wp-json\/wp\/v2\/pages\/16634\/revisions"}],"predecessor-version":[{"id":16635,"href":"https:\/\/pelican.fi\/en\/wp-json\/wp\/v2\/pages\/16634\/revisions\/16635"}],"wp:attachment":[{"href":"https:\/\/pelican.fi\/en\/wp-json\/wp\/v2\/media?parent=16634"}],"curies":[{"name":"wp","href":"https:\/\/api.w.org\/{rel}","templated":true}]}}