{"id":16807,"date":"2025-06-10T14:22:36","date_gmt":"2025-06-10T11:22:36","guid":{"rendered":"https:\/\/pelican.fi\/english-copied-wine-storage-testing\/"},"modified":"2026-01-28T15:22:00","modified_gmt":"2026-01-28T13:22:00","slug":"wine-storage","status":"publish","type":"page","link":"https:\/\/pelican.fi\/en\/wine-storage\/","title":{"rendered":"Wine storage"},"content":{"rendered":"\t\t<div data-elementor-type=\"wp-page\" data-elementor-id=\"16807\" class=\"elementor elementor-16807 elementor-16794\" data-elementor-post-type=\"page\">\n\t\t\t\t<div class=\"wd-negative-gap elementor-element elementor-element-199472a e-flex e-con-boxed e-con e-parent\" data-id=\"199472a\" data-element_type=\"container\" data-e-type=\"container\">\n\t\t\t\t\t<div class=\"e-con-inner\">\n\t\t\t\t<div class=\"elementor-element elementor-element-b018c3f elementor-widget elementor-widget-heading\" data-id=\"b018c3f\" data-element_type=\"widget\" data-e-type=\"widget\" data-widget_type=\"heading.default\">\n\t\t\t\t<div class=\"elementor-widget-container\">\n\t\t\t\t\t<h2 class=\"elementor-heading-title elementor-size-default\">Store your wine safely with us!\n<\/h2>\t\t\t\t<\/div>\n\t\t\t\t<\/div>\n\t\t\t\t\t<\/div>\n\t\t\t\t<\/div>\n\t\t<div class=\"wd-negative-gap elementor-element elementor-element-cddd604 e-flex e-con-boxed e-con e-parent\" data-id=\"cddd604\" data-element_type=\"container\" data-e-type=\"container\">\n\t\t\t\t\t<div class=\"e-con-inner\">\n\t\t\t\t<div class=\"elementor-element elementor-element-8b46823 elementor-widget elementor-widget-wd_text_block\" data-id=\"8b46823\" data-element_type=\"widget\" data-e-type=\"widget\" data-widget_type=\"wd_text_block.default\">\n\t\t\t\t<div class=\"elementor-widget-container\">\n\t\t\t\t\t\t\t<div class=\"wd-text-block reset-last-child text-left\">\n\t\t\t\n\t\t\t<p>Storing wine is a precise task and truly an art form of its own.<br>Wine thrives best in a cool, calm place, protected from light. That\u2019s why it has been stored in wine cellars since ancient times. To mature and develop properly, wine needs just the right conditions.<br>Sometimes, the wine cabinet at home runs out of space. Whether you're a budding wine enthusiast or already have a larger collection, we\u2019re here to help. At Pelican in <a href=\"https:\/\/pelican.fi\/en\/?post_type=lokation&p=13750\">Tapiola<\/a> and <a href=\"https:\/\/pelican.fi\/en\/toolo\/\">T\u00f6\u00f6l\u00f6<\/a>, you\u2019ll find wine storage suitable for both hobbyists and professionals.     <\/p>\n\t\t\t\t\t<\/div>\n\t\t\t\t\t\t<\/div>\n\t\t\t\t<\/div>\n\t\t\t\t\t<\/div>\n\t\t\t\t<\/div>\n\t\t<div class=\"wd-negative-gap elementor-element elementor-element-6709716 e-flex e-con-boxed e-con e-parent\" data-id=\"6709716\" data-element_type=\"container\" data-e-type=\"container\">\n\t\t\t\t\t<div class=\"e-con-inner\">\n\t\t<div class=\"elementor-element elementor-element-fe609f8 e-con-full e-flex e-con e-child\" data-id=\"fe609f8\" data-element_type=\"container\" data-e-type=\"container\" data-settings=\"{&quot;background_background&quot;:&quot;classic&quot;}\">\n\t\t<div class=\"elementor-element elementor-element-bc49024 e-con-full e-flex e-con e-child\" data-id=\"bc49024\" data-element_type=\"container\" data-e-type=\"container\">\n\t\t\t\t<div class=\"elementor-element elementor-element-c454590 wd-width-100 elementor-widget elementor-widget-wd_title\" data-id=\"c454590\" data-element_type=\"widget\" data-e-type=\"widget\" data-widget_type=\"wd_title.default\">\n\t\t\t\t<div class=\"elementor-widget-container\">\n\t\t\t\t\t\t\t<div class=\"title-wrapper wd-set-mb reset-last-child wd-title-color-default wd-title-style-default wd-title-size-default text-left\">\n\n\t\t\t\n\t\t\t<div class=\"liner-continer\">\n\t\t\t\t<h4 class=\"woodmart-title-container title wd-fontsize-l\">Want to hear more?<\/h4> \n\t\t\t\t\t\t\t<\/div>\n\n\t\t\t\t\t\t\t<div class=\"title-after_title reset-last-child wd-fontsize-xs\">\n\t\t\t\t\t<p>Our staff will contact you!<\/p>\t\t\t\t<\/div>\n\t\t\t\t\t<\/div>\n\t\t\t\t\t\t<\/div>\n\t\t\t\t<\/div>\n\t\t<div class=\"elementor-element elementor-element-995d77c e-con-full e-flex e-con e-child\" data-id=\"995d77c\" data-element_type=\"container\" data-e-type=\"container\">\n\t\t\t\t<div class=\"elementor-element elementor-element-240e80f elementor-widget elementor-widget-button\" data-id=\"240e80f\" data-element_type=\"widget\" data-e-type=\"widget\" data-widget_type=\"button.default\">\n\t\t\t\t<div class=\"elementor-widget-container\">\n\t\t\t\t\t\t\t\t\t<div class=\"elementor-button-wrapper\">\n\t\t\t\t\t<a class=\"elementor-button elementor-button-link elementor-size-sm\" href=\"https:\/\/pelican.fi\/en\/contact-us\/\">\n\t\t\t\t\t\t<span class=\"elementor-button-content-wrapper\">\n\t\t\t\t\t\t\t\t\t<span class=\"elementor-button-text\">Leave your contact details here<\/span>\n\t\t\t\t\t<\/span>\n\t\t\t\t\t<\/a>\n\t\t\t\t<\/div>\n\t\t\t\t\t\t\t\t<\/div>\n\t\t\t\t<\/div>\n\t\t\t\t<\/div>\n\t\t\t\t<\/div>\n\t\t\t\t<\/div>\n\t\t\t\t\t<\/div>\n\t\t\t\t<\/div>\n\t\t<div class=\"wd-negative-gap elementor-element elementor-element-141296a e-flex e-con-boxed e-con e-parent\" data-id=\"141296a\" data-element_type=\"container\" data-e-type=\"container\">\n\t\t\t\t\t<div class=\"e-con-inner\">\n\t\t<div class=\"elementor-element elementor-element-3a94529 e-con-full e-flex e-con e-child\" data-id=\"3a94529\" data-element_type=\"container\" data-e-type=\"container\" data-settings=\"{&quot;background_background&quot;:&quot;classic&quot;}\">\n\t\t\t\t<div class=\"elementor-element elementor-element-9dc48f6 elementor-widget elementor-widget-image\" data-id=\"9dc48f6\" data-element_type=\"widget\" data-e-type=\"widget\" data-widget_type=\"image.default\">\n\t\t\t\t<div class=\"elementor-widget-container\">\n\t\t\t\t\t\t\t\t\t\t\t\t\t\t\t<img decoding=\"async\" src=\"https:\/\/pelican.fi\/wp-content\/uploads\/2025\/05\/vinfovaring.jpg\" title=\"Vinfovaring\" alt=\"Vinfovaring\" loading=\"lazy\" \/>\t\t\t\t\t\t\t\t\t\t\t\t\t\t\t<\/div>\n\t\t\t\t<\/div>\n\t\t\t\t<\/div>\n\t\t<div class=\"elementor-element elementor-element-32526d2 e-con-full e-flex e-con e-child\" data-id=\"32526d2\" data-element_type=\"container\" data-e-type=\"container\" data-settings=\"{&quot;background_background&quot;:&quot;classic&quot;}\">\n\t\t<div class=\"elementor-element elementor-element-76df65b e-con-full e-flex e-con e-child\" data-id=\"76df65b\" data-element_type=\"container\" data-e-type=\"container\">\n\t\t\t\t<div class=\"elementor-element elementor-element-b89f05f wd-width-100 elementor-widget elementor-widget-wd_title\" data-id=\"b89f05f\" data-element_type=\"widget\" data-e-type=\"widget\" data-widget_type=\"wd_title.default\">\n\t\t\t\t<div class=\"elementor-widget-container\">\n\t\t\t\t\t\t\t<div class=\"title-wrapper wd-set-mb reset-last-child wd-title-color-default wd-title-style-default wd-title-size-default text-left\">\n\n\t\t\t\n\t\t\t<div class=\"liner-continer\">\n\t\t\t\t<h4 class=\"woodmart-title-container title wd-fontsize-l\">Correct temperature and humidity<br \/>\n<\/h4> \n\t\t\t\t\t\t\t<\/div>\n\n\t\t\t\t\t\t\t<div class=\"title-after_title reset-last-child wd-fontsize-xs\">\n\t\t\t\t\t<p>Store your wine in our modern warehouse where we control the temperature (around 12 - 14 \u00b0C) around the clock. We also take care of the correct humidity.<br>All our wine cabinets are protected from light and built so that outsiders cannot see inside. You can \u201cdecorate\u201d your own space as you wish. Some people like to keep their bottles in a box, others on a shelf. How you store them determines how many bottles you can fit in your space. The sizes of the rooms start at just over half a square metre and go up to three square metres.     <\/p>\t\t\t\t<\/div>\n\t\t\t\t\t<\/div>\n\t\t\t\t\t\t<\/div>\n\t\t\t\t<\/div>\n\t\t\t\t<\/div>\n\t\t\t\t<\/div>\n\t\t\t\t\t<\/div>\n\t\t\t\t<\/div>\n\t\t<div class=\"wd-negative-gap elementor-element elementor-element-63b223f e-flex e-con-boxed e-con e-parent\" data-id=\"63b223f\" data-element_type=\"container\" data-e-type=\"container\">\n\t\t\t\t\t<div class=\"e-con-inner\">\n\t\t<div class=\"elementor-element elementor-element-899ac39 e-con-full e-flex e-con e-child\" data-id=\"899ac39\" data-element_type=\"container\" data-e-type=\"container\" data-settings=\"{&quot;background_background&quot;:&quot;classic&quot;}\">\n\t\t<div class=\"elementor-element elementor-element-0857f3c e-con-full e-flex e-con e-child\" data-id=\"0857f3c\" data-element_type=\"container\" data-e-type=\"container\">\n\t\t\t\t<div class=\"elementor-element elementor-element-10014d2 wd-width-100 elementor-widget elementor-widget-wd_title\" data-id=\"10014d2\" data-element_type=\"widget\" data-e-type=\"widget\" data-widget_type=\"wd_title.default\">\n\t\t\t\t<div class=\"elementor-widget-container\">\n\t\t\t\t\t\t\t<div class=\"title-wrapper wd-set-mb reset-last-child wd-title-color-default wd-title-style-default wd-title-size-default text-left\">\n\n\t\t\t\n\t\t\t<div class=\"liner-continer\">\n\t\t\t\t<h4 class=\"woodmart-title-container title wd-fontsize-l\">Safety and access<br \/>\n<\/h4> \n\t\t\t\t\t\t\t<\/div>\n\n\t\t\t\t\t\t\t<div class=\"title-after_title reset-last-child wd-fontsize-xs\">\n\t\t\t\t\t<p>We take care of the security of the wine storage. All entrances are video-surveilled and access to the wine storages is restricted to its customers only. <span style=\"font-size: 19.2px\">Thanks to our access control system, you can visit your storage any time of the year between 05.30 and 22.00, whenever it suits you. In addition, our contracts are flexible. There are no long notice periods and you can increase or decrease the size as required.<\/span><\/p><p>\u00a0<\/p>\t\t\t\t<\/div>\n\t\t\t\t\t<\/div>\n\t\t\t\t\t\t<\/div>\n\t\t\t\t<\/div>\n\t\t\t\t<\/div>\n\t\t\t\t<\/div>\n\t\t<div class=\"elementor-element elementor-element-2aff726 e-con-full e-flex e-con e-child\" data-id=\"2aff726\" data-element_type=\"container\" data-e-type=\"container\" data-settings=\"{&quot;background_background&quot;:&quot;classic&quot;}\">\n\t\t\t\t<div class=\"elementor-element elementor-element-f41b3d9 elementor-widget elementor-widget-image\" data-id=\"f41b3d9\" data-element_type=\"widget\" data-e-type=\"widget\" data-widget_type=\"image.default\">\n\t\t\t\t<div class=\"elementor-widget-container\">\n\t\t\t\t\t\t\t\t\t\t\t\t\t\t\t<img decoding=\"async\" src=\"https:\/\/pelican.fi\/wp-content\/uploads\/2025\/06\/Viinit.png\" title=\"Viinit\" alt=\"Viinit\" loading=\"lazy\" \/>\t\t\t\t\t\t\t\t\t\t\t\t\t\t\t<\/div>\n\t\t\t\t<\/div>\n\t\t\t\t<\/div>\n\t\t\t\t\t<\/div>\n\t\t\t\t<\/div>\n\t\t<div class=\"wd-negative-gap elementor-element elementor-element-aa4d10e e-flex e-con-boxed e-con e-parent\" data-id=\"aa4d10e\" data-element_type=\"container\" data-e-type=\"container\">\n\t\t\t\t\t<div class=\"e-con-inner\">\n\t\t<div class=\"elementor-element elementor-element-7e1ff9f e-con-full e-flex e-con e-child\" data-id=\"7e1ff9f\" data-element_type=\"container\" data-e-type=\"container\" data-settings=\"{&quot;background_background&quot;:&quot;classic&quot;}\">\n\t\t\t\t<div class=\"elementor-element elementor-element-30cd5fc elementor-widget elementor-widget-image\" data-id=\"30cd5fc\" data-element_type=\"widget\" data-e-type=\"widget\" data-widget_type=\"image.default\">\n\t\t\t\t<div class=\"elementor-widget-container\">\n\t\t\t\t\t\t\t\t\t\t\t\t\t\t\t<img decoding=\"async\" src=\"https:\/\/pelican.fi\/wp-content\/uploads\/2025\/05\/vinlagring.jpg\" title=\"Wine storage\" alt=\"Wine storage\" loading=\"lazy\" \/>\t\t\t\t\t\t\t\t\t\t\t\t\t\t\t<\/div>\n\t\t\t\t<\/div>\n\t\t\t\t<\/div>\n\t\t<div class=\"elementor-element elementor-element-0a12fe8 e-con-full e-flex e-con e-child\" data-id=\"0a12fe8\" data-element_type=\"container\" data-e-type=\"container\" data-settings=\"{&quot;background_background&quot;:&quot;classic&quot;}\">\n\t\t<div class=\"elementor-element elementor-element-e7bf8bb e-con-full e-flex e-con e-child\" data-id=\"e7bf8bb\" data-element_type=\"container\" data-e-type=\"container\">\n\t\t\t\t<div class=\"elementor-element elementor-element-1c180de wd-width-100 elementor-widget elementor-widget-wd_title\" data-id=\"1c180de\" data-element_type=\"widget\" data-e-type=\"widget\" data-widget_type=\"wd_title.default\">\n\t\t\t\t<div class=\"elementor-widget-container\">\n\t\t\t\t\t\t\t<div class=\"title-wrapper wd-set-mb reset-last-child wd-title-color-default wd-title-style-default wd-title-size-default text-left\">\n\n\t\t\t\n\t\t\t<div class=\"liner-continer\">\n\t\t\t\t<h4 class=\"woodmart-title-container title wd-fontsize-l\">Renting a wine storage unit is quick and easy!<br \/>\n<\/h4> \n\t\t\t\t\t\t\t<\/div>\n\n\t\t\t\t\t\t\t<div class=\"title-after_title reset-last-child wd-fontsize-xs\">\n\t\t\t\t\t<p>Wondering how much space you need or what kind of wine storage you want to choose? Our staff will be happy to help you choose just the right space. Wine storage and warehousing doesn't have to be complicated and we want to make it as easy as possible.    <a href=\"tel:0207007700\">Give us a call.<\/a>  Let's take a tour of the wine cellar and choose the right space for you together.<\/p>\t\t\t\t<\/div>\n\t\t\t\t\t<\/div>\n\t\t\t\t\t\t<\/div>\n\t\t\t\t<\/div>\n\t\t\t\t<\/div>\n\t\t\t\t<\/div>\n\t\t\t\t\t<\/div>\n\t\t\t\t<\/div>\n\t\t<div class=\"wd-negative-gap elementor-element elementor-element-a764624 e-flex e-con-boxed e-con e-parent\" data-id=\"a764624\" data-element_type=\"container\" data-e-type=\"container\">\n\t\t\t\t\t<div class=\"e-con-inner\">\n\t\t\t\t<div class=\"elementor-element elementor-element-237fa63 elementor-widget elementor-widget-wd_text_block\" data-id=\"237fa63\" data-element_type=\"widget\" data-e-type=\"widget\" data-widget_type=\"wd_text_block.default\">\n\t\t\t\t<div class=\"elementor-widget-container\">\n\t\t\t\t\t\t\t<div class=\"wd-text-block reset-last-child text-left\">\n\t\t\t\n\t\t\t<h2 style=\"color: #008000;\">When wines are a passion<\/h2><p>Many people dream of having their very own wine cellar to add luxury to their everyday life. For practical reasons, however, it's not always at the top of the list when looking for a new home. At Pelican, we think storage doesn't have to get in the way of a great hobby, and you shouldn't either. We're easy to get to by public transport, so you don't have to find a parking space for your car. So you can add to your collection with French souvenirs, or pop into the warehouse for a bottle of fine wine when you want to treat yourself. Appreciating wine doesn't have to be expensive or a hassle. Pelican's wine stock is proof of that.      <\/p><p>Why Pelican?<br>When you store your wine with us, you get the following benefits:<br>- Modern temperature-controlled wine storage. 12 - 14 \u00b0C<br>- Wine storage space tailored to your wishes and needs<br>- Camera and access control 24\/7<br>- Access every day from 05.30 - 22.00<br>- Customer service on weekdays from 10.00 - 18.00 and Sat from 10.00 - 14.00 <\/p><p>A flexible solution<\/p><p>As with all the services we offer, we are flexible to meet your needs. We offer wine storage spaces from 0.5 to 3 m2. All facilities are modern and temperature-controlled. This ensures that your wines are kept in top quality. They are also safe thanks to our 24\/7 monitoring system. As always at Pelican, you can change the storage size according to your needs and we also have no long commitment period. If you are not sure how much space you need, please contact us and our staff will be happy to help you.      <\/p><p>A warm welcome!<\/p>\n\t\t\t\t\t<\/div>\n\t\t\t\t\t\t<\/div>\n\t\t\t\t<\/div>\n\t\t\t\t\t<\/div>\n\t\t\t\t<\/div>\n\t\t\t\t<\/div>\n\t\t","protected":false},"excerpt":{"rendered":"<p>Store your wine safely with us! Storing wine is a precise task and truly an art form of its own.Wine<\/p>\n","protected":false},"author":9,"featured_media":0,"parent":0,"menu_order":0,"comment_status":"closed","ping_status":"closed","template":"elementor_header_footer","meta":{"_acf_changed":false,"inline_featured_image":false,"_lmt_disableupdate":"no","_lmt_disable":"","footnotes":""},"class_list":["post-16807","page","type-page","status-publish","hentry"],"acf":[],"yoast_head":"<title>Wine storage | Pelican Self Storage<\/title>\n<meta name=\"robots\" content=\"index, follow, max-snippet:-1, max-image-preview:large, max-video-preview:-1\" \/>\n<link rel=\"canonical\" href=\"https:\/\/pelican.fi\/en\/wine-storage\/\" \/>\n<meta property=\"og:locale\" content=\"en_US\" \/>\n<meta property=\"og:type\" content=\"article\" \/>\n<meta property=\"og:title\" content=\"Wine storage\" \/>\n<meta property=\"og:description\" content=\"Store your wine safely with us! Storing wine is a precise task and truly an art form of its own.Wine\" \/>\n<meta property=\"og:url\" content=\"https:\/\/pelican.fi\/en\/wine-storage\/\" \/>\n<meta property=\"og:site_name\" content=\"Pelican Self Storage\" \/>\n<meta property=\"article:publisher\" content=\"https:\/\/www.facebook.com\/PelicanSelfStorageDenmark\" \/>\n<meta property=\"article:modified_time\" content=\"2026-01-28T13:22:00+00:00\" \/>\n<meta property=\"og:image\" content=\"https:\/\/pelican.fi\/wp-content\/uploads\/2025\/05\/vinfovaring.jpg\" \/>\n<meta name=\"twitter:card\" content=\"summary_large_image\" \/>\n<meta name=\"twitter:label1\" content=\"Est. reading time\" \/>\n\t<meta name=\"twitter:data1\" content=\"4 minutes\" \/>\n<script type=\"application\/ld+json\" class=\"yoast-schema-graph\">{\"@context\":\"https:\/\/schema.org\",\"@graph\":[{\"@type\":\"WebPage\",\"@id\":\"https:\/\/pelican.fi\/en\/wine-storage\/\",\"url\":\"https:\/\/pelican.fi\/en\/wine-storage\/\",\"name\":\"Wine storage | Pelican Self Storage\",\"isPartOf\":{\"@id\":\"https:\/\/pelican.fi\/en\/#website\"},\"primaryImageOfPage\":{\"@id\":\"https:\/\/pelican.fi\/en\/wine-storage\/#primaryimage\"},\"image\":{\"@id\":\"https:\/\/pelican.fi\/en\/wine-storage\/#primaryimage\"},\"thumbnailUrl\":\"https:\/\/pelican.fi\/wp-content\/uploads\/2025\/05\/vinfovaring.jpg\",\"datePublished\":\"2025-06-10T11:22:36+00:00\",\"dateModified\":\"2026-01-28T13:22:00+00:00\",\"breadcrumb\":{\"@id\":\"https:\/\/pelican.fi\/en\/wine-storage\/#breadcrumb\"},\"inLanguage\":\"en-US\",\"potentialAction\":[{\"@type\":\"ReadAction\",\"target\":[\"https:\/\/pelican.fi\/en\/wine-storage\/\"]}]},{\"@type\":\"ImageObject\",\"inLanguage\":\"en-US\",\"@id\":\"https:\/\/pelican.fi\/en\/wine-storage\/#primaryimage\",\"url\":\"https:\/\/pelican.fi\/wp-content\/uploads\/2025\/05\/vinfovaring.jpg\",\"contentUrl\":\"https:\/\/pelican.fi\/wp-content\/uploads\/2025\/05\/vinfovaring.jpg\"},{\"@type\":\"BreadcrumbList\",\"@id\":\"https:\/\/pelican.fi\/en\/wine-storage\/#breadcrumb\",\"itemListElement\":[{\"@type\":\"ListItem\",\"position\":1,\"name\":\"Home\",\"item\":\"https:\/\/pelican.fi\/en\/\"},{\"@type\":\"ListItem\",\"position\":2,\"name\":\"Wine storage\"}]},{\"@type\":\"WebSite\",\"@id\":\"https:\/\/pelican.fi\/en\/#website\",\"url\":\"https:\/\/pelican.fi\/en\/\",\"name\":\"Vuokraa k\u00e4tev\u00e4 varasto\",\"description\":\"Vuokraa varastotila Pelican Self Storagelta. Edulliset hinnat \u2714 Toimipisteet ymp\u00e4ri K\u00f6\u00f6penhaminaa \u2714 Varastotiloja eri kokoisina \u2714 Ilmainen per\u00e4k\u00e4rryn lainaus \u2714\",\"potentialAction\":[{\"@type\":\"SearchAction\",\"target\":{\"@type\":\"EntryPoint\",\"urlTemplate\":\"https:\/\/pelican.fi\/en\/?s={search_term_string}\"},\"query-input\":{\"@type\":\"PropertyValueSpecification\",\"valueRequired\":true,\"valueName\":\"search_term_string\"}}],\"inLanguage\":\"en-US\"}]}<\/script>","yoast_head_json":{"title":"Wine storage | Pelican Self Storage","robots":{"index":"index","follow":"follow","max-snippet":"max-snippet:-1","max-image-preview":"max-image-preview:large","max-video-preview":"max-video-preview:-1"},"canonical":"https:\/\/pelican.fi\/en\/wine-storage\/","og_locale":"en_US","og_type":"article","og_title":"Wine storage","og_description":"Store your wine safely with us! Storing wine is a precise task and truly an art form of its own.Wine","og_url":"https:\/\/pelican.fi\/en\/wine-storage\/","og_site_name":"Pelican Self Storage","article_publisher":"https:\/\/www.facebook.com\/PelicanSelfStorageDenmark","article_modified_time":"2026-01-28T13:22:00+00:00","og_image":[{"url":"https:\/\/pelican.fi\/wp-content\/uploads\/2025\/05\/vinfovaring.jpg","type":"","width":"","height":""}],"twitter_card":"summary_large_image","twitter_misc":{"Est. reading time":"4 minutes"},"schema":{"@context":"https:\/\/schema.org","@graph":[{"@type":"WebPage","@id":"https:\/\/pelican.fi\/en\/wine-storage\/","url":"https:\/\/pelican.fi\/en\/wine-storage\/","name":"Wine storage | Pelican Self Storage","isPartOf":{"@id":"https:\/\/pelican.fi\/en\/#website"},"primaryImageOfPage":{"@id":"https:\/\/pelican.fi\/en\/wine-storage\/#primaryimage"},"image":{"@id":"https:\/\/pelican.fi\/en\/wine-storage\/#primaryimage"},"thumbnailUrl":"https:\/\/pelican.fi\/wp-content\/uploads\/2025\/05\/vinfovaring.jpg","datePublished":"2025-06-10T11:22:36+00:00","dateModified":"2026-01-28T13:22:00+00:00","breadcrumb":{"@id":"https:\/\/pelican.fi\/en\/wine-storage\/#breadcrumb"},"inLanguage":"en-US","potentialAction":[{"@type":"ReadAction","target":["https:\/\/pelican.fi\/en\/wine-storage\/"]}]},{"@type":"ImageObject","inLanguage":"en-US","@id":"https:\/\/pelican.fi\/en\/wine-storage\/#primaryimage","url":"https:\/\/pelican.fi\/wp-content\/uploads\/2025\/05\/vinfovaring.jpg","contentUrl":"https:\/\/pelican.fi\/wp-content\/uploads\/2025\/05\/vinfovaring.jpg"},{"@type":"BreadcrumbList","@id":"https:\/\/pelican.fi\/en\/wine-storage\/#breadcrumb","itemListElement":[{"@type":"ListItem","position":1,"name":"Home","item":"https:\/\/pelican.fi\/en\/"},{"@type":"ListItem","position":2,"name":"Wine storage"}]},{"@type":"WebSite","@id":"https:\/\/pelican.fi\/en\/#website","url":"https:\/\/pelican.fi\/en\/","name":"Vuokraa k\u00e4tev\u00e4 varasto","description":"Vuokraa varastotila Pelican Self Storagelta. Edulliset hinnat \u2714 Toimipisteet ymp\u00e4ri K\u00f6\u00f6penhaminaa \u2714 Varastotiloja eri kokoisina \u2714 Ilmainen per\u00e4k\u00e4rryn lainaus \u2714","potentialAction":[{"@type":"SearchAction","target":{"@type":"EntryPoint","urlTemplate":"https:\/\/pelican.fi\/en\/?s={search_term_string}"},"query-input":{"@type":"PropertyValueSpecification","valueRequired":true,"valueName":"search_term_string"}}],"inLanguage":"en-US"}]}},"_links":{"self":[{"href":"https:\/\/pelican.fi\/en\/wp-json\/wp\/v2\/pages\/16807","targetHints":{"allow":["GET"]}}],"collection":[{"href":"https:\/\/pelican.fi\/en\/wp-json\/wp\/v2\/pages"}],"about":[{"href":"https:\/\/pelican.fi\/en\/wp-json\/wp\/v2\/types\/page"}],"author":[{"embeddable":true,"href":"https:\/\/pelican.fi\/en\/wp-json\/wp\/v2\/users\/9"}],"replies":[{"embeddable":true,"href":"https:\/\/pelican.fi\/en\/wp-json\/wp\/v2\/comments?post=16807"}],"version-history":[{"count":7,"href":"https:\/\/pelican.fi\/en\/wp-json\/wp\/v2\/pages\/16807\/revisions"}],"predecessor-version":[{"id":23072,"href":"https:\/\/pelican.fi\/en\/wp-json\/wp\/v2\/pages\/16807\/revisions\/23072"}],"wp:attachment":[{"href":"https:\/\/pelican.fi\/en\/wp-json\/wp\/v2\/media?parent=16807"}],"curies":[{"name":"wp","href":"https:\/\/api.w.org\/{rel}","templated":true}]}}