{"id":16813,"date":"2025-05-06T10:49:18","date_gmt":"2025-05-06T07:49:18","guid":{"rendered":"https:\/\/pelican.fi\/why-choose-pelican-fordelar-hos-pelican-translated-english-not-done\/"},"modified":"2025-06-24T12:02:55","modified_gmt":"2025-06-24T09:02:55","slug":"why-choose-pelican","status":"publish","type":"page","link":"https:\/\/pelican.fi\/en\/why-choose-pelican\/","title":{"rendered":"Why choose Pelican"},"content":{"rendered":"\t\t<div data-elementor-type=\"wp-page\" data-elementor-id=\"16813\" class=\"elementor elementor-16813 elementor-11409\" data-elementor-post-type=\"page\">\n\t\t\t\t<div class=\"wd-negative-gap elementor-element elementor-element-4ef0044 e-flex e-con-boxed e-con e-parent\" data-id=\"4ef0044\" data-element_type=\"container\" data-e-type=\"container\" data-settings=\"{&quot;background_background&quot;:&quot;classic&quot;}\">\n\t\t\t\t\t<div class=\"e-con-inner\">\n\t\t<div class=\"elementor-element elementor-element-e7f513b e-con-full e-flex e-con e-child\" data-id=\"e7f513b\" data-element_type=\"container\" data-e-type=\"container\">\n\t\t<div class=\"elementor-element elementor-element-cfa06ec e-con-full e-flex e-con e-child\" data-id=\"cfa06ec\" data-element_type=\"container\" data-e-type=\"container\" data-settings=\"{&quot;background_background&quot;:&quot;classic&quot;}\">\n\t\t<div class=\"elementor-element elementor-element-e7bb8f9 e-con-full e-flex e-con e-child\" data-id=\"e7bb8f9\" data-element_type=\"container\" data-e-type=\"container\">\n\t\t\t\t<div class=\"elementor-element elementor-element-0c68d64 wd-width-100 elementor-widget elementor-widget-wd_title\" data-id=\"0c68d64\" data-element_type=\"widget\" data-e-type=\"widget\" data-widget_type=\"wd_title.default\">\n\t\t\t\t<div class=\"elementor-widget-container\">\n\t\t\t\t\t\t\t<div class=\"title-wrapper wd-set-mb reset-last-child wd-title-color-default wd-title-style-default wd-title-size-medium text-left\">\n\n\t\t\t\n\t\t\t<div class=\"liner-continer\">\n\t\t\t\t<h4 class=\"woodmart-title-container title wd-fontsize-xl\"><\/h4> \n\t\t\t\t\t\t\t<\/div>\n\n\t\t\t\t\t\t\t<div class=\"title-after_title reset-last-child wd-fontsize-s\">\n\t\t\t\t\t <h1>Why choose Pelican?<\/h1><p><span style=\"color: #008000\"><strong>Personalised service:<\/strong><\/span> Are you unsure about the size of your storage or other practical details? We're here to help you find the right solution at the right price. <\/p><p><span style=\"color: #008000\"><strong>Top-quality storage facilities:<\/strong><span style=\"color: #000000\"> The premises must be clean and pleasant. That\u2019s why we offer only high-quality storage spaces. We regularly inspect our locations to ensure they meet high quality standards.  <\/span><\/span><\/p><p><strong><span style=\"color: #008000\">Heating and ventilation:<\/span> <\/strong>Moisture is one of the biggest causes of mould and fungal growth in stored goods that are not kept dry and warm. This is why all Pelican storages are equipped with heating and ventilation to keep your items in the same condition. <\/p> \t\t\t\t<\/div>\n\t\t\t\t\t<\/div>\n\t\t\t\t\t\t<\/div>\n\t\t\t\t<\/div>\n\t\t\t\t<\/div>\n\t\t\t\t<\/div>\n\t\t\t\t<\/div>\n\t\t<div class=\"elementor-element elementor-element-cc06fc4 e-con-full e-flex e-con e-child\" data-id=\"cc06fc4\" data-element_type=\"container\" data-e-type=\"container\">\n\t\t\t\t<div class=\"elementor-element elementor-element-c637a60 elementor-widget elementor-widget-image\" data-id=\"c637a60\" data-element_type=\"widget\" data-e-type=\"widget\" data-widget_type=\"image.default\">\n\t\t\t\t<div class=\"elementor-widget-container\">\n\t\t\t\t\t\t\t\t\t\t\t\t\t\t\t<img loading=\"lazy\" decoding=\"async\" width=\"1024\" height=\"683\" src=\"https:\/\/pelican.fi\/wp-content\/uploads\/2025\/04\/Service1-1024x683.jpg\" class=\"attachment-large size-large wp-image-12379\" alt=\"\" srcset=\"https:\/\/pelican.fi\/wp-content\/uploads\/2025\/04\/Service1-1024x683.jpg 1024w, https:\/\/pelican.fi\/wp-content\/uploads\/2025\/04\/Service1-300x200.jpg 300w, https:\/\/pelican.fi\/wp-content\/uploads\/2025\/04\/Service1-768x512.jpg 768w, https:\/\/pelican.fi\/wp-content\/uploads\/2025\/04\/Service1-150x100.jpg 150w, https:\/\/pelican.fi\/wp-content\/uploads\/2025\/04\/Service1.jpg 1200w\" sizes=\"auto, (max-width: 1024px) 100vw, 1024px\" \/>\t\t\t\t\t\t\t\t\t\t\t\t\t\t\t<\/div>\n\t\t\t\t<\/div>\n\t\t\t\t<\/div>\n\t\t\t\t\t<\/div>\n\t\t\t\t<\/div>\n\t\t<div class=\"wd-negative-gap elementor-element elementor-element-c1e1e54 e-flex e-con-boxed e-con e-parent\" data-id=\"c1e1e54\" data-element_type=\"container\" data-e-type=\"container\">\n\t\t\t\t\t<div class=\"e-con-inner\">\n\t\t<div class=\"elementor-element elementor-element-b6b935a e-con-full e-flex e-con e-child\" data-id=\"b6b935a\" data-element_type=\"container\" data-e-type=\"container\">\n\t\t\t\t<div class=\"elementor-element elementor-element-abe685b elementor-widget elementor-widget-image\" data-id=\"abe685b\" data-element_type=\"widget\" data-e-type=\"widget\" data-widget_type=\"image.default\">\n\t\t\t\t<div class=\"elementor-widget-container\">\n\t\t\t\t\t\t\t\t\t\t\t\t\t\t\t<img loading=\"lazy\" decoding=\"async\" width=\"2048\" height=\"1536\" src=\"https:\/\/pelican.fi\/wp-content\/uploads\/2025\/06\/9606bd4c-4be7-43d8-9653-0a79737838e2.jpg\" class=\"attachment-full size-full wp-image-15516\" alt=\"\" srcset=\"https:\/\/pelican.fi\/wp-content\/uploads\/2025\/06\/9606bd4c-4be7-43d8-9653-0a79737838e2.jpg 2048w, https:\/\/pelican.fi\/wp-content\/uploads\/2025\/06\/9606bd4c-4be7-43d8-9653-0a79737838e2-300x225.jpg 300w, https:\/\/pelican.fi\/wp-content\/uploads\/2025\/06\/9606bd4c-4be7-43d8-9653-0a79737838e2-1024x768.jpg 1024w, https:\/\/pelican.fi\/wp-content\/uploads\/2025\/06\/9606bd4c-4be7-43d8-9653-0a79737838e2-768x576.jpg 768w, https:\/\/pelican.fi\/wp-content\/uploads\/2025\/06\/9606bd4c-4be7-43d8-9653-0a79737838e2-1536x1152.jpg 1536w, https:\/\/pelican.fi\/wp-content\/uploads\/2025\/06\/9606bd4c-4be7-43d8-9653-0a79737838e2-1200x900.jpg 1200w, https:\/\/pelican.fi\/wp-content\/uploads\/2025\/06\/9606bd4c-4be7-43d8-9653-0a79737838e2-150x113.jpg 150w\" sizes=\"auto, (max-width: 2048px) 100vw, 2048px\" \/>\t\t\t\t\t\t\t\t\t\t\t\t\t\t\t<\/div>\n\t\t\t\t<\/div>\n\t\t\t\t<\/div>\n\t\t<div class=\"elementor-element elementor-element-84e8493 e-con-full e-flex e-con e-child\" data-id=\"84e8493\" data-element_type=\"container\" data-e-type=\"container\" data-settings=\"{&quot;background_background&quot;:&quot;classic&quot;}\">\n\t\t<div class=\"elementor-element elementor-element-18d3006 e-con-full e-flex e-con e-child\" data-id=\"18d3006\" data-element_type=\"container\" data-e-type=\"container\">\n\t\t\t\t<div class=\"elementor-element elementor-element-a26b5a7 wd-width-100 elementor-widget elementor-widget-wd_title\" data-id=\"a26b5a7\" data-element_type=\"widget\" data-e-type=\"widget\" data-widget_type=\"wd_title.default\">\n\t\t\t\t<div class=\"elementor-widget-container\">\n\t\t\t\t\t\t\t<div class=\"title-wrapper wd-set-mb reset-last-child wd-title-color-default wd-title-style-default wd-title-size-medium text-left\">\n\n\t\t\t\n\t\t\t<div class=\"liner-continer\">\n\t\t\t\t<h4 class=\"woodmart-title-container title wd-fontsize-xl\"><\/h4> \n\t\t\t\t\t\t\t<\/div>\n\n\t\t\t\t\t\t\t<div class=\"title-after_title reset-last-child wd-fontsize-s\">\n\t\t\t\t\t<p><span style=\"color: #008000\"><strong>Security:<\/strong><\/span> We will do everything we can to keep your property safe. That's why all our offices are video-monitored and only accessible with a personal access badge. Naturally, only you have access to your own storage.  <\/p><p><span style=\"color: #008000\"><strong>Free trailer:<\/strong><\/span> If your car has a trailer hitch, we have a trailer ready for you. You can reserve a trolley for free. For more information, <a href=\"https:\/\/pelican.fi\/en\/borrow-a-trailer-for-free\/\">click here.<\/a>   <\/p><p><span style=\"color: #008000\"><strong>Free parking:<\/strong><\/span> All our guests can park for free on Pelican's premises when visiting your storage.<\/p><p><strong><span style=\"color: #008000\">Reliable moving services:<\/span> <\/strong>Pelican works with reliable moving companies and can help you find the best moving partner at a competitive price.<\/p>\t\t\t\t<\/div>\n\t\t\t\t\t<\/div>\n\t\t\t\t\t\t<\/div>\n\t\t\t\t<\/div>\n\t\t\t\t<\/div>\n\t\t\t\t<\/div>\n\t\t\t\t\t<\/div>\n\t\t\t\t<\/div>\n\t\t<div class=\"wd-negative-gap elementor-element elementor-element-e4ee4a4 e-flex e-con-boxed e-con e-parent\" data-id=\"e4ee4a4\" data-element_type=\"container\" data-e-type=\"container\" data-settings=\"{&quot;background_background&quot;:&quot;classic&quot;}\">\n\t\t\t\t\t<div class=\"e-con-inner\">\n\t\t<div class=\"elementor-element elementor-element-0945351 e-con-full e-flex e-con e-child\" data-id=\"0945351\" data-element_type=\"container\" data-e-type=\"container\">\n\t\t<div class=\"elementor-element elementor-element-4d32434 e-con-full e-flex e-con e-child\" data-id=\"4d32434\" data-element_type=\"container\" data-e-type=\"container\" data-settings=\"{&quot;background_background&quot;:&quot;classic&quot;}\">\n\t\t<div class=\"elementor-element elementor-element-2fb984d e-con-full e-flex e-con e-child\" data-id=\"2fb984d\" data-element_type=\"container\" data-e-type=\"container\">\n\t\t\t\t<div class=\"elementor-element elementor-element-64da6a0 wd-width-100 elementor-widget elementor-widget-wd_title\" data-id=\"64da6a0\" data-element_type=\"widget\" data-e-type=\"widget\" data-widget_type=\"wd_title.default\">\n\t\t\t\t<div class=\"elementor-widget-container\">\n\t\t\t\t\t\t\t<div class=\"title-wrapper wd-set-mb reset-last-child wd-title-color-default wd-title-style-default wd-title-size-medium text-left\">\n\n\t\t\t\n\t\t\t<div class=\"liner-continer\">\n\t\t\t\t<h4 class=\"woodmart-title-container title wd-fontsize-xl\"><\/h4> \n\t\t\t\t\t\t\t<\/div>\n\n\t\t\t\t\t\t\t<div class=\"title-after_title reset-last-child wd-fontsize-s\">\n\t\t\t\t\t<p><span style=\"color: #008000\"><strong>Dismissal:<\/strong><\/span> Your needs can change quickly, so don't tie yourself down for longer than necessary. You can terminate your contract before the 15th of the month and move out on the last day of the same month.  <\/p><p><strong><span style=\"color: #008000\">Flexibility:<\/span><\/strong> You can also easily increase or decrease the size of your warehouse at any time, at no extra cost.<\/p><p><span style=\"color: #008000\"><strong>Security - we offer the safest storage solution on the market<\/strong><\/span>: We offer the safest storage solution on the market: staffed at least five days a week, with the services of a security company and round-the-clock video surveillance with smart cameras - both indoors and outdoors. You don't have to feel insecure. <\/p><p>Find your nearest <a href=\"https:\/\/pelican.fi\/en\/our-locations\/\">site<\/a> and contact us - we'll find a solution that meets your needs.<\/p>\t\t\t\t<\/div>\n\t\t\t\t\t<\/div>\n\t\t\t\t\t\t<\/div>\n\t\t\t\t<\/div>\n\t\t\t\t<\/div>\n\t\t\t\t<\/div>\n\t\t\t\t<\/div>\n\t\t<div class=\"elementor-element elementor-element-158b56b e-con-full e-flex e-con e-child\" data-id=\"158b56b\" data-element_type=\"container\" data-e-type=\"container\">\n\t\t\t\t<div class=\"elementor-element elementor-element-0b8ca8f elementor-widget elementor-widget-image\" data-id=\"0b8ca8f\" data-element_type=\"widget\" data-e-type=\"widget\" data-widget_type=\"image.default\">\n\t\t\t\t<div class=\"elementor-widget-container\">\n\t\t\t\t\t\t\t\t\t\t\t\t\t\t\t<img loading=\"lazy\" decoding=\"async\" width=\"1024\" height=\"668\" src=\"https:\/\/pelican.fi\/wp-content\/uploads\/2025\/04\/Rum-6220-1024x668.png\" class=\"attachment-large size-large wp-image-12385\" alt=\"\" srcset=\"https:\/\/pelican.fi\/wp-content\/uploads\/2025\/04\/Rum-6220-1024x668.png 1024w, https:\/\/pelican.fi\/wp-content\/uploads\/2025\/04\/Rum-6220-300x196.png 300w, https:\/\/pelican.fi\/wp-content\/uploads\/2025\/04\/Rum-6220-768x501.png 768w, https:\/\/pelican.fi\/wp-content\/uploads\/2025\/04\/Rum-6220-1536x1003.png 1536w, https:\/\/pelican.fi\/wp-content\/uploads\/2025\/04\/Rum-6220-2048x1337.png 2048w, https:\/\/pelican.fi\/wp-content\/uploads\/2025\/04\/Rum-6220-1200x783.png 1200w, https:\/\/pelican.fi\/wp-content\/uploads\/2025\/04\/Rum-6220-150x98.png 150w\" sizes=\"auto, (max-width: 1024px) 100vw, 1024px\" \/>\t\t\t\t\t\t\t\t\t\t\t\t\t\t\t<\/div>\n\t\t\t\t<\/div>\n\t\t\t\t<\/div>\n\t\t\t\t\t<\/div>\n\t\t\t\t<\/div>\n\t\t\t\t<\/div>\n\t\t","protected":false},"excerpt":{"rendered":"<p>Why choose Pelican? Personalised service: Are you unsure about the size of your storage or other practical details? We&#8217;re here<\/p>\n","protected":false},"author":9,"featured_media":0,"parent":0,"menu_order":0,"comment_status":"closed","ping_status":"closed","template":"elementor_header_footer","meta":{"_acf_changed":false,"inline_featured_image":false,"_lmt_disableupdate":"no","_lmt_disable":"","footnotes":""},"class_list":["post-16813","page","type-page","status-publish","hentry"],"acf":[],"yoast_head":"<title>Why choose Pelican | Pelican Self Storage<\/title>\n<meta name=\"robots\" content=\"index, follow, max-snippet:-1, max-image-preview:large, max-video-preview:-1\" \/>\n<link rel=\"canonical\" href=\"https:\/\/pelican.fi\/en\/why-choose-pelican\/\" \/>\n<meta property=\"og:locale\" content=\"en_US\" \/>\n<meta property=\"og:type\" content=\"article\" \/>\n<meta property=\"og:title\" content=\"Why choose Pelican\" \/>\n<meta property=\"og:description\" content=\"Why choose Pelican? Personalised service: Are you unsure about the size of your storage or other practical details? We&#8217;re here\" \/>\n<meta property=\"og:url\" content=\"https:\/\/pelican.fi\/en\/why-choose-pelican\/\" \/>\n<meta property=\"og:site_name\" content=\"Pelican Self Storage\" \/>\n<meta property=\"article:publisher\" content=\"https:\/\/www.facebook.com\/PelicanSelfStorageDenmark\" \/>\n<meta property=\"article:modified_time\" content=\"2025-06-24T09:02:55+00:00\" \/>\n<meta property=\"og:image\" content=\"https:\/\/pelican.fi\/wp-content\/uploads\/2025\/04\/Service1.jpg\" \/>\n\t<meta property=\"og:image:width\" content=\"1200\" \/>\n\t<meta property=\"og:image:height\" content=\"800\" \/>\n\t<meta property=\"og:image:type\" content=\"image\/jpeg\" \/>\n<meta name=\"twitter:card\" content=\"summary_large_image\" \/>\n<meta name=\"twitter:label1\" content=\"Est. reading time\" \/>\n\t<meta name=\"twitter:data1\" content=\"2 minutes\" \/>\n<script type=\"application\/ld+json\" class=\"yoast-schema-graph\">{\"@context\":\"https:\/\/schema.org\",\"@graph\":[{\"@type\":\"WebPage\",\"@id\":\"https:\/\/pelican.fi\/en\/why-choose-pelican\/\",\"url\":\"https:\/\/pelican.fi\/en\/why-choose-pelican\/\",\"name\":\"Why choose Pelican | Pelican Self Storage\",\"isPartOf\":{\"@id\":\"https:\/\/pelican.fi\/en\/#website\"},\"primaryImageOfPage\":{\"@id\":\"https:\/\/pelican.fi\/en\/why-choose-pelican\/#primaryimage\"},\"image\":{\"@id\":\"https:\/\/pelican.fi\/en\/why-choose-pelican\/#primaryimage\"},\"thumbnailUrl\":\"https:\/\/pelican.fi\/wp-content\/uploads\/2025\/04\/Service1-1024x683.jpg\",\"datePublished\":\"2025-05-06T07:49:18+00:00\",\"dateModified\":\"2025-06-24T09:02:55+00:00\",\"breadcrumb\":{\"@id\":\"https:\/\/pelican.fi\/en\/why-choose-pelican\/#breadcrumb\"},\"inLanguage\":\"en-US\",\"potentialAction\":[{\"@type\":\"ReadAction\",\"target\":[\"https:\/\/pelican.fi\/en\/why-choose-pelican\/\"]}]},{\"@type\":\"ImageObject\",\"inLanguage\":\"en-US\",\"@id\":\"https:\/\/pelican.fi\/en\/why-choose-pelican\/#primaryimage\",\"url\":\"https:\/\/pelican.fi\/wp-content\/uploads\/2025\/04\/Service1-1024x683.jpg\",\"contentUrl\":\"https:\/\/pelican.fi\/wp-content\/uploads\/2025\/04\/Service1-1024x683.jpg\"},{\"@type\":\"BreadcrumbList\",\"@id\":\"https:\/\/pelican.fi\/en\/why-choose-pelican\/#breadcrumb\",\"itemListElement\":[{\"@type\":\"ListItem\",\"position\":1,\"name\":\"Home\",\"item\":\"https:\/\/pelican.fi\/en\/\"},{\"@type\":\"ListItem\",\"position\":2,\"name\":\"Why choose Pelican\"}]},{\"@type\":\"WebSite\",\"@id\":\"https:\/\/pelican.fi\/en\/#website\",\"url\":\"https:\/\/pelican.fi\/en\/\",\"name\":\"Vuokraa k\u00e4tev\u00e4 varasto\",\"description\":\"Vuokraa varastotila Pelican Self Storagelta. Edulliset hinnat \u2714 Toimipisteet ymp\u00e4ri K\u00f6\u00f6penhaminaa \u2714 Varastotiloja eri kokoisina \u2714 Ilmainen per\u00e4k\u00e4rryn lainaus \u2714\",\"potentialAction\":[{\"@type\":\"SearchAction\",\"target\":{\"@type\":\"EntryPoint\",\"urlTemplate\":\"https:\/\/pelican.fi\/en\/?s={search_term_string}\"},\"query-input\":{\"@type\":\"PropertyValueSpecification\",\"valueRequired\":true,\"valueName\":\"search_term_string\"}}],\"inLanguage\":\"en-US\"}]}<\/script>","yoast_head_json":{"title":"Why choose Pelican | Pelican Self Storage","robots":{"index":"index","follow":"follow","max-snippet":"max-snippet:-1","max-image-preview":"max-image-preview:large","max-video-preview":"max-video-preview:-1"},"canonical":"https:\/\/pelican.fi\/en\/why-choose-pelican\/","og_locale":"en_US","og_type":"article","og_title":"Why choose Pelican","og_description":"Why choose Pelican? Personalised service: Are you unsure about the size of your storage or other practical details? We&#8217;re here","og_url":"https:\/\/pelican.fi\/en\/why-choose-pelican\/","og_site_name":"Pelican Self Storage","article_publisher":"https:\/\/www.facebook.com\/PelicanSelfStorageDenmark","article_modified_time":"2025-06-24T09:02:55+00:00","og_image":[{"width":1200,"height":800,"url":"https:\/\/pelican.fi\/wp-content\/uploads\/2025\/04\/Service1.jpg","type":"image\/jpeg"}],"twitter_card":"summary_large_image","twitter_misc":{"Est. reading time":"2 minutes"},"schema":{"@context":"https:\/\/schema.org","@graph":[{"@type":"WebPage","@id":"https:\/\/pelican.fi\/en\/why-choose-pelican\/","url":"https:\/\/pelican.fi\/en\/why-choose-pelican\/","name":"Why choose Pelican | Pelican Self Storage","isPartOf":{"@id":"https:\/\/pelican.fi\/en\/#website"},"primaryImageOfPage":{"@id":"https:\/\/pelican.fi\/en\/why-choose-pelican\/#primaryimage"},"image":{"@id":"https:\/\/pelican.fi\/en\/why-choose-pelican\/#primaryimage"},"thumbnailUrl":"https:\/\/pelican.fi\/wp-content\/uploads\/2025\/04\/Service1-1024x683.jpg","datePublished":"2025-05-06T07:49:18+00:00","dateModified":"2025-06-24T09:02:55+00:00","breadcrumb":{"@id":"https:\/\/pelican.fi\/en\/why-choose-pelican\/#breadcrumb"},"inLanguage":"en-US","potentialAction":[{"@type":"ReadAction","target":["https:\/\/pelican.fi\/en\/why-choose-pelican\/"]}]},{"@type":"ImageObject","inLanguage":"en-US","@id":"https:\/\/pelican.fi\/en\/why-choose-pelican\/#primaryimage","url":"https:\/\/pelican.fi\/wp-content\/uploads\/2025\/04\/Service1-1024x683.jpg","contentUrl":"https:\/\/pelican.fi\/wp-content\/uploads\/2025\/04\/Service1-1024x683.jpg"},{"@type":"BreadcrumbList","@id":"https:\/\/pelican.fi\/en\/why-choose-pelican\/#breadcrumb","itemListElement":[{"@type":"ListItem","position":1,"name":"Home","item":"https:\/\/pelican.fi\/en\/"},{"@type":"ListItem","position":2,"name":"Why choose Pelican"}]},{"@type":"WebSite","@id":"https:\/\/pelican.fi\/en\/#website","url":"https:\/\/pelican.fi\/en\/","name":"Vuokraa k\u00e4tev\u00e4 varasto","description":"Vuokraa varastotila Pelican Self Storagelta. Edulliset hinnat \u2714 Toimipisteet ymp\u00e4ri K\u00f6\u00f6penhaminaa \u2714 Varastotiloja eri kokoisina \u2714 Ilmainen per\u00e4k\u00e4rryn lainaus \u2714","potentialAction":[{"@type":"SearchAction","target":{"@type":"EntryPoint","urlTemplate":"https:\/\/pelican.fi\/en\/?s={search_term_string}"},"query-input":{"@type":"PropertyValueSpecification","valueRequired":true,"valueName":"search_term_string"}}],"inLanguage":"en-US"}]}},"_links":{"self":[{"href":"https:\/\/pelican.fi\/en\/wp-json\/wp\/v2\/pages\/16813","targetHints":{"allow":["GET"]}}],"collection":[{"href":"https:\/\/pelican.fi\/en\/wp-json\/wp\/v2\/pages"}],"about":[{"href":"https:\/\/pelican.fi\/en\/wp-json\/wp\/v2\/types\/page"}],"author":[{"embeddable":true,"href":"https:\/\/pelican.fi\/en\/wp-json\/wp\/v2\/users\/9"}],"replies":[{"embeddable":true,"href":"https:\/\/pelican.fi\/en\/wp-json\/wp\/v2\/comments?post=16813"}],"version-history":[{"count":10,"href":"https:\/\/pelican.fi\/en\/wp-json\/wp\/v2\/pages\/16813\/revisions"}],"predecessor-version":[{"id":18179,"href":"https:\/\/pelican.fi\/en\/wp-json\/wp\/v2\/pages\/16813\/revisions\/18179"}],"wp:attachment":[{"href":"https:\/\/pelican.fi\/en\/wp-json\/wp\/v2\/media?parent=16813"}],"curies":[{"name":"wp","href":"https:\/\/api.w.org\/{rel}","templated":true}]}}