{"id":17047,"date":"2025-05-06T10:48:54","date_gmt":"2025-05-06T07:48:54","guid":{"rendered":"https:\/\/pelican.fi\/borrow-a-trailer-for-free\/"},"modified":"2025-06-24T16:27:43","modified_gmt":"2025-06-24T13:27:43","slug":"borrow-a-trailer-for-free","status":"publish","type":"page","link":"https:\/\/pelican.fi\/en\/borrow-a-trailer-for-free\/","title":{"rendered":"Borrow a trailer for free"},"content":{"rendered":"\t\t<div data-elementor-type=\"wp-page\" data-elementor-id=\"17047\" class=\"elementor elementor-17047 elementor-11408\" data-elementor-post-type=\"page\">\n\t\t\t\t<div class=\"elementor-element elementor-element-652c525a e-flex e-con-boxed e-con e-parent\" data-id=\"652c525a\" data-element_type=\"container\" data-e-type=\"container\">\n\t\t\t\t\t<div class=\"e-con-inner\">\n\t\t<div class=\"elementor-element elementor-element-3972aabd e-con-full e-flex e-con e-child\" data-id=\"3972aabd\" data-element_type=\"container\" data-e-type=\"container\" data-settings=\"{&quot;background_background&quot;:&quot;classic&quot;}\">\n\t\t\t\t<div class=\"elementor-element elementor-element-58e6d1a5 elementor-widget elementor-widget-image\" data-id=\"58e6d1a5\" data-element_type=\"widget\" data-e-type=\"widget\" data-widget_type=\"image.default\">\n\t\t\t\t<div class=\"elementor-widget-container\">\n\t\t\t\t\t\t\t\t\t\t\t\t\t\t\t<img loading=\"lazy\" decoding=\"async\" width=\"1024\" height=\"768\" src=\"https:\/\/pelican.fi\/wp-content\/uploads\/2025\/06\/9606bd4c-4be7-43d8-9653-0a79737838e2-1024x768.jpg\" class=\"attachment-large size-large wp-image-15516\" alt=\"\" srcset=\"https:\/\/pelican.fi\/wp-content\/uploads\/2025\/06\/9606bd4c-4be7-43d8-9653-0a79737838e2-1024x768.jpg 1024w, https:\/\/pelican.fi\/wp-content\/uploads\/2025\/06\/9606bd4c-4be7-43d8-9653-0a79737838e2-300x225.jpg 300w, https:\/\/pelican.fi\/wp-content\/uploads\/2025\/06\/9606bd4c-4be7-43d8-9653-0a79737838e2-768x576.jpg 768w, https:\/\/pelican.fi\/wp-content\/uploads\/2025\/06\/9606bd4c-4be7-43d8-9653-0a79737838e2-1536x1152.jpg 1536w, https:\/\/pelican.fi\/wp-content\/uploads\/2025\/06\/9606bd4c-4be7-43d8-9653-0a79737838e2-1200x900.jpg 1200w, https:\/\/pelican.fi\/wp-content\/uploads\/2025\/06\/9606bd4c-4be7-43d8-9653-0a79737838e2-150x113.jpg 150w, https:\/\/pelican.fi\/wp-content\/uploads\/2025\/06\/9606bd4c-4be7-43d8-9653-0a79737838e2.jpg 2048w\" sizes=\"auto, (max-width: 1024px) 100vw, 1024px\" \/>\t\t\t\t\t\t\t\t\t\t\t\t\t\t\t<\/div>\n\t\t\t\t<\/div>\n\t\t\t\t<\/div>\n\t\t<div class=\"elementor-element elementor-element-41c31391 e-con-full e-flex e-con e-child\" data-id=\"41c31391\" data-element_type=\"container\" data-e-type=\"container\" data-settings=\"{&quot;background_background&quot;:&quot;classic&quot;}\">\n\t\t<div class=\"elementor-element elementor-element-25a59b96 e-con-full e-flex e-con e-child\" data-id=\"25a59b96\" data-element_type=\"container\" data-e-type=\"container\">\n\t\t\t\t<div class=\"elementor-element elementor-element-fe29fba wd-width-100 elementor-widget elementor-widget-wd_title\" data-id=\"fe29fba\" data-element_type=\"widget\" data-e-type=\"widget\" data-widget_type=\"wd_title.default\">\n\t\t\t\t<div class=\"elementor-widget-container\">\n\t\t\t\t\t\t\t<div class=\"title-wrapper wd-set-mb reset-last-child wd-title-color-default wd-title-style-default wd-title-size-default text-left\">\n\n\t\t\t\n\t\t\t<div class=\"liner-continer\">\n\t\t\t\t<h4 class=\"woodmart-title-container title wd-fontsize-l\">Safe Trailers \u2013 Perfect for Moving<\/h4> \n\t\t\t\t\t\t\t<\/div>\n\n\t\t\t\t\t\t\t<div class=\"title-after_title reset-last-child wd-fontsize-xs\">\n\t\t\t\t\t<p><strong>Are you clearing out your wardrobe, storing pillows or children's toys \u2013 or have you simply bought more than your car can hold?<\/strong><br>Pelican Self Storage will lend you a covered trailer free of charge. The perfect and easy solution for projects that don't require a whole moving company. <\/p><p><strong>We offer all our trailers for loan \u2013 even for several days at a time.<\/strong><\/p><p>You can easily reserve a trailer using the link below. Booking, pick-up, and return are easy, safe, and convenient. <\/p>\t\t\t\t<\/div>\n\t\t\t\t\t<\/div>\n\t\t\t\t\t\t<\/div>\n\t\t\t\t<\/div>\n\t\t\t\t<div class=\"elementor-element elementor-element-2ebdde9 elementor-widget elementor-widget-button\" data-id=\"2ebdde9\" data-element_type=\"widget\" data-e-type=\"widget\" data-widget_type=\"button.default\">\n\t\t\t\t<div class=\"elementor-widget-container\">\n\t\t\t\t\t\t\t\t\t<div class=\"elementor-button-wrapper\">\n\t\t\t\t\t<a class=\"elementor-button elementor-button-link elementor-size-sm\" href=\"https:\/\/pelican.honkio.net\/\" target=\"_blank\">\n\t\t\t\t\t\t<span class=\"elementor-button-content-wrapper\">\n\t\t\t\t\t\t\t\t\t<span class=\"elementor-button-text\">Book a trailer<\/span>\n\t\t\t\t\t<\/span>\n\t\t\t\t\t<\/a>\n\t\t\t\t<\/div>\n\t\t\t\t\t\t\t\t<\/div>\n\t\t\t\t<\/div>\n\t\t\t\t<\/div>\n\t\t\t\t<\/div>\n\t\t\t\t\t<\/div>\n\t\t\t\t<\/div>\n\t\t<div class=\"elementor-element elementor-element-246c6fdc e-flex e-con-boxed e-con e-parent\" data-id=\"246c6fdc\" data-element_type=\"container\" data-e-type=\"container\" data-settings=\"{&quot;background_background&quot;:&quot;classic&quot;}\">\n\t\t\t\t\t<div class=\"e-con-inner\">\n\t\t\t\t<div class=\"elementor-element elementor-element-70b4056f wd-width-100 elementor-widget elementor-widget-wd_title\" data-id=\"70b4056f\" data-element_type=\"widget\" data-e-type=\"widget\" data-widget_type=\"wd_title.default\">\n\t\t\t\t<div class=\"elementor-widget-container\">\n\t\t\t\t\t\t\t<div class=\"title-wrapper wd-set-mb reset-last-child wd-title-color-default wd-title-style-default wd-title-size-default text-left\">\n\n\t\t\t\n\t\t\t<div class=\"liner-continer\">\n\t\t\t\t<h4 class=\"woodmart-title-container title wd-fontsize-l\">Pelican Self Storage offers smart, easy, and affordable solutions.<\/h4> \n\t\t\t\t\t\t\t<\/div>\n\n\t\t\t\t\t\t\t<div class=\"title-after_title reset-last-child wd-fontsize-xs\">\n\t\t\t\t\t<p>Whether you've just moved into a new home or finally tackled that big clean-out, Pelican Self Storage helps you transport your belongings easily from point A to point B with the help of a trailer. When it\u2019s time to move your items, Pelican Self Storage offers a wide range of storage solutions in the Helsinki Metropolitan Area and Turku, along with retail shops where you\u2019ll find moving boxes, packing materials, bubble wrap, and much more.<\/p><p>You\u2019ll find all the information about trailer rentals on our website \u2013 or visit one of our locations, where we\u2019re always ready to help you with trailers, moving supplies, and more.<\/p><p><strong>Always personal, easy, and secure \u2013 Pelican Self Storage.<\/strong><\/p>\t\t\t\t<\/div>\n\t\t\t\t\t<\/div>\n\t\t\t\t\t\t<\/div>\n\t\t\t\t<\/div>\n\t\t\t\t\t<\/div>\n\t\t\t\t<\/div>\n\t\t\t\t<\/div>\n\t\t","protected":false},"excerpt":{"rendered":"<p>Safe Trailers \u2013 Perfect for Moving Are you clearing out your wardrobe, storing pillows or children&#8217;s toys \u2013 or have<\/p>\n","protected":false},"author":10,"featured_media":0,"parent":0,"menu_order":0,"comment_status":"closed","ping_status":"closed","template":"elementor_header_footer","meta":{"_acf_changed":false,"inline_featured_image":false,"_lmt_disableupdate":"no","_lmt_disable":"","footnotes":""},"class_list":["post-17047","page","type-page","status-publish","hentry"],"acf":[],"yoast_head":"<title>Borrow a trailer for free | Pelican Self Storage<\/title>\n<meta name=\"description\" content=\"Pelican Self Storage tarjoaa muuttopalvelua yhteisty\u00f6ss\u00e4 muuttopalveluyritysten kanssa. Saat tavarasi k\u00e4tev\u00e4sti s\u00e4ilytykseen turvallisiin ja edullisiin tiloihimme.\" \/>\n<meta name=\"robots\" content=\"index, follow, max-snippet:-1, max-image-preview:large, max-video-preview:-1\" \/>\n<link rel=\"canonical\" href=\"https:\/\/pelican.fi\/en\/borrow-a-trailer-for-free\/\" \/>\n<meta property=\"og:locale\" content=\"en_US\" \/>\n<meta property=\"og:type\" content=\"article\" \/>\n<meta property=\"og:title\" content=\"Borrow a trailer for free\" \/>\n<meta property=\"og:description\" content=\"Pelican Self Storage tarjoaa muuttopalvelua yhteisty\u00f6ss\u00e4 muuttopalveluyritysten kanssa. Saat tavarasi k\u00e4tev\u00e4sti s\u00e4ilytykseen turvallisiin ja edullisiin tiloihimme.\" \/>\n<meta property=\"og:url\" content=\"https:\/\/pelican.fi\/en\/borrow-a-trailer-for-free\/\" \/>\n<meta property=\"og:site_name\" content=\"Pelican Self Storage\" \/>\n<meta property=\"article:publisher\" content=\"https:\/\/www.facebook.com\/PelicanSelfStorageDenmark\" \/>\n<meta property=\"article:modified_time\" content=\"2025-06-24T13:27:43+00:00\" \/>\n<meta property=\"og:image\" content=\"https:\/\/pelican.fi\/wp-content\/uploads\/2025\/06\/9606bd4c-4be7-43d8-9653-0a79737838e2.jpg\" \/>\n\t<meta property=\"og:image:width\" content=\"2048\" \/>\n\t<meta property=\"og:image:height\" content=\"1536\" \/>\n\t<meta property=\"og:image:type\" content=\"image\/jpeg\" \/>\n<meta name=\"twitter:card\" content=\"summary_large_image\" \/>\n<meta name=\"twitter:label1\" content=\"Est. reading time\" \/>\n\t<meta name=\"twitter:data1\" content=\"2 minutes\" \/>\n<script type=\"application\/ld+json\" class=\"yoast-schema-graph\">{\"@context\":\"https:\/\/schema.org\",\"@graph\":[{\"@type\":\"WebPage\",\"@id\":\"https:\/\/pelican.fi\/en\/borrow-a-trailer-for-free\/\",\"url\":\"https:\/\/pelican.fi\/en\/borrow-a-trailer-for-free\/\",\"name\":\"Borrow a trailer for free | Pelican Self Storage\",\"isPartOf\":{\"@id\":\"https:\/\/pelican.fi\/en\/#website\"},\"primaryImageOfPage\":{\"@id\":\"https:\/\/pelican.fi\/en\/borrow-a-trailer-for-free\/#primaryimage\"},\"image\":{\"@id\":\"https:\/\/pelican.fi\/en\/borrow-a-trailer-for-free\/#primaryimage\"},\"thumbnailUrl\":\"https:\/\/pelican.fi\/wp-content\/uploads\/2025\/06\/9606bd4c-4be7-43d8-9653-0a79737838e2-1024x768.jpg\",\"datePublished\":\"2025-05-06T07:48:54+00:00\",\"dateModified\":\"2025-06-24T13:27:43+00:00\",\"description\":\"Pelican Self Storage tarjoaa muuttopalvelua yhteisty\u00f6ss\u00e4 muuttopalveluyritysten kanssa. Saat tavarasi k\u00e4tev\u00e4sti s\u00e4ilytykseen turvallisiin ja edullisiin tiloihimme.\",\"breadcrumb\":{\"@id\":\"https:\/\/pelican.fi\/en\/borrow-a-trailer-for-free\/#breadcrumb\"},\"inLanguage\":\"en-US\",\"potentialAction\":[{\"@type\":\"ReadAction\",\"target\":[\"https:\/\/pelican.fi\/en\/borrow-a-trailer-for-free\/\"]}]},{\"@type\":\"ImageObject\",\"inLanguage\":\"en-US\",\"@id\":\"https:\/\/pelican.fi\/en\/borrow-a-trailer-for-free\/#primaryimage\",\"url\":\"https:\/\/pelican.fi\/wp-content\/uploads\/2025\/06\/9606bd4c-4be7-43d8-9653-0a79737838e2-1024x768.jpg\",\"contentUrl\":\"https:\/\/pelican.fi\/wp-content\/uploads\/2025\/06\/9606bd4c-4be7-43d8-9653-0a79737838e2-1024x768.jpg\"},{\"@type\":\"BreadcrumbList\",\"@id\":\"https:\/\/pelican.fi\/en\/borrow-a-trailer-for-free\/#breadcrumb\",\"itemListElement\":[{\"@type\":\"ListItem\",\"position\":1,\"name\":\"Home\",\"item\":\"https:\/\/pelican.fi\/en\/\"},{\"@type\":\"ListItem\",\"position\":2,\"name\":\"Borrow a trailer for free\"}]},{\"@type\":\"WebSite\",\"@id\":\"https:\/\/pelican.fi\/en\/#website\",\"url\":\"https:\/\/pelican.fi\/en\/\",\"name\":\"Vuokraa k\u00e4tev\u00e4 varasto\",\"description\":\"Vuokraa varastotila Pelican Self Storagelta. Edulliset hinnat \u2714 Toimipisteet ymp\u00e4ri K\u00f6\u00f6penhaminaa \u2714 Varastotiloja eri kokoisina \u2714 Ilmainen per\u00e4k\u00e4rryn lainaus \u2714\",\"potentialAction\":[{\"@type\":\"SearchAction\",\"target\":{\"@type\":\"EntryPoint\",\"urlTemplate\":\"https:\/\/pelican.fi\/en\/?s={search_term_string}\"},\"query-input\":{\"@type\":\"PropertyValueSpecification\",\"valueRequired\":true,\"valueName\":\"search_term_string\"}}],\"inLanguage\":\"en-US\"}]}<\/script>","yoast_head_json":{"title":"Borrow a trailer for free | Pelican Self Storage","description":"Pelican Self Storage tarjoaa muuttopalvelua yhteisty\u00f6ss\u00e4 muuttopalveluyritysten kanssa. Saat tavarasi k\u00e4tev\u00e4sti s\u00e4ilytykseen turvallisiin ja edullisiin tiloihimme.","robots":{"index":"index","follow":"follow","max-snippet":"max-snippet:-1","max-image-preview":"max-image-preview:large","max-video-preview":"max-video-preview:-1"},"canonical":"https:\/\/pelican.fi\/en\/borrow-a-trailer-for-free\/","og_locale":"en_US","og_type":"article","og_title":"Borrow a trailer for free","og_description":"Pelican Self Storage tarjoaa muuttopalvelua yhteisty\u00f6ss\u00e4 muuttopalveluyritysten kanssa. Saat tavarasi k\u00e4tev\u00e4sti s\u00e4ilytykseen turvallisiin ja edullisiin tiloihimme.","og_url":"https:\/\/pelican.fi\/en\/borrow-a-trailer-for-free\/","og_site_name":"Pelican Self Storage","article_publisher":"https:\/\/www.facebook.com\/PelicanSelfStorageDenmark","article_modified_time":"2025-06-24T13:27:43+00:00","og_image":[{"width":2048,"height":1536,"url":"https:\/\/pelican.fi\/wp-content\/uploads\/2025\/06\/9606bd4c-4be7-43d8-9653-0a79737838e2.jpg","type":"image\/jpeg"}],"twitter_card":"summary_large_image","twitter_misc":{"Est. reading time":"2 minutes"},"schema":{"@context":"https:\/\/schema.org","@graph":[{"@type":"WebPage","@id":"https:\/\/pelican.fi\/en\/borrow-a-trailer-for-free\/","url":"https:\/\/pelican.fi\/en\/borrow-a-trailer-for-free\/","name":"Borrow a trailer for free | Pelican Self Storage","isPartOf":{"@id":"https:\/\/pelican.fi\/en\/#website"},"primaryImageOfPage":{"@id":"https:\/\/pelican.fi\/en\/borrow-a-trailer-for-free\/#primaryimage"},"image":{"@id":"https:\/\/pelican.fi\/en\/borrow-a-trailer-for-free\/#primaryimage"},"thumbnailUrl":"https:\/\/pelican.fi\/wp-content\/uploads\/2025\/06\/9606bd4c-4be7-43d8-9653-0a79737838e2-1024x768.jpg","datePublished":"2025-05-06T07:48:54+00:00","dateModified":"2025-06-24T13:27:43+00:00","description":"Pelican Self Storage tarjoaa muuttopalvelua yhteisty\u00f6ss\u00e4 muuttopalveluyritysten kanssa. Saat tavarasi k\u00e4tev\u00e4sti s\u00e4ilytykseen turvallisiin ja edullisiin tiloihimme.","breadcrumb":{"@id":"https:\/\/pelican.fi\/en\/borrow-a-trailer-for-free\/#breadcrumb"},"inLanguage":"en-US","potentialAction":[{"@type":"ReadAction","target":["https:\/\/pelican.fi\/en\/borrow-a-trailer-for-free\/"]}]},{"@type":"ImageObject","inLanguage":"en-US","@id":"https:\/\/pelican.fi\/en\/borrow-a-trailer-for-free\/#primaryimage","url":"https:\/\/pelican.fi\/wp-content\/uploads\/2025\/06\/9606bd4c-4be7-43d8-9653-0a79737838e2-1024x768.jpg","contentUrl":"https:\/\/pelican.fi\/wp-content\/uploads\/2025\/06\/9606bd4c-4be7-43d8-9653-0a79737838e2-1024x768.jpg"},{"@type":"BreadcrumbList","@id":"https:\/\/pelican.fi\/en\/borrow-a-trailer-for-free\/#breadcrumb","itemListElement":[{"@type":"ListItem","position":1,"name":"Home","item":"https:\/\/pelican.fi\/en\/"},{"@type":"ListItem","position":2,"name":"Borrow a trailer for free"}]},{"@type":"WebSite","@id":"https:\/\/pelican.fi\/en\/#website","url":"https:\/\/pelican.fi\/en\/","name":"Vuokraa k\u00e4tev\u00e4 varasto","description":"Vuokraa varastotila Pelican Self Storagelta. Edulliset hinnat \u2714 Toimipisteet ymp\u00e4ri K\u00f6\u00f6penhaminaa \u2714 Varastotiloja eri kokoisina \u2714 Ilmainen per\u00e4k\u00e4rryn lainaus \u2714","potentialAction":[{"@type":"SearchAction","target":{"@type":"EntryPoint","urlTemplate":"https:\/\/pelican.fi\/en\/?s={search_term_string}"},"query-input":{"@type":"PropertyValueSpecification","valueRequired":true,"valueName":"search_term_string"}}],"inLanguage":"en-US"}]}},"_links":{"self":[{"href":"https:\/\/pelican.fi\/en\/wp-json\/wp\/v2\/pages\/17047","targetHints":{"allow":["GET"]}}],"collection":[{"href":"https:\/\/pelican.fi\/en\/wp-json\/wp\/v2\/pages"}],"about":[{"href":"https:\/\/pelican.fi\/en\/wp-json\/wp\/v2\/types\/page"}],"author":[{"embeddable":true,"href":"https:\/\/pelican.fi\/en\/wp-json\/wp\/v2\/users\/10"}],"replies":[{"embeddable":true,"href":"https:\/\/pelican.fi\/en\/wp-json\/wp\/v2\/comments?post=17047"}],"version-history":[{"count":8,"href":"https:\/\/pelican.fi\/en\/wp-json\/wp\/v2\/pages\/17047\/revisions"}],"predecessor-version":[{"id":18393,"href":"https:\/\/pelican.fi\/en\/wp-json\/wp\/v2\/pages\/17047\/revisions\/18393"}],"wp:attachment":[{"href":"https:\/\/pelican.fi\/en\/wp-json\/wp\/v2\/media?parent=17047"}],"curies":[{"name":"wp","href":"https:\/\/api.w.org\/{rel}","templated":true}]}}